{"id":15767,"date":"2024-05-20T09:26:22","date_gmt":"2024-05-20T01:26:22","guid":{"rendered":"https:\/\/www.vape4wholesale.com\/?post_type=product&#038;p=15767"},"modified":"2026-01-26T13:41:01","modified_gmt":"2026-01-26T13:41:01","slug":"rabbeats-rc10000-jednorazovy-vape-velkoobchod","status":"publish","type":"product","link":"https:\/\/www.vape4wholesale.com\/cs\/product\/rabbeats-rc10000-disposable-vape-wholesale","title":{"rendered":"RabBeats RC10000 Jednor\u00e1zov\u00fd velkoobchod s vapem"},"content":{"rendered":"<p>na\u00a0<b>RabBeats RC10000 Vape na jedno pou\u017eit\u00ed <\/b>je vybaven robustn\u00ed bateri\u00ed o kapacit\u011b 620 mAh, objemem 18 ml a z\u00e1kladn\u00edmi funkcemi, jako je indik\u00e1tor \u017eivotnosti baterie a indik\u00e1tor e-liquidu. Tento jednor\u00e1zov\u00fd vape se m\u016f\u017ee pochlubit pozoruhodnou \u017eivotnost\u00ed, kter\u00e1 nab\u00edz\u00ed a\u017e 10 000 potah\u016f pro del\u0161\u00ed z\u00e1\u017eitek z vapov\u00e1n\u00ed.<\/p>\n<p>Jednor\u00e1zov\u00fd vape RabBeats RC10000 je mistrovsk\u00fdm d\u00edlem v oblasti vapingu, vytvo\u0159en\u00fdm pro ty, kte\u0159\u00ed tou\u017e\u00ed po bezkonkuren\u010dn\u00ed chuti a trval\u00e9m v\u00fdkonu. S p\u0159\u00edslibem v\u00fddr\u017ee a\u017e 10 000 potah\u016f nen\u00ed toto za\u0159\u00edzen\u00ed pouh\u00fdm vapovac\u00edm n\u00e1strojem, ale cestou bohatou tapiseri\u00ed chut\u00ed, navr\u017eenou tak, aby uspokojila i ty nejn\u00e1ro\u010dn\u011bj\u0161\u00ed chu\u0165ov\u00e9 bu\u0148ky.<\/p>\n<p>&nbsp;<\/p>\n<h3><strong>RabBeats RC10000 Jednor\u00e1zov\u00e9 vape funkce<\/strong><\/h3>\n<ol>\n<li>Velkorys\u00e1 kapacita: Vychutnejte si a\u017e 10 000 \u0161luk\u016f s 18ml z\u00e1sobn\u00edkem na e-liquid.<\/li>\n<li>V\u00fdkonn\u00e1 baterie: Dob\u00edjec\u00ed baterie USB-C s kapacitou 620 mAh zaji\u0161\u0165uje dlouhotrvaj\u00edc\u00ed v\u00fdkon.<\/li>\n<li>Elegantn\u00ed design: Pro pohodl\u00ed je pota\u017een gumou a m\u00e1 stylov\u00fd leskl\u00fd p\u0159edn\u00ed panel.<\/li>\n<li>Pokro\u010dil\u00e9 zobrazen\u00ed: LCD displej pro sledov\u00e1n\u00ed stavu baterie a e-liquidu v re\u00e1ln\u00e9m \u010dase.<\/li>\n<li>Inovativn\u00ed technologie c\u00edvek: S\u00ed\u0165ov\u00e1 c\u00edvka s technologi\u00ed proti p\u0159ipalov\u00e1n\u00ed pro hladk\u00e9 a aromatick\u00e9 \u0161luky.<\/li>\n<\/ol>\n<h2>Rychl\u00e1 zji\u0161t\u011bn\u00ed<\/h2>\n<ul>\n<li>18ml p\u0159edpln\u011bn\u00fd E-Liquid<\/li>\n<li>5%(50mg) S\u00edla nikotinu<\/li>\n<li>Dob\u00edjec\u00ed baterie 620 mAh<\/li>\n<li>USB typu C (kabel nen\u00ed sou\u010d\u00e1st\u00ed balen\u00ed)<\/li>\n<li>P\u0159ibli\u017en\u011b 10000 puff\u016f<\/li>\n<li>S\u00ed\u0165ov\u00e1 c\u00edvka<\/li>\n<li>Kreslen\u00ed aktivovan\u00e9<\/li>\n<li>MTL Vaping<\/li>\n<li>Zobrazen\u00ed baterie a e-liquidu<\/li>\n<li>Pokro\u010dil\u00e1 technologie Mesh Coil<\/li>\n<li>Ochrana proti such\u00e9mu sp\u00e1len\u00ed<\/li>\n<\/ul>\n<p class=\"second-title\">P\u0159\u00edchut\u011b<\/p>\n<ul>\n<li><b>Straberry Ice<\/b>: Sm\u00ed\u0161en\u00e1 p\u0159\u00edchu\u0165 kysel\u00fdch jahod s n\u00e1dechem m\u00e1ty.<\/li>\n<li><b>Broskvov\u00e9 mango<\/b>: Tropick\u00fd r\u00e1j pln\u00fd v\u00e1\u0161niv\u00e9ho manga a \u0161\u0165avnat\u00fdch broskv\u00ed<\/li>\n<li><b>Hroznov\u00fd led<\/b>: Duo trpk\u00fdch hrozn\u016f a chladiv\u00e9 m\u00e1ty<\/li>\n<li><b>Hroznov\u00e1 t\u0159e\u0161e\u0148<\/b>: V\u00fdbuch po sr\u00e1\u017ece sladk\u00e9 t\u0159e\u0161n\u011b a kysel\u00e9ho hroznu<\/li>\n<li><b>Fuji Ice<\/b>: Studen\u00fd jako sn\u00edh na ho\u0159e Fud\u017ei a v ni\u010dem si nezad\u00e1 s va\u0161\u00ed m\u00e1tou.<\/li>\n<li><b>Crazy Berry Cherry<\/b>: Vychutnejte si explozi sladk\u00fdch bobul\u00ed a pikantn\u00edch t\u0159e\u0161n\u00ed na sv\u00fdch chu\u0165ov\u00fdch poh\u00e1rc\u00edch.<\/li>\n<li><b>Bor\u016fvkov\u00e1 m\u00e1ta<\/b>: Klasick\u00e1 ovocn\u011b-m\u00e1tov\u00e1 p\u0159\u00edchu\u0165, kter\u00e1 je kysel\u00e1, sladk\u00e1 a ledov\u00e1.<\/li>\n<li><b>Blueberry Cloudz<\/b>: Pro milovn\u00edky mrak\u016f, kte\u0159\u00ed maj\u00ed r\u00e1di sladk\u00e9, kv\u011btinov\u00e9 bor\u016fvky.<\/li>\n<li><b>Blue Razz Ice<\/b>: P\u0159ipravte se na z\u00e1van modr\u00e9 maliny<\/li>\n<li><b>Jahodov\u00e1 zmrzlina Kiwi<\/b>: Dokonal\u00e1 kombinace lahodn\u00fdch jahod a kiwi s t\u0159et\u00ed m\u00e1tou.<\/li>\n<li><b>Mincovna Miami<\/b>: Sv\u011b\u017e\u00ed citrusov\u00e1 sm\u011bs s osv\u011b\u017euj\u00edc\u00ed m\u00e1tou<\/li>\n<li><b>Ananas Jahoda Ban\u00e1n<\/b>: N\u00e1dhern\u00e1 sm\u011bs trpk\u00e9ho ananasu, \u0161\u0165avnat\u00fdch jahod a zral\u00e9ho ban\u00e1nu.<\/li>\n<li><b>Lemon Lime<\/b>: Vychutnejte si pikantn\u00ed a lahodnou chu\u0165 citronu a limetky.<\/li>\n<li><b>Ostru\u017einov\u00e1 brusinka<\/b>: P\u0159\u00edjemn\u00fd vapingov\u00fd z\u00e1\u017eitek s chutnou ostru\u017einou a chutnou brusinkou<\/li>\n<\/ul>\n<figure id=\"attachment_15795\" aria-describedby=\"caption-attachment-15795\" style=\"width: 800px\" class=\"wp-caption aligncenter\"><img loading=\"lazy\" decoding=\"async\" class=\"size-full wp-image-15795\" title=\"RabBeats RC10000 Jednor\u00e1zov\u00fd velkoobchodn\u00ed vape Blueberry Mint\" src=\"https:\/\/www.vape4wholesale.com\/wp-content\/uploads\/2024\/05\/RabBeats-RC10000-Disposable-Vape-Wholesale_Blueberry-Mint.jpg\" alt=\"RabBeats RC10000 Jednor\u00e1zov\u00fd velkoobchodn\u00ed vape Blueberry Mint\" width=\"800\" height=\"800\" srcset=\"https:\/\/www.vape4wholesale.com\/wp-content\/uploads\/2024\/05\/RabBeats-RC10000-Disposable-Vape-Wholesale_Blueberry-Mint.jpg 800w, https:\/\/www.vape4wholesale.com\/wp-content\/uploads\/2024\/05\/RabBeats-RC10000-Disposable-Vape-Wholesale_Blueberry-Mint-247x247.jpg 247w, https:\/\/www.vape4wholesale.com\/wp-content\/uploads\/2024\/05\/RabBeats-RC10000-Disposable-Vape-Wholesale_Blueberry-Mint-100x100.jpg 100w, https:\/\/www.vape4wholesale.com\/wp-content\/uploads\/2024\/05\/RabBeats-RC10000-Disposable-Vape-Wholesale_Blueberry-Mint-510x510.jpg 510w, https:\/\/www.vape4wholesale.com\/wp-content\/uploads\/2024\/05\/RabBeats-RC10000-Disposable-Vape-Wholesale_Blueberry-Mint-64x64.jpg 64w, https:\/\/www.vape4wholesale.com\/wp-content\/uploads\/2024\/05\/RabBeats-RC10000-Disposable-Vape-Wholesale_Blueberry-Mint-300x300.jpg 300w, https:\/\/www.vape4wholesale.com\/wp-content\/uploads\/2024\/05\/RabBeats-RC10000-Disposable-Vape-Wholesale_Blueberry-Mint-150x150.jpg 150w, https:\/\/www.vape4wholesale.com\/wp-content\/uploads\/2024\/05\/RabBeats-RC10000-Disposable-Vape-Wholesale_Blueberry-Mint-768x768.jpg 768w\" sizes=\"auto, (max-width: 800px) 100vw, 800px\" \/><figcaption id=\"caption-attachment-15795\" class=\"wp-caption-text\">RabBeats RC10000 Jednor\u00e1zov\u00fd velkoobchod s vapem<\/figcaption><\/figure>\n<figure id=\"attachment_15805\" aria-describedby=\"caption-attachment-15805\" style=\"width: 1200px\" class=\"wp-caption aligncenter\"><img loading=\"lazy\" decoding=\"async\" class=\"wp-image-15805 size-full\" title=\"RabBeats RC10000 Jednor\u00e1zov\u00fd velkoobchodn\u00ed p\u0159ehled Vape\" src=\"https:\/\/www.vape4wholesale.com\/wp-content\/uploads\/2024\/05\/RabBeats-RC10000-Disposable-Vape-Wholesale-Overview.jpg\" alt=\"RabBeats RC10000 Jednor\u00e1zov\u00fd velkoobchodn\u00ed p\u0159ehled Vape\" width=\"1200\" height=\"1767\" srcset=\"https:\/\/www.vape4wholesale.com\/wp-content\/uploads\/2024\/05\/RabBeats-RC10000-Disposable-Vape-Wholesale-Overview.jpg 1200w, https:\/\/www.vape4wholesale.com\/wp-content\/uploads\/2024\/05\/RabBeats-RC10000-Disposable-Vape-Wholesale-Overview-510x751.jpg 510w, https:\/\/www.vape4wholesale.com\/wp-content\/uploads\/2024\/05\/RabBeats-RC10000-Disposable-Vape-Wholesale-Overview-64x94.jpg 64w, https:\/\/www.vape4wholesale.com\/wp-content\/uploads\/2024\/05\/RabBeats-RC10000-Disposable-Vape-Wholesale-Overview-204x300.jpg 204w, https:\/\/www.vape4wholesale.com\/wp-content\/uploads\/2024\/05\/RabBeats-RC10000-Disposable-Vape-Wholesale-Overview-695x1024.jpg 695w, https:\/\/www.vape4wholesale.com\/wp-content\/uploads\/2024\/05\/RabBeats-RC10000-Disposable-Vape-Wholesale-Overview-768x1131.jpg 768w, https:\/\/www.vape4wholesale.com\/wp-content\/uploads\/2024\/05\/RabBeats-RC10000-Disposable-Vape-Wholesale-Overview-1043x1536.jpg 1043w\" sizes=\"auto, (max-width: 1200px) 100vw, 1200px\" \/><figcaption id=\"caption-attachment-15805\" class=\"wp-caption-text\">RabBeats RC10000 Jednor\u00e1zov\u00fd velkoobchod s vapem<\/figcaption><\/figure>\n<h2>PRO\u010c MY?<\/h2>\r\n<ul>\r\n<li>Skute\u010dn\u00fd, d\u016fv\u011bryhodn\u00fd a profesion\u00e1ln\u00ed zdroj vape.<\/li>\r\n<li>100% Origin\u00e1ln\u00ed z\u00e1ruka: Odm\u00edt\u00e1me pad\u011blky.<\/li>\r\n<li>100% Z\u00e1ruka dod\u00e1n\u00ed: Pou\u017e\u00edv\u00e1me nejlep\u0161\u00ed zp\u016fsob dopravy, abychom zajistili, \u017ee objedn\u00e1vku 100% obdr\u017e\u00edte.<\/li>\r\n<li>Po odesl\u00e1n\u00ed v\u00e1m poskytneme sledovac\u00ed \u010d\u00edslo a p\u0159epravn\u00ed \u0161t\u00edtek a budeme pro v\u00e1s sledovat zbo\u017e\u00ed, dokud ho nepodep\u00ed\u0161ete.<\/li>\r\n<li>\u017d\u00e1dn\u00e9 celn\u00ed probl\u00e9my, \u017e\u00e1dn\u00e1 cla<\/li>\r\n<\/ul>","protected":false},"excerpt":{"rendered":"<div class=\"wsppc_div_block woocommerce_before_add_to_cart_form\">\r\n<p><strong><span style=\"color: #00a859;\">Vy\u010distit celnici<\/span> p\u0159ed dod\u00e1n\u00edm &amp; 100% Z\u00e1ruka doru\u010den\u00ed, doru\u010den\u00ed p\u0159ibli\u017en\u011b za 19\u201325 dn\u00ed.\u00a0<\/strong><\/p>\r\n<\/div>\n<p><strong>Vzhledem k \u010dast\u00fdm zm\u011bn\u00e1m skladov\u00fdch z\u00e1sob produktu, minim\u00e1ln\u00edho objednac\u00edho mno\u017estv\u00ed a ceny n\u00e1s pros\u00edm kontaktujte p\u0159ed zad\u00e1n\u00edm objedn\u00e1vky.<\/strong><\/p>","protected":false},"featured_media":15788,"comment_status":"open","ping_status":"closed","template":"","meta":[],"pwb-brand":[1289],"product_cat":[871],"product_tag":[22,24,60,244,324,808],"class_list":{"0":"post-15767","1":"product","2":"type-product","3":"status-publish","4":"has-post-thumbnail","6":"pwb-brand-others","7":"product_cat-10-15k-puffs","8":"product_tag-disposable","9":"product_tag-wholesale","10":"product_tag-elf-bar","11":"product_tag-18-0ml","12":"product_tag-10000-puffs","13":"product_tag-rabbeats","15":"first","16":"instock","17":"shipping-taxable","18":"purchasable","19":"product-type-variable"},"aioseo_notices":[],"brands":[{"id":1289,"name":"Ostatn\u00ed","slug":"ostatni"}],"_links":{"self":[{"href":"https:\/\/www.vape4wholesale.com\/cs\/wp-json\/wp\/v2\/product\/15767","targetHints":{"allow":["GET"]}}],"collection":[{"href":"https:\/\/www.vape4wholesale.com\/cs\/wp-json\/wp\/v2\/product"}],"about":[{"href":"https:\/\/www.vape4wholesale.com\/cs\/wp-json\/wp\/v2\/types\/product"}],"replies":[{"embeddable":true,"href":"https:\/\/www.vape4wholesale.com\/cs\/wp-json\/wp\/v2\/comments?post=15767"}],"wp:featuredmedia":[{"embeddable":true,"href":"https:\/\/www.vape4wholesale.com\/cs\/wp-json\/wp\/v2\/media\/15788"}],"wp:attachment":[{"href":"https:\/\/www.vape4wholesale.com\/cs\/wp-json\/wp\/v2\/media?parent=15767"}],"wp:term":[{"taxonomy":"pwb-brand","embeddable":true,"href":"https:\/\/www.vape4wholesale.com\/cs\/wp-json\/wp\/v2\/pwb-brand?post=15767"},{"taxonomy":"product_cat","embeddable":true,"href":"https:\/\/www.vape4wholesale.com\/cs\/wp-json\/wp\/v2\/product_cat?post=15767"},{"taxonomy":"product_tag","embeddable":true,"href":"https:\/\/www.vape4wholesale.com\/cs\/wp-json\/wp\/v2\/product_tag?post=15767"}],"curies":[{"name":"wp","href":"https:\/\/api.w.org\/{rel}","templated":true}]}}