{"id":15742,"date":"2024-05-19T21:10:00","date_gmt":"2024-05-19T13:10:00","guid":{"rendered":"https:\/\/www.vape4wholesale.com\/?post_type=product&#038;p=15742"},"modified":"2026-01-26T13:41:03","modified_gmt":"2026-01-26T13:41:03","slug":"elf-bar-fs18000-jednorazovy-vape-velkoobchod","status":"publish","type":"product","link":"https:\/\/www.vape4wholesale.com\/cs\/product\/elf-bar-fs18000-disposable-vape-wholesale","title":{"rendered":"Elf Bar FS18000 Jednor\u00e1zov\u00fd velkoobchod s vapem"},"content":{"rendered":"<p>Na str\u00e1nk\u00e1ch <b>Elf Bar FS18000 na jedno pou\u017eit\u00ed <\/b>p\u0159in\u00e1\u0161\u00ed novou \u00e9ru vapingu d\u00edky inovativn\u00edm nastaviteln\u00fdm re\u017eim\u016fm, syst\u00e9mu dvou s\u00ed\u0165ov\u00fdch spir\u00e1lek a \u017eiv\u00e9mu u\u017eivatelsk\u00e9mu rozhran\u00ed s plochou obrazovkou. Za\u017eijte vaping jako nikdy p\u0159edt\u00edm s mo\u017enost\u00ed a\u017e 18000 potah\u016f a v\u00fdb\u011brem z 30 l\u00e1kav\u00fdch p\u0159\u00edchut\u00ed.<\/p>\n<p>Nab\u00edz\u00ed nejnov\u011bj\u0161\u00ed funkce, jako jsou nastaviteln\u00e9 re\u017eimy vapov\u00e1n\u00ed a displej s nejmodern\u011bj\u0161\u00edmi technologiemi. N\u00e1dr\u017eka na e-\u0161\u0165\u00e1vu FS18000 pojme velk\u00e9 mno\u017estv\u00ed e-liquidu pro dlouhodob\u00e9 vapov\u00e1n\u00ed. Du\u00e1ln\u00ed s\u00ed\u0165ov\u00e9 spir\u00e1lky jsou kl\u00ed\u010dem k nep\u0159etr\u017eit\u00e9mu v\u00fdkonu pro dva r\u016fzn\u00e9 re\u017eimy vapov\u00e1n\u00ed. Re\u017eim Boost vylep\u0161il produkci chuti a v\u00fdkon FS18000. Na druhou stranu re\u017eim Smooth je ur\u010den pro vy\u0161\u0161\u00ed po\u010det potah\u016f a plynul\u00e9 a uspokojiv\u00e9 potahov\u00e1n\u00ed.<\/p>\n<p>Elf Bar FS18000 nen\u00ed jen vape za\u0159\u00edzen\u00ed, je to mistrovsk\u00e9 technick\u00e9 d\u00edlo, kter\u00e9 p\u0159ekon\u00e1v\u00e1 o\u010dek\u00e1v\u00e1n\u00ed. Toto za\u0159\u00edzen\u00ed se m\u016f\u017ee pochlubit p\u016fsobiv\u00fdm po\u010dtem \u0161luk\u016f 18000 a zaji\u0161\u0165uje dlouhodob\u00fd po\u017eitek z \u0161lukov\u00e1n\u00ed bez nutnosti \u010dast\u00e9ho dopl\u0148ov\u00e1n\u00ed nebo dob\u00edjen\u00ed. A\u0165 u\u017e jste zku\u0161en\u00fd vaper, nebo nov\u00e1\u010dek ve sv\u011bt\u011b vapingu, ELFBAR FS18000 je navr\u017een tak, aby vyhov\u011bl va\u0161im pot\u0159eb\u00e1m a preferenc\u00edm.<\/p>\n<h2 class=\"second-title\"><strong>Elf Bar FS18000 Jednor\u00e1zov\u00e9 vape Vlastnosti:<\/strong><\/h2>\n<ul>\n<li>Vestav\u011bn\u00e1 dob\u00edjec\u00ed baterie<\/li>\n<li>Po\u010det puf\u016f: P\u0159ibli\u017en\u011b 18000 (plynul\u00fd re\u017eim)\/10000 puf\u016f (re\u017eim Boost)<\/li>\n<li>P\u0159edpln\u011bn\u00e1 e-d\u017eusov\u00e1 sm\u011bs<\/li>\n<li>R\u016fzn\u00e9 re\u017eimy vapingu: Re\u017eim Smooth\/Boost<\/li>\n<li>Ploch\u00e1 obrazovka s barevn\u00fdm u\u017eivatelsk\u00fdm rozhran\u00edm<\/li>\n<li>Dvojit\u00e1 s\u00ed\u0165ov\u00e1 c\u00edvka<\/li>\n<li>5%(50mg) S\u00edla nikotinu<\/li>\n<li>Nab\u00edjen\u00ed p\u0159es USB typu C (nen\u00ed sou\u010d\u00e1st\u00ed balen\u00ed)<\/li>\n<li>Kreslen\u00ed aktivovan\u00e9<\/li>\n<li>MTL Vaping<\/li>\n<\/ul>\n<h2><strong>Pro\u010d je to skv\u011bl\u00e9?<\/strong><\/h2>\n<ol>\n<li><strong>Du\u00e1ln\u00ed re\u017eimy vapingu:<\/strong>\u00a0Vyberte si mezi re\u017eimem Boost pro intenzivn\u00ed chu\u0165 nebo re\u017eimem Smooth pro v\u011bt\u0161\u00ed po\u010det \u0161luk\u016f.<\/li>\n<li><strong>\u0160pi\u010dkov\u00e1 spir\u00e1la Dual Mesh:<\/strong>\u00a0Za\u017eijte konzistentn\u00ed, bohatou p\u00e1ru p\u0159i ka\u017ed\u00e9m pot\u00e1hnut\u00ed.<\/li>\n<li><strong>U\u017eivatelsky p\u0159\u00edv\u011btiv\u00e1 ploch\u00e1 obrazovka:<\/strong>\u00a0Proch\u00e1zejte nastaven\u00edmi a p\u0159edvolbami pomoc\u00ed intuitivn\u00edho a barevn\u00e9ho u\u017eivatelsk\u00e9ho rozhran\u00ed.<\/li>\n<li><strong>Indik\u00e1tory v re\u00e1ln\u00e9m \u010dase:<\/strong>\u00a0Z\u016fsta\u0148te informovan\u00ed d\u00edky p\u0159ehledn\u00fdm ukazatel\u016fm stavu baterie a e-liquidu.<\/li>\n<li><strong>Rozs\u00e1hl\u00e1 \u0161k\u00e1la chut\u00ed:<\/strong>\u00a0Vychutnejte si spektrum 30 r\u016fzn\u00fdch p\u0159\u00edchut\u00ed, kter\u00e9 jsou p\u0159izp\u016fsobeny ka\u017ed\u00e9 chuti.<\/li>\n<\/ol>\n<h2><strong>P\u0159\u00edchut\u011b:<\/strong><\/h2>\n<ol>\n<li>Brusinky<\/li>\n<li>Vodn\u00ed meloun Lemon<\/li>\n<li>Melounov\u00fd led<\/li>\n<li>Melounov\u00e1 \u017ev\u00fdka\u010dka<\/li>\n<li>Jahodov\u00fd hrozen<\/li>\n<li>Gran\u00e1tov\u00e9 jablko Kokos<\/li>\n<li>Broskvov\u00fd led<\/li>\n<li>Peach Berry<\/li>\n<li>Oran\u017eov\u00fd meloun<\/li>\n<li>Citronov\u00e1 m\u00e1ta<\/li>\n<li>Kiwi ananasov\u00fd led<\/li>\n<li>Hroznov\u00e1 malina<\/li>\n<li>Hroznov\u00fd led<\/li>\n<li>Hroznov\u00e1 t\u0159e\u0161e\u0148<\/li>\n<li>Dvojit\u00e9 jablko<\/li>\n<li>Vi\u0161\u0148ov\u00e1 broskvov\u00e1 limon\u00e1da<\/li>\n<li>Blueberry Razz Lemon<\/li>\n<li>Bor\u016fvka malina<\/li>\n<li>Bor\u016fvkov\u00fd led<\/li>\n<li>Ostru\u017einov\u00e1 brusinka<\/li>\n<\/ol>\n<figure id=\"attachment_15766\" aria-describedby=\"caption-attachment-15766\" style=\"width: 606px\" class=\"wp-caption alignnone\"><img loading=\"lazy\" decoding=\"async\" class=\"size-full wp-image-15766\" title=\"Elf Bar FS18000 Jednor\u00e1zov\u00fd velkoobchodn\u00ed prodej (2)\" src=\"https:\/\/www.vape4wholesale.com\/wp-content\/uploads\/2024\/05\/Elf-Bar-FS18000-Disposable-Vape-Wholesale-2.jpg\" alt=\"Elf Bar FS18000 Jednor\u00e1zov\u00fd velkoobchodn\u00ed prodej (2)\" width=\"606\" height=\"810\" srcset=\"https:\/\/www.vape4wholesale.com\/wp-content\/uploads\/2024\/05\/Elf-Bar-FS18000-Disposable-Vape-Wholesale-2.jpg 606w, https:\/\/www.vape4wholesale.com\/wp-content\/uploads\/2024\/05\/Elf-Bar-FS18000-Disposable-Vape-Wholesale-2-510x682.jpg 510w, https:\/\/www.vape4wholesale.com\/wp-content\/uploads\/2024\/05\/Elf-Bar-FS18000-Disposable-Vape-Wholesale-2-64x86.jpg 64w, https:\/\/www.vape4wholesale.com\/wp-content\/uploads\/2024\/05\/Elf-Bar-FS18000-Disposable-Vape-Wholesale-2-224x300.jpg 224w\" sizes=\"auto, (max-width: 606px) 100vw, 606px\" \/><figcaption id=\"caption-attachment-15766\" class=\"wp-caption-text\">Elf Bar FS18000 Jednor\u00e1zov\u00fd velkoobchod s vapem<\/figcaption><\/figure>\n<h2>PRO\u010c MY?<\/h2>\r\n<ul>\r\n<li>Skute\u010dn\u00fd, d\u016fv\u011bryhodn\u00fd a profesion\u00e1ln\u00ed zdroj vape.<\/li>\r\n<li>100% Origin\u00e1ln\u00ed z\u00e1ruka: Odm\u00edt\u00e1me pad\u011blky.<\/li>\r\n<li>100% Z\u00e1ruka dod\u00e1n\u00ed: Pou\u017e\u00edv\u00e1me nejlep\u0161\u00ed zp\u016fsob dopravy, abychom zajistili, \u017ee objedn\u00e1vku 100% obdr\u017e\u00edte.<\/li>\r\n<li>Po odesl\u00e1n\u00ed v\u00e1m poskytneme sledovac\u00ed \u010d\u00edslo a p\u0159epravn\u00ed \u0161t\u00edtek a budeme pro v\u00e1s sledovat zbo\u017e\u00ed, dokud ho nepodep\u00ed\u0161ete.<\/li>\r\n<li>\u017d\u00e1dn\u00e9 celn\u00ed probl\u00e9my, \u017e\u00e1dn\u00e1 cla<\/li>\r\n<\/ul>","protected":false},"excerpt":{"rendered":"<div class=\"wsppc_div_block woocommerce_before_add_to_cart_form\">\r\n<p><strong><span style=\"color: #00a859;\">Vy\u010distit celnici<\/span> p\u0159ed dod\u00e1n\u00edm &amp; 100% Z\u00e1ruka doru\u010den\u00ed, doru\u010den\u00ed p\u0159ibli\u017en\u011b za 19\u201325 dn\u00ed.\u00a0<\/strong><\/p>\r\n<\/div>\n<p><strong>Vzhledem k \u010dast\u00fdm zm\u011bn\u00e1m skladov\u00fdch z\u00e1sob produktu, minim\u00e1ln\u00edho objednac\u00edho mno\u017estv\u00ed a ceny n\u00e1s pros\u00edm kontaktujte p\u0159ed zad\u00e1n\u00edm objedn\u00e1vky.<\/strong><\/p>","protected":false},"featured_media":15766,"comment_status":"open","ping_status":"closed","template":"","meta":[],"pwb-brand":[1278],"product_cat":[872],"product_tag":[22,24,60,557,719],"class_list":{"0":"post-15742","1":"product","2":"type-product","3":"status-publish","4":"has-post-thumbnail","6":"pwb-brand-elf-bar","7":"product_cat-15k-20k-puffs","8":"product_tag-disposable","9":"product_tag-wholesale","10":"product_tag-elf-bar","11":"product_tag-23-0ml","12":"product_tag-18000-puffs","14":"first","15":"instock","16":"shipping-taxable","17":"purchasable","18":"product-type-variable"},"aioseo_notices":[],"brands":[{"id":1278,"name":"Elf\u00ed bar","slug":"elfi-bar"}],"_links":{"self":[{"href":"https:\/\/www.vape4wholesale.com\/cs\/wp-json\/wp\/v2\/product\/15742","targetHints":{"allow":["GET"]}}],"collection":[{"href":"https:\/\/www.vape4wholesale.com\/cs\/wp-json\/wp\/v2\/product"}],"about":[{"href":"https:\/\/www.vape4wholesale.com\/cs\/wp-json\/wp\/v2\/types\/product"}],"replies":[{"embeddable":true,"href":"https:\/\/www.vape4wholesale.com\/cs\/wp-json\/wp\/v2\/comments?post=15742"}],"wp:featuredmedia":[{"embeddable":true,"href":"https:\/\/www.vape4wholesale.com\/cs\/wp-json\/wp\/v2\/media\/15766"}],"wp:attachment":[{"href":"https:\/\/www.vape4wholesale.com\/cs\/wp-json\/wp\/v2\/media?parent=15742"}],"wp:term":[{"taxonomy":"pwb-brand","embeddable":true,"href":"https:\/\/www.vape4wholesale.com\/cs\/wp-json\/wp\/v2\/pwb-brand?post=15742"},{"taxonomy":"product_cat","embeddable":true,"href":"https:\/\/www.vape4wholesale.com\/cs\/wp-json\/wp\/v2\/product_cat?post=15742"},{"taxonomy":"product_tag","embeddable":true,"href":"https:\/\/www.vape4wholesale.com\/cs\/wp-json\/wp\/v2\/product_tag?post=15742"}],"curies":[{"name":"wp","href":"https:\/\/api.w.org\/{rel}","templated":true}]}}