{"id":15703,"date":"2024-05-14T16:21:00","date_gmt":"2024-05-14T08:21:00","guid":{"rendered":"https:\/\/www.vape4wholesale.com\/?post_type=product&#038;p=15703"},"modified":"2026-01-27T15:01:31","modified_gmt":"2026-01-27T15:01:31","slug":"lavie-cube-20000-puffs-jednorazovy-vape-velkoobchod","status":"publish","type":"product","link":"https:\/\/www.vape4wholesale.com\/cs\/product\/lavie-cube-20000-puffs-disposable-vape-wholesale","title":{"rendered":"Lavie Cube 20000 Puffs Jednor\u00e1zov\u00e9 Vape Velkoobchod"},"content":{"rendered":"<p>Lavie Cube 20000 je jednor\u00e1zov\u00e9 vape za\u0159\u00edzen\u00ed s dob\u00edjec\u00ed bateri\u00ed a ukazatelem hladiny ejuice. Tato vape vynik\u00e1 siln\u00fdm v\u00fdkonem a bohat\u00fdmi funkcemi, kter\u00e9 v\u00e1m nab\u00eddnou zcela nov\u00fd z\u00e1\u017eitek z vapov\u00e1n\u00ed.<\/p>\n<p>Jednor\u00e1zov\u00fd vape LAVIE Cube 20000 Puffs je vybaven vysoce v\u00fdkonnou bateri\u00ed s kapacitou 600 mAh, kter\u00e1 zaji\u0161\u0165uje dlouhou v\u00fddr\u017e baterie a umo\u017e\u0148uje v\u00e1m dop\u0159\u00e1t si pot\u011b\u0161en\u00ed z vapingu bez \u010dast\u00e9ho dob\u00edjen\u00ed. Kapacita n\u00e1dr\u017eky na olej 28 ml zaji\u0161\u0165uje del\u0161\u00ed vapov\u00e1n\u00ed a umo\u017e\u0148uje v\u00e1m vychutnat si ho naplno.<\/p>\n<p>LAVIE Cube 20000 nab\u00edz\u00ed r\u016fzn\u00e9 varianty obsahu nikotinu 0%\/2%\/5%, kter\u00e9 uspokoj\u00ed pot\u0159eby v\u0161ech typ\u016f ku\u0159\u00e1k\u016f. Stejn\u011b p\u016fsobiv\u00fd je i jej\u00ed rozmanit\u00fd v\u00fdb\u011br p\u0159\u00edchut\u00ed, kter\u00fd zahrnuje 16 klasick\u00fdch a osv\u011b\u017euj\u00edc\u00edch p\u0159\u00edchut\u00ed od tradi\u010dn\u00edch tab\u00e1kov\u00fdch a\u017e po ovocn\u00e9 sm\u011bsi, tak\u017ee si ka\u017ed\u00fd najde n\u011bco pro sebe.<\/p>\n<h2><strong>Lavie Cube 20000 Jednor\u00e1zov\u00e9 Vape Specifikace:<\/strong><\/h2>\n<p>Zna\u010dka:LAVIE<\/p>\n<p>Puffy:Na jedno za\u0159\u00edzen\u00ed je k dispozici 20000 puff\u016f<\/p>\n<p>Nikotin: 2%\/5%<\/p>\n<p>Kapacita e-d\u017eus\u016f: 28ML<\/p>\n<p>Odolnost: 1.0\u03a9<\/p>\n<p>Baterie: 600 mAh<\/p>\n<p>Nab\u00edjec\u00ed port: Type-C<\/p>\n<p>&nbsp;<\/p>\n<h2><strong>P\u0159\u00edchut\u011b<\/strong><\/h2>\n<ol>\n<li>Jahodov\u00e1 zmrzlina Kiwi<\/li>\n<li>Aloe Vera Hroznov\u00fd led<\/li>\n<li>Jahodov\u00fd meloun<\/li>\n<li>Ostru\u017einov\u00e1 t\u0159e\u0161\u0148ov\u00e1 zmrzlina<\/li>\n<li>Hroznov\u00fd led<\/li>\n<li>M\u00e1tov\u00fd led<\/li>\n<li>Bacco<\/li>\n<li>Mango Monster<\/li>\n<li>Bor\u016fvkov\u00fd malinov\u00fd hroznov\u00fd led<\/li>\n<li>Mu\u010denka Kiwi Guava<\/li>\n<li>Dvojit\u00e9 jablko<\/li>\n<li>Citronov\u00e1 cola<\/li>\n<li>Jahodov\u00fd li\u010di led<\/li>\n<li>Melounov\u00fd led<\/li>\n<li>Bor\u016fvka malina Bubblegum<\/li>\n<li>Zmrzlina Taro<\/li>\n<\/ol>\n<p>&nbsp;<\/p>\n<h2><strong>Balen\u00ed a hmotnost<\/strong><\/h2>\n<p>0,09 kg\/ks, jedno mal\u00e9 balen\u00ed, 10 ks ve st\u0159edn\u00ed krabici.<\/p>\n<p>200 ks v hlavn\u00ed krabici, 18 kg.<\/p>\n<figure id=\"attachment_15704\" aria-describedby=\"caption-attachment-15704\" style=\"width: 1000px\" class=\"wp-caption alignnone\"><img loading=\"lazy\" decoding=\"async\" class=\"wp-image-15704 size-full\" title=\"LAVIE Cube 20000 Puffs Jednor\u00e1zov\u00e9 Vape Velkoobchod Aloe Vera Hroznov\u00e9 ledov\u00e9 p\u0159\u00edchut\u011b\" src=\"https:\/\/www.vape4wholesale.com\/wp-content\/uploads\/2024\/05\/LAVIE-Cube-20000-Puffs-Disposable-Vape-Wholesale-Aloe-Vera-Grape-Ice-Flavors.jpg\" alt=\"LAVIE Cube 20000 Puffs Jednor\u00e1zov\u00e9 Vape Velkoobchod Aloe Vera Hroznov\u00e9 ledov\u00e9 p\u0159\u00edchut\u011b\" width=\"1000\" height=\"666\" srcset=\"https:\/\/www.vape4wholesale.com\/wp-content\/uploads\/2024\/05\/LAVIE-Cube-20000-Puffs-Disposable-Vape-Wholesale-Aloe-Vera-Grape-Ice-Flavors.jpg 1000w, https:\/\/www.vape4wholesale.com\/wp-content\/uploads\/2024\/05\/LAVIE-Cube-20000-Puffs-Disposable-Vape-Wholesale-Aloe-Vera-Grape-Ice-Flavors-510x340.jpg 510w, https:\/\/www.vape4wholesale.com\/wp-content\/uploads\/2024\/05\/LAVIE-Cube-20000-Puffs-Disposable-Vape-Wholesale-Aloe-Vera-Grape-Ice-Flavors-64x43.jpg 64w, https:\/\/www.vape4wholesale.com\/wp-content\/uploads\/2024\/05\/LAVIE-Cube-20000-Puffs-Disposable-Vape-Wholesale-Aloe-Vera-Grape-Ice-Flavors-300x200.jpg 300w, https:\/\/www.vape4wholesale.com\/wp-content\/uploads\/2024\/05\/LAVIE-Cube-20000-Puffs-Disposable-Vape-Wholesale-Aloe-Vera-Grape-Ice-Flavors-768x511.jpg 768w\" sizes=\"auto, (max-width: 1000px) 100vw, 1000px\" \/><figcaption id=\"caption-attachment-15704\" class=\"wp-caption-text\">LAVIE Cube 20000 Puffs Jednor\u00e1zov\u00fd velkoobchodn\u00ed prodej Vape<\/figcaption><\/figure>\n<p><img loading=\"lazy\" decoding=\"async\" class=\"alignnone size-full wp-image-15705\" title=\"LAVIE Cube 20000 Puffs Jednor\u00e1zov\u00e9 Vape Velkoobchod V\u0161echny p\u0159\u00edchut\u011b\" src=\"https:\/\/www.vape4wholesale.com\/wp-content\/uploads\/2024\/05\/LAVIE-Cube-20000-Puffs-Disposable-Vape-Wholesale-All-Flavors.jpg\" alt=\"LAVIE Cube 20000 Puffs Jednor\u00e1zov\u00e9 Vape Velkoobchod V\u0161echny p\u0159\u00edchut\u011b\" width=\"1000\" height=\"707\" srcset=\"https:\/\/www.vape4wholesale.com\/wp-content\/uploads\/2024\/05\/LAVIE-Cube-20000-Puffs-Disposable-Vape-Wholesale-All-Flavors.jpg 1000w, https:\/\/www.vape4wholesale.com\/wp-content\/uploads\/2024\/05\/LAVIE-Cube-20000-Puffs-Disposable-Vape-Wholesale-All-Flavors-510x361.jpg 510w, https:\/\/www.vape4wholesale.com\/wp-content\/uploads\/2024\/05\/LAVIE-Cube-20000-Puffs-Disposable-Vape-Wholesale-All-Flavors-64x45.jpg 64w, https:\/\/www.vape4wholesale.com\/wp-content\/uploads\/2024\/05\/LAVIE-Cube-20000-Puffs-Disposable-Vape-Wholesale-All-Flavors-300x212.jpg 300w, https:\/\/www.vape4wholesale.com\/wp-content\/uploads\/2024\/05\/LAVIE-Cube-20000-Puffs-Disposable-Vape-Wholesale-All-Flavors-768x543.jpg 768w\" sizes=\"auto, (max-width: 1000px) 100vw, 1000px\" \/> <img loading=\"lazy\" decoding=\"async\" class=\"alignnone size-full wp-image-15706\" title=\"LAVIE Cube 20000 Puffs jednor\u00e1zov\u00e9 Vape velkoobchod Aloe Vera Grape Ice Package\" src=\"https:\/\/www.vape4wholesale.com\/wp-content\/uploads\/2024\/05\/LAVIE-Cube-20000-Puffs-Disposable-Vape-Wholesale-Aloe-Vera-Grape-Ice-Package.jpg\" alt=\"LAVIE Cube 20000 Puffs jednor\u00e1zov\u00e9 Vape velkoobchod Aloe Vera Grape Ice Package\" width=\"1000\" height=\"706\" srcset=\"https:\/\/www.vape4wholesale.com\/wp-content\/uploads\/2024\/05\/LAVIE-Cube-20000-Puffs-Disposable-Vape-Wholesale-Aloe-Vera-Grape-Ice-Package.jpg 1000w, https:\/\/www.vape4wholesale.com\/wp-content\/uploads\/2024\/05\/LAVIE-Cube-20000-Puffs-Disposable-Vape-Wholesale-Aloe-Vera-Grape-Ice-Package-510x360.jpg 510w, https:\/\/www.vape4wholesale.com\/wp-content\/uploads\/2024\/05\/LAVIE-Cube-20000-Puffs-Disposable-Vape-Wholesale-Aloe-Vera-Grape-Ice-Package-64x45.jpg 64w, https:\/\/www.vape4wholesale.com\/wp-content\/uploads\/2024\/05\/LAVIE-Cube-20000-Puffs-Disposable-Vape-Wholesale-Aloe-Vera-Grape-Ice-Package-300x212.jpg 300w, https:\/\/www.vape4wholesale.com\/wp-content\/uploads\/2024\/05\/LAVIE-Cube-20000-Puffs-Disposable-Vape-Wholesale-Aloe-Vera-Grape-Ice-Package-768x542.jpg 768w\" sizes=\"auto, (max-width: 1000px) 100vw, 1000px\" \/><\/p>\n<h2>PRO\u010c MY?<\/h2>\r\n<ul>\r\n<li>Skute\u010dn\u00fd, d\u016fv\u011bryhodn\u00fd a profesion\u00e1ln\u00ed zdroj vape.<\/li>\r\n<li>100% Origin\u00e1ln\u00ed z\u00e1ruka: Odm\u00edt\u00e1me pad\u011blky.<\/li>\r\n<li>100% Z\u00e1ruka dod\u00e1n\u00ed: Pou\u017e\u00edv\u00e1me nejlep\u0161\u00ed zp\u016fsob dopravy, abychom zajistili, \u017ee objedn\u00e1vku 100% obdr\u017e\u00edte.<\/li>\r\n<li>Po odesl\u00e1n\u00ed v\u00e1m poskytneme sledovac\u00ed \u010d\u00edslo a p\u0159epravn\u00ed \u0161t\u00edtek a budeme pro v\u00e1s sledovat zbo\u017e\u00ed, dokud ho nepodep\u00ed\u0161ete.<\/li>\r\n<li>\u017d\u00e1dn\u00e9 celn\u00ed probl\u00e9my, \u017e\u00e1dn\u00e1 cla<\/li>\r\n<\/ul>","protected":false},"excerpt":{"rendered":"<div class=\"wsppc_div_block woocommerce_before_add_to_cart_form\">\r\n<p><strong><span style=\"color: #00a859;\">Vy\u010distit celnici<\/span> p\u0159ed dod\u00e1n\u00edm &amp; 100% Z\u00e1ruka doru\u010den\u00ed, doru\u010den\u00ed p\u0159ibli\u017en\u011b za 19\u201325 dn\u00ed.\u00a0<\/strong><\/p>\r\n<\/div>","protected":false},"featured_media":15738,"comment_status":"open","ping_status":"closed","template":"","meta":[],"pwb-brand":[1277],"product_cat":[873],"product_tag":[22,24,37,793,794],"class_list":{"0":"post-15703","1":"product","2":"type-product","3":"status-publish","4":"has-post-thumbnail","6":"pwb-brand-lavie","7":"product_cat-above-20k-puffs","8":"product_tag-disposable","9":"product_tag-wholesale","10":"product_tag-lavie","11":"product_tag-28-0ml","12":"product_tag-20000-puffs","13":"wcpa_has_options","15":"first","16":"instock","17":"featured","18":"shipping-taxable","19":"purchasable","20":"product-type-variable"},"aioseo_notices":[],"brands":[{"id":1277,"name":"Lavie","slug":"lavie"}],"_links":{"self":[{"href":"https:\/\/www.vape4wholesale.com\/cs\/wp-json\/wp\/v2\/product\/15703","targetHints":{"allow":["GET"]}}],"collection":[{"href":"https:\/\/www.vape4wholesale.com\/cs\/wp-json\/wp\/v2\/product"}],"about":[{"href":"https:\/\/www.vape4wholesale.com\/cs\/wp-json\/wp\/v2\/types\/product"}],"replies":[{"embeddable":true,"href":"https:\/\/www.vape4wholesale.com\/cs\/wp-json\/wp\/v2\/comments?post=15703"}],"wp:featuredmedia":[{"embeddable":true,"href":"https:\/\/www.vape4wholesale.com\/cs\/wp-json\/wp\/v2\/media\/15738"}],"wp:attachment":[{"href":"https:\/\/www.vape4wholesale.com\/cs\/wp-json\/wp\/v2\/media?parent=15703"}],"wp:term":[{"taxonomy":"pwb-brand","embeddable":true,"href":"https:\/\/www.vape4wholesale.com\/cs\/wp-json\/wp\/v2\/pwb-brand?post=15703"},{"taxonomy":"product_cat","embeddable":true,"href":"https:\/\/www.vape4wholesale.com\/cs\/wp-json\/wp\/v2\/product_cat?post=15703"},{"taxonomy":"product_tag","embeddable":true,"href":"https:\/\/www.vape4wholesale.com\/cs\/wp-json\/wp\/v2\/product_tag?post=15703"}],"curies":[{"name":"wp","href":"https:\/\/api.w.org\/{rel}","templated":true}]}}