{"id":15675,"date":"2025-10-29T18:51:50","date_gmt":"2025-10-29T10:51:50","guid":{"rendered":"https:\/\/www.vape4wholesale.com\/?post_type=product&#038;p=15675"},"modified":"2026-03-19T19:01:42","modified_gmt":"2026-03-19T11:01:42","slug":"elf-bar-gh23000-jednorazovy-vape-velkoobchod","status":"publish","type":"product","link":"https:\/\/www.vape4wholesale.com\/cs\/produkt\/elf-bar-gh23000-jednorazovy-vape-velkoobchod","title":{"rendered":"Elf Bar GH23000 Jednor\u00e1zov\u00fd velkoobchod s vapem"},"content":{"rendered":"<p>Jednor\u00e1zov\u00fd vape Elf Bar GH23000 p\u0159in\u00e1\u0161\u00ed jedine\u010dn\u00fd z\u00e1\u017eitek z vapingu d\u00edky sv\u00e9 pr\u016flomov\u00e9 kapacit\u011b 23 000 \u0161luk\u016f a integrovan\u00e9mu syst\u00e9mu regulace vzduchu a tlaku. Toto dob\u00edjec\u00ed za\u0159\u00edzen\u00ed se m\u016f\u017ee pochlubit velkou bo\u010dn\u00ed obrazovkou s digit\u00e1ln\u00ed trubic\u00ed a podmaniv\u00fdm monochromatick\u00fdm modr\u00fdm vn\u011bj\u0161\u00edm kruhov\u00fdm sv\u011btlem, \u010d\u00edm\u017e nastavuje nov\u00fd standard pro jednor\u00e1zov\u00e9 vapery.<\/p>\n<h2><strong>Elf Bar GH23000 Informace o v\u00fdrobku:<\/strong><\/h2>\n<ul>\n<li>Obrovsk\u00e1 kapacita \u0161\u0165\u00e1vy pro vape: Dod\u00e1v\u00e1 se s velkou kapacitou 23 ml e-liquidu.<\/li>\n<li>Syst\u00e9m trojit\u00e9 s\u00ed\u0165ov\u00e9 c\u00edvky: Zaji\u0161\u0165uje vynikaj\u00edc\u00ed chu\u0165 a produkci p\u00e1ry.<\/li>\n<li>Variabiln\u00ed nastaven\u00ed nad\u00fdch\u00e1n\u00ed: T\u0159i rychlostn\u00ed stupn\u011b pro nastaven\u00ed po\u010dtu puf\u016f - 23K, 17K a 12K.<\/li>\n<li>Vysokokapacitn\u00ed baterie: Je vybavena bateri\u00ed s kapacitou 850 mAh a nab\u00edjen\u00edm typu C.<\/li>\n<li>Sofistikovan\u00e1 bo\u010dn\u00ed obrazovka: Velk\u00fd digit\u00e1ln\u00ed displej pro snadn\u00e9 sledov\u00e1n\u00ed.<\/li>\n<li>P\u0159izp\u016fsoben\u00ed proud\u011bn\u00ed vzduchu a tlaku: Integrovan\u00fd syst\u00e9m umo\u017e\u0148uje p\u0159izp\u016fsoben\u00ed vapingu na m\u00edru.<\/li>\n<li>Stylov\u00fd design: Je vybaven vn\u011bj\u0161\u00edm krou\u017ekem s jednobarevn\u00fdm modr\u00fdm sv\u011btlem.<\/li>\n<li>Rozs\u00e1hl\u00fd v\u00fdb\u011br p\u0159\u00edchut\u00ed: Vyberte si z 15 vynikaj\u00edc\u00edch p\u0159\u00edchut\u00ed.<\/li>\n<\/ul>\n<h2><strong>P\u0159\u00edchut\u011b:<\/strong><\/h2>\n<ol>\n<li>Hroznov\u00fd led<\/li>\n<li>Zelen\u00e9 jablko Ice<\/li>\n<li>Melounov\u00fd led<\/li>\n<li>Bor\u016fvkov\u00fd malinov\u00fd led<\/li>\n<li>Jahodov\u00fd ban\u00e1n<\/li>\n<li>Vodn\u00ed meloun Cherry<\/li>\n<li>Malina Meloun Citron<\/li>\n<li>Zelen\u00e1 \u0161vestka Sour Lime<\/li>\n<li>Jablko hru\u0161ka<\/li>\n<li>Jasm\u00ednov\u00e1 malina<\/li>\n<li>Pol\u00e1rn\u00ed m\u00e1ta<\/li>\n<li>Fialov\u00e1 m\u00e1ta<\/li>\n<li>Jahodov\u00e1 \u017ev\u00fdka\u010dka s melounem<\/li>\n<li>Kysel\u00e9 melounov\u00e9 bonbony<\/li>\n<li>Cherry Cola<\/li>\n<\/ol>\n<h2><strong>Podrobnosti o balen\u00ed<\/strong><\/h2>\n<p>1 ks\/balen\u00ed<br data-filtered=\"filtered\" \/>10 balen\u00ed\/krabice<br data-filtered=\"filtered\" \/>200 ks\/karton<\/p>\n<p><strong>Rozm\u011bry:<\/strong><br \/>\n58*29*14 cm<br \/>\n24 kg\/karton<\/p>\n<figure id=\"attachment_15692\" aria-describedby=\"caption-attachment-15692\" style=\"width: 800px\" class=\"wp-caption alignnone\"><img loading=\"lazy\" decoding=\"async\" class=\"size-full wp-image-15692\" title=\"ELF BAR GH23000 Jednor\u00e1zov\u00fd velkoobchod s vape (4)\" src=\"https:\/\/www.vape4wholesale.com\/wp-content\/uploads\/2024\/05\/ELF-BAR-GH23000-Disposable-Vape-Wholesale-4.webp\" alt=\"ELF BAR GH23000 Jednor\u00e1zov\u00fd velkoobchod s vape (4)\" width=\"800\" height=\"644\" srcset=\"https:\/\/www.vape4wholesale.com\/wp-content\/uploads\/2024\/05\/ELF-BAR-GH23000-Disposable-Vape-Wholesale-4.webp 800w, https:\/\/www.vape4wholesale.com\/wp-content\/uploads\/2024\/05\/ELF-BAR-GH23000-Disposable-Vape-Wholesale-4-510x411.webp 510w\" sizes=\"auto, (max-width: 800px) 100vw, 800px\" \/><figcaption id=\"caption-attachment-15692\" class=\"wp-caption-text\">ELF BAR GH23000 Jednor\u00e1zov\u00fd velkoobchod s vapem<\/figcaption><\/figure>\n<h2>PRO\u010c MY?<\/h2>\r\n<ul>\r\n<li>Skute\u010dn\u00fd, d\u016fv\u011bryhodn\u00fd a profesion\u00e1ln\u00ed zdroj vape.<\/li>\r\n<li>100% Origin\u00e1ln\u00ed z\u00e1ruka: Odm\u00edt\u00e1me pad\u011blky.<\/li>\r\n<li>100% Z\u00e1ruka dod\u00e1n\u00ed: Pou\u017e\u00edv\u00e1me nejlep\u0161\u00ed zp\u016fsob dopravy, abychom zajistili, \u017ee objedn\u00e1vku 100% obdr\u017e\u00edte.<\/li>\r\n<li>Po odesl\u00e1n\u00ed v\u00e1m poskytneme sledovac\u00ed \u010d\u00edslo a p\u0159epravn\u00ed \u0161t\u00edtek a budeme pro v\u00e1s sledovat zbo\u017e\u00ed, dokud ho nepodep\u00ed\u0161ete.<\/li>\r\n<li>\u017d\u00e1dn\u00e9 celn\u00ed probl\u00e9my, \u017e\u00e1dn\u00e1 cla<\/li>\r\n<\/ul>","protected":false},"excerpt":{"rendered":"<p><b><span style=\"color: #00a859;\">Free shipping<\/span>\u00a0from Europe warehouse, 7-15 working days delivery time.<\/b><\/p>\r\n<div class=\"wsppc_div_block woocommerce_before_add_to_cart_form\">\r\n<p><strong>Clear customs before delivery &amp; 100% Delivery Guarantee<\/strong><\/p>\r\n<\/div>","protected":false},"featured_media":26773,"comment_status":"open","ping_status":"closed","template":"","meta":[],"pwb-brand":[1278],"product_cat":[938],"product_tag":[22,24,60,557,780],"class_list":{"0":"post-15675","1":"product","2":"type-product","3":"status-publish","4":"has-post-thumbnail","6":"pwb-brand-elf-bar","7":"product_cat-europe-warehouse","8":"product_tag-disposable","9":"product_tag-wholesale","10":"product_tag-elf-bar","11":"product_tag-23-0ml","12":"product_tag-23000-puffs","13":"product_shipping_class-eu-warehouse","15":"first","16":"instock","17":"shipping-taxable","18":"purchasable","19":"product-type-variable"},"aioseo_notices":[],"brands":[{"id":1278,"name":"Elf\u00ed bar","slug":"elfi-bar"}],"_links":{"self":[{"href":"https:\/\/www.vape4wholesale.com\/cs\/wp-json\/wp\/v2\/product\/15675","targetHints":{"allow":["GET"]}}],"collection":[{"href":"https:\/\/www.vape4wholesale.com\/cs\/wp-json\/wp\/v2\/product"}],"about":[{"href":"https:\/\/www.vape4wholesale.com\/cs\/wp-json\/wp\/v2\/types\/product"}],"replies":[{"embeddable":true,"href":"https:\/\/www.vape4wholesale.com\/cs\/wp-json\/wp\/v2\/comments?post=15675"}],"wp:featuredmedia":[{"embeddable":true,"href":"https:\/\/www.vape4wholesale.com\/cs\/wp-json\/wp\/v2\/media\/26773"}],"wp:attachment":[{"href":"https:\/\/www.vape4wholesale.com\/cs\/wp-json\/wp\/v2\/media?parent=15675"}],"wp:term":[{"taxonomy":"pwb-brand","embeddable":true,"href":"https:\/\/www.vape4wholesale.com\/cs\/wp-json\/wp\/v2\/pwb-brand?post=15675"},{"taxonomy":"product_cat","embeddable":true,"href":"https:\/\/www.vape4wholesale.com\/cs\/wp-json\/wp\/v2\/product_cat?post=15675"},{"taxonomy":"product_tag","embeddable":true,"href":"https:\/\/www.vape4wholesale.com\/cs\/wp-json\/wp\/v2\/product_tag?post=15675"}],"curies":[{"name":"wp","href":"https:\/\/api.w.org\/{rel}","templated":true}]}}