{"id":15573,"date":"2024-04-17T22:26:53","date_gmt":"2024-04-17T14:26:53","guid":{"rendered":"https:\/\/www.vape4wholesale.com\/?post_type=product&#038;p=15573"},"modified":"2026-01-26T13:41:07","modified_gmt":"2026-01-26T13:41:07","slug":"lavie-plus-15000-jednorazovy-vape-velkoobchod","status":"publish","type":"product","link":"https:\/\/www.vape4wholesale.com\/cs\/product\/lavie-plus-15000-disposable-vape-wholesale","title":{"rendered":"Lavie Plus 15000 Jednor\u00e1zov\u00fd velkoobchodn\u00ed prodej Vape"},"content":{"rendered":"<p>Lavie Plus 15000 je revolu\u010dn\u00ed jednor\u00e1zov\u00e9 vape za\u0159\u00edzen\u00ed vyvinut\u00e9 a vyroben\u00e9 spole\u010dnost\u00ed Lavie s nejnov\u011bj\u0161\u00ed \u0161pi\u010dkovou technologi\u00ed, kter\u00e9 dok\u00e1\u017ee dos\u00e1hnout a\u017e 15 000 potah\u016f a je vybaveno dob\u00edjec\u00ed bateri\u00ed o kapacit\u011b 650 mAh. D\u00edky velkorys\u00e9 kapacit\u011b 25 ml e-liquidu a l\u00e1kav\u00e9 nab\u00eddce 12 p\u0159\u00edchut\u00ed, z nich\u017e si m\u016f\u017eete vybrat, zaru\u010duje Lavie Plus 15000 poka\u017ed\u00e9 chu\u0165ov\u00fd z\u00e1\u017eitek.<\/p>\n<p>Lavie Plus 15000 je k dispozici ve dvou r\u016fzn\u00fdch re\u017eimech: V re\u017eimu \"Normal\", kter\u00fd je poh\u00e1n\u011bn jednou mesh spir\u00e1lkou, p\u0159in\u00e1\u0161\u00ed ka\u017ed\u00e9 pota\u017een\u00ed jemn\u00e9 chut\u011b a jemn\u00e9 mraky. Model \"Pulse+\" jej zes\u00edl\u00ed v\u00fdkonem spir\u00e1lky s dv\u011bma oky.<\/p>\n<p>Objednejte si hromadn\u011b n\u00e1\u0161 \u0161irok\u00fd v\u00fdb\u011br 12 p\u0159\u00edchut\u00ed Lavie Plus 15000 Puffs za nejlep\u0161\u00ed velkoobchodn\u00ed cenu a rychl\u00e9 dod\u00e1n\u00ed!<\/p>\n<h2><strong>Lavie Plus 15000 Jednor\u00e1zov\u00e9 vape Podrobnosti:<\/strong><\/h2>\n<ul>\n<li>25 ml p\u0159edpln\u011bn\u00e9ho e-liquidu<\/li>\n<li>5% S\u00edla nikotinu<\/li>\n<li>Dob\u00edjec\u00ed baterie 650 mAh<\/li>\n<li>A\u017e 15000 puff\u016f<\/li>\n<li>Nab\u00edjen\u00ed typu C<\/li>\n<\/ul>\n<h2><strong>Dostupn\u00e9 laskavosti:<\/strong><\/h2>\n<ol>\n<li>R\u016f\u017eov\u00e1 limon\u00e1da<\/li>\n<li>Melounov\u00fd led<\/li>\n<li>Mexiko Mango<\/li>\n<li>Tropick\u00fd duhov\u00fd v\u00fdbuch<\/li>\n<li>Jahodov\u00e9 mango<\/li>\n<li>Blue Razz Ice<\/li>\n<li>Mincovna Miami<\/li>\n<li>\u0160\u0165avnat\u00fd broskvov\u00fd led<\/li>\n<li>Kysel\u00fd jable\u010dn\u00fd led<\/li>\n<li>Kalifornsk\u00e1 t\u0159e\u0161e\u0148<\/li>\n<li>Ananasov\u00e9 bonbony Mango<\/li>\n<li>Meta Moon<\/li>\n<\/ol>\n<h2><strong>Podrobnosti o balen\u00ed:<\/strong><\/h2>\n<ul>\n<li>1 ks\/balen\u00ed<\/li>\n<li>10 balen\u00ed\/krabice<\/li>\n<li>200 ks\/karton<\/li>\n<li>20 kg\/karton<\/li>\n<\/ul>\n<figure id=\"attachment_15586\" aria-describedby=\"caption-attachment-15586\" style=\"width: 800px\" class=\"wp-caption alignnone\"><img loading=\"lazy\" decoding=\"async\" class=\"wp-image-15586 size-full\" title=\"LAVIE PLUS 15000 Puffs Jednor\u00e1zov\u00e9 velkoobchodn\u00ed p\u0159\u00edchut\u011b Vape\" src=\"https:\/\/www.vape4wholesale.com\/wp-content\/uploads\/2024\/04\/LAVIE-PLUS-15000-Puffs-Disposable-Vape-Wholesale-Flavors.webp\" alt=\"LAVIE PLUS 15000 Puffs Jednor\u00e1zov\u00e9 velkoobchodn\u00ed p\u0159\u00edchut\u011b Vape\" width=\"800\" height=\"1298\" srcset=\"https:\/\/www.vape4wholesale.com\/wp-content\/uploads\/2024\/04\/LAVIE-PLUS-15000-Puffs-Disposable-Vape-Wholesale-Flavors.webp 800w, https:\/\/www.vape4wholesale.com\/wp-content\/uploads\/2024\/04\/LAVIE-PLUS-15000-Puffs-Disposable-Vape-Wholesale-Flavors-510x827.webp 510w, https:\/\/www.vape4wholesale.com\/wp-content\/uploads\/2024\/04\/LAVIE-PLUS-15000-Puffs-Disposable-Vape-Wholesale-Flavors-64x104.webp 64w, https:\/\/www.vape4wholesale.com\/wp-content\/uploads\/2024\/04\/LAVIE-PLUS-15000-Puffs-Disposable-Vape-Wholesale-Flavors-185x300.webp 185w, https:\/\/www.vape4wholesale.com\/wp-content\/uploads\/2024\/04\/LAVIE-PLUS-15000-Puffs-Disposable-Vape-Wholesale-Flavors-631x1024.webp 631w, https:\/\/www.vape4wholesale.com\/wp-content\/uploads\/2024\/04\/LAVIE-PLUS-15000-Puffs-Disposable-Vape-Wholesale-Flavors-768x1246.webp 768w\" sizes=\"auto, (max-width: 800px) 100vw, 800px\" \/><figcaption id=\"caption-attachment-15586\" class=\"wp-caption-text\">LAVIE PLUS 15000 Puffs Jednor\u00e1zov\u00e9 Vape Velkoobchod V\u0161echny p\u0159\u00edchut\u011b<\/figcaption><\/figure>\n<h2>PRO\u010c MY?<\/h2>\r\n<ul>\r\n<li>Skute\u010dn\u00fd, d\u016fv\u011bryhodn\u00fd a profesion\u00e1ln\u00ed zdroj vape.<\/li>\r\n<li>100% Origin\u00e1ln\u00ed z\u00e1ruka: Odm\u00edt\u00e1me pad\u011blky.<\/li>\r\n<li>100% Z\u00e1ruka dod\u00e1n\u00ed: Pou\u017e\u00edv\u00e1me nejlep\u0161\u00ed zp\u016fsob dopravy, abychom zajistili, \u017ee objedn\u00e1vku 100% obdr\u017e\u00edte.<\/li>\r\n<li>Po odesl\u00e1n\u00ed v\u00e1m poskytneme sledovac\u00ed \u010d\u00edslo a p\u0159epravn\u00ed \u0161t\u00edtek a budeme pro v\u00e1s sledovat zbo\u017e\u00ed, dokud ho nepodep\u00ed\u0161ete.<\/li>\r\n<li>\u017d\u00e1dn\u00e9 celn\u00ed probl\u00e9my, \u017e\u00e1dn\u00e1 cla<\/li>\r\n<\/ul>","protected":false},"excerpt":{"rendered":"<div class=\"wsppc_div_block woocommerce_before_add_to_cart_form\">\r\n<p><strong><span style=\"color: #00a859;\">Vy\u010distit celnici<\/span> p\u0159ed dod\u00e1n\u00edm &amp; 100% Z\u00e1ruka doru\u010den\u00ed, doru\u010den\u00ed p\u0159ibli\u017en\u011b za 19\u201325 dn\u00ed.\u00a0<\/strong><\/p>\r\n<\/div>","protected":false},"featured_media":15574,"comment_status":"open","ping_status":"closed","template":"","meta":[],"pwb-brand":[1277],"product_cat":[872],"product_tag":[37,684,692,22,24],"class_list":{"0":"post-15573","1":"product","2":"type-product","3":"status-publish","4":"has-post-thumbnail","6":"pwb-brand-lavie","7":"product_cat-15k-20k-puffs","8":"product_tag-lavie","9":"product_tag-15000-puffs","10":"product_tag-25-0ml","11":"product_tag-disposable","12":"product_tag-wholesale","13":"wcpa_has_options","15":"first","16":"instock","17":"shipping-taxable","18":"purchasable","19":"product-type-variable"},"aioseo_notices":[],"brands":[{"id":1277,"name":"Lavie","slug":"lavie"}],"_links":{"self":[{"href":"https:\/\/www.vape4wholesale.com\/cs\/wp-json\/wp\/v2\/product\/15573","targetHints":{"allow":["GET"]}}],"collection":[{"href":"https:\/\/www.vape4wholesale.com\/cs\/wp-json\/wp\/v2\/product"}],"about":[{"href":"https:\/\/www.vape4wholesale.com\/cs\/wp-json\/wp\/v2\/types\/product"}],"replies":[{"embeddable":true,"href":"https:\/\/www.vape4wholesale.com\/cs\/wp-json\/wp\/v2\/comments?post=15573"}],"wp:featuredmedia":[{"embeddable":true,"href":"https:\/\/www.vape4wholesale.com\/cs\/wp-json\/wp\/v2\/media\/15574"}],"wp:attachment":[{"href":"https:\/\/www.vape4wholesale.com\/cs\/wp-json\/wp\/v2\/media?parent=15573"}],"wp:term":[{"taxonomy":"pwb-brand","embeddable":true,"href":"https:\/\/www.vape4wholesale.com\/cs\/wp-json\/wp\/v2\/pwb-brand?post=15573"},{"taxonomy":"product_cat","embeddable":true,"href":"https:\/\/www.vape4wholesale.com\/cs\/wp-json\/wp\/v2\/product_cat?post=15573"},{"taxonomy":"product_tag","embeddable":true,"href":"https:\/\/www.vape4wholesale.com\/cs\/wp-json\/wp\/v2\/product_tag?post=15573"}],"curies":[{"name":"wp","href":"https:\/\/api.w.org\/{rel}","templated":true}]}}