{"id":15543,"date":"2024-04-16T11:06:31","date_gmt":"2024-04-16T03:06:31","guid":{"rendered":"https:\/\/www.vape4wholesale.com\/?post_type=product&#038;p=15543"},"modified":"2026-01-26T13:41:10","modified_gmt":"2026-01-26T13:41:10","slug":"vapme-crown-bar-pro-max-shisha-18000-jednorazovy-vape-velkoobchod","status":"publish","type":"product","link":"https:\/\/www.vape4wholesale.com\/cs\/product\/vapme-crown-bar-pro-max-shisha-18000-disposable-vape-wholesale","title":{"rendered":"Vapme Crown Bar Pro Max Shisha 18000 Jednor\u00e1zov\u00e9 Vape Velkoobchod"},"content":{"rendered":"<p>Vapme Crown Bar Pro Max je p\u011bkn\u00fd design Shisha DTL vape, je postaven s 850mah dob\u00edjec\u00ed bateri\u00ed a s 25ml eliquidu. Na v\u00fdb\u011br je s\u00edla nikotinu 0\/2%\/3%\/5%.<\/p>\n<p>podporuje a\u017e 18000 potah\u016f, po pln\u00e9m nabit\u00ed si m\u016f\u017eete dop\u0159\u00e1t skv\u011bl\u00fd vapingov\u00fd z\u00e1\u017eitek.<\/p>\n<p>Hromadn\u00e1 objedn\u00e1vka na\u0161eho \u0161irok\u00e9ho v\u00fdb\u011bru 12 <strong>Vapme Crown Bar Pro Max Shisha 18000<\/strong> p\u0159\u00edchut\u011b pro na\u0161i nejlep\u0161\u00ed velkoobchodn\u00ed cenu a rychl\u00e9 dod\u00e1n\u00ed!<\/p>\n<h2><strong>Vapme Crown Bar Pro Max Shisha 18000 Rychl\u00e9 informace:<\/strong><\/h2>\n<ul>\n<li>Puffy: 18000 Puff\u016f<\/li>\n<li>Nikotin: 0%, 2%, 3%, 5%<\/li>\n<li>Kapacita e-d\u017eus\u016f: 25 ML<\/li>\n<li>Baterie: 850 mAh ( dob\u00edjec\u00ed )<\/li>\n<li>Nab\u00edjec\u00ed port: Typ C<\/li>\n<li>Odolnost: 0.6\u03a9<\/li>\n<\/ul>\n<h2><strong>Dostupn\u00e9 p\u0159\u00edchut\u011b\uff1a<\/strong><\/h2>\n<ol>\n<li>Sv\u011b\u017e\u00ed led<\/li>\n<li>Berry Ice<\/li>\n<li>Bor\u016fvkov\u00e1 \u017ev\u00fdka\u010dka<\/li>\n<li>T\u0159e\u0161\u0148ov\u00e1 fiesta<\/li>\n<li>Hroznov\u00fd pun\u010d<\/li>\n<li>Jahodov\u00fd meloun<\/li>\n<li>Mango Freeze<\/li>\n<li>Jahodov\u00fd pun\u010d<\/li>\n<li>Sladk\u00e1 mu\u010denka<\/li>\n<li>Bor\u016fvka malina<\/li>\n<li>Dvojit\u00e9 jablko<\/li>\n<li>L\u00e1ska 66<\/li>\n<\/ol>\n<h2><strong>Obsah balen\u00ed:<\/strong><\/h2>\n<ul>\n<li>10 ks \/ st\u0159edn\u00ed krabice.<\/li>\n<li>200 ks\/karton<\/li>\n<li>20 kg\/karton<\/li>\n<\/ul>\n<figure id=\"attachment_15544\" aria-describedby=\"caption-attachment-15544\" style=\"width: 800px\" class=\"wp-caption alignnone\"><img loading=\"lazy\" decoding=\"async\" class=\"size-full wp-image-15544\" title=\"Vapme Crown Bar Pro Max 18000 Jednor\u00e1zov\u00e9 Vapewholesale (2)\" src=\"https:\/\/www.vape4wholesale.com\/wp-content\/uploads\/2024\/04\/Vapme-Crown-Bar-Pro-Max-18000-Disposable-Vapewholesale-2.webp\" alt=\"Vapme Crown Bar Pro Max 18000 Jednor\u00e1zov\u00e9 Vapewholesale (2)\" width=\"800\" height=\"800\" srcset=\"https:\/\/www.vape4wholesale.com\/wp-content\/uploads\/2024\/04\/Vapme-Crown-Bar-Pro-Max-18000-Disposable-Vapewholesale-2.webp 800w, https:\/\/www.vape4wholesale.com\/wp-content\/uploads\/2024\/04\/Vapme-Crown-Bar-Pro-Max-18000-Disposable-Vapewholesale-2-247x247.webp 247w, https:\/\/www.vape4wholesale.com\/wp-content\/uploads\/2024\/04\/Vapme-Crown-Bar-Pro-Max-18000-Disposable-Vapewholesale-2-100x100.webp 100w, https:\/\/www.vape4wholesale.com\/wp-content\/uploads\/2024\/04\/Vapme-Crown-Bar-Pro-Max-18000-Disposable-Vapewholesale-2-510x510.webp 510w, https:\/\/www.vape4wholesale.com\/wp-content\/uploads\/2024\/04\/Vapme-Crown-Bar-Pro-Max-18000-Disposable-Vapewholesale-2-64x64.webp 64w, https:\/\/www.vape4wholesale.com\/wp-content\/uploads\/2024\/04\/Vapme-Crown-Bar-Pro-Max-18000-Disposable-Vapewholesale-2-300x300.webp 300w, https:\/\/www.vape4wholesale.com\/wp-content\/uploads\/2024\/04\/Vapme-Crown-Bar-Pro-Max-18000-Disposable-Vapewholesale-2-150x150.webp 150w, https:\/\/www.vape4wholesale.com\/wp-content\/uploads\/2024\/04\/Vapme-Crown-Bar-Pro-Max-18000-Disposable-Vapewholesale-2-768x768.webp 768w\" sizes=\"auto, (max-width: 800px) 100vw, 800px\" \/><figcaption id=\"caption-attachment-15544\" class=\"wp-caption-text\">Vapme Crown Bar Pro Max 18000 Jednor\u00e1zov\u00e9 Vapewholesale<\/figcaption><\/figure>\n<h2>PRO\u010c MY?<\/h2>\r\n<ul>\r\n<li>Skute\u010dn\u00fd, d\u016fv\u011bryhodn\u00fd a profesion\u00e1ln\u00ed zdroj vape.<\/li>\r\n<li>100% Origin\u00e1ln\u00ed z\u00e1ruka: Odm\u00edt\u00e1me pad\u011blky.<\/li>\r\n<li>100% Z\u00e1ruka dod\u00e1n\u00ed: Pou\u017e\u00edv\u00e1me nejlep\u0161\u00ed zp\u016fsob dopravy, abychom zajistili, \u017ee objedn\u00e1vku 100% obdr\u017e\u00edte.<\/li>\r\n<li>Po odesl\u00e1n\u00ed v\u00e1m poskytneme sledovac\u00ed \u010d\u00edslo a p\u0159epravn\u00ed \u0161t\u00edtek a budeme pro v\u00e1s sledovat zbo\u017e\u00ed, dokud ho nepodep\u00ed\u0161ete.<\/li>\r\n<li>\u017d\u00e1dn\u00e9 celn\u00ed probl\u00e9my, \u017e\u00e1dn\u00e1 cla<\/li>\r\n<\/ul>","protected":false},"excerpt":{"rendered":"<div class=\"wsppc_div_block woocommerce_before_add_to_cart_form\">\r\n<p><strong><span style=\"color: #00a859;\">Clear customs<\/span> before delivery &amp; 100% Delivery Guarantee, Delivery in 19~25 days around.\u00a0<\/strong><\/p>\r\n<\/div>","protected":false},"featured_media":15563,"comment_status":"open","ping_status":"closed","template":"","meta":[],"pwb-brand":[1290],"product_cat":[872],"product_tag":[22,24,692,696,719],"class_list":{"0":"post-15543","1":"product","2":"type-product","3":"status-publish","4":"has-post-thumbnail","6":"pwb-brand-vapme","7":"product_cat-15k-20k-puffs","8":"product_tag-disposable","9":"product_tag-wholesale","10":"product_tag-25-0ml","11":"product_tag-vapme","12":"product_tag-18000-puffs","13":"wcpa_has_options","15":"first","16":"outofstock","17":"shipping-taxable","18":"purchasable","19":"product-type-variable"},"aioseo_notices":[],"brands":[{"id":1290,"name":"Vapme","slug":"vapme"}],"_links":{"self":[{"href":"https:\/\/www.vape4wholesale.com\/cs\/wp-json\/wp\/v2\/product\/15543","targetHints":{"allow":["GET"]}}],"collection":[{"href":"https:\/\/www.vape4wholesale.com\/cs\/wp-json\/wp\/v2\/product"}],"about":[{"href":"https:\/\/www.vape4wholesale.com\/cs\/wp-json\/wp\/v2\/types\/product"}],"replies":[{"embeddable":true,"href":"https:\/\/www.vape4wholesale.com\/cs\/wp-json\/wp\/v2\/comments?post=15543"}],"wp:featuredmedia":[{"embeddable":true,"href":"https:\/\/www.vape4wholesale.com\/cs\/wp-json\/wp\/v2\/media\/15563"}],"wp:attachment":[{"href":"https:\/\/www.vape4wholesale.com\/cs\/wp-json\/wp\/v2\/media?parent=15543"}],"wp:term":[{"taxonomy":"pwb-brand","embeddable":true,"href":"https:\/\/www.vape4wholesale.com\/cs\/wp-json\/wp\/v2\/pwb-brand?post=15543"},{"taxonomy":"product_cat","embeddable":true,"href":"https:\/\/www.vape4wholesale.com\/cs\/wp-json\/wp\/v2\/product_cat?post=15543"},{"taxonomy":"product_tag","embeddable":true,"href":"https:\/\/www.vape4wholesale.com\/cs\/wp-json\/wp\/v2\/product_tag?post=15543"}],"curies":[{"name":"wp","href":"https:\/\/api.w.org\/{rel}","templated":true}]}}