{"id":15506,"date":"2024-04-11T12:42:29","date_gmt":"2024-04-11T04:42:29","guid":{"rendered":"https:\/\/www.vape4wholesale.com\/?post_type=product&#038;p=15506"},"modified":"2026-01-26T13:41:12","modified_gmt":"2026-01-26T13:41:12","slug":"elf-bar-ep8000-jednorazovy-vape-velkoobchod","status":"publish","type":"product","link":"https:\/\/www.vape4wholesale.com\/cs\/product\/elf-bar-ep8000-disposable-vape-wholesale","title":{"rendered":"Elf Bar EP8000 Jednor\u00e1zov\u00fd velkoobchod s vapem"},"content":{"rendered":"<p>Elf Bar EP8000 se vyzna\u010duje stylov\u00fdm designem s 18ml e-\u0161\u0165\u00e1vy a dob\u00edjec\u00ed bateri\u00ed o kapacit\u011b 1500 mAh, kter\u00e1 poskytuje nep\u0159ekonateln\u00fd pocit chuti. podpora a\u017e 8000 potah\u016f. Sta\u0148te se sv\u011bdky jisk\u0159iv\u00e9 z\u00e1\u0159e s \u017eiv\u00fdm displejem \u0161esti barevn\u00fdch odst\u00edn\u016f. Posledn\u00ed odst\u00edn zobrazuje aktu\u00e1ln\u00ed \u00farove\u0148 e-liquidu a nabit\u00ed baterie.<\/p>\n<p>Tato vzru\u0161uj\u00edc\u00ed sm\u011bs kombinuje odv\u00e1\u017enou esenci ostru\u017ein s pikantn\u00edm n\u00e1dechem malin a vytv\u00e1\u0159\u00ed tak harmonickou symfonii ovocn\u00fdch dobrot. S osv\u011b\u017euj\u00edc\u00ed p\u0159\u00edchut\u00ed ledov\u00e9ho mentolu p\u0159in\u00e1\u0161\u00ed ka\u017ed\u00e9 \u0161luknut\u00ed chladiv\u00fd z\u00e1van, kter\u00fd dr\u00e1\u017ed\u00ed smysly.<\/p>\n<p>Objednejte si hromadn\u011b na\u0161ich 20 exkluzivn\u00edch p\u0159\u00edchut\u00ed Elf Bar BC15000 za bezkonkuren\u010dn\u00ed velkoobchodn\u00ed ceny s rychlou expedic\u00ed.<\/p>\n<h2><strong>Elf Bar EP8000 Jednor\u00e1zov\u00e9 vape Vlastnosti:<\/strong><\/h2>\n<ul>\n<li>Zna\u010dka: Elf Bar<\/li>\n<li>Typ: EP8000<\/li>\n<li>Puffy: 8000 Puff\u016f<\/li>\n<li>Nikotin: 5%<\/li>\n<li>Kapacita e-d\u017eus\u016f: 18 ML<\/li>\n<li>Kapacita baterie: 1500 mAh (dob\u00edjec\u00ed )<\/li>\n<li>Velikost: 88 \u00d7 44 \u00d7 22 mm<\/li>\n<\/ul>\n<h2><strong>Dostupn\u00e9 p\u0159\u00edchut\u011b\uff1a<\/strong><\/h2>\n<p>1.Grape Cherry<br \/>\n2.Cherry Peach Lemonade<br \/>\n3.Grape<br \/>\n4.Kiwi Passion Fruit Guava<br \/>\n5.Tab\u00e1k<br \/>\n6.Watermelon Ice<br \/>\n7.Cola Ice<br \/>\n8.Peach Berry<br \/>\n9.Blue Razz Ice<br \/>\n10.Blackberry Cranberry<br \/>\n11.Watermelon Bubble Gum<br \/>\n12.Double Mango<br \/>\n13.Peach Ice<br \/>\n14.Black Razz Ice<br \/>\n15.Mango Broskev Meloun<br \/>\n16.Double Apple<br \/>\n17.White Grape<br \/>\n18.Peach Mango<br \/>\n19.Jahodov\u00e1 zmrzlina<br \/>\n20.Jahodov\u00fd led<\/p>\n<h2><strong>Podrobnosti o balen\u00ed<\/strong><\/h2>\n<p>1 ks\/balen\u00ed<br data-filtered=\"filtered\" \/>10 balen\u00ed\/krabice<br data-filtered=\"filtered\" \/>200 ks\/karton<\/p>\n<p><strong>Rozm\u011bry:<\/strong><br \/>\n58*29*14 cm<br \/>\n12 kg\/karton<\/p>\n<figure id=\"attachment_15529\" aria-describedby=\"caption-attachment-15529\" style=\"width: 747px\" class=\"wp-caption alignnone\"><img loading=\"lazy\" decoding=\"async\" class=\"wp-image-15529 size-full\" title=\"Elf Bar EP8000 Jednor\u00e1zov\u00fd Vape Velkoobchod Watermelon Ice 8000 Puffs\" src=\"https:\/\/www.vape4wholesale.com\/wp-content\/uploads\/2024\/04\/Elf-Bar-EP8000-Disposable-Vape-Wholesale-Watermelon-Ice-8000-Puffs.webp\" alt=\"Elf Bar EP8000 Jednor\u00e1zov\u00fd Vape Velkoobchod Watermelon Ice 8000 Puffs\" width=\"747\" height=\"800\" srcset=\"https:\/\/www.vape4wholesale.com\/wp-content\/uploads\/2024\/04\/Elf-Bar-EP8000-Disposable-Vape-Wholesale-Watermelon-Ice-8000-Puffs.webp 747w, https:\/\/www.vape4wholesale.com\/wp-content\/uploads\/2024\/04\/Elf-Bar-EP8000-Disposable-Vape-Wholesale-Watermelon-Ice-8000-Puffs-510x546.webp 510w, https:\/\/www.vape4wholesale.com\/wp-content\/uploads\/2024\/04\/Elf-Bar-EP8000-Disposable-Vape-Wholesale-Watermelon-Ice-8000-Puffs-64x69.webp 64w, https:\/\/www.vape4wholesale.com\/wp-content\/uploads\/2024\/04\/Elf-Bar-EP8000-Disposable-Vape-Wholesale-Watermelon-Ice-8000-Puffs-280x300.webp 280w\" sizes=\"auto, (max-width: 747px) 100vw, 747px\" \/><figcaption id=\"caption-attachment-15529\" class=\"wp-caption-text\">Elf Bar EP8000 Jednor\u00e1zov\u00fd velkoobchod s vapem<\/figcaption><\/figure>\n<h2>PRO\u010c MY?<\/h2>\r\n<ul>\r\n<li>Skute\u010dn\u00fd, d\u016fv\u011bryhodn\u00fd a profesion\u00e1ln\u00ed zdroj vape.<\/li>\r\n<li>100% Origin\u00e1ln\u00ed z\u00e1ruka: Odm\u00edt\u00e1me pad\u011blky.<\/li>\r\n<li>100% Z\u00e1ruka dod\u00e1n\u00ed: Pou\u017e\u00edv\u00e1me nejlep\u0161\u00ed zp\u016fsob dopravy, abychom zajistili, \u017ee objedn\u00e1vku 100% obdr\u017e\u00edte.<\/li>\r\n<li>Po odesl\u00e1n\u00ed v\u00e1m poskytneme sledovac\u00ed \u010d\u00edslo a p\u0159epravn\u00ed \u0161t\u00edtek a budeme pro v\u00e1s sledovat zbo\u017e\u00ed, dokud ho nepodep\u00ed\u0161ete.<\/li>\r\n<li>\u017d\u00e1dn\u00e9 celn\u00ed probl\u00e9my, \u017e\u00e1dn\u00e1 cla<\/li>\r\n<\/ul>","protected":false},"excerpt":{"rendered":"<div class=\"wsppc_div_block woocommerce_before_add_to_cart_form\">\r\n<p><strong><span style=\"color: #00a859;\">Vy\u010distit celnici<\/span> p\u0159ed dod\u00e1n\u00edm &amp; 100% Z\u00e1ruka doru\u010den\u00ed, doru\u010den\u00ed p\u0159ibli\u017en\u011b za 19\u201325 dn\u00ed.\u00a0<\/strong><\/p>\r\n<\/div>\n<p><strong>Vzhledem k \u010dast\u00fdm zm\u011bn\u00e1m skladov\u00fdch z\u00e1sob produktu, minim\u00e1ln\u00edho objednac\u00edho mno\u017estv\u00ed a ceny n\u00e1s pros\u00edm kontaktujte p\u0159ed zad\u00e1n\u00edm objedn\u00e1vky.<\/strong><\/p>","protected":false},"featured_media":15532,"comment_status":"open","ping_status":"closed","template":"","meta":[],"pwb-brand":[1278],"product_cat":[870],"product_tag":[22,24,60,244,343],"class_list":{"0":"post-15506","1":"product","2":"type-product","3":"status-publish","4":"has-post-thumbnail","6":"pwb-brand-elf-bar","7":"product_cat-8000-10000-puffs","8":"product_tag-disposable","9":"product_tag-wholesale","10":"product_tag-elf-bar","11":"product_tag-18-0ml","12":"product_tag-8000-puffs","14":"first","15":"instock","16":"shipping-taxable","17":"purchasable","18":"product-type-variable"},"aioseo_notices":[],"brands":[{"id":1278,"name":"Elf\u00ed bar","slug":"elfi-bar"}],"_links":{"self":[{"href":"https:\/\/www.vape4wholesale.com\/cs\/wp-json\/wp\/v2\/product\/15506","targetHints":{"allow":["GET"]}}],"collection":[{"href":"https:\/\/www.vape4wholesale.com\/cs\/wp-json\/wp\/v2\/product"}],"about":[{"href":"https:\/\/www.vape4wholesale.com\/cs\/wp-json\/wp\/v2\/types\/product"}],"replies":[{"embeddable":true,"href":"https:\/\/www.vape4wholesale.com\/cs\/wp-json\/wp\/v2\/comments?post=15506"}],"wp:featuredmedia":[{"embeddable":true,"href":"https:\/\/www.vape4wholesale.com\/cs\/wp-json\/wp\/v2\/media\/15532"}],"wp:attachment":[{"href":"https:\/\/www.vape4wholesale.com\/cs\/wp-json\/wp\/v2\/media?parent=15506"}],"wp:term":[{"taxonomy":"pwb-brand","embeddable":true,"href":"https:\/\/www.vape4wholesale.com\/cs\/wp-json\/wp\/v2\/pwb-brand?post=15506"},{"taxonomy":"product_cat","embeddable":true,"href":"https:\/\/www.vape4wholesale.com\/cs\/wp-json\/wp\/v2\/product_cat?post=15506"},{"taxonomy":"product_tag","embeddable":true,"href":"https:\/\/www.vape4wholesale.com\/cs\/wp-json\/wp\/v2\/product_tag?post=15506"}],"curies":[{"name":"wp","href":"https:\/\/api.w.org\/{rel}","templated":true}]}}