{"id":15476,"date":"2024-04-11T12:20:52","date_gmt":"2024-04-11T04:20:52","guid":{"rendered":"https:\/\/www.vape4wholesale.com\/?post_type=product&#038;p=15476"},"modified":"2026-01-26T13:41:14","modified_gmt":"2026-01-26T13:41:14","slug":"elf-bar-bc15000-jednorazovy-vape-velkoobchod","status":"publish","type":"product","link":"https:\/\/www.vape4wholesale.com\/cs\/product\/elf-bar-bc15000-disposable-vape-wholesale","title":{"rendered":"Elf Bar BC15000 Jednor\u00e1zov\u00fd velkoobchod s vapem"},"content":{"rendered":"<p>Elf bar BC15000 je \u0161pi\u010dkov\u00fd jednor\u00e1zov\u00fd vape s dob\u00edjec\u00ed bateri\u00ed o kapacit\u011b 650 mAh a p\u0159edpln\u011bnou n\u00e1dr\u017ekou na 23 ml e-liquidu, kter\u00e1 vydr\u017e\u00ed a\u017e 15 000 potah\u016f. Jeho inovativn\u00ed ukazatel pr\u016fb\u011bhu v\u00fdkonu nab\u00edz\u00ed u\u017eivatel\u016fm zp\u011btnou vazbu o spot\u0159eb\u011b energie v re\u00e1ln\u00e9m \u010dase<\/p>\n<p>\u0160luk\u00e1tko Elfbar BC15000 nab\u00edz\u00ed dva r\u016fzn\u00e9 re\u017eimy - \"Smooth\" pro uspokojiv\u00e9 potahov\u00e1n\u00ed a \"Turbo\" pro hustou produkci p\u00e1ry. Jeho kompaktn\u00ed, ale v\u00fdkonn\u00e1 konstrukce zaji\u0161\u0165uje pohodln\u00fd a prvot\u0159\u00eddn\u00ed vapingov\u00fd z\u00e1\u017eitek.<br \/>\nObjednejte si hromadn\u011b na\u0161ich 15 exkluzivn\u00edch p\u0159\u00edchut\u00ed Elf Bar BC15000 za bezkonkuren\u010dn\u00ed velkoobchodn\u00ed ceny s rychlou expedic\u00ed.<\/p>\n<h2><strong>Elf Bar BC15000 Jednor\u00e1zov\u00e9 vape Vlastnosti:<\/strong><\/h2>\n<ul>\n<li>Zna\u010dka: Elf Bar<\/li>\n<li>Typ: BC15000<\/li>\n<li>Puffy: 15000 Puff\u016f<\/li>\n<li>Nikotin: 5%<\/li>\n<li>Kapacita e-d\u017eus\u016f: 23 ML<\/li>\n<li>Kapacita baterie: 650 mAh ( dob\u00edjec\u00ed )<\/li>\n<li>Nab\u00edjec\u00ed port: Typ C<\/li>\n<\/ul>\n<h2><strong>Dostupn\u00e9 p\u0159\u00edchut\u011b\uff1a<\/strong><\/h2>\n<ol>\n<li>Ostru\u017eina Cherry<\/li>\n<li>Blue Razz Ice<\/li>\n<li>Cherry Lime<\/li>\n<li>Hroznov\u00e9 brusinky<\/li>\n<li>Hroznov\u00fd led<\/li>\n<li>Kiwi Passionfruit Guava<\/li>\n<li>Broskvov\u00fd meloun Mango<\/li>\n<li>Ananas Dragonfruit Grapefruit<\/li>\n<li>Kysel\u00e9 jablko<\/li>\n<li>Jahodov\u00fd ban\u00e1n<\/li>\n<li>Jahodov\u00e9 kiwi<\/li>\n<li>Pep\u0159ov\u00e1 m\u00e1ta<\/li>\n<li>Melounov\u00fd led<\/li>\n<li>Kiwi Ananas Broskev<\/li>\n<li>Grapefruitov\u00e1 mu\u010denka<\/li>\n<\/ol>\n<h2><strong>Podrobnosti o balen\u00ed<\/strong><\/h2>\n<p>1 ks\/balen\u00ed<br data-filtered=\"filtered\" \/>10 balen\u00ed\/krabice<br data-filtered=\"filtered\" \/>200 ks\/karton<\/p>\n<p><strong>Rozm\u011bry:<\/strong><br data-filtered=\"filtered\" \/>55,5*29,5*27,5 cm<br data-filtered=\"filtered\" \/>26 kg\/karton<\/p>\n<figure id=\"attachment_15493\" aria-describedby=\"caption-attachment-15493\" style=\"width: 800px\" class=\"wp-caption alignnone\"><img loading=\"lazy\" decoding=\"async\" class=\"wp-image-15493 size-full\" title=\"Elf Bar BC15000 Jednor\u00e1zov\u00fd velkoobchodn\u00ed vape Sour Apple 15000 Puffs\" src=\"https:\/\/www.vape4wholesale.com\/wp-content\/uploads\/2024\/04\/Elf-Bar-BC15000-Disposable-Vape-Wholesale-Sour-Apple-15000-Puffs.webp\" alt=\"Elf Bar BC15000 Jednor\u00e1zov\u00fd velkoobchodn\u00ed vape Sour Apple 15000 Puffs\" width=\"800\" height=\"800\" srcset=\"https:\/\/www.vape4wholesale.com\/wp-content\/uploads\/2024\/04\/Elf-Bar-BC15000-Disposable-Vape-Wholesale-Sour-Apple-15000-Puffs.webp 800w, https:\/\/www.vape4wholesale.com\/wp-content\/uploads\/2024\/04\/Elf-Bar-BC15000-Disposable-Vape-Wholesale-Sour-Apple-15000-Puffs-247x247.webp 247w, https:\/\/www.vape4wholesale.com\/wp-content\/uploads\/2024\/04\/Elf-Bar-BC15000-Disposable-Vape-Wholesale-Sour-Apple-15000-Puffs-100x100.webp 100w, https:\/\/www.vape4wholesale.com\/wp-content\/uploads\/2024\/04\/Elf-Bar-BC15000-Disposable-Vape-Wholesale-Sour-Apple-15000-Puffs-510x510.webp 510w, https:\/\/www.vape4wholesale.com\/wp-content\/uploads\/2024\/04\/Elf-Bar-BC15000-Disposable-Vape-Wholesale-Sour-Apple-15000-Puffs-64x64.webp 64w, https:\/\/www.vape4wholesale.com\/wp-content\/uploads\/2024\/04\/Elf-Bar-BC15000-Disposable-Vape-Wholesale-Sour-Apple-15000-Puffs-300x300.webp 300w, https:\/\/www.vape4wholesale.com\/wp-content\/uploads\/2024\/04\/Elf-Bar-BC15000-Disposable-Vape-Wholesale-Sour-Apple-15000-Puffs-150x150.webp 150w, https:\/\/www.vape4wholesale.com\/wp-content\/uploads\/2024\/04\/Elf-Bar-BC15000-Disposable-Vape-Wholesale-Sour-Apple-15000-Puffs-768x768.webp 768w\" sizes=\"auto, (max-width: 800px) 100vw, 800px\" \/><figcaption id=\"caption-attachment-15493\" class=\"wp-caption-text\">Elf Bar BC15000 Jednor\u00e1zov\u00fd velkoobchod s vapem<\/figcaption><\/figure>\n<h2>PRO\u010c MY?<\/h2>\r\n<ul>\r\n<li>Skute\u010dn\u00fd, d\u016fv\u011bryhodn\u00fd a profesion\u00e1ln\u00ed zdroj vape.<\/li>\r\n<li>100% Origin\u00e1ln\u00ed z\u00e1ruka: Odm\u00edt\u00e1me pad\u011blky.<\/li>\r\n<li>100% Z\u00e1ruka dod\u00e1n\u00ed: Pou\u017e\u00edv\u00e1me nejlep\u0161\u00ed zp\u016fsob dopravy, abychom zajistili, \u017ee objedn\u00e1vku 100% obdr\u017e\u00edte.<\/li>\r\n<li>Po odesl\u00e1n\u00ed v\u00e1m poskytneme sledovac\u00ed \u010d\u00edslo a p\u0159epravn\u00ed \u0161t\u00edtek a budeme pro v\u00e1s sledovat zbo\u017e\u00ed, dokud ho nepodep\u00ed\u0161ete.<\/li>\r\n<li>\u017d\u00e1dn\u00e9 celn\u00ed probl\u00e9my, \u017e\u00e1dn\u00e1 cla<\/li>\r\n<\/ul>","protected":false},"excerpt":{"rendered":"<div class=\"wsppc_div_block woocommerce_before_add_to_cart_form\">\r\n<p><strong><span style=\"color: #00a859;\">Vy\u010distit celnici<\/span> p\u0159ed dod\u00e1n\u00edm &amp; 100% Z\u00e1ruka doru\u010den\u00ed, doru\u010den\u00ed p\u0159ibli\u017en\u011b za 19\u201325 dn\u00ed.\u00a0<\/strong><\/p>\r\n<\/div>\n<p><strong>Vzhledem k \u010dast\u00fdm zm\u011bn\u00e1m skladov\u00fdch z\u00e1sob produktu, minim\u00e1ln\u00edho objednac\u00edho mno\u017estv\u00ed a ceny n\u00e1s pros\u00edm kontaktujte p\u0159ed zad\u00e1n\u00edm objedn\u00e1vky.<\/strong><\/p>","protected":false},"featured_media":15493,"comment_status":"open","ping_status":"closed","template":"","meta":[],"pwb-brand":[1278],"product_cat":[872],"product_tag":[22,24,60,557,684],"class_list":{"0":"post-15476","1":"product","2":"type-product","3":"status-publish","4":"has-post-thumbnail","6":"pwb-brand-elf-bar","7":"product_cat-15k-20k-puffs","8":"product_tag-disposable","9":"product_tag-wholesale","10":"product_tag-elf-bar","11":"product_tag-23-0ml","12":"product_tag-15000-puffs","14":"first","15":"instock","16":"shipping-taxable","17":"purchasable","18":"product-type-variable"},"aioseo_notices":[],"brands":[{"id":1278,"name":"Elf\u00ed bar","slug":"elfi-bar"}],"_links":{"self":[{"href":"https:\/\/www.vape4wholesale.com\/cs\/wp-json\/wp\/v2\/product\/15476","targetHints":{"allow":["GET"]}}],"collection":[{"href":"https:\/\/www.vape4wholesale.com\/cs\/wp-json\/wp\/v2\/product"}],"about":[{"href":"https:\/\/www.vape4wholesale.com\/cs\/wp-json\/wp\/v2\/types\/product"}],"replies":[{"embeddable":true,"href":"https:\/\/www.vape4wholesale.com\/cs\/wp-json\/wp\/v2\/comments?post=15476"}],"wp:featuredmedia":[{"embeddable":true,"href":"https:\/\/www.vape4wholesale.com\/cs\/wp-json\/wp\/v2\/media\/15493"}],"wp:attachment":[{"href":"https:\/\/www.vape4wholesale.com\/cs\/wp-json\/wp\/v2\/media?parent=15476"}],"wp:term":[{"taxonomy":"pwb-brand","embeddable":true,"href":"https:\/\/www.vape4wholesale.com\/cs\/wp-json\/wp\/v2\/pwb-brand?post=15476"},{"taxonomy":"product_cat","embeddable":true,"href":"https:\/\/www.vape4wholesale.com\/cs\/wp-json\/wp\/v2\/product_cat?post=15476"},{"taxonomy":"product_tag","embeddable":true,"href":"https:\/\/www.vape4wholesale.com\/cs\/wp-json\/wp\/v2\/product_tag?post=15476"}],"curies":[{"name":"wp","href":"https:\/\/api.w.org\/{rel}","templated":true}]}}