{"id":15236,"date":"2024-02-29T22:53:23","date_gmt":"2024-02-29T14:53:23","guid":{"rendered":"https:\/\/www.vape4wholesale.com\/?post_type=product&#038;p=15236"},"modified":"2026-01-26T13:41:21","modified_gmt":"2026-01-26T13:41:21","slug":"elf-bar-raya-d1-13000-puffs-jednorazove-vape-velkoobchod","status":"publish","type":"product","link":"https:\/\/www.vape4wholesale.com\/cs\/product\/elf-bar-raya-d1-13000-puffs-disposable-vape-wholesale","title":{"rendered":"Elf Bar Raya D1 13000 Puffs Jednor\u00e1zov\u00e9 Vape Velkoobchod"},"content":{"rendered":"<p>Elfbar Raya D1 je dod\u00e1v\u00e1n s 13 000 potahy, co\u017e je \u0161pi\u010dkov\u00e9 jednor\u00e1zov\u00e9 pod za\u0159\u00edzen\u00ed navr\u017een\u00e9 pro del\u0161\u00ed a uspokojiv\u00fd vapingov\u00fd z\u00e1\u017eitek. Toto za\u0159\u00edzen\u00ed se m\u016f\u017ee pochlubit p\u016fsobivou kapacitou potah\u016f a p\u0159in\u00e1\u0161\u00ed dlouhotrvaj\u00edc\u00ed a aromatickou cestu. D\u00edky sv\u00e9 inovativn\u00ed technologii zaji\u0161\u0165uje Elfbar bezprobl\u00e9mov\u00e9 a pohodln\u00e9 \u0159e\u0161en\u00ed vapov\u00e1n\u00ed. Varianta Raya D1 nab\u00edz\u00ed lahodnou sm\u011bs p\u0159\u00edchut\u00ed vodn\u00edho melounu a medov\u00e9 rosy, kter\u00e1 poskytuje osv\u011b\u017euj\u00edc\u00ed a p\u0159\u00edjemn\u00fd chu\u0165ov\u00fd profil. Model Elfbar Raya D1 je ide\u00e1ln\u00ed pro u\u017eivatele, kte\u0159\u00ed hledaj\u00ed jednor\u00e1zovou variantu s vysok\u00fdm po\u010dtem potah\u016f, a slibuje pohlcuj\u00edc\u00ed vapov\u00e1n\u00ed p\u0159i ka\u017ed\u00e9m potahu.<\/p>\n<p>Dod\u00e1v\u00e1 se s 50 mg nikotinu na v\u00fdb\u011br, Objednejte si hromadn\u011b n\u00e1\u0161 \u0161irok\u00fd v\u00fdb\u011br 23 p\u0159\u00edchut\u00ed Elf Bar Raya D1 13000 za na\u0161i nejlep\u0161\u00ed velkoobchodn\u00ed cenu a rychl\u00e9 dod\u00e1n\u00ed!<\/p>\n<h2><strong>Elf Bar Raya D1 13000 Rychl\u00fd detail<\/strong><\/h2>\n<ul>\n<li>Kapacita e-liquidu: 18ml<\/li>\n<li>Kapacita baterie: 650 mAh<\/li>\n<li>Pufy: A\u017e 13000<\/li>\n<li>S\u00edla nikotinu: 50 mg\/ml<\/li>\n<li>LED displej: Nap\u00e1jen\u00ed &amp; Eliquid<\/li>\n<li>Dob\u00edjec\u00ed typ C<\/li>\n<\/ul>\n<h2><strong>Elf Bar Raya D1 Dostupn\u00e9 p\u0159\u00edchut\u011b<\/strong><\/h2>\n<p>1.Americano Ice<br \/>\n2.Apple Ice<br \/>\n3.Blueberry Gami<br \/>\n4.Blueberry Ice<br \/>\n5.Grape Ice<br \/>\n6.Miami Mint<br \/>\n7.Peach Ice<br \/>\n8.Ananasov\u00fd led<br \/>\n9.Jahodov\u00fd led<br \/>\n10.Tab\u00e1k<br \/>\n11.Watermelon Ice<br \/>\n12.Blackberry Cranberry<br \/>\n13.Blue Razz Ice<br \/>\n14.Blueberry Mint<br \/>\n15.Cherry Watermelon<br \/>\n16.Double Mango<br \/>\n17.Grape Cherry<br \/>\n18.Lemon Lime<br \/>\n19.Peach Mango<br \/>\n20.Pineapple Strawberry Banana<br \/>\n21.Red Berry Cherry<br \/>\n22.Strawberry Banana<br \/>\n23.Strawberry Kiwi Ice<\/p>\n<h2><strong>Detail balen\u00ed<\/strong><\/h2>\n<p>1 ks\/balen\u00ed<br \/>\n10 balen\u00ed\/krabice<br \/>\n200 ks\/karton<\/p>\n<p>Rozm\u011bry: 56*28*24 cm<br \/>\n26 kg\/karton<\/p>\n<figure id=\"attachment_15240\" aria-describedby=\"caption-attachment-15240\" style=\"width: 600px\" class=\"wp-caption alignnone\"><img loading=\"lazy\" decoding=\"async\" class=\"wp-image-15240 size-full\" title=\"Elf Bar Raya D1 13000 Puffs Jednor\u00e1zov\u00e9 Vape Velkoobchod\" src=\"https:\/\/www.vape4wholesale.com\/wp-content\/uploads\/2024\/02\/Elf-Bar-Raya-D1-13000-Disposable-Vape-Wholesale-2.png\" alt=\"Elf Bar Raya D1 13000 Puffs Jednor\u00e1zov\u00e9 Vape Velkoobchod\" width=\"600\" height=\"600\" srcset=\"https:\/\/www.vape4wholesale.com\/wp-content\/uploads\/2024\/02\/Elf-Bar-Raya-D1-13000-Disposable-Vape-Wholesale-2.png 600w, https:\/\/www.vape4wholesale.com\/wp-content\/uploads\/2024\/02\/Elf-Bar-Raya-D1-13000-Disposable-Vape-Wholesale-2-247x247.png 247w, https:\/\/www.vape4wholesale.com\/wp-content\/uploads\/2024\/02\/Elf-Bar-Raya-D1-13000-Disposable-Vape-Wholesale-2-100x100.png 100w, https:\/\/www.vape4wholesale.com\/wp-content\/uploads\/2024\/02\/Elf-Bar-Raya-D1-13000-Disposable-Vape-Wholesale-2-510x510.png 510w, https:\/\/www.vape4wholesale.com\/wp-content\/uploads\/2024\/02\/Elf-Bar-Raya-D1-13000-Disposable-Vape-Wholesale-2-64x64.png 64w, https:\/\/www.vape4wholesale.com\/wp-content\/uploads\/2024\/02\/Elf-Bar-Raya-D1-13000-Disposable-Vape-Wholesale-2-300x300.png 300w, https:\/\/www.vape4wholesale.com\/wp-content\/uploads\/2024\/02\/Elf-Bar-Raya-D1-13000-Disposable-Vape-Wholesale-2-150x150.png 150w\" sizes=\"auto, (max-width: 600px) 100vw, 600px\" \/><figcaption id=\"caption-attachment-15240\" class=\"wp-caption-text\">Elf Bar Raya D1 13000 Puffs Jednor\u00e1zov\u00e9 Vape Velkoobchod<\/figcaption><\/figure>\n<h2>PRO\u010c MY?<\/h2>\r\n<ul>\r\n<li>Skute\u010dn\u00fd, d\u016fv\u011bryhodn\u00fd a profesion\u00e1ln\u00ed zdroj vape.<\/li>\r\n<li>100% Origin\u00e1ln\u00ed z\u00e1ruka: Odm\u00edt\u00e1me pad\u011blky.<\/li>\r\n<li>100% Z\u00e1ruka dod\u00e1n\u00ed: Pou\u017e\u00edv\u00e1me nejlep\u0161\u00ed zp\u016fsob dopravy, abychom zajistili, \u017ee objedn\u00e1vku 100% obdr\u017e\u00edte.<\/li>\r\n<li>Po odesl\u00e1n\u00ed v\u00e1m poskytneme sledovac\u00ed \u010d\u00edslo a p\u0159epravn\u00ed \u0161t\u00edtek a budeme pro v\u00e1s sledovat zbo\u017e\u00ed, dokud ho nepodep\u00ed\u0161ete.<\/li>\r\n<li>\u017d\u00e1dn\u00e9 celn\u00ed probl\u00e9my, \u017e\u00e1dn\u00e1 cla<\/li>\r\n<\/ul>","protected":false},"excerpt":{"rendered":"<div class=\"wsppc_div_block woocommerce_before_add_to_cart_form\">\r\n<p><strong><span style=\"color: #00a859;\">Vy\u010distit celnici<\/span> p\u0159ed dod\u00e1n\u00edm &amp; 100% Z\u00e1ruka doru\u010den\u00ed, doru\u010den\u00ed p\u0159ibli\u017en\u011b za 19\u201325 dn\u00ed.\u00a0<\/strong><\/p>\r\n<\/div>\n<p><strong>Vzhledem k \u010dast\u00fdm zm\u011bn\u00e1m skladov\u00fdch z\u00e1sob produktu, minim\u00e1ln\u00edho objednac\u00edho mno\u017estv\u00ed a ceny n\u00e1s pros\u00edm kontaktujte p\u0159ed zad\u00e1n\u00edm objedn\u00e1vky.<\/strong><\/p>","protected":false},"featured_media":15241,"comment_status":"open","ping_status":"closed","template":"","meta":[],"pwb-brand":[1278],"product_cat":[871],"product_tag":[737,22,24,60,244],"class_list":{"0":"post-15236","1":"product","2":"type-product","3":"status-publish","4":"has-post-thumbnail","6":"pwb-brand-elf-bar","7":"product_cat-10-15k-puffs","8":"product_tag-13000-puffs","9":"product_tag-disposable","10":"product_tag-wholesale","11":"product_tag-elf-bar","12":"product_tag-18-0ml","14":"first","15":"instock","16":"shipping-taxable","17":"purchasable","18":"product-type-variable"},"aioseo_notices":[],"brands":[{"id":1278,"name":"Elf\u00ed bar","slug":"elfi-bar"}],"_links":{"self":[{"href":"https:\/\/www.vape4wholesale.com\/cs\/wp-json\/wp\/v2\/product\/15236","targetHints":{"allow":["GET"]}}],"collection":[{"href":"https:\/\/www.vape4wholesale.com\/cs\/wp-json\/wp\/v2\/product"}],"about":[{"href":"https:\/\/www.vape4wholesale.com\/cs\/wp-json\/wp\/v2\/types\/product"}],"replies":[{"embeddable":true,"href":"https:\/\/www.vape4wholesale.com\/cs\/wp-json\/wp\/v2\/comments?post=15236"}],"wp:featuredmedia":[{"embeddable":true,"href":"https:\/\/www.vape4wholesale.com\/cs\/wp-json\/wp\/v2\/media\/15241"}],"wp:attachment":[{"href":"https:\/\/www.vape4wholesale.com\/cs\/wp-json\/wp\/v2\/media?parent=15236"}],"wp:term":[{"taxonomy":"pwb-brand","embeddable":true,"href":"https:\/\/www.vape4wholesale.com\/cs\/wp-json\/wp\/v2\/pwb-brand?post=15236"},{"taxonomy":"product_cat","embeddable":true,"href":"https:\/\/www.vape4wholesale.com\/cs\/wp-json\/wp\/v2\/product_cat?post=15236"},{"taxonomy":"product_tag","embeddable":true,"href":"https:\/\/www.vape4wholesale.com\/cs\/wp-json\/wp\/v2\/product_tag?post=15236"}],"curies":[{"name":"wp","href":"https:\/\/api.w.org\/{rel}","templated":true}]}}