{"id":15147,"date":"2024-02-28T17:25:06","date_gmt":"2024-02-28T09:25:06","guid":{"rendered":"https:\/\/www.vape4wholesale.com\/?post_type=product&#038;p=15147"},"modified":"2026-01-26T13:41:27","modified_gmt":"2026-01-26T13:41:27","slug":"bang-shisha-15000-puffs-jednorazove-vape-velkoobchod","status":"publish","type":"product","link":"https:\/\/www.vape4wholesale.com\/cs\/product\/bang-shisha-15000-puffs-disposable-vape-wholesale","title":{"rendered":"Bang Shisha 15000 Puffs jednor\u00e1zov\u00e9 Vape velkoobchod"},"content":{"rendered":"<p>na <strong>Bang Shisha 15000<\/strong> je jedn\u00edm z DTL vape za\u0159\u00edzen\u00ed m\u00e1 velkou p\u00e1ru s velkou chut\u00ed, je postaven s 1,0\u03a9 atomiz\u00e9r, 15ml eliquid s 0% ~ 5% s\u00edla nikotinu. podporuje a\u017e 15000 puffs, jakmile je pln\u011b nabit\u00fd, m\u016f\u017eete m\u00edt skv\u011bl\u00fd vaping z\u00e1\u017eitek.<\/p>\n<p>Objednejte si hromadn\u011b n\u00e1\u0161 \u0161irok\u00fd v\u00fdb\u011br 20 p\u0159\u00edchut\u00ed Bang Shisha 15000 za nejlep\u0161\u00ed velkoobchodn\u00ed cenu a rychl\u00e9 dod\u00e1n\u00ed!<\/p>\n<h2><strong>Bang Shisha 15000 Rychl\u00e9 informace:<\/strong><\/h2>\n<ul>\n<li>Puffy: 15000 Puff\u016f<\/li>\n<li>Nikotin: 0%, 2%, 3%, 5%<\/li>\n<li>Kapacita e-d\u017eus\u016f: 15 ML<\/li>\n<li>Baterie: 600 mAh ( dob\u00edjec\u00ed )<\/li>\n<li>Nab\u00edjec\u00ed port: Typ C<\/li>\n<li>Odpor: 1,0\u03a9<\/li>\n<\/ul>\n<h2><strong>Dostupn\u00e9 p\u0159\u00edchut\u011b\uff1a<\/strong><\/h2>\n<ol>\n<li>Bor\u016fvkov\u00fd led<\/li>\n<li>Blue Razz Ice<\/li>\n<li>T\u0159e\u0161\u0148ov\u00fd meloun<\/li>\n<li>Zmrazen\u00e9 jablko<\/li>\n<li>\u017dv\u00fdka\u010dkov\u00e1 m\u00e1ta<\/li>\n<li>Ban\u00e1nov\u00e9 mango<\/li>\n<li>Mix Berry Ice<\/li>\n<li>Ananasov\u00fd kokos<\/li>\n<li>\u010cerven\u00e1 jahodov\u00e1 b\u0159e\u010dka<\/li>\n<li>Kiwi Passionfruit Guava<\/li>\n<li>Brusinkov\u00e9 hrozny<\/li>\n<li>Jahodov\u00e1 zmrzlina<\/li>\n<li>Jahodov\u00e9 kiwi<\/li>\n<li>Jahodovo-malinov\u00e9 bonbony<\/li>\n<li>Melounov\u00fd led<\/li>\n<li>\u0160\u0165avnat\u00e9 broskve<\/li>\n<li><del>L\u00e1ska 66<\/del><\/li>\n<li>Broskvov\u00fd meloun Mango<\/li>\n<li><del>Red Bull<\/del><\/li>\n<li>Vodn\u00ed meloun Jahoda Bubblegum<\/li>\n<\/ol>\n<h2><strong>Obsah balen\u00ed:<\/strong><\/h2>\n<ul>\n<li>10 ks \/ st\u0159edn\u00ed krabice.<\/li>\n<li>200 ks\/karton<\/li>\n<li>22 kg\/karton<\/li>\n<li>Velikost kartonu: 39,5 * 39 * 30,5 cm<\/li>\n<\/ul>\n<h2>PRO\u010c MY?<\/h2>\r\n<ul>\r\n<li>Skute\u010dn\u00fd, d\u016fv\u011bryhodn\u00fd a profesion\u00e1ln\u00ed zdroj vape.<\/li>\r\n<li>100% Origin\u00e1ln\u00ed z\u00e1ruka: Odm\u00edt\u00e1me pad\u011blky.<\/li>\r\n<li>100% Z\u00e1ruka dod\u00e1n\u00ed: Pou\u017e\u00edv\u00e1me nejlep\u0161\u00ed zp\u016fsob dopravy, abychom zajistili, \u017ee objedn\u00e1vku 100% obdr\u017e\u00edte.<\/li>\r\n<li>Po odesl\u00e1n\u00ed v\u00e1m poskytneme sledovac\u00ed \u010d\u00edslo a p\u0159epravn\u00ed \u0161t\u00edtek a budeme pro v\u00e1s sledovat zbo\u017e\u00ed, dokud ho nepodep\u00ed\u0161ete.<\/li>\r\n<li>\u017d\u00e1dn\u00e9 celn\u00ed probl\u00e9my, \u017e\u00e1dn\u00e1 cla<\/li>\r\n<\/ul>","protected":false},"excerpt":{"rendered":"<div class=\"wsppc_div_block woocommerce_before_add_to_cart_form\">\r\n<p><strong><span style=\"color: #00a859;\">Vy\u010distit celnici<\/span> p\u0159ed dod\u00e1n\u00edm &amp; 100% Z\u00e1ruka doru\u010den\u00ed, doru\u010den\u00ed p\u0159ibli\u017en\u011b za 19\u201325 dn\u00ed.\u00a0<\/strong><\/p>\r\n<\/div>","protected":false},"featured_media":15170,"comment_status":"open","ping_status":"closed","template":"","meta":[],"pwb-brand":[1275],"product_cat":[872],"product_tag":[22,24,233,249,684,726],"class_list":{"0":"post-15147","1":"product","2":"type-product","3":"status-publish","4":"has-post-thumbnail","6":"pwb-brand-bang","7":"product_cat-15k-20k-puffs","8":"product_tag-disposable","9":"product_tag-wholesale","10":"product_tag-15-0ml","11":"product_tag-bang","12":"product_tag-15000-puffs","13":"product_tag-shisha","14":"wcpa_has_options","16":"first","17":"outofstock","18":"shipping-taxable","19":"purchasable","20":"product-type-variable"},"aioseo_notices":[],"brands":[{"id":1275,"name":"Bang","slug":"bang"}],"_links":{"self":[{"href":"https:\/\/www.vape4wholesale.com\/cs\/wp-json\/wp\/v2\/product\/15147","targetHints":{"allow":["GET"]}}],"collection":[{"href":"https:\/\/www.vape4wholesale.com\/cs\/wp-json\/wp\/v2\/product"}],"about":[{"href":"https:\/\/www.vape4wholesale.com\/cs\/wp-json\/wp\/v2\/types\/product"}],"replies":[{"embeddable":true,"href":"https:\/\/www.vape4wholesale.com\/cs\/wp-json\/wp\/v2\/comments?post=15147"}],"wp:featuredmedia":[{"embeddable":true,"href":"https:\/\/www.vape4wholesale.com\/cs\/wp-json\/wp\/v2\/media\/15170"}],"wp:attachment":[{"href":"https:\/\/www.vape4wholesale.com\/cs\/wp-json\/wp\/v2\/media?parent=15147"}],"wp:term":[{"taxonomy":"pwb-brand","embeddable":true,"href":"https:\/\/www.vape4wholesale.com\/cs\/wp-json\/wp\/v2\/pwb-brand?post=15147"},{"taxonomy":"product_cat","embeddable":true,"href":"https:\/\/www.vape4wholesale.com\/cs\/wp-json\/wp\/v2\/product_cat?post=15147"},{"taxonomy":"product_tag","embeddable":true,"href":"https:\/\/www.vape4wholesale.com\/cs\/wp-json\/wp\/v2\/product_tag?post=15147"}],"curies":[{"name":"wp","href":"https:\/\/api.w.org\/{rel}","templated":true}]}}