{"id":15101,"date":"2024-02-27T22:21:07","date_gmt":"2024-02-27T14:21:07","guid":{"rendered":"https:\/\/www.vape4wholesale.com\/?post_type=product&#038;p=15101"},"modified":"2026-01-26T13:41:31","modified_gmt":"2026-01-26T13:41:31","slug":"bang-15000-puffs-jednorazove-vape-velkoobchod","status":"publish","type":"product","link":"https:\/\/www.vape4wholesale.com\/cs\/product\/bang-15000-puffs-disposable-vape-wholesale","title":{"rendered":"Bang 15000 Puffs Jednor\u00e1zov\u00fd velkoobchod Vape"},"content":{"rendered":"<p>Bang 15000 Puffs Disposable Vape je dod\u00e1v\u00e1n s p\u011bkn\u00fdm designem led obrazovky, kter\u00e1 zobrazuje zb\u00fdvaj\u00edc\u00ed energii. a obsahuje 15ml eliquid, (nikotin 0\/20\/50mg) 500mAh dob\u00edjec\u00ed baterie, a tak\u00e9 s 1,0ohm mesh c\u00edvkou, Hromadn\u00e1 objedn\u00e1vka na\u0161eho \u0161irok\u00e9ho 12 v\u00fdb\u011br Bang 15000 Puffs p\u0159\u00edchut\u011b pro na\u0161e nejlep\u0161\u00ed velkoobchodn\u00ed ceny a rychl\u00e9 dod\u00e1n\u00ed!<\/p>\n<h2><strong>Bang 15000 Puffs jednor\u00e1zov\u00e9 Vape Rychl\u00e9 informace<\/strong><\/h2>\n<ul>\n<li>Pufy: 15000<\/li>\n<li>Kapacita baterie: 500 mAh<\/li>\n<li>Objem e-kapaliny: 15ml<\/li>\n<li>Obsah nikotinu: 0\/20\/50mg<\/li>\n<li>Balen\u00ed: 10 kus\u016f v 1 krabi\u010dce<\/li>\n<li>LED displej<\/li>\n<\/ul>\n<h2><strong>Dostupn\u00e9 p\u0159\u00edchut\u011b<\/strong><\/h2>\n<ol>\n<li>Berry Blast<\/li>\n<li>Bor\u016fvka t\u0159e\u0161e\u0148 citron<\/li>\n<li>Zmrazen\u00ed bor\u016fvek<\/li>\n<li>Cool Mint<\/li>\n<li>Zmrazen\u00ed hrozn\u016f<\/li>\n<li>Peach Berry<\/li>\n<li>Zmrazen\u00ed broskv\u00ed<\/li>\n<li>Kysel\u00e9 jablko bor\u016fvka<\/li>\n<li>Jahodov\u00e9 li\u010di<\/li>\n<li>Jahodov\u00fd meloun<\/li>\n<li>Tropick\u00e9 ovoce<\/li>\n<li>Melounov\u00fd led<\/li>\n<\/ol>\n<h2><strong>Obsah balen\u00ed<\/strong><\/h2>\n<ul>\n<li>10 ks \/ st\u0159edn\u00ed krabice.<\/li>\n<li>200 ks\/karton<\/li>\n<li>23 kg\/karton<\/li>\n<\/ul>\n<figure id=\"attachment_15103\" aria-describedby=\"caption-attachment-15103\" style=\"width: 800px\" class=\"wp-caption alignnone\"><img loading=\"lazy\" decoding=\"async\" class=\"wp-image-15103 size-full\" title=\"Bang 15000 Puffs Jednor\u00e1zov\u00fd velkoobchod Vape\" src=\"https:\/\/www.vape4wholesale.com\/wp-content\/uploads\/2024\/02\/Bang-15000-Disposable-Vape-Wholesale-1.jpg\" alt=\"Bang 15000 Puffs Jednor\u00e1zov\u00fd velkoobchod Vape\" width=\"800\" height=\"800\" srcset=\"https:\/\/www.vape4wholesale.com\/wp-content\/uploads\/2024\/02\/Bang-15000-Disposable-Vape-Wholesale-1.jpg 800w, https:\/\/www.vape4wholesale.com\/wp-content\/uploads\/2024\/02\/Bang-15000-Disposable-Vape-Wholesale-1-247x247.jpg 247w, https:\/\/www.vape4wholesale.com\/wp-content\/uploads\/2024\/02\/Bang-15000-Disposable-Vape-Wholesale-1-100x100.jpg 100w, https:\/\/www.vape4wholesale.com\/wp-content\/uploads\/2024\/02\/Bang-15000-Disposable-Vape-Wholesale-1-510x510.jpg 510w\" sizes=\"auto, (max-width: 800px) 100vw, 800px\" \/><figcaption id=\"caption-attachment-15103\" class=\"wp-caption-text\">Bang 15000 Puffs Jednor\u00e1zov\u00fd velkoobchod Vape<\/figcaption><\/figure>\n<h2>PRO\u010c MY?<\/h2>\r\n<ul>\r\n<li>Skute\u010dn\u00fd, d\u016fv\u011bryhodn\u00fd a profesion\u00e1ln\u00ed zdroj vape.<\/li>\r\n<li>100% Origin\u00e1ln\u00ed z\u00e1ruka: Odm\u00edt\u00e1me pad\u011blky.<\/li>\r\n<li>100% Z\u00e1ruka dod\u00e1n\u00ed: Pou\u017e\u00edv\u00e1me nejlep\u0161\u00ed zp\u016fsob dopravy, abychom zajistili, \u017ee objedn\u00e1vku 100% obdr\u017e\u00edte.<\/li>\r\n<li>Po odesl\u00e1n\u00ed v\u00e1m poskytneme sledovac\u00ed \u010d\u00edslo a p\u0159epravn\u00ed \u0161t\u00edtek a budeme pro v\u00e1s sledovat zbo\u017e\u00ed, dokud ho nepodep\u00ed\u0161ete.<\/li>\r\n<li>\u017d\u00e1dn\u00e9 celn\u00ed probl\u00e9my, \u017e\u00e1dn\u00e1 cla<\/li>\r\n<\/ul>","protected":false},"excerpt":{"rendered":"<div class=\"wsppc_div_block woocommerce_before_add_to_cart_form\">\r\n<p><strong><span style=\"color: #00a859;\">Vy\u010distit celnici<\/span> p\u0159ed dod\u00e1n\u00edm &amp; 100% Z\u00e1ruka doru\u010den\u00ed, doru\u010den\u00ed p\u0159ibli\u017en\u011b za 19\u201325 dn\u00ed.\u00a0<\/strong><\/p>\r\n<\/div>","protected":false},"featured_media":15110,"comment_status":"open","ping_status":"closed","template":"","meta":[],"pwb-brand":[1275],"product_cat":[872],"product_tag":[249,684,22,24,233],"class_list":{"0":"post-15101","1":"product","2":"type-product","3":"status-publish","4":"has-post-thumbnail","6":"pwb-brand-bang","7":"product_cat-15k-20k-puffs","8":"product_tag-bang","9":"product_tag-15000-puffs","10":"product_tag-disposable","11":"product_tag-wholesale","12":"product_tag-15-0ml","13":"wcpa_has_options","15":"first","16":"instock","17":"shipping-taxable","18":"purchasable","19":"product-type-variable"},"aioseo_notices":[],"brands":[{"id":1275,"name":"Bang","slug":"bang"}],"_links":{"self":[{"href":"https:\/\/www.vape4wholesale.com\/cs\/wp-json\/wp\/v2\/product\/15101","targetHints":{"allow":["GET"]}}],"collection":[{"href":"https:\/\/www.vape4wholesale.com\/cs\/wp-json\/wp\/v2\/product"}],"about":[{"href":"https:\/\/www.vape4wholesale.com\/cs\/wp-json\/wp\/v2\/types\/product"}],"replies":[{"embeddable":true,"href":"https:\/\/www.vape4wholesale.com\/cs\/wp-json\/wp\/v2\/comments?post=15101"}],"wp:featuredmedia":[{"embeddable":true,"href":"https:\/\/www.vape4wholesale.com\/cs\/wp-json\/wp\/v2\/media\/15110"}],"wp:attachment":[{"href":"https:\/\/www.vape4wholesale.com\/cs\/wp-json\/wp\/v2\/media?parent=15101"}],"wp:term":[{"taxonomy":"pwb-brand","embeddable":true,"href":"https:\/\/www.vape4wholesale.com\/cs\/wp-json\/wp\/v2\/pwb-brand?post=15101"},{"taxonomy":"product_cat","embeddable":true,"href":"https:\/\/www.vape4wholesale.com\/cs\/wp-json\/wp\/v2\/product_cat?post=15101"},{"taxonomy":"product_tag","embeddable":true,"href":"https:\/\/www.vape4wholesale.com\/cs\/wp-json\/wp\/v2\/product_tag?post=15101"}],"curies":[{"name":"wp","href":"https:\/\/api.w.org\/{rel}","templated":true}]}}