{"id":15054,"date":"2024-01-25T20:11:59","date_gmt":"2024-01-25T12:11:59","guid":{"rendered":"https:\/\/www.vape4wholesale.com\/?post_type=product&#038;p=15054"},"modified":"2026-01-26T13:41:33","modified_gmt":"2026-01-26T13:41:33","slug":"oco-salt-nikotin-eliquid-velkoobchod","status":"publish","type":"product","link":"https:\/\/www.vape4wholesale.com\/cs\/product\/oco-salt-nicotine-eliquid-wholesale","title":{"rendered":"Velkoobchodn\u00ed prodej soln\u00e9ho nikotinu OCO"},"content":{"rendered":"<p>OCO Salt Nicotine Eliquid je poh\u00e1n\u011bn Lavie vape, jedn\u00e1 se o pe\u010dliv\u011b formulovan\u00e9 eliquid s p\u0159\u00edjemn\u00fdmi chut\u011bmi, p\u0159ich\u00e1z\u00ed s 30 ml na l\u00e1hev.<\/p>\n<p>30mg\/50mg nikotinu na v\u00fdb\u011br, hromadn\u011b objednejte n\u00e1\u0161 \u0161irok\u00fd v\u00fdb\u011br 12 p\u0159\u00edchut\u00ed OCO Salt Nicotine Eliquid za na\u0161i nejlep\u0161\u00ed velkoobchodn\u00ed cenu a rychl\u00e9 dod\u00e1n\u00ed!<\/p>\n<p>&nbsp;<\/p>\n<h2>Dostupn\u00e9 p\u0159\u00edchut\u011b:<\/h2>\n<ol>\n<li>Melounov\u00fd led<\/li>\n<li>Hroznov\u00fd led<\/li>\n<li>Mango Ice<\/li>\n<li>Jahodov\u00fd meloun<\/li>\n<li>Bor\u016fvkov\u00fd led<\/li>\n<li>Broskvov\u00fd led<\/li>\n<li>Jahodov\u00e9 mango<\/li>\n<li>M\u00e1tov\u00fd<\/li>\n<li>Led z \u010dern\u00e9ho ryb\u00edzu<\/li>\n<li>Lemon Cola Ice<\/li>\n<li>Jasm\u00ednov\u00fd \u010daj<\/li>\n<li>Guava Ice<\/li>\n<\/ol>\n<p>&nbsp;<\/p>\n<p><span style=\"font-size: 150%\"><strong>Podrobnosti o balen\u00ed:<\/strong><\/span><\/p>\n<p class=\"mceTemp\">ROZM\u011aRY: 300x324x346 mm<br \/>\n200 ks\/karton<br \/>\nGW:12KG<\/p>\n<figure id=\"attachment_15070\" aria-describedby=\"caption-attachment-15070\" style=\"width: 800px\" class=\"wp-caption alignnone\"><img loading=\"lazy\" decoding=\"async\" class=\"size-full wp-image-15070\" title=\"Velkoobchodn\u00ed prodej soln\u00e9ho nikotinu OCO (4)\" src=\"https:\/\/www.vape4wholesale.com\/wp-content\/uploads\/2024\/01\/OCO-Salt-Nicotine-Eliquid-Wholesale-4.jpg\" alt=\"Velkoobchodn\u00ed prodej soln\u00e9ho nikotinu OCO (4)\" width=\"800\" height=\"800\" srcset=\"https:\/\/www.vape4wholesale.com\/wp-content\/uploads\/2024\/01\/OCO-Salt-Nicotine-Eliquid-Wholesale-4.jpg 800w, https:\/\/www.vape4wholesale.com\/wp-content\/uploads\/2024\/01\/OCO-Salt-Nicotine-Eliquid-Wholesale-4-247x247.jpg 247w, https:\/\/www.vape4wholesale.com\/wp-content\/uploads\/2024\/01\/OCO-Salt-Nicotine-Eliquid-Wholesale-4-100x100.jpg 100w, https:\/\/www.vape4wholesale.com\/wp-content\/uploads\/2024\/01\/OCO-Salt-Nicotine-Eliquid-Wholesale-4-510x510.jpg 510w, https:\/\/www.vape4wholesale.com\/wp-content\/uploads\/2024\/01\/OCO-Salt-Nicotine-Eliquid-Wholesale-4-64x64.jpg 64w, https:\/\/www.vape4wholesale.com\/wp-content\/uploads\/2024\/01\/OCO-Salt-Nicotine-Eliquid-Wholesale-4-300x300.jpg 300w, https:\/\/www.vape4wholesale.com\/wp-content\/uploads\/2024\/01\/OCO-Salt-Nicotine-Eliquid-Wholesale-4-150x150.jpg 150w, https:\/\/www.vape4wholesale.com\/wp-content\/uploads\/2024\/01\/OCO-Salt-Nicotine-Eliquid-Wholesale-4-768x768.jpg 768w\" sizes=\"auto, (max-width: 800px) 100vw, 800px\" \/><figcaption id=\"caption-attachment-15070\" class=\"wp-caption-text\">Velkoobchodn\u00ed prodej soln\u00e9ho nikotinu OCO<\/figcaption><\/figure>","protected":false},"excerpt":{"rendered":"<p>Pro velkoobchodn\u00ed prodej velk\u00e9ho mno\u017estv\u00ed nebo OEM n\u00e1s pros\u00edm kontaktujte!<\/p>","protected":false},"featured_media":15070,"comment_status":"open","ping_status":"closed","template":"","meta":[],"pwb-brand":[1289],"product_cat":[15],"product_tag":[708,709,710],"class_list":{"0":"post-15054","1":"product","2":"type-product","3":"status-publish","4":"has-post-thumbnail","6":"pwb-brand-others","7":"product_cat-others","8":"product_tag-oco-eliquid","9":"product_tag-salt-nicotine","10":"product_tag-eliquid","11":"wcpa_has_options","13":"first","14":"outofstock","15":"shipping-taxable","16":"purchasable","17":"product-type-variable"},"aioseo_notices":[],"brands":[{"id":1289,"name":"Ostatn\u00ed","slug":"ostatni"}],"_links":{"self":[{"href":"https:\/\/www.vape4wholesale.com\/cs\/wp-json\/wp\/v2\/product\/15054","targetHints":{"allow":["GET"]}}],"collection":[{"href":"https:\/\/www.vape4wholesale.com\/cs\/wp-json\/wp\/v2\/product"}],"about":[{"href":"https:\/\/www.vape4wholesale.com\/cs\/wp-json\/wp\/v2\/types\/product"}],"replies":[{"embeddable":true,"href":"https:\/\/www.vape4wholesale.com\/cs\/wp-json\/wp\/v2\/comments?post=15054"}],"wp:featuredmedia":[{"embeddable":true,"href":"https:\/\/www.vape4wholesale.com\/cs\/wp-json\/wp\/v2\/media\/15070"}],"wp:attachment":[{"href":"https:\/\/www.vape4wholesale.com\/cs\/wp-json\/wp\/v2\/media?parent=15054"}],"wp:term":[{"taxonomy":"pwb-brand","embeddable":true,"href":"https:\/\/www.vape4wholesale.com\/cs\/wp-json\/wp\/v2\/pwb-brand?post=15054"},{"taxonomy":"product_cat","embeddable":true,"href":"https:\/\/www.vape4wholesale.com\/cs\/wp-json\/wp\/v2\/product_cat?post=15054"},{"taxonomy":"product_tag","embeddable":true,"href":"https:\/\/www.vape4wholesale.com\/cs\/wp-json\/wp\/v2\/product_tag?post=15054"}],"curies":[{"name":"wp","href":"https:\/\/api.w.org\/{rel}","templated":true}]}}