{"id":15012,"date":"2024-01-17T14:31:05","date_gmt":"2024-01-17T06:31:05","guid":{"rendered":"https:\/\/www.vape4wholesale.com\/?post_type=product&#038;p=15012"},"modified":"2026-03-27T10:12:39","modified_gmt":"2026-03-27T02:12:39","slug":"vapme-crystal-7000-puffs-jednorazovy-vape-velkoobchod","status":"publish","type":"product","link":"https:\/\/www.vape4wholesale.com\/cs\/product\/vapme-crystal-7000-puffs-disposable-vape-wholesale","title":{"rendered":"Vapme Crystal 7000 Puffs Jednor\u00e1zov\u00fd velkoobchodn\u00ed vape"},"content":{"rendered":"<p>Vapme Crystal 7000 je p\u011bkn\u00fd jednor\u00e1zov\u00fd vape, kter\u00fd m\u00e1 skv\u011blou grafiku a pr\u016fhledn\u00fd vn\u011bj\u0161\u00ed kryt, dob\u00edjec\u00ed baterii 650 mAh a 14 ml eliquidu, podporuje a\u017e 7000 potah\u016f.<\/p>\n<p>0%\/2%\/3%\/5% nikotin na v\u00fdb\u011br, Hromadn\u00e9 objedn\u00e1vky na\u0161eho \u0161irok\u00e9ho v\u00fdb\u011bru 18 p\u0159\u00edchut\u00ed Vapme Crystal 7000 za na\u0161i nejlep\u0161\u00ed velkoobchodn\u00ed cenu a rychl\u00e9 dod\u00e1n\u00ed!<\/p>\n<h2><strong>Vapme Crystal 7000 Puffs Disposable Vape Rychl\u00e9 informace:<\/strong><\/h2>\n<ul>\n<li>Pufy: 7000<\/li>\n<li>Kapacita baterie: 650 mAh<\/li>\n<li>Objem e-kapaliny: 14ml<\/li>\n<li>Obsah nikotinu: 2%\/\/5% Nikotinov\u00e1 s\u016fl<\/li>\n<li>Balen\u00ed: 10 kus\u016f v 1 krabi\u010dce<\/li>\n<\/ul>\n<h2><strong>Dostupn\u00e9 p\u0159\u00edchut\u011b<\/strong><\/h2>\n<table style=\"border-collapse: collapse;width: 214.53pt\" border=\"0\" width=\"286\" cellspacing=\"0\" cellpadding=\"0\">\n<tbody>\n<tr style=\"height: 15.75pt\">\n<td class=\"et2\" style=\"height: 15.75pt;width: 214.50pt\" width=\"286\" height=\"21\">Limon\u00e1da Blue Razz<\/td>\n<\/tr>\n<tr style=\"height: 15.75pt\">\n<td class=\"et2\" style=\"height: 15.75pt\" height=\"21\">Bor\u016fvka malina<\/td>\n<\/tr>\n<tr style=\"height: 15.75pt\">\n<td class=\"et2\" style=\"height: 15.75pt\" height=\"21\">Cherry Cola<\/td>\n<\/tr>\n<tr style=\"height: 15.75pt\">\n<td class=\"et2\" style=\"height: 15.75pt\" height=\"21\">T\u0159e\u0161\u0148ov\u00fd led<\/td>\n<\/tr>\n<tr style=\"height: 15.75pt\">\n<td class=\"et2\" style=\"height: 15.75pt\" height=\"21\">Energetick\u00fd n\u00e1poj<\/td>\n<\/tr>\n<tr style=\"height: 15.75pt\">\n<td class=\"et2\" style=\"height: 15.75pt\" height=\"21\">Hroznov\u00e9 bobule<\/td>\n<\/tr>\n<tr style=\"height: 15.75pt\">\n<td class=\"et2\" style=\"height: 15.75pt\" height=\"21\">Kiwi Passionfruit Guava<\/td>\n<\/tr>\n<tr style=\"height: 15.75pt\">\n<td class=\"et2\" style=\"height: 15.75pt\" height=\"21\">Led z mu\u010denky a melounu<\/td>\n<\/tr>\n<tr style=\"height: 15.75pt\">\n<td class=\"et2\" style=\"height: 15.75pt\" height=\"21\">Broskvov\u00fd led<\/td>\n<\/tr>\n<tr style=\"height: 15.75pt\">\n<td class=\"et2\" style=\"height: 15.75pt\" height=\"21\">Broskev Mango Ananas<\/td>\n<\/tr>\n<tr style=\"height: 15.75pt\">\n<td class=\"et2\" style=\"height: 15.75pt\" height=\"21\">Jahodov\u00fd ban\u00e1n<\/td>\n<\/tr>\n<tr style=\"height: 15.75pt\">\n<td class=\"et2\" style=\"height: 15.75pt\" height=\"21\">Jahodov\u00e1 zmrzlina<\/td>\n<\/tr>\n<tr style=\"height: 15.75pt\">\n<td class=\"et2\" style=\"height: 15.75pt\" height=\"21\">Jahodov\u00e9 kiwi<\/td>\n<\/tr>\n<tr style=\"height: 15.75pt\">\n<td class=\"et2\" style=\"height: 15.75pt\" height=\"21\">Jahodov\u00e9 mango<\/td>\n<\/tr>\n<tr style=\"height: 15.75pt\">\n<td class=\"et2\" style=\"height: 15.75pt\" height=\"21\">Jahodovo-malinov\u00e9 bonbony<\/td>\n<\/tr>\n<tr style=\"height: 15.75pt\">\n<td class=\"et2\" style=\"height: 15.75pt\" height=\"21\">Jahodov\u00fd meloun Bubblegum<\/td>\n<\/tr>\n<tr style=\"height: 15.75pt\">\n<td class=\"et2\" style=\"height: 15.75pt\" height=\"21\">Trojit\u00e9 mango<\/td>\n<\/tr>\n<tr style=\"height: 15.75pt\">\n<td class=\"et2\" style=\"height: 15.75pt\" height=\"21\">Melounov\u00fd led<\/td>\n<\/tr>\n<\/tbody>\n<\/table>\n<h2><strong>Obsah balen\u00ed:<\/strong><\/h2>\n<ul>\n<li>10 ks \/ st\u0159edn\u00ed krabice.<\/li>\n<li>200 ks\/karton<\/li>\n<li>17,5 kg\/karton<\/li>\n<li>Velikost kartonu: 36,5*36,7*31,5 cm<\/li>\n<\/ul>\n<figure id=\"attachment_15026\" aria-describedby=\"caption-attachment-15026\" style=\"width: 800px\" class=\"wp-caption alignnone\"><img loading=\"lazy\" decoding=\"async\" class=\"wp-image-15026 size-full\" title=\"Vapme Crystal 7000 Puffs Jednor\u00e1zov\u00fd velkoobchodn\u00ed prodej (13)\" src=\"https:\/\/www.vape4wholesale.com\/wp-content\/uploads\/2024\/01\/Vapme-Crystal-7000-Puffs-Disposable-Vape-Wholesale-13.jpg\" alt=\"Vapme Crystal 7000 Puffs Jednor\u00e1zov\u00fd velkoobchodn\u00ed prodej (13)\" width=\"800\" height=\"800\" srcset=\"https:\/\/www.vape4wholesale.com\/wp-content\/uploads\/2024\/01\/Vapme-Crystal-7000-Puffs-Disposable-Vape-Wholesale-13.jpg 800w, https:\/\/www.vape4wholesale.com\/wp-content\/uploads\/2024\/01\/Vapme-Crystal-7000-Puffs-Disposable-Vape-Wholesale-13-247x247.jpg 247w, https:\/\/www.vape4wholesale.com\/wp-content\/uploads\/2024\/01\/Vapme-Crystal-7000-Puffs-Disposable-Vape-Wholesale-13-100x100.jpg 100w, https:\/\/www.vape4wholesale.com\/wp-content\/uploads\/2024\/01\/Vapme-Crystal-7000-Puffs-Disposable-Vape-Wholesale-13-510x510.jpg 510w, https:\/\/www.vape4wholesale.com\/wp-content\/uploads\/2024\/01\/Vapme-Crystal-7000-Puffs-Disposable-Vape-Wholesale-13-64x64.jpg 64w, https:\/\/www.vape4wholesale.com\/wp-content\/uploads\/2024\/01\/Vapme-Crystal-7000-Puffs-Disposable-Vape-Wholesale-13-300x300.jpg 300w, https:\/\/www.vape4wholesale.com\/wp-content\/uploads\/2024\/01\/Vapme-Crystal-7000-Puffs-Disposable-Vape-Wholesale-13-150x150.jpg 150w, https:\/\/www.vape4wholesale.com\/wp-content\/uploads\/2024\/01\/Vapme-Crystal-7000-Puffs-Disposable-Vape-Wholesale-13-768x768.jpg 768w\" sizes=\"auto, (max-width: 800px) 100vw, 800px\" \/><figcaption id=\"caption-attachment-15026\" class=\"wp-caption-text\">Vapme Crystal 7000 Puffs Jednor\u00e1zov\u00fd velkoobchodn\u00ed vape<\/figcaption><\/figure>\n<h2>PRO\u010c MY?<\/h2>\r\n<ul>\r\n<li>Skute\u010dn\u00fd, d\u016fv\u011bryhodn\u00fd a profesion\u00e1ln\u00ed zdroj vape.<\/li>\r\n<li>100% Origin\u00e1ln\u00ed z\u00e1ruka: Odm\u00edt\u00e1me pad\u011blky.<\/li>\r\n<li>100% Z\u00e1ruka dod\u00e1n\u00ed: Pou\u017e\u00edv\u00e1me nejlep\u0161\u00ed zp\u016fsob dopravy, abychom zajistili, \u017ee objedn\u00e1vku 100% obdr\u017e\u00edte.<\/li>\r\n<li>Po odesl\u00e1n\u00ed v\u00e1m poskytneme sledovac\u00ed \u010d\u00edslo a p\u0159epravn\u00ed \u0161t\u00edtek a budeme pro v\u00e1s sledovat zbo\u017e\u00ed, dokud ho nepodep\u00ed\u0161ete.<\/li>\r\n<li>\u017d\u00e1dn\u00e9 celn\u00ed probl\u00e9my, \u017e\u00e1dn\u00e1 cla<\/li>\r\n<\/ul>","protected":false},"excerpt":{"rendered":"<div class=\"wsppc_div_block woocommerce_before_add_to_cart_form\">\r\n<p><strong><span style=\"color: #00a859;\">Clear customs<\/span> before delivery &amp; 100% Delivery Guarantee, Delivery in 19~25 days around.\u00a0<\/strong><\/p>\r\n<\/div>\n<p><span style=\"color: #ed1c24\"><strong>Tento produkt nen\u00ed prod\u00e1v\u00e1n\/zas\u00edl\u00e1n do Nizozemska<\/strong><\/span><\/p>","protected":false},"featured_media":15013,"comment_status":"open","ping_status":"closed","template":"","meta":[],"pwb-brand":[1290],"product_cat":[869],"product_tag":[22,24,177,178,696],"class_list":{"0":"post-15012","1":"product","2":"type-product","3":"status-publish","4":"has-post-thumbnail","6":"pwb-brand-vapme","7":"product_cat-5000-8000-puffs","8":"product_tag-disposable","9":"product_tag-wholesale","10":"product_tag-14-0ml","11":"product_tag-7000-puffs","12":"product_tag-vapme","13":"wcpa_has_options","15":"first","16":"outofstock","17":"shipping-taxable","18":"purchasable","19":"product-type-variable"},"aioseo_notices":[],"brands":[{"id":1290,"name":"Vapme","slug":"vapme"}],"_links":{"self":[{"href":"https:\/\/www.vape4wholesale.com\/cs\/wp-json\/wp\/v2\/product\/15012","targetHints":{"allow":["GET"]}}],"collection":[{"href":"https:\/\/www.vape4wholesale.com\/cs\/wp-json\/wp\/v2\/product"}],"about":[{"href":"https:\/\/www.vape4wholesale.com\/cs\/wp-json\/wp\/v2\/types\/product"}],"replies":[{"embeddable":true,"href":"https:\/\/www.vape4wholesale.com\/cs\/wp-json\/wp\/v2\/comments?post=15012"}],"wp:featuredmedia":[{"embeddable":true,"href":"https:\/\/www.vape4wholesale.com\/cs\/wp-json\/wp\/v2\/media\/15013"}],"wp:attachment":[{"href":"https:\/\/www.vape4wholesale.com\/cs\/wp-json\/wp\/v2\/media?parent=15012"}],"wp:term":[{"taxonomy":"pwb-brand","embeddable":true,"href":"https:\/\/www.vape4wholesale.com\/cs\/wp-json\/wp\/v2\/pwb-brand?post=15012"},{"taxonomy":"product_cat","embeddable":true,"href":"https:\/\/www.vape4wholesale.com\/cs\/wp-json\/wp\/v2\/product_cat?post=15012"},{"taxonomy":"product_tag","embeddable":true,"href":"https:\/\/www.vape4wholesale.com\/cs\/wp-json\/wp\/v2\/product_tag?post=15012"}],"curies":[{"name":"wp","href":"https:\/\/api.w.org\/{rel}","templated":true}]}}