{"id":14895,"date":"2024-01-06T10:37:56","date_gmt":"2024-01-06T02:37:56","guid":{"rendered":"https:\/\/www.vape4wholesale.com\/?post_type=product&#038;p=14895"},"modified":"2026-01-26T13:41:41","modified_gmt":"2026-01-26T13:41:41","slug":"vapme-king-pro-12000-puffs-jednorazovy-vape-velkoobchod","status":"publish","type":"product","link":"https:\/\/www.vape4wholesale.com\/cs\/product\/vapme-king-pro-12000-puffs-disposable-vape-wholesale","title":{"rendered":"Vapme King Pro 12000 Puffs Jednor\u00e1zov\u00e9 Vape Velkoobchod"},"content":{"rendered":"<p>Vapme King Pro 12000 je p\u011bkn\u011b navr\u017een\u00fd jednor\u00e1zov\u00fd vape s velk\u00fdm po\u010dtem \u0161luk\u016f, kter\u00fd je vybaven dob\u00edjec\u00ed bateri\u00ed 850 mAh, s\u00ed\u0165ovou spir\u00e1lkou a 20 ml eliquidu se sv\u011btlem RGB. podporuje a\u017e 12 000 \u0161luk\u016f. Je navr\u017een s vizu\u00e1ln\u00edm eliquidem, tak\u017ee m\u016f\u017eete snadno sledovat zb\u00fdvaj\u00edc\u00ed eliquid.<\/p>\n<p>Objednejte si hromadn\u011b n\u00e1\u0161 \u0161irok\u00fd v\u00fdb\u011br 10 p\u0159\u00edchut\u00ed Vapme King Pro 12000 Puffs za na\u0161i nejlep\u0161\u00ed velkoobchodn\u00ed cenu a rychl\u00e9 dod\u00e1n\u00ed!<\/p>\n<h2><strong>Vapeme King Pro 12000 Rychl\u00e9 informace:<\/strong><\/h2>\n<ul>\n<li>Baterie: 850 mAh port typu C<\/li>\n<li>Kapacita: 20 ml vape \u0161\u0165\u00e1vy<\/li>\n<li>C\u00edvka: 1,0 ohmov\u00e1 mesh c\u00edvka<\/li>\n<li>Puffy: 12000+ puff\u016f<\/li>\n<\/ul>\n<h2><strong>Dostupn\u00e9 p\u0159\u00edchut\u011b:<\/strong><\/h2>\n<ol>\n<li>Jahodov\u00e9 kiwi<\/li>\n<li>Sm\u00ed\u0161en\u00e9 bobule<\/li>\n<li>Jahodov\u00fd meloun<\/li>\n<li>Bor\u016fvky na ledu<\/li>\n<li>Kiwi mu\u010denka guava<\/li>\n<li>Hroznov\u00fd led<\/li>\n<li>Melounov\u00fd led<\/li>\n<li>Mango ananas<\/li>\n<li>Jahodov\u00fd led<\/li>\n<li>Velk\u00fd t\u0159esk ovoce<\/li>\n<\/ol>\n<h2><strong>Obsah balen\u00ed:<\/strong><\/h2>\n<ul>\n<li>10 ks \/ st\u0159edn\u00ed krabice.<\/li>\n<li>200 ks\/karton<\/li>\n<li>20 kg\/karton<\/li>\n<li>Velikost kartonu: 34,2 * 34,8 * 29,1 cm<\/li>\n<\/ul>\n<figure id=\"attachment_14905\" aria-describedby=\"caption-attachment-14905\" style=\"width: 800px\" class=\"wp-caption alignnone\"><img loading=\"lazy\" decoding=\"async\" class=\"size-full wp-image-14905\" title=\"Vapme King Pro 12000 Puffs Jednor\u00e1zov\u00e9 Vape Velkoobchod\" src=\"https:\/\/www.vape4wholesale.com\/wp-content\/uploads\/2024\/01\/Vapme-King-Pro-12000-Puffs-Disposable-Vape-Wholesale.jpg\" alt=\"Vapme King Pro 12000 Puffs Jednor\u00e1zov\u00e9 Vape Velkoobchod\" width=\"800\" height=\"800\" srcset=\"https:\/\/www.vape4wholesale.com\/wp-content\/uploads\/2024\/01\/Vapme-King-Pro-12000-Puffs-Disposable-Vape-Wholesale.jpg 800w, https:\/\/www.vape4wholesale.com\/wp-content\/uploads\/2024\/01\/Vapme-King-Pro-12000-Puffs-Disposable-Vape-Wholesale-247x247.jpg 247w, https:\/\/www.vape4wholesale.com\/wp-content\/uploads\/2024\/01\/Vapme-King-Pro-12000-Puffs-Disposable-Vape-Wholesale-100x100.jpg 100w, https:\/\/www.vape4wholesale.com\/wp-content\/uploads\/2024\/01\/Vapme-King-Pro-12000-Puffs-Disposable-Vape-Wholesale-510x510.jpg 510w, https:\/\/www.vape4wholesale.com\/wp-content\/uploads\/2024\/01\/Vapme-King-Pro-12000-Puffs-Disposable-Vape-Wholesale-64x64.jpg 64w, https:\/\/www.vape4wholesale.com\/wp-content\/uploads\/2024\/01\/Vapme-King-Pro-12000-Puffs-Disposable-Vape-Wholesale-300x300.jpg 300w, https:\/\/www.vape4wholesale.com\/wp-content\/uploads\/2024\/01\/Vapme-King-Pro-12000-Puffs-Disposable-Vape-Wholesale-150x150.jpg 150w, https:\/\/www.vape4wholesale.com\/wp-content\/uploads\/2024\/01\/Vapme-King-Pro-12000-Puffs-Disposable-Vape-Wholesale-768x768.jpg 768w\" sizes=\"auto, (max-width: 800px) 100vw, 800px\" \/><figcaption id=\"caption-attachment-14905\" class=\"wp-caption-text\">Vapme King Pro 12000 Puffs Jednor\u00e1zov\u00e9 Vape Velkoobchod<\/figcaption><\/figure>\n<h2>PRO\u010c MY?<\/h2>\r\n<ul>\r\n<li>Skute\u010dn\u00fd, d\u016fv\u011bryhodn\u00fd a profesion\u00e1ln\u00ed zdroj vape.<\/li>\r\n<li>100% Origin\u00e1ln\u00ed z\u00e1ruka: Odm\u00edt\u00e1me pad\u011blky.<\/li>\r\n<li>100% Z\u00e1ruka dod\u00e1n\u00ed: Pou\u017e\u00edv\u00e1me nejlep\u0161\u00ed zp\u016fsob dopravy, abychom zajistili, \u017ee objedn\u00e1vku 100% obdr\u017e\u00edte.<\/li>\r\n<li>Po odesl\u00e1n\u00ed v\u00e1m poskytneme sledovac\u00ed \u010d\u00edslo a p\u0159epravn\u00ed \u0161t\u00edtek a budeme pro v\u00e1s sledovat zbo\u017e\u00ed, dokud ho nepodep\u00ed\u0161ete.<\/li>\r\n<li>\u017d\u00e1dn\u00e9 celn\u00ed probl\u00e9my, \u017e\u00e1dn\u00e1 cla<\/li>\r\n<\/ul>","protected":false},"excerpt":{"rendered":"<div class=\"wsppc_div_block woocommerce_before_add_to_cart_form\">\r\n<p><strong><span style=\"color: #00a859;\">Clear customs<\/span> before delivery &amp; 100% Delivery Guarantee, Delivery in 19~25 days around.\u00a0<\/strong><\/p>\r\n<\/div>","protected":false},"featured_media":14905,"comment_status":"open","ping_status":"closed","template":"","meta":[],"pwb-brand":[1290],"product_cat":[871],"product_tag":[22,24,172,556,696],"class_list":{"0":"post-14895","1":"product","2":"type-product","3":"status-publish","4":"has-post-thumbnail","6":"pwb-brand-vapme","7":"product_cat-10-15k-puffs","8":"product_tag-disposable","9":"product_tag-wholesale","10":"product_tag-20-0ml","11":"product_tag-12000-puffs","12":"product_tag-vapme","13":"wcpa_has_options","15":"first","16":"outofstock","17":"shipping-taxable","18":"purchasable","19":"product-type-variable"},"aioseo_notices":[],"brands":[{"id":1290,"name":"Vapme","slug":"vapme"}],"_links":{"self":[{"href":"https:\/\/www.vape4wholesale.com\/cs\/wp-json\/wp\/v2\/product\/14895","targetHints":{"allow":["GET"]}}],"collection":[{"href":"https:\/\/www.vape4wholesale.com\/cs\/wp-json\/wp\/v2\/product"}],"about":[{"href":"https:\/\/www.vape4wholesale.com\/cs\/wp-json\/wp\/v2\/types\/product"}],"replies":[{"embeddable":true,"href":"https:\/\/www.vape4wholesale.com\/cs\/wp-json\/wp\/v2\/comments?post=14895"}],"wp:featuredmedia":[{"embeddable":true,"href":"https:\/\/www.vape4wholesale.com\/cs\/wp-json\/wp\/v2\/media\/14905"}],"wp:attachment":[{"href":"https:\/\/www.vape4wholesale.com\/cs\/wp-json\/wp\/v2\/media?parent=14895"}],"wp:term":[{"taxonomy":"pwb-brand","embeddable":true,"href":"https:\/\/www.vape4wholesale.com\/cs\/wp-json\/wp\/v2\/pwb-brand?post=14895"},{"taxonomy":"product_cat","embeddable":true,"href":"https:\/\/www.vape4wholesale.com\/cs\/wp-json\/wp\/v2\/product_cat?post=14895"},{"taxonomy":"product_tag","embeddable":true,"href":"https:\/\/www.vape4wholesale.com\/cs\/wp-json\/wp\/v2\/product_tag?post=14895"}],"curies":[{"name":"wp","href":"https:\/\/api.w.org\/{rel}","templated":true}]}}