{"id":14866,"date":"2024-01-05T21:39:54","date_gmt":"2024-01-05T13:39:54","guid":{"rendered":"https:\/\/www.vape4wholesale.com\/?post_type=product&#038;p=14866"},"modified":"2026-01-26T13:41:45","modified_gmt":"2026-01-26T13:41:45","slug":"vapme-shisha-vodni-dymka-15000-puffs-jednorazove-vape-velkoobchod","status":"publish","type":"product","link":"https:\/\/www.vape4wholesale.com\/cs\/product\/vapme-shisha-hookah-15000-puffs-disposable-vape-wholesale","title":{"rendered":"Vapme Shisha Hookah 15000 Puffs jednor\u00e1zov\u00e9 Vape velkoobchod"},"content":{"rendered":"<p>na <strong>Vodn\u00ed d\u00fdmka Vapme Shisha<\/strong> 15000 je jedn\u00edm z DTL vape za\u0159\u00edzen\u00ed m\u00e1 velkou p\u00e1ru s velkou chut\u00ed, je postaven s 0,6\u03a9 atomiz\u00e9rem, 25ml eliquidu se silou nikotinu 2%. podporuje a\u017e 15000 puff\u016f, po pln\u00e9m nabit\u00ed m\u016f\u017eete m\u00edt skv\u011bl\u00fd z\u00e1\u017eitek z vapingu.<\/p>\n<p>Objednejte si hromadn\u011b n\u00e1\u0161 \u0161irok\u00fd v\u00fdb\u011br 12 p\u0159\u00edchut\u00ed vodn\u00edch d\u00fdmek Vapme SHISHA 15000 za nejlep\u0161\u00ed velkoobchodn\u00ed cenu a rychl\u00e9 dod\u00e1n\u00ed!<\/p>\n<h2><strong>Vapeme Shisha Hookah 15000 Rychl\u00e9 informace:<\/strong><\/h2>\n<ul>\n<li>Puffy: 15000 Puff\u016f<\/li>\n<li>Nikotin: 0%, 2%<\/li>\n<li>Kapacita e-d\u017eus\u016f: 25 ML<\/li>\n<li>Baterie: 650 mAh ( dob\u00edjec\u00ed )<\/li>\n<li>Nab\u00edjec\u00ed port: Typ C<\/li>\n<li>Odolnost: 0.6\u03a9<\/li>\n<\/ul>\n<h2><strong>Dostupn\u00e9 p\u0159\u00edchut\u011b\uff1a<\/strong><\/h2>\n<ol>\n<li>Bor\u016fvka na ledu<\/li>\n<li>Kiwi Mu\u010denka Ovoce Guava<\/li>\n<li>Limon\u00e1da Blue Razz<\/li>\n<li>Jahodov\u00e9 kiwi<\/li>\n<li>Sm\u00ed\u0161en\u00e9 bobule<\/li>\n<li>Jahodov\u00fd meloun<\/li>\n<li>Hroznov\u00fd led<\/li>\n<li>Melounov\u00fd led<\/li>\n<li>Broskev Mango Ananas<\/li>\n<li>Jahodov\u00e1 zmrzlina<\/li>\n<li>Broskvov\u00fd led<\/li>\n<li>Ban\u00e1nov\u00e9 mango<\/li>\n<li>Cherry Berry<\/li>\n<li>Bor\u016fvka malina<\/li>\n<li>L\u00e1ska 66<\/li>\n<li>Melounov\u00fd b\u00fdk<\/li>\n<li>Jahodov\u00fd hrozen<\/li>\n<li>Jahodovo-malinov\u00e9 bonbony<\/li>\n<li>Mamba<\/li>\n<li>Vodn\u00ed meloun Cherry<\/li>\n<li>Zmrazen\u00e9 jablko<\/li>\n<li>Citronov\u00e1 m\u00e1ta<\/li>\n<li>Led z \u010dern\u00e9ho ryb\u00edzu<\/li>\n<li>Ananasov\u00fd koktejl<\/li>\n<\/ol>\n<h2><strong>Obsah balen\u00ed:<\/strong><\/h2>\n<ul>\n<li>10 ks \/ st\u0159edn\u00ed krabice.<\/li>\n<li>200 ks\/karton<\/li>\n<li>21 kg\/karton<\/li>\n<li>Velikost kartonu: 39,5 * 39 * 30,5 cm<\/li>\n<\/ul>\n<figure id=\"attachment_14888\" aria-describedby=\"caption-attachment-14888\" style=\"width: 800px\" class=\"wp-caption alignnone\"><img loading=\"lazy\" decoding=\"async\" class=\"size-full wp-image-14888\" title=\"Vapme Shisha Hookah 15000 Puffs jednor\u00e1zov\u00e9 Vape velkoobchod (10)\" src=\"https:\/\/www.vape4wholesale.com\/wp-content\/uploads\/2024\/01\/Vapme-Shisha-Hookah-15000-Puffs-Disposable-Vape-Wholesale-10.jpg\" alt=\"Vapme Shisha Hookah 15000 Puffs jednor\u00e1zov\u00e9 Vape velkoobchod (10)\" width=\"800\" height=\"800\" srcset=\"https:\/\/www.vape4wholesale.com\/wp-content\/uploads\/2024\/01\/Vapme-Shisha-Hookah-15000-Puffs-Disposable-Vape-Wholesale-10.jpg 800w, https:\/\/www.vape4wholesale.com\/wp-content\/uploads\/2024\/01\/Vapme-Shisha-Hookah-15000-Puffs-Disposable-Vape-Wholesale-10-247x247.jpg 247w, https:\/\/www.vape4wholesale.com\/wp-content\/uploads\/2024\/01\/Vapme-Shisha-Hookah-15000-Puffs-Disposable-Vape-Wholesale-10-100x100.jpg 100w, https:\/\/www.vape4wholesale.com\/wp-content\/uploads\/2024\/01\/Vapme-Shisha-Hookah-15000-Puffs-Disposable-Vape-Wholesale-10-510x510.jpg 510w, https:\/\/www.vape4wholesale.com\/wp-content\/uploads\/2024\/01\/Vapme-Shisha-Hookah-15000-Puffs-Disposable-Vape-Wholesale-10-64x64.jpg 64w, https:\/\/www.vape4wholesale.com\/wp-content\/uploads\/2024\/01\/Vapme-Shisha-Hookah-15000-Puffs-Disposable-Vape-Wholesale-10-300x300.jpg 300w, https:\/\/www.vape4wholesale.com\/wp-content\/uploads\/2024\/01\/Vapme-Shisha-Hookah-15000-Puffs-Disposable-Vape-Wholesale-10-150x150.jpg 150w, https:\/\/www.vape4wholesale.com\/wp-content\/uploads\/2024\/01\/Vapme-Shisha-Hookah-15000-Puffs-Disposable-Vape-Wholesale-10-768x768.jpg 768w\" sizes=\"auto, (max-width: 800px) 100vw, 800px\" \/><figcaption id=\"caption-attachment-14888\" class=\"wp-caption-text\">Vapme Shisha Hookah 15000 Puffs jednor\u00e1zov\u00e9 Vape velkoobchod<\/figcaption><\/figure>\n<h2>PRO\u010c MY?<\/h2>\r\n<ul>\r\n<li>Skute\u010dn\u00fd, d\u016fv\u011bryhodn\u00fd a profesion\u00e1ln\u00ed zdroj vape.<\/li>\r\n<li>100% Origin\u00e1ln\u00ed z\u00e1ruka: Odm\u00edt\u00e1me pad\u011blky.<\/li>\r\n<li>100% Z\u00e1ruka dod\u00e1n\u00ed: Pou\u017e\u00edv\u00e1me nejlep\u0161\u00ed zp\u016fsob dopravy, abychom zajistili, \u017ee objedn\u00e1vku 100% obdr\u017e\u00edte.<\/li>\r\n<li>Po odesl\u00e1n\u00ed v\u00e1m poskytneme sledovac\u00ed \u010d\u00edslo a p\u0159epravn\u00ed \u0161t\u00edtek a budeme pro v\u00e1s sledovat zbo\u017e\u00ed, dokud ho nepodep\u00ed\u0161ete.<\/li>\r\n<li>\u017d\u00e1dn\u00e9 celn\u00ed probl\u00e9my, \u017e\u00e1dn\u00e1 cla<\/li>\r\n<\/ul>","protected":false},"excerpt":{"rendered":"<div class=\"wsppc_div_block woocommerce_before_add_to_cart_form\">\r\n<p><strong><span style=\"color: #00a859;\">Vy\u010distit celnici<\/span> p\u0159ed dod\u00e1n\u00edm &amp; 100% Z\u00e1ruka doru\u010den\u00ed, doru\u010den\u00ed p\u0159ibli\u017en\u011b za 19\u201325 dn\u00ed.\u00a0<\/strong><\/p>\r\n<\/div>","protected":false},"featured_media":14893,"comment_status":"open","ping_status":"closed","template":"","meta":[],"pwb-brand":[1290],"product_cat":[872],"product_tag":[22,24,684,692,696],"class_list":{"0":"post-14866","1":"product","2":"type-product","3":"status-publish","4":"has-post-thumbnail","6":"pwb-brand-vapme","7":"product_cat-15k-20k-puffs","8":"product_tag-disposable","9":"product_tag-wholesale","10":"product_tag-15000-puffs","11":"product_tag-25-0ml","12":"product_tag-vapme","13":"wcpa_has_options","15":"first","16":"outofstock","17":"shipping-taxable","18":"purchasable","19":"product-type-variable"},"aioseo_notices":[],"brands":[{"id":1290,"name":"Vapme","slug":"vapme"}],"_links":{"self":[{"href":"https:\/\/www.vape4wholesale.com\/cs\/wp-json\/wp\/v2\/product\/14866","targetHints":{"allow":["GET"]}}],"collection":[{"href":"https:\/\/www.vape4wholesale.com\/cs\/wp-json\/wp\/v2\/product"}],"about":[{"href":"https:\/\/www.vape4wholesale.com\/cs\/wp-json\/wp\/v2\/types\/product"}],"replies":[{"embeddable":true,"href":"https:\/\/www.vape4wholesale.com\/cs\/wp-json\/wp\/v2\/comments?post=14866"}],"wp:featuredmedia":[{"embeddable":true,"href":"https:\/\/www.vape4wholesale.com\/cs\/wp-json\/wp\/v2\/media\/14893"}],"wp:attachment":[{"href":"https:\/\/www.vape4wholesale.com\/cs\/wp-json\/wp\/v2\/media?parent=14866"}],"wp:term":[{"taxonomy":"pwb-brand","embeddable":true,"href":"https:\/\/www.vape4wholesale.com\/cs\/wp-json\/wp\/v2\/pwb-brand?post=14866"},{"taxonomy":"product_cat","embeddable":true,"href":"https:\/\/www.vape4wholesale.com\/cs\/wp-json\/wp\/v2\/product_cat?post=14866"},{"taxonomy":"product_tag","embeddable":true,"href":"https:\/\/www.vape4wholesale.com\/cs\/wp-json\/wp\/v2\/product_tag?post=14866"}],"curies":[{"name":"wp","href":"https:\/\/api.w.org\/{rel}","templated":true}]}}