{"id":14625,"date":"2023-11-12T10:34:51","date_gmt":"2023-11-12T02:34:51","guid":{"rendered":"https:\/\/www.vape4wholesale.com\/?post_type=product&#038;p=14625"},"modified":"2026-01-26T13:41:53","modified_gmt":"2026-01-26T13:41:53","slug":"funky-lands-ci5000-jednorazovy-vape-velkoobchod","status":"publish","type":"product","link":"https:\/\/www.vape4wholesale.com\/cs\/product\/funky-lands-ci5000-disposable-vape-wholesale","title":{"rendered":"Funky Lands Ci5000 Jednor\u00e1zov\u00e9 Vape Velkoobchod"},"content":{"rendered":"<p>Funky Lands Ci5000 Disposable Vape je dynamick\u00fd gadget, kter\u00fd zachycuje vrchol z\u00e1\u017eitk\u016f z vapingu. Tento jednor\u00e1zov\u00fd vape je vyroben tak, aby ukojil va\u0161e chut\u011b a nab\u00eddl nep\u0159etr\u017eit\u00fd z\u00e1\u017eitek z vapov\u00e1n\u00ed. Je poh\u00e1n\u011bn technologi\u00ed QUAQ Coil a m\u00e1 spoustu jedine\u010dn\u00fdch funkc\u00ed.<br data-filtered=\"filtered\" \/><br data-filtered=\"filtered\" \/>Funky Lands Ci5000 zaji\u0161\u0165uje neust\u00e1l\u00fd p\u0159\u00edsun va\u0161ich obl\u00edben\u00fdch p\u0159\u00edchut\u00ed d\u00edky obrovsk\u00e9 kapacit\u011b 10 ml e-liquidu. Tento gadget je p\u0159ipraven ohromit jakoukoli p\u0159\u00edchut\u00ed, a\u0165 u\u017e se jedn\u00e1 o typick\u00e9 tab\u00e1kov\u00e9 nuance, sladk\u00e9 esence nebo kysel\u00e9 ovoce. Potence nikotinu 40 mg \u00fa\u010dinn\u011b zaji\u0161\u0165uje rovnov\u00e1hu mezi uspokojiv\u00fdm \u00faderem do hrdla a sametovou jemnost\u00ed, \u010d\u00edm\u017e vych\u00e1z\u00ed vst\u0159\u00edc va\u0161im nikotinov\u00fdm chut\u00edm. P\u0159ipravte se na dlouhou vapovac\u00ed cestu, proto\u017ee Funky Republic Ci5000 poskytuje ohromuj\u00edc\u00ed v\u00fddr\u017e 5000 potah\u016f na jedno za\u0159\u00edzen\u00ed.<\/p>\n<h2><strong>Funky Lands Ci5000 Disposables Vlastnosti:<\/strong><\/h2>\n<p>- Maxim\u00e1ln\u00ed po\u010det puf\u016f: 5000<br data-filtered=\"filtered\" \/>- S\u00edla nikotinu: 40 mg (4%)<br data-filtered=\"filtered\" \/>- P\u0159edpln\u011bn\u00e1 kapacita: 10 ml<br data-filtered=\"filtered\" \/>- Kapacita baterie: 650 mAh<\/p>\n<h2><strong>Dostupn\u00e9 p\u0159\u00edchut\u011b:<\/strong><\/h2>\n<ul>\n<li>Melounov\u00fd led<\/li>\n<li>Meloun BG<\/li>\n<li>Jahodov\u00e1 zmrzlina<\/li>\n<li>Starfruit Zelen\u00e9 kiwi<\/li>\n<li>Rinbo<\/li>\n<li>Ananas Strawnana<\/li>\n<li>Mountain Ice<\/li>\n<li>M\u00e1tov\u00e1 r\u016f\u017ee<\/li>\n<li>Mincovna Miami<\/li>\n<li>Mango Gami<\/li>\n<li>Blue Razz Ice<\/li>\n<li>Berry Peach Blossom<\/li>\n<li>Berry Passion Grape<\/li>\n<li>Sm\u011bs bobul\u00ed<\/li>\n<li>Trojit\u00fd led z bobul\u00ed<\/li>\n<\/ul>\n<p><img loading=\"lazy\" decoding=\"async\" class=\"alignnone size-full wp-image-14626\" title=\"Funky Ci5000 Jednor\u00e1zov\u00e9 Vape Velkoobchod\" src=\"https:\/\/www.vape4wholesale.com\/wp-content\/uploads\/2023\/11\/Funky-Ci5000-Disposable-Vape-Wholesale.jpg\" alt=\"Funky Ci5000 Jednor\u00e1zov\u00e9 Vape Velkoobchod\" width=\"480\" height=\"480\" srcset=\"https:\/\/www.vape4wholesale.com\/wp-content\/uploads\/2023\/11\/Funky-Ci5000-Disposable-Vape-Wholesale.jpg 480w, https:\/\/www.vape4wholesale.com\/wp-content\/uploads\/2023\/11\/Funky-Ci5000-Disposable-Vape-Wholesale-247x247.jpg 247w, https:\/\/www.vape4wholesale.com\/wp-content\/uploads\/2023\/11\/Funky-Ci5000-Disposable-Vape-Wholesale-100x100.jpg 100w, https:\/\/www.vape4wholesale.com\/wp-content\/uploads\/2023\/11\/Funky-Ci5000-Disposable-Vape-Wholesale-64x64.jpg 64w, https:\/\/www.vape4wholesale.com\/wp-content\/uploads\/2023\/11\/Funky-Ci5000-Disposable-Vape-Wholesale-300x300.jpg 300w, https:\/\/www.vape4wholesale.com\/wp-content\/uploads\/2023\/11\/Funky-Ci5000-Disposable-Vape-Wholesale-150x150.jpg 150w\" sizes=\"auto, (max-width: 480px) 100vw, 480px\" \/><\/p>","protected":false},"excerpt":{"rendered":"[scf-template id=&#8217;11434&#8242;]\n","protected":false},"featured_media":14626,"comment_status":"open","ping_status":"closed","template":"","meta":[],"pwb-brand":[1289],"product_cat":[869],"product_tag":[22,24,189,210,651],"class_list":{"0":"post-14625","1":"product","2":"type-product","3":"status-publish","4":"has-post-thumbnail","6":"pwb-brand-others","7":"product_cat-5000-8000-puffs","8":"product_tag-disposable","9":"product_tag-wholesale","10":"product_tag-5000-puffs","11":"product_tag-10-0ml","12":"product_tag-funky-lands","14":"first","15":"outofstock","16":"shipping-taxable","17":"purchasable","18":"product-type-variable"},"aioseo_notices":[],"brands":[{"id":1289,"name":"Ostatn\u00ed","slug":"ostatni"}],"_links":{"self":[{"href":"https:\/\/www.vape4wholesale.com\/cs\/wp-json\/wp\/v2\/product\/14625","targetHints":{"allow":["GET"]}}],"collection":[{"href":"https:\/\/www.vape4wholesale.com\/cs\/wp-json\/wp\/v2\/product"}],"about":[{"href":"https:\/\/www.vape4wholesale.com\/cs\/wp-json\/wp\/v2\/types\/product"}],"replies":[{"embeddable":true,"href":"https:\/\/www.vape4wholesale.com\/cs\/wp-json\/wp\/v2\/comments?post=14625"}],"wp:featuredmedia":[{"embeddable":true,"href":"https:\/\/www.vape4wholesale.com\/cs\/wp-json\/wp\/v2\/media\/14626"}],"wp:attachment":[{"href":"https:\/\/www.vape4wholesale.com\/cs\/wp-json\/wp\/v2\/media?parent=14625"}],"wp:term":[{"taxonomy":"pwb-brand","embeddable":true,"href":"https:\/\/www.vape4wholesale.com\/cs\/wp-json\/wp\/v2\/pwb-brand?post=14625"},{"taxonomy":"product_cat","embeddable":true,"href":"https:\/\/www.vape4wholesale.com\/cs\/wp-json\/wp\/v2\/product_cat?post=14625"},{"taxonomy":"product_tag","embeddable":true,"href":"https:\/\/www.vape4wholesale.com\/cs\/wp-json\/wp\/v2\/product_tag?post=14625"}],"curies":[{"name":"wp","href":"https:\/\/api.w.org\/{rel}","templated":true}]}}