{"id":14604,"date":"2023-11-12T09:49:04","date_gmt":"2023-11-12T01:49:04","guid":{"rendered":"https:\/\/www.vape4wholesale.com\/?post_type=product&#038;p=14604"},"modified":"2026-01-26T13:41:58","modified_gmt":"2026-01-26T13:41:58","slug":"funky-zeme-vi10000-jednorazove-vape-velkoobchod","status":"publish","type":"product","link":"https:\/\/www.vape4wholesale.com\/cs\/product\/funky-lands-vi10000-disposable-vape-wholesale","title":{"rendered":"Funky Lands Vi10000 jednor\u00e1zov\u00fd velkoobchod Vape"},"content":{"rendered":"<p>Funky lands Vi10000 na jedno pou\u017eit\u00ed je d\u00edl\u010d\u00ed produkt pod zna\u010dkou elf bar, kter\u00fd podporuje a\u017e 10000 \u0161luk\u016f, m\u00e1 16 ml eliquidu s 5% nikotinovou sol\u00ed a 600mah dob\u00edjec\u00ed baterii.<\/p>\n<h2><strong>Funkce Funky Lands Vi10000 Disposable Vape:<br data-filtered=\"filtered\" \/><\/strong><\/h2>\n<ul>\n<li>p\u0159edpln\u011bn\u00e9 16 ml e-liquidu<\/li>\n<li>5% koncentrace nikotinu v soli<\/li>\n<li>10000 obl\u00e1\u010dk\u016f<\/li>\n<li>s\u00ed\u0165ov\u00e1 c\u00edvka<\/li>\n<li>dob\u00edjen\u00ed<\/li>\n<li>chytr\u00fd displej<\/li>\n<\/ul>\n<h2><strong>Dostupn\u00e9 p\u0159\u00edchut\u011b<\/strong><\/h2>\n<ol>\n<li>Sm\u011bs bobul\u00ed<\/li>\n<li>Bor\u016fvkov\u00fd led<\/li>\n<li>Bor\u016fvkov\u00e1 r\u016f\u017ee m\u00e1ta<\/li>\n<li>P\u0159ehledn\u011b<\/li>\n<li>Lemon Lime<\/li>\n<li>Mexick\u00e9 mango<\/li>\n<li>Peach Colada<\/li>\n<li>Raspberry P&amp;B<\/li>\n<li>Jahodov\u00e9 kiwi<\/li>\n<li>Brusinkov\u00fd led Duo Grape<\/li>\n<li>Melounov\u00fd led<\/li>\n<li>Vodn\u00ed meloun Malina Duo Ice<\/li>\n<\/ol>\n<h2><strong>V\u00fdhody Funky Lands Vi10000<\/strong><\/h2>\n<p class=\"p1\"><strong>*Nejvy\u0161\u0161\u00ed kapacita**:<\/strong> Pono\u0159te se do bohat\u00e9ho sv\u011bta vapingu s na\u0161\u00ed 16ml p\u0159edpln\u011bnou komorou na e-liquid. Rozlu\u010dte se s \u010dast\u00fdm dopl\u0148ov\u00e1n\u00edm a dop\u0159ejte si del\u0161\u00ed vapov\u00e1n\u00ed, po kter\u00e9m jste v\u017edy tou\u017eili.<\/p>\n<p class=\"p1\"><strong>**Optim\u00e1ln\u00ed hladina nikotinu**:<\/strong> Vyzkou\u0161ejte si vyv\u00e1\u017een\u00fd z\u00e1tah do hrdla a uspokojen\u00ed chuti na cigaretu s koncentrac\u00ed nikotinu 5%. Navr\u017eeno pro ty, kte\u0159\u00ed miluj\u00ed intenzitu p\u0159i ka\u017ed\u00e9m \u0161luknut\u00ed, ani\u017e by byla p\u0159ehnan\u00e1.<\/p>\n<p class=\"p1\"><strong>**Energized for Longevity**:<\/strong> Vi10000 je vybaven robustn\u00ed dob\u00edjec\u00ed bateri\u00ed s kapacitou 600 mAh, kter\u00e1 zajist\u00ed, \u017ee va\u0161e vapov\u00e1n\u00ed bude nep\u0159eru\u0161ovan\u00e9 a p\u0159\u00edjemn\u00e9. U\u017e \u017e\u00e1dn\u00e9 n\u00e1hl\u00e9 v\u00fdpadky proudu, jen konzistentn\u00ed dod\u00e1vka energie pro va\u0161e pohodl\u00ed.<\/p>\n<p class=\"p1\"><strong>**Puff to Your Heart's Content**:<\/strong> P\u0159ipravte se na bezkonkuren\u010dn\u00ed z\u00e1\u017eitek s a\u017e 10 000 potahy! A\u0165 u\u017e jste na dlouh\u00e9 cest\u011b, nebo v pohodl\u00ed domova, Vi10000 se o v\u00e1s postar\u00e1.<\/p>\n<p class=\"p1\"><strong>**Inteligentn\u00ed funkce**:<\/strong> N\u00e1\u0161 syst\u00e9m Smart Display Dry Prevention v\u00e1s informuje a chr\u00e1n\u00ed va\u0161i vapku p\u0159ed vybit\u00edm. U\u017e \u017e\u00e1dn\u00e9 h\u00e1d\u00e1n\u00ed; vapujte s jistotou a v\u011bdom\u00edm, \u017ee va\u0161e za\u0159\u00edzen\u00ed pracuje optim\u00e1ln\u011b pro v\u00e1s.<\/p>\n<p class=\"p2\">Vychutnejte si um\u011bn\u00ed vapingu s Funky Lands Vi10000 - kde se snoub\u00ed styl, dlouh\u00e1 \u017eivotnost a inovace. P\u0159ipravte se pozvednout sv\u016fj z\u00e1\u017eitek z vapov\u00e1n\u00ed jako nikdy p\u0159edt\u00edm!<\/p>\n<p><img loading=\"lazy\" decoding=\"async\" class=\"alignnone size-full wp-image-14605\" title=\"Funky Lands Vi10000 jednor\u00e1zov\u00fd velkoobchodn\u00ed prodej (1)\" src=\"https:\/\/www.vape4wholesale.com\/wp-content\/uploads\/2023\/11\/Funky-Lands-Vi10000-Disposable-Vape-Wholesale-1.jpg\" alt=\"Funky Lands Vi10000 jednor\u00e1zov\u00fd velkoobchodn\u00ed prodej (1)\" width=\"1200\" height=\"1200\" srcset=\"https:\/\/www.vape4wholesale.com\/wp-content\/uploads\/2023\/11\/Funky-Lands-Vi10000-Disposable-Vape-Wholesale-1.jpg 1200w, https:\/\/www.vape4wholesale.com\/wp-content\/uploads\/2023\/11\/Funky-Lands-Vi10000-Disposable-Vape-Wholesale-1-247x247.jpg 247w, https:\/\/www.vape4wholesale.com\/wp-content\/uploads\/2023\/11\/Funky-Lands-Vi10000-Disposable-Vape-Wholesale-1-100x100.jpg 100w, https:\/\/www.vape4wholesale.com\/wp-content\/uploads\/2023\/11\/Funky-Lands-Vi10000-Disposable-Vape-Wholesale-1-510x510.jpg 510w, https:\/\/www.vape4wholesale.com\/wp-content\/uploads\/2023\/11\/Funky-Lands-Vi10000-Disposable-Vape-Wholesale-1-64x64.jpg 64w, https:\/\/www.vape4wholesale.com\/wp-content\/uploads\/2023\/11\/Funky-Lands-Vi10000-Disposable-Vape-Wholesale-1-300x300.jpg 300w, https:\/\/www.vape4wholesale.com\/wp-content\/uploads\/2023\/11\/Funky-Lands-Vi10000-Disposable-Vape-Wholesale-1-1024x1024.jpg 1024w, https:\/\/www.vape4wholesale.com\/wp-content\/uploads\/2023\/11\/Funky-Lands-Vi10000-Disposable-Vape-Wholesale-1-150x150.jpg 150w, https:\/\/www.vape4wholesale.com\/wp-content\/uploads\/2023\/11\/Funky-Lands-Vi10000-Disposable-Vape-Wholesale-1-768x768.jpg 768w\" sizes=\"auto, (max-width: 1200px) 100vw, 1200px\" \/> <img loading=\"lazy\" decoding=\"async\" class=\"alignnone size-full wp-image-14609\" title=\"Funky Lands Vi10000 Jednor\u00e1zov\u00fd velkoobchodn\u00ed prodej (5)\" src=\"https:\/\/www.vape4wholesale.com\/wp-content\/uploads\/2023\/11\/Funky-Lands-Vi10000-Disposable-Vape-Wholesale-5.jpg\" alt=\"Funky Lands Vi10000 Jednor\u00e1zov\u00fd velkoobchodn\u00ed prodej (5)\" width=\"1920\" height=\"1920\" srcset=\"https:\/\/www.vape4wholesale.com\/wp-content\/uploads\/2023\/11\/Funky-Lands-Vi10000-Disposable-Vape-Wholesale-5.jpg 1920w, https:\/\/www.vape4wholesale.com\/wp-content\/uploads\/2023\/11\/Funky-Lands-Vi10000-Disposable-Vape-Wholesale-5-247x247.jpg 247w, https:\/\/www.vape4wholesale.com\/wp-content\/uploads\/2023\/11\/Funky-Lands-Vi10000-Disposable-Vape-Wholesale-5-100x100.jpg 100w, https:\/\/www.vape4wholesale.com\/wp-content\/uploads\/2023\/11\/Funky-Lands-Vi10000-Disposable-Vape-Wholesale-5-510x510.jpg 510w, https:\/\/www.vape4wholesale.com\/wp-content\/uploads\/2023\/11\/Funky-Lands-Vi10000-Disposable-Vape-Wholesale-5-64x64.jpg 64w, https:\/\/www.vape4wholesale.com\/wp-content\/uploads\/2023\/11\/Funky-Lands-Vi10000-Disposable-Vape-Wholesale-5-300x300.jpg 300w, https:\/\/www.vape4wholesale.com\/wp-content\/uploads\/2023\/11\/Funky-Lands-Vi10000-Disposable-Vape-Wholesale-5-1024x1024.jpg 1024w, https:\/\/www.vape4wholesale.com\/wp-content\/uploads\/2023\/11\/Funky-Lands-Vi10000-Disposable-Vape-Wholesale-5-150x150.jpg 150w, https:\/\/www.vape4wholesale.com\/wp-content\/uploads\/2023\/11\/Funky-Lands-Vi10000-Disposable-Vape-Wholesale-5-768x768.jpg 768w, https:\/\/www.vape4wholesale.com\/wp-content\/uploads\/2023\/11\/Funky-Lands-Vi10000-Disposable-Vape-Wholesale-5-1536x1536.jpg 1536w\" sizes=\"auto, (max-width: 1920px) 100vw, 1920px\" \/><\/p>","protected":false},"excerpt":{"rendered":"[scf-template id=&#8217;11434&#8242;]\n","protected":false},"featured_media":14605,"comment_status":"open","ping_status":"closed","template":"","meta":[],"pwb-brand":[1289],"product_cat":[871],"product_tag":[324,342,651,22,24],"class_list":{"0":"post-14604","1":"product","2":"type-product","3":"status-publish","4":"has-post-thumbnail","6":"pwb-brand-others","7":"product_cat-10-15k-puffs","8":"product_tag-10000-puffs","9":"product_tag-16-0ml","10":"product_tag-funky-lands","11":"product_tag-disposable","12":"product_tag-wholesale","14":"first","15":"outofstock","16":"shipping-taxable","17":"purchasable","18":"product-type-variable"},"aioseo_notices":[],"brands":[{"id":1289,"name":"Ostatn\u00ed","slug":"ostatni"}],"_links":{"self":[{"href":"https:\/\/www.vape4wholesale.com\/cs\/wp-json\/wp\/v2\/product\/14604","targetHints":{"allow":["GET"]}}],"collection":[{"href":"https:\/\/www.vape4wholesale.com\/cs\/wp-json\/wp\/v2\/product"}],"about":[{"href":"https:\/\/www.vape4wholesale.com\/cs\/wp-json\/wp\/v2\/types\/product"}],"replies":[{"embeddable":true,"href":"https:\/\/www.vape4wholesale.com\/cs\/wp-json\/wp\/v2\/comments?post=14604"}],"wp:featuredmedia":[{"embeddable":true,"href":"https:\/\/www.vape4wholesale.com\/cs\/wp-json\/wp\/v2\/media\/14605"}],"wp:attachment":[{"href":"https:\/\/www.vape4wholesale.com\/cs\/wp-json\/wp\/v2\/media?parent=14604"}],"wp:term":[{"taxonomy":"pwb-brand","embeddable":true,"href":"https:\/\/www.vape4wholesale.com\/cs\/wp-json\/wp\/v2\/pwb-brand?post=14604"},{"taxonomy":"product_cat","embeddable":true,"href":"https:\/\/www.vape4wholesale.com\/cs\/wp-json\/wp\/v2\/product_cat?post=14604"},{"taxonomy":"product_tag","embeddable":true,"href":"https:\/\/www.vape4wholesale.com\/cs\/wp-json\/wp\/v2\/product_tag?post=14604"}],"curies":[{"name":"wp","href":"https:\/\/api.w.org\/{rel}","templated":true}]}}