{"id":14557,"date":"2023-11-12T09:24:14","date_gmt":"2023-11-12T01:24:14","guid":{"rendered":"https:\/\/www.vape4wholesale.com\/?post_type=product&#038;p=14557"},"modified":"2026-01-26T13:42:00","modified_gmt":"2026-01-26T13:42:00","slug":"funky-lands-republic-ti7000-jednorazovy-vape-velkoobchod","status":"publish","type":"product","link":"https:\/\/www.vape4wholesale.com\/cs\/product\/funky-lands-republic-ti7000-disposable-vape-wholesale","title":{"rendered":"Funky Lands (Republic) Ti7000 Jednor\u00e1zov\u00fd velkoobchod s vapem"},"content":{"rendered":"<p>Funky lands (Republic) Ti7000 je produkt pod zna\u010dkou elf bar, kter\u00fd podporuje a\u017e 7000 \u0161luk\u016f, je dod\u00e1v\u00e1n se 17ml eliquidu a 5% nikotinu. s 600mah dob\u00edjec\u00ed bateri\u00ed.<\/p>\n<p>P\u0159edstavujeme Funky Lands Ti7000 by Elf Bar Disposable Vape - vrchol vapingu \u0161it\u00fd na m\u00edru ka\u017ed\u00e9mu nad\u0161enci Elf Bar! Toto pr\u016fkopnick\u00e9 za\u0159\u00edzen\u00ed v sob\u011b plynule spojuje avantgardn\u00ed technologie s v\u00fdraznou paletou chut\u00ed a vytv\u00e1\u0159\u00ed tak jedine\u010dnou vapingovou odyseu. Funky Lands se m\u016f\u017ee pochlubit obrovsk\u00fdm po\u010dtem 7000 inhalac\u00ed a slibuje hodiny nep\u0159etr\u017eit\u00e9ho vapov\u00e1n\u00ed bez obav z vybit\u00ed baterie. Chytr\u00fd panel pro vizualizaci energie transparentn\u011b odr\u00e1\u017e\u00ed stav baterie a zaji\u0161\u0165uje, abyste z\u016fstali informovan\u00ed a pln\u00ed energie. Pry\u010d jsou dny ne\u010dekan\u00fdch pokles\u016f v\u00fdkonu!<\/p>\n<p>V\u017edy sledujte intuitivn\u00ed zobrazen\u00ed stavu baterie, kter\u00e9 umo\u017e\u0148uje rychlou kontrolu stavu baterie. P\u0159ilo\u017een\u00fd ukazatel e-liquidu zaji\u0161\u0165uje, \u017ee v\u00e1\u0161 obl\u00edben\u00fd d\u017eus je neust\u00e1le k dispozici, a poskytuje tak nep\u0159etr\u017eitou euforii z vapov\u00e1n\u00ed.<\/p>\n<p>Funky Lands je vybaven s\u00ed\u0165ov\u00fdmi obvody Quaq Tech Mesh Circuits a zaru\u010duje hedv\u00e1bn\u00e9 a aromatick\u00e9 potahov\u00e1n\u00ed, kter\u00e9 obohat\u00ed ka\u017ed\u00fd okam\u017eik vapingu. Jeho lehk\u00e1 stopa a hbit\u00e1 konstrukce zaru\u010duj\u00ed mobilitu a umo\u017e\u0148uj\u00ed v\u00e1m, abyste se se sv\u00fdm za\u0159\u00edzen\u00edm vydali do jak\u00e9hokoli c\u00edle, p\u0159ipraveni na \u00fat\u011bk pln\u00fd chuti.<\/p>\n<div class=\"pf-c\">\n<div class=\"sc-eMHfQD cdieWn rid-1\" data-pf-type=\"ContentListItem\">\n<div class=\"sc-kfPuZi ihOOoE rid-2 pf-r pf-c-lm pf-r-eh\" data-pf-type=\"Row\">\n<div class=\"pf-c\">\n<div class=\"sc-fXEqDS hwCMhq rid-6\" data-pf-type=\"Column\">\n<h2 class=\"sc-gIDmLj eMdhGW rid-7\" data-pf-type=\"Paragraph3\"><strong>Funky Lands (Republic) Ti7000 Jednor\u00e1zov\u00e9 funkce<\/strong><\/h2>\n<p>&nbsp;<\/p>\n<ol>\n<li>Maxim\u00e1ln\u00ed po\u010det vdech\u016f: 7000<\/li>\n<li>S\u00edla nikotinu: 50 mg (5%)<\/li>\n<li>P\u0159edpln\u011bn\u00e1 kapacita: 12,8 ml<\/li>\n<li>Kapacita baterie: 600 mAh<\/li>\n<li>Nab\u00edjec\u00ed port: USB typu C<\/li>\n<li>Provoz: Draw-Activation<\/li>\n<li>Obrazovka displeje<\/li>\n<li>Technologie Quaq<\/li>\n<\/ol>\n<\/div>\n<\/div>\n<\/div>\n<\/div>\n<\/div>\n<h2><strong>Dostupn\u00e9 p\u0159\u00edchut\u011b<\/strong><\/h2>\n<p>Kv\u011bt m\u00e1ty<br \/>\nModr\u00e1 \u010derven\u00e1 m\u00e1ta<br \/>\nBlue Razz Ice<br \/>\nKalifornsk\u00e1 t\u0159e\u0161e\u0148<br \/>\nCantaloupe Apple<br \/>\nPolibek z manga<br \/>\nMelounov\u00e1 bomba Berry Bomb lce<br \/>\nSm\u00ed\u0161en\u00e9 ovoce<br \/>\nOSK Ice<br \/>\nMu\u010denka Kiwi Lime<br \/>\nBroskvov\u00fd meloun Mango<br \/>\nBroskvov\u00fd kol\u00e1\u010d<br \/>\nAnanasov\u00fd kokosov\u00fd led<br \/>\nR\u016f\u017eov\u00e1 bomba<br \/>\nPomelo Pearl Grape<br \/>\nRainbow Cloudz<br \/>\nJahodov\u00fd ban\u00e1n<br \/>\nSm\u011bs bobul\u00ed<br \/>\nTropick\u00fd ostrov<br \/>\nTropick\u00fd duhov\u00fd v\u00fdbuch<br \/>\nMelounov\u00fd led<br \/>\nMeloun Nana Duo lce (Frozen Edition)<br \/>\nBlueberry Duo ice (Frozen Edition)<br \/>\nLedov\u00e1 m\u00e1ta (edice Frozen)<br \/>\nStrawberry Duo lce (Frozen Edition)<\/p>\n<p><img loading=\"lazy\" decoding=\"async\" class=\"alignnone size-full wp-image-14577\" title=\"Funky Lands TI7000 Jednor\u00e1zov\u00fd velkoobchodn\u00ed prodej (3)\" src=\"https:\/\/www.vape4wholesale.com\/wp-content\/uploads\/2023\/11\/Funky-Lands-TI7000-Disposable-Vape-Wholesale-3.jpg\" alt=\"Funky Lands TI7000 Jednor\u00e1zov\u00fd velkoobchodn\u00ed prodej (3)\" width=\"1280\" height=\"1280\" srcset=\"https:\/\/www.vape4wholesale.com\/wp-content\/uploads\/2023\/11\/Funky-Lands-TI7000-Disposable-Vape-Wholesale-3.jpg 1280w, https:\/\/www.vape4wholesale.com\/wp-content\/uploads\/2023\/11\/Funky-Lands-TI7000-Disposable-Vape-Wholesale-3-247x247.jpg 247w, https:\/\/www.vape4wholesale.com\/wp-content\/uploads\/2023\/11\/Funky-Lands-TI7000-Disposable-Vape-Wholesale-3-100x100.jpg 100w, https:\/\/www.vape4wholesale.com\/wp-content\/uploads\/2023\/11\/Funky-Lands-TI7000-Disposable-Vape-Wholesale-3-510x510.jpg 510w, https:\/\/www.vape4wholesale.com\/wp-content\/uploads\/2023\/11\/Funky-Lands-TI7000-Disposable-Vape-Wholesale-3-64x64.jpg 64w, https:\/\/www.vape4wholesale.com\/wp-content\/uploads\/2023\/11\/Funky-Lands-TI7000-Disposable-Vape-Wholesale-3-300x300.jpg 300w, https:\/\/www.vape4wholesale.com\/wp-content\/uploads\/2023\/11\/Funky-Lands-TI7000-Disposable-Vape-Wholesale-3-1024x1024.jpg 1024w, https:\/\/www.vape4wholesale.com\/wp-content\/uploads\/2023\/11\/Funky-Lands-TI7000-Disposable-Vape-Wholesale-3-150x150.jpg 150w, https:\/\/www.vape4wholesale.com\/wp-content\/uploads\/2023\/11\/Funky-Lands-TI7000-Disposable-Vape-Wholesale-3-768x768.jpg 768w\" sizes=\"auto, (max-width: 1280px) 100vw, 1280px\" \/><\/p>\n<p>&nbsp;<\/p>","protected":false},"excerpt":{"rendered":"[scf-template id=&#8217;11434&#8242;]\n","protected":false},"featured_media":14576,"comment_status":"open","ping_status":"closed","template":"","meta":[],"pwb-brand":[1289],"product_cat":[869],"product_tag":[22,24,178,387,651,652],"class_list":{"0":"post-14557","1":"product","2":"type-product","3":"status-publish","4":"has-post-thumbnail","6":"pwb-brand-others","7":"product_cat-5000-8000-puffs","8":"product_tag-disposable","9":"product_tag-wholesale","10":"product_tag-7000-puffs","11":"product_tag-17-0ml","12":"product_tag-funky-lands","13":"product_tag-funcy-republic","15":"first","16":"outofstock","17":"shipping-taxable","18":"purchasable","19":"product-type-variable"},"aioseo_notices":[],"brands":[{"id":1289,"name":"Ostatn\u00ed","slug":"ostatni"}],"_links":{"self":[{"href":"https:\/\/www.vape4wholesale.com\/cs\/wp-json\/wp\/v2\/product\/14557","targetHints":{"allow":["GET"]}}],"collection":[{"href":"https:\/\/www.vape4wholesale.com\/cs\/wp-json\/wp\/v2\/product"}],"about":[{"href":"https:\/\/www.vape4wholesale.com\/cs\/wp-json\/wp\/v2\/types\/product"}],"replies":[{"embeddable":true,"href":"https:\/\/www.vape4wholesale.com\/cs\/wp-json\/wp\/v2\/comments?post=14557"}],"wp:featuredmedia":[{"embeddable":true,"href":"https:\/\/www.vape4wholesale.com\/cs\/wp-json\/wp\/v2\/media\/14576"}],"wp:attachment":[{"href":"https:\/\/www.vape4wholesale.com\/cs\/wp-json\/wp\/v2\/media?parent=14557"}],"wp:term":[{"taxonomy":"pwb-brand","embeddable":true,"href":"https:\/\/www.vape4wholesale.com\/cs\/wp-json\/wp\/v2\/pwb-brand?post=14557"},{"taxonomy":"product_cat","embeddable":true,"href":"https:\/\/www.vape4wholesale.com\/cs\/wp-json\/wp\/v2\/product_cat?post=14557"},{"taxonomy":"product_tag","embeddable":true,"href":"https:\/\/www.vape4wholesale.com\/cs\/wp-json\/wp\/v2\/product_tag?post=14557"}],"curies":[{"name":"wp","href":"https:\/\/api.w.org\/{rel}","templated":true}]}}