{"id":14427,"date":"2023-10-15T12:59:45","date_gmt":"2023-10-15T04:59:45","guid":{"rendered":"https:\/\/www.vape4wholesale.com\/?post_type=product&#038;p=14427"},"modified":"2026-01-26T13:42:05","modified_gmt":"2026-01-26T13:42:05","slug":"geek-bar-meloso-max-9000-jednorazovy-vape-velkoobchod","status":"publish","type":"product","link":"https:\/\/www.vape4wholesale.com\/cs\/product\/geek-bar-meloso-max-9000-disposable-vape-wholesale","title":{"rendered":"Geek Bar Meloso Max 9000 Jednor\u00e1zov\u00fd velkoobchod s vapem"},"content":{"rendered":"<p><span style=\"font-weight: 400\">Geek Bar Meloso Max je jednor\u00e1zov\u00fd vape s du\u00e1ln\u00ed s\u00ed\u0165ovou spir\u00e1lkou na 9000 potah\u016f, kter\u00fd u\u017eivatel\u016fm nab\u00edz\u00ed jemn\u00fd, m\u011bkk\u00fd a hedv\u00e1bn\u011b hladk\u00fd z\u00e1\u017eitek z vapov\u00e1n\u00ed, je dob\u00edjec\u00ed a vydr\u017e\u00ed a\u017e 9000 potah\u016f. Ve spodn\u00ed \u010d\u00e1sti se nach\u00e1z\u00ed nastaviteln\u00e1 p\u00e1\u010dka airflow a dv\u011b LED kontrolky, kter\u00e9 indikuj\u00ed v\u00fddr\u017e baterie a hladinu e-liquidu.<br \/>\n<\/span><\/p>\n<h2>Geek Bar Meloso Max 9000 Vlastnosti<\/h2>\n<ul>\n<li>5% nikotin (50 mg\/ml)<\/li>\n<li>9000 Puffs<\/li>\n<li>Vyrobeno z e-d\u017eus\u016f se slan\u00fdm nikotinem<\/li>\n<li>P\u0159edpln\u011bn\u00e9 a p\u0159edem nabit\u00e9<\/li>\n<li>Vyrobeno v \u010c\u00edn\u011b<\/li>\n<li>Dvojit\u00e1 s\u00ed\u0165ov\u00e1 c\u00edvka<\/li>\n<li>Spodn\u00ed nastaviteln\u00e9 proud\u011bn\u00ed vzduchu<\/li>\n<li>Indik\u00e1tor E-Liquid: \u010cerven\u00e1 &lt;15%, \u017elut\u00e1 15-50%, zelen\u00e1 50-100%<\/li>\n<li>Indik\u00e1tor baterie: \u010cerven\u00e1 &lt;20%, modr\u00e1 20-50%, zelen\u00e1 50-100%<\/li>\n<\/ul>\n<h2>Flaovrs<\/h2>\n<ol>\n<li>Jable\u010dn\u00fd v\u00fdchod slunce<\/li>\n<li>Berry Trio lce<\/li>\n<li>P\u0159ehledn\u011b<\/li>\n<li>Kokosov\u00fd koktejl<\/li>\n<li>Kolumbijsk\u00e1 k\u00e1va Ice<\/li>\n<li>Cool Mint<\/li>\n<li>Fuji Melounov\u00fd led<\/li>\n<li>Z\u00e1zvorov\u00e9 pivo<\/li>\n<li>Zelen\u00e1 p\u0159\u00ed\u0161era<\/li>\n<li>Meta Moon<\/li>\n<li>Mexiko Mango<\/li>\n<li>Nektarinka<\/li>\n<li>Broskvov\u00fd led<\/li>\n<li>Purple Haze<\/li>\n<li>Kysel\u00fd jable\u010dn\u00fd led<\/li>\n<li>Zmrazen\u00ed kamene<\/li>\n<li>Jahodov\u00e1 zmrzlina<\/li>\n<li>Jahodov\u00e9 mango<\/li>\n<li>Jahodov\u00fd meloun<\/li>\n<li>Tropick\u00fd duhov\u00fd v\u00fdbuch<\/li>\n<li>Melounov\u00fd led<\/li>\n<\/ol>\n<p><img loading=\"lazy\" decoding=\"async\" class=\"alignnone size-full wp-image-14437\" title=\"Geek Bar Meloso Max P\u0159ehled jednor\u00e1zov\u00fdch vape za\u0159\u00edzen\u00ed\" src=\"https:\/\/www.vape4wholesale.com\/wp-content\/uploads\/2023\/10\/Geek-Bar-Meloso-Max-Disposable-Vape-overview.jpg\" alt=\"Geek Bar Meloso Max P\u0159ehled jednor\u00e1zov\u00fdch vape za\u0159\u00edzen\u00ed\" width=\"800\" height=\"800\" srcset=\"https:\/\/www.vape4wholesale.com\/wp-content\/uploads\/2023\/10\/Geek-Bar-Meloso-Max-Disposable-Vape-overview.jpg 800w, https:\/\/www.vape4wholesale.com\/wp-content\/uploads\/2023\/10\/Geek-Bar-Meloso-Max-Disposable-Vape-overview-247x247.jpg 247w, https:\/\/www.vape4wholesale.com\/wp-content\/uploads\/2023\/10\/Geek-Bar-Meloso-Max-Disposable-Vape-overview-100x100.jpg 100w, https:\/\/www.vape4wholesale.com\/wp-content\/uploads\/2023\/10\/Geek-Bar-Meloso-Max-Disposable-Vape-overview-510x510.jpg 510w, https:\/\/www.vape4wholesale.com\/wp-content\/uploads\/2023\/10\/Geek-Bar-Meloso-Max-Disposable-Vape-overview-64x64.jpg 64w, https:\/\/www.vape4wholesale.com\/wp-content\/uploads\/2023\/10\/Geek-Bar-Meloso-Max-Disposable-Vape-overview-300x300.jpg 300w, https:\/\/www.vape4wholesale.com\/wp-content\/uploads\/2023\/10\/Geek-Bar-Meloso-Max-Disposable-Vape-overview-150x150.jpg 150w, https:\/\/www.vape4wholesale.com\/wp-content\/uploads\/2023\/10\/Geek-Bar-Meloso-Max-Disposable-Vape-overview-768x768.jpg 768w\" sizes=\"auto, (max-width: 800px) 100vw, 800px\" \/><\/p>","protected":false},"excerpt":{"rendered":"[scf-template id=&#8217;11434&#8242;]\n","protected":false},"featured_media":14437,"comment_status":"open","ping_status":"closed","template":"","meta":[],"pwb-brand":[1282],"product_cat":[870],"product_tag":[22,24,68,177,336],"class_list":{"0":"post-14427","1":"product","2":"type-product","3":"status-publish","4":"has-post-thumbnail","6":"pwb-brand-geekbar","7":"product_cat-8000-10000-puffs","8":"product_tag-disposable","9":"product_tag-wholesale","10":"product_tag-geek-bar","11":"product_tag-14-0ml","12":"product_tag-9000-puffs","14":"first","15":"outofstock","16":"shipping-taxable","17":"purchasable","18":"product-type-variable"},"aioseo_notices":[],"brands":[{"id":1282,"name":"Geekbar","slug":"geekbar"}],"_links":{"self":[{"href":"https:\/\/www.vape4wholesale.com\/cs\/wp-json\/wp\/v2\/product\/14427","targetHints":{"allow":["GET"]}}],"collection":[{"href":"https:\/\/www.vape4wholesale.com\/cs\/wp-json\/wp\/v2\/product"}],"about":[{"href":"https:\/\/www.vape4wholesale.com\/cs\/wp-json\/wp\/v2\/types\/product"}],"replies":[{"embeddable":true,"href":"https:\/\/www.vape4wholesale.com\/cs\/wp-json\/wp\/v2\/comments?post=14427"}],"wp:featuredmedia":[{"embeddable":true,"href":"https:\/\/www.vape4wholesale.com\/cs\/wp-json\/wp\/v2\/media\/14437"}],"wp:attachment":[{"href":"https:\/\/www.vape4wholesale.com\/cs\/wp-json\/wp\/v2\/media?parent=14427"}],"wp:term":[{"taxonomy":"pwb-brand","embeddable":true,"href":"https:\/\/www.vape4wholesale.com\/cs\/wp-json\/wp\/v2\/pwb-brand?post=14427"},{"taxonomy":"product_cat","embeddable":true,"href":"https:\/\/www.vape4wholesale.com\/cs\/wp-json\/wp\/v2\/product_cat?post=14427"},{"taxonomy":"product_tag","embeddable":true,"href":"https:\/\/www.vape4wholesale.com\/cs\/wp-json\/wp\/v2\/product_tag?post=14427"}],"curies":[{"name":"wp","href":"https:\/\/api.w.org\/{rel}","templated":true}]}}