{"id":14354,"date":"2023-10-15T09:44:41","date_gmt":"2023-10-15T01:44:41","guid":{"rendered":"https:\/\/www.vape4wholesale.com\/?post_type=product&#038;p=14354"},"modified":"2026-01-26T13:42:17","modified_gmt":"2026-01-26T13:42:17","slug":"geek-bar-c600-jednorazovy-vape-velkoobchod","status":"publish","type":"product","link":"https:\/\/www.vape4wholesale.com\/cs\/product\/geek-bar-c600-disposable-vape-wholesale","title":{"rendered":"Geek Bar C600 Jednor\u00e1zov\u00fd velkoobchod s vapem"},"content":{"rendered":"<p>Geek Bar C600 je mini jednor\u00e1zov\u00e1 vape se s\u00ed\u0165ovou spir\u00e1lkou uvnit\u0159, 2 ml nikotinu 2% a nenab\u00edjec\u00ed bateri\u00ed 500 mAh. Vape4wholesale Dod\u00e1v\u00e1me nejkvalitn\u011bj\u0161\u00ed jednor\u00e1zov\u00fd vape Geek bar. p\u0159idejte se k n\u00e1m a kupte si jednor\u00e1zov\u00fd vape Geek bar C600 za nejlep\u0161\u00ed velkoobchodn\u00ed ceny. vysoce kvalitn\u00ed KAl mesh c\u00edvka uvnit\u0159, d\u00edky kter\u00e9 je p\u00e1ra hladk\u00e1 a vynikaj\u00edc\u00ed, lep\u0161\u00ed ne\u017e mnoho jin\u00fdch. M\u011bkk\u00fd n\u00e1ustek se snoub\u00ed s hladkou p\u00e1rou, m\u016f\u017eete za\u017e\u00edt jak jemn\u00fd pocit, tak solidn\u00ed z\u00e1sah do hrdla. Nyn\u00ed m\u00e1 nabit\u00fd geek bar nov\u00e9 lahodn\u00e9 p\u0159\u00edchut\u011b, poj\u010fme ochutnat.<\/p>\n<h2><br data-filtered=\"filtered\" \/>P\u0159\u00edchut\u011b Geek Bar C600<\/h2>\n<ol>\n<li>Sm\u00ed\u0161en\u00e9 ovoce Rose Jam Shisha<\/li>\n<li>Ananasov\u00e9 kokosov\u00e9 ml\u00e9ko<\/li>\n<li>Ananas Broskev Mango<\/li>\n<li>S\u00fdrov\u00e9 bor\u016fvkov\u00e9 \u017eel\u00e9<\/li>\n<li>Tropick\u00e9 ku\u017eelky Blast<\/li>\n<li>Mango broskvov\u00fd kr\u00e9m<\/li>\n<li>Oran\u017eov\u00fd tvarohov\u00fd kol\u00e1\u010d<\/li>\n<li>Melounov\u00fd led<\/li>\n<li>Limetkov\u00fd kaktus<\/li>\n<li>Kysel\u00e9 jablko<\/li>\n<li>Oran\u017eov\u00e1 vanilka<\/li>\n<li>Pol\u00e1rn\u00ed ledov\u00e1 m\u00e1ta<\/li>\n<li>Z\u00e1zvorov\u00e1 soda<\/li>\n<li>\u010cerven\u00e9 Mojito<\/li>\n<li>Cola Ice<\/li>\n<\/ol>\n<h2>Parametry<\/h2>\n<p>Baterie: 500mAh vestav\u011bn\u00e1 baterie<br data-filtered=\"filtered\" \/>E-juice: 2ml p\u0159edpln\u011bn\u00e1<br data-filtered=\"filtered\" \/>Pufy: Nikotin: 20 mg<br data-filtered=\"filtered\" \/>P\u0159\u00edchut\u011b: 15<\/p>\n<p><img loading=\"lazy\" decoding=\"async\" class=\"alignnone size-full wp-image-14355\" title=\"Geek Bar C600 Jednor\u00e1zov\u00e9 Vape Wholesale.webp\" src=\"https:\/\/www.vape4wholesale.com\/wp-content\/uploads\/2023\/10\/Geek-Bar-C600-Disposable-Vape-Wholesale.webp.jpg\" alt=\"Geek Bar C600 Jednor\u00e1zov\u00e9 Vape Wholesale.webp\" width=\"600\" height=\"600\" srcset=\"https:\/\/www.vape4wholesale.com\/wp-content\/uploads\/2023\/10\/Geek-Bar-C600-Disposable-Vape-Wholesale.webp.jpg 600w, https:\/\/www.vape4wholesale.com\/wp-content\/uploads\/2023\/10\/Geek-Bar-C600-Disposable-Vape-Wholesale.webp-247x247.jpg 247w, https:\/\/www.vape4wholesale.com\/wp-content\/uploads\/2023\/10\/Geek-Bar-C600-Disposable-Vape-Wholesale.webp-100x100.jpg 100w, https:\/\/www.vape4wholesale.com\/wp-content\/uploads\/2023\/10\/Geek-Bar-C600-Disposable-Vape-Wholesale.webp-510x510.jpg 510w, https:\/\/www.vape4wholesale.com\/wp-content\/uploads\/2023\/10\/Geek-Bar-C600-Disposable-Vape-Wholesale.webp-64x64.jpg 64w, https:\/\/www.vape4wholesale.com\/wp-content\/uploads\/2023\/10\/Geek-Bar-C600-Disposable-Vape-Wholesale.webp-300x300.jpg 300w, https:\/\/www.vape4wholesale.com\/wp-content\/uploads\/2023\/10\/Geek-Bar-C600-Disposable-Vape-Wholesale.webp-150x150.jpg 150w\" sizes=\"auto, (max-width: 600px) 100vw, 600px\" \/><\/p>","protected":false},"excerpt":{"rendered":"[scf-template id=&#8217;11434&#8242;]\n","protected":false},"featured_media":14355,"comment_status":"open","ping_status":"closed","template":"","meta":[],"pwb-brand":[1282],"product_cat":[48],"product_tag":[22,24,68,118,120],"class_list":{"0":"post-14354","1":"product","2":"type-product","3":"status-publish","4":"has-post-thumbnail","6":"pwb-brand-geekbar","7":"product_cat-below-2000-puffs","8":"product_tag-disposable","9":"product_tag-wholesale","10":"product_tag-geek-bar","11":"product_tag-2-0ml","12":"product_tag-600-puffs","14":"first","15":"outofstock","16":"shipping-taxable","17":"purchasable","18":"product-type-variable"},"aioseo_notices":[],"brands":[{"id":1282,"name":"Geekbar","slug":"geekbar"}],"_links":{"self":[{"href":"https:\/\/www.vape4wholesale.com\/cs\/wp-json\/wp\/v2\/product\/14354","targetHints":{"allow":["GET"]}}],"collection":[{"href":"https:\/\/www.vape4wholesale.com\/cs\/wp-json\/wp\/v2\/product"}],"about":[{"href":"https:\/\/www.vape4wholesale.com\/cs\/wp-json\/wp\/v2\/types\/product"}],"replies":[{"embeddable":true,"href":"https:\/\/www.vape4wholesale.com\/cs\/wp-json\/wp\/v2\/comments?post=14354"}],"wp:featuredmedia":[{"embeddable":true,"href":"https:\/\/www.vape4wholesale.com\/cs\/wp-json\/wp\/v2\/media\/14355"}],"wp:attachment":[{"href":"https:\/\/www.vape4wholesale.com\/cs\/wp-json\/wp\/v2\/media?parent=14354"}],"wp:term":[{"taxonomy":"pwb-brand","embeddable":true,"href":"https:\/\/www.vape4wholesale.com\/cs\/wp-json\/wp\/v2\/pwb-brand?post=14354"},{"taxonomy":"product_cat","embeddable":true,"href":"https:\/\/www.vape4wholesale.com\/cs\/wp-json\/wp\/v2\/product_cat?post=14354"},{"taxonomy":"product_tag","embeddable":true,"href":"https:\/\/www.vape4wholesale.com\/cs\/wp-json\/wp\/v2\/product_tag?post=14354"}],"curies":[{"name":"wp","href":"https:\/\/api.w.org\/{rel}","templated":true}]}}