{"id":14303,"date":"2025-07-05T09:39:15","date_gmt":"2025-07-05T09:39:15","guid":{"rendered":"https:\/\/www.vape4wholesale.com\/?post_type=product&#038;p=14303"},"modified":"2026-03-30T11:13:04","modified_gmt":"2026-03-30T03:13:04","slug":"fumot-digitalni-box-12000-jednorazovy-vape-velkoobchod","status":"publish","type":"product","link":"https:\/\/www.vape4wholesale.com\/cs\/product\/fumot-digital-box-12000-disposable-vape-wholesale","title":{"rendered":"Fumot Digital Box 12000 Jednor\u00e1zov\u00fd velkoobchodn\u00ed prodej Vape"},"content":{"rendered":"<p>Fumot Digital Box 12000 je vape za\u0159\u00edzen\u00ed se zobrazen\u00edm baterie a hladiny ejuice a je dob\u00edjec\u00ed. Obsahuje 20 ml e-d\u017eus\u016f s nikotinovou sol\u00ed 0\/2\/3\/5% a umo\u017e\u0148uje vapovat a\u017e 12000 potah\u016f. Na v\u00fdb\u011br m\u00e1te 12 p\u0159\u00edchut\u00ed. Displej baterie a ejuiceyl v\u00e1m umo\u017en\u00ed sledovat stav za\u0159\u00edzen\u00ed v re\u00e1ln\u00e9m \u010dase a nav\u00edc je vybaven dob\u00edjec\u00edm portem typu C ve spodn\u00ed \u010d\u00e1sti za\u0159\u00edzen\u00ed, kter\u00fd v\u00e1m zaru\u010d\u00ed, \u017ee v\u017edy dopijete posledn\u00ed kapku ejuice v tanku.<\/p>\n<p>Ka\u017ed\u00fd jednor\u00e1zov\u00fd vape pod Digital Box 12000 je p\u0159edem napln\u011bn 20 ml, co\u017e vysta\u010d\u00ed a\u017e na 12 000 potah\u016f. Toto vape za\u0159\u00edzen\u00ed m\u00e1 vestav\u011bnou dob\u00edjec\u00ed baterii o kapacit\u011b 850 mAh a nab\u00edjec\u00ed port typu C na spodn\u00ed stran\u011b. P\u0159i vapov\u00e1n\u00ed zobrazuje 6 sv\u011btel RGB, d\u00edky kter\u00fdm budete ve tm\u011b tak cool. P\u0159ep\u00edna\u010d ovl\u00e1d\u00e1n\u00ed airflow lze libovoln\u011b zap\u00ednat a vyp\u00ednat, tak\u017ee m\u016f\u017eete ovl\u00e1dat velikost kou\u0159e podle sv\u00fdch p\u0159edstav.<\/p>\n<h2><b data-stringify-type=\"bold\">Fumot Digital Box 12000 Jednor\u00e1zov\u00fd Vape Vlastnosti:<\/b><\/h2>\n<ul>\n<li>Zna\u010dka: Fumot<\/li>\n<li>Typ: Digit\u00e1ln\u00ed box<\/li>\n<li>Puffy: 12000 Puff\u016f<\/li>\n<li>Nikotin: 0, 2%, 3%, 5%<\/li>\n<li>Zobrazen\u00ed: E-liquid a baterie<\/li>\n<li>Kapacita e-d\u017eus\u016f: 20ML<\/li>\n<li>Baterie: 850 mAh ( dob\u00edjec\u00ed )<\/li>\n<li>Nab\u00edjec\u00ed port: Typ C<\/li>\n<\/ul>\n<h2><b data-stringify-type=\"bold\">Dostupn\u00e9 p\u0159\u00edchut\u011b:<\/b><\/h2>\n<p>1 Cool Mint<br \/>\n2 Melounov\u00fd led<br \/>\n3 Hroznov\u00fd led<br \/>\n4 bor\u016fvka malina<br \/>\n5 jahodov\u00fd meloun<br \/>\n6 jahodov\u00fd ban\u00e1n<br \/>\n7 Sv\u011b\u017e\u00ed led<br \/>\n8 Cherry<br \/>\n9 Jahodov\u00e1 zmrzlina<br \/>\n10 Ice Pop<br \/>\n11 R\u016f\u017eov\u00e1 limon\u00e1da<br \/>\n12 Mango Na ledu<br \/>\n13 Sm\u00ed\u0161en\u00e9 bobule<br \/>\n14 Jahodov\u00fd donut<br \/>\n15 jahodov\u00fd hrozen<br \/>\n16 Cherry Cola<br \/>\n17 Dr. modr\u00e1<br \/>\n18 Bor\u016fvky na ledu<br \/>\n19 Kiwi mu\u010denka guava<br \/>\n20 Jahodov\u00e9 kiwi<br \/>\n21 Broskvov\u00e9 mango<br \/>\n22 Broskvov\u00fd led<br \/>\n23 Red Apple ice<br \/>\n24 Bor\u016fvkov\u00e1 \u017ev\u00fdka\u010dka<br \/>\n25 Bobulov\u00e1 limon\u00e1da<br \/>\n26 Modr\u00e1 limon\u00e1da Razz<br \/>\n27 Bluesour malina<br \/>\n28 Jahodov\u00fd \u010derven\u00fd b\u00fdk<br \/>\n29 V\u00fdbuch jable\u010dn\u00fdch bobul\u00ed<br \/>\n30 Melounov\u00e1 \u017ev\u00fdka\u010dka<br \/>\n31 Malinov\u00fd meloun<br \/>\n32 \u010cern\u00fd led<br \/>\n33 Bor\u016fvka t\u0159e\u0161e\u0148 brusinka<br \/>\n34 Jahodov\u00e1 pompa (gran\u00e1tov\u00e9 jablko)<br \/>\n35 Vimto<br \/>\n36 T\u0159e\u0161\u0148ov\u00e9 bobule<br \/>\n37 Citron a limetka<br \/>\n38 Bingo Crush<br \/>\n39 Bor\u016fvkov\u00e9 kiwi<br \/>\n40 Jable\u010dn\u00e1 sko\u0159ice<br \/>\n41 Ban\u00e1nov\u00fd led<br \/>\n42 Led z dra\u010d\u00edho ovoce<br \/>\n43 Ovocn\u00e1 f\u00faze<br \/>\n44 Hroznov\u00e1 m\u00e1ta<br \/>\n45 L\u00e1ska 66<br \/>\n46 Ananasov\u00fd led<br \/>\n47 Red Energy Ice<br \/>\n48 Dv\u011b jablka<br \/>\n49 Tab\u00e1k<br \/>\n50 Cola lce<br \/>\n51 lceTea Lemon lce<br \/>\n52 lceTea Peach lce<br \/>\n53 Modr\u00fd gumov\u00fd medv\u00eddek Razz<\/p>\n<h2><strong>Balen\u00ed a hmotnost:<\/strong><\/h2>\n<ul>\n<li>0,095 kg\/ks, jeden kus s mal\u00fdm obalem<\/li>\n<li>10 ks ve st\u0159edn\u00edm balen\u00ed<\/li>\n<li>200 ks v hlavn\u00edm kartonu<\/li>\n<\/ul>\n<figure id=\"attachment_26804\" aria-describedby=\"caption-attachment-26804\" style=\"width: 800px\" class=\"wp-caption alignnone\"><img loading=\"lazy\" decoding=\"async\" class=\"size-full wp-image-26804\" title=\"Fumot Digital 12000 Jednor\u00e1zov\u00e9 Vape Velkoobchod Ice Pop\" src=\"https:\/\/www.vape4wholesale.com\/wp-content\/uploads\/2023\/10\/Fumot-Digital-12000-Disposable-Vape-Wholesale-Ice-Pop-1.jpg\" alt=\"Fumot Digital 12000 Jednor\u00e1zov\u00e9 Vape Velkoobchod Ice Pop\" width=\"800\" height=\"800\" srcset=\"https:\/\/www.vape4wholesale.com\/wp-content\/uploads\/2023\/10\/Fumot-Digital-12000-Disposable-Vape-Wholesale-Ice-Pop-1.jpg 800w, https:\/\/www.vape4wholesale.com\/wp-content\/uploads\/2023\/10\/Fumot-Digital-12000-Disposable-Vape-Wholesale-Ice-Pop-1-300x300.jpg 300w, https:\/\/www.vape4wholesale.com\/wp-content\/uploads\/2023\/10\/Fumot-Digital-12000-Disposable-Vape-Wholesale-Ice-Pop-1-150x150.jpg 150w, https:\/\/www.vape4wholesale.com\/wp-content\/uploads\/2023\/10\/Fumot-Digital-12000-Disposable-Vape-Wholesale-Ice-Pop-1-768x768.jpg 768w, https:\/\/www.vape4wholesale.com\/wp-content\/uploads\/2023\/10\/Fumot-Digital-12000-Disposable-Vape-Wholesale-Ice-Pop-1-12x12.jpg 12w, https:\/\/www.vape4wholesale.com\/wp-content\/uploads\/2023\/10\/Fumot-Digital-12000-Disposable-Vape-Wholesale-Ice-Pop-1-247x247.jpg 247w, https:\/\/www.vape4wholesale.com\/wp-content\/uploads\/2023\/10\/Fumot-Digital-12000-Disposable-Vape-Wholesale-Ice-Pop-1-510x510.jpg 510w, https:\/\/www.vape4wholesale.com\/wp-content\/uploads\/2023\/10\/Fumot-Digital-12000-Disposable-Vape-Wholesale-Ice-Pop-1-100x100.jpg 100w\" sizes=\"auto, (max-width: 800px) 100vw, 800px\" \/><figcaption id=\"caption-attachment-26804\" class=\"wp-caption-text\">Fumot Digital 12000 Jednor\u00e1zov\u00fd velkoobchodn\u00ed prodej Vape<\/figcaption><\/figure>\n<h2>PRO\u010c MY?<\/h2>\r\n<ul>\r\n<li>Skute\u010dn\u00fd, d\u016fv\u011bryhodn\u00fd a profesion\u00e1ln\u00ed zdroj vape.<\/li>\r\n<li>100% Origin\u00e1ln\u00ed z\u00e1ruka: Odm\u00edt\u00e1me pad\u011blky.<\/li>\r\n<li>100% Z\u00e1ruka dod\u00e1n\u00ed: Pou\u017e\u00edv\u00e1me nejlep\u0161\u00ed zp\u016fsob dopravy, abychom zajistili, \u017ee objedn\u00e1vku 100% obdr\u017e\u00edte.<\/li>\r\n<li>Po odesl\u00e1n\u00ed v\u00e1m poskytneme sledovac\u00ed \u010d\u00edslo a p\u0159epravn\u00ed \u0161t\u00edtek a budeme pro v\u00e1s sledovat zbo\u017e\u00ed, dokud ho nepodep\u00ed\u0161ete.<\/li>\r\n<li>\u017d\u00e1dn\u00e9 celn\u00ed probl\u00e9my, \u017e\u00e1dn\u00e1 cla<\/li>\r\n<\/ul>","protected":false},"excerpt":{"rendered":"<div class=\"wsppc_div_block woocommerce_before_add_to_cart_form\">\r\n<p><strong><span style=\"color: #00a859;\">Vy\u010distit celnici<\/span> p\u0159ed dod\u00e1n\u00edm &amp; 100% Z\u00e1ruka doru\u010den\u00ed, doru\u010den\u00ed p\u0159ibli\u017en\u011b za 19\u201325 dn\u00ed.\u00a0<\/strong><\/p>\r\n<\/div>","protected":false},"featured_media":26804,"comment_status":"open","ping_status":"closed","template":"","meta":[],"pwb-brand":[1269],"product_cat":[871],"product_tag":[24,172,556,592,22],"class_list":{"0":"post-14303","1":"product","2":"type-product","3":"status-publish","4":"has-post-thumbnail","6":"pwb-brand-fumot","7":"product_cat-10-15k-puffs","8":"product_tag-wholesale","9":"product_tag-20-0ml","10":"product_tag-12000-puffs","11":"product_tag-fumot","12":"product_tag-disposable","13":"wcpa_has_options","15":"first","16":"instock","17":"featured","18":"shipping-taxable","19":"purchasable","20":"product-type-variable"},"aioseo_notices":[],"brands":[{"id":1269,"name":"Fumot","slug":"fumot"}],"_links":{"self":[{"href":"https:\/\/www.vape4wholesale.com\/cs\/wp-json\/wp\/v2\/product\/14303","targetHints":{"allow":["GET"]}}],"collection":[{"href":"https:\/\/www.vape4wholesale.com\/cs\/wp-json\/wp\/v2\/product"}],"about":[{"href":"https:\/\/www.vape4wholesale.com\/cs\/wp-json\/wp\/v2\/types\/product"}],"replies":[{"embeddable":true,"href":"https:\/\/www.vape4wholesale.com\/cs\/wp-json\/wp\/v2\/comments?post=14303"}],"wp:featuredmedia":[{"embeddable":true,"href":"https:\/\/www.vape4wholesale.com\/cs\/wp-json\/wp\/v2\/media\/26804"}],"wp:attachment":[{"href":"https:\/\/www.vape4wholesale.com\/cs\/wp-json\/wp\/v2\/media?parent=14303"}],"wp:term":[{"taxonomy":"pwb-brand","embeddable":true,"href":"https:\/\/www.vape4wholesale.com\/cs\/wp-json\/wp\/v2\/pwb-brand?post=14303"},{"taxonomy":"product_cat","embeddable":true,"href":"https:\/\/www.vape4wholesale.com\/cs\/wp-json\/wp\/v2\/product_cat?post=14303"},{"taxonomy":"product_tag","embeddable":true,"href":"https:\/\/www.vape4wholesale.com\/cs\/wp-json\/wp\/v2\/product_tag?post=14303"}],"curies":[{"name":"wp","href":"https:\/\/api.w.org\/{rel}","templated":true}]}}