{"id":14260,"date":"2023-09-26T16:11:57","date_gmt":"2023-09-26T08:11:57","guid":{"rendered":"https:\/\/www.vape4wholesale.com\/?post_type=product&#038;p=14260"},"modified":"2026-03-28T00:26:24","modified_gmt":"2026-03-27T16:26:24","slug":"poco-bl10000-jednorazovy-vape-velkoobchod","status":"publish","type":"product","link":"https:\/\/www.vape4wholesale.com\/cs\/product\/poco-bl10000-disposable-vape-wholesale","title":{"rendered":"Poco BL10000 Jednor\u00e1zov\u00fd velkoobchod s vapem"},"content":{"rendered":"<p>POCO BL10000 Disposable Vape je ide\u00e1ln\u00ed volbou pro ty, kte\u0159\u00ed cht\u011bj\u00ed do sv\u00e9ho sortimentu zav\u00e9st jednor\u00e1zov\u00e9 vape pero s nikotinovou sol\u00ed.Toto revolu\u010dn\u00ed za\u0159\u00edzen\u00ed je dod\u00e1v\u00e1no s p\u0159edpln\u011bn\u00fdm \u0161pi\u010dkov\u00fdm e-liquidem, je vybaveno s\u00ed\u0165ovou spir\u00e1lkou a m\u00e1 kapacitu 10000 potah\u016f. D\u00edky dob\u00edjec\u00ed baterii a nab\u00edjec\u00edmu portu typu C se m\u016f\u017eete snadno nap\u00e1jet, a\u0165 u\u017e jste kdekoli. na druhou stranu nab\u00edz\u00ed nastaviteln\u00fd airflow, tak\u017ee si m\u016f\u017eete vybrat mezi plynulej\u0161\u00edm nebo t\u011bsn\u011bj\u0161\u00edm potahov\u00e1n\u00edm pro maxim\u00e1ln\u00ed p\u0159izp\u016fsoben\u00ed.<\/p>\n<p>Vape box POCO BL10000 nab\u00edz\u00ed p\u016fsobivou sadu funkc\u00ed, d\u00edky nim\u017e vy\u010dn\u00edv\u00e1 z davu, jeho v\u00fdkonn\u00e1 baterie 650 mAh zaji\u0161\u0165uje dlouhotrvaj\u00edc\u00ed pou\u017e\u00edv\u00e1n\u00ed a koncentrace nikotinu v soli 5% znamen\u00e1, \u017ee je vhodn\u00fd pro zku\u0161en\u00e9 vapery, kte\u0159\u00ed cht\u011bj\u00ed skv\u011bl\u00fd z\u00e1sah do hrdla p\u0159i ka\u017ed\u00e9m potahu, ka\u017ed\u00e1 krabi\u010dka je p\u016fsobiv\u011b balena po 10 kusech, tak\u017ee je ide\u00e1ln\u00ed i pro maloobchodn\u00ed \u00fa\u010dely.<\/p>\n<h2><strong>POCO BL10000 Seznam p\u0159\u00edchut\u00ed:<\/strong><\/h2>\n<ol>\n<li>Mango Orange Grapefruit<\/li>\n<li>M\u011bkk\u00e9 bonbony Peach Bluberry<\/li>\n<li>Chladn\u00e1 m\u00e1ta<\/li>\n<li>Aloe Grape<\/li>\n<li>Jahodov\u00e9 mango<\/li>\n<li>Mu\u010denka Kiwi Guava<\/li>\n<li>Jahodov\u00fd meloun<\/li>\n<li>Jablko Peach<\/li>\n<li>Buleberry Raspberry<\/li>\n<li>Hroznov\u00e1 limon\u00e1da s \u010dern\u00fdm ryb\u00edzem<\/li>\n<li>Jahodov\u00e9 kiwi<\/li>\n<li>Bor\u016fvkov\u00e1 t\u0159e\u0161\u0148ov\u00e1 cola<\/li>\n<li>\u010cern\u00fd led dra\u010d\u00ed ovoce jahoda<\/li>\n<li>Malinov\u00fd meloun<\/li>\n<li>Jahodov\u00fd ban\u00e1n<\/li>\n<\/ol>\n<h2><strong>Hmotnost a balen\u00ed<\/strong><\/h2>\n<p>200\/karton, 18,5 kg<\/p>\n<p><img loading=\"lazy\" decoding=\"async\" class=\"alignnone size-full wp-image-14285\" title=\"POCO BL10000 Jednor\u00e1zov\u00fd velkoobchodn\u00ed prodej (7)\" src=\"https:\/\/www.vape4wholesale.com\/wp-content\/uploads\/2023\/09\/POCO-BL10000-Disposable-Vape-Wholesale-7.webp\" alt=\"POCO BL10000 Jednor\u00e1zov\u00fd velkoobchodn\u00ed prodej (7)\" width=\"730\" height=\"730\" srcset=\"https:\/\/www.vape4wholesale.com\/wp-content\/uploads\/2023\/09\/POCO-BL10000-Disposable-Vape-Wholesale-7.webp 730w, https:\/\/www.vape4wholesale.com\/wp-content\/uploads\/2023\/09\/POCO-BL10000-Disposable-Vape-Wholesale-7-247x247.webp 247w, https:\/\/www.vape4wholesale.com\/wp-content\/uploads\/2023\/09\/POCO-BL10000-Disposable-Vape-Wholesale-7-100x100.webp 100w, https:\/\/www.vape4wholesale.com\/wp-content\/uploads\/2023\/09\/POCO-BL10000-Disposable-Vape-Wholesale-7-510x510.webp 510w, https:\/\/www.vape4wholesale.com\/wp-content\/uploads\/2023\/09\/POCO-BL10000-Disposable-Vape-Wholesale-7-64x64.webp 64w, https:\/\/www.vape4wholesale.com\/wp-content\/uploads\/2023\/09\/POCO-BL10000-Disposable-Vape-Wholesale-7-300x300.webp 300w, https:\/\/www.vape4wholesale.com\/wp-content\/uploads\/2023\/09\/POCO-BL10000-Disposable-Vape-Wholesale-7-150x150.webp 150w\" sizes=\"auto, (max-width: 730px) 100vw, 730px\" \/><\/p>\n<p>&nbsp;<\/p>","protected":false},"excerpt":{"rendered":"[scf-template id=&#8217;11434&#8242;]\n","protected":false},"featured_media":14284,"comment_status":"open","ping_status":"closed","template":"","meta":[],"pwb-brand":[1289],"product_cat":[871],"product_tag":[324,586,22,24,172],"class_list":{"0":"post-14260","1":"product","2":"type-product","3":"status-publish","4":"has-post-thumbnail","6":"pwb-brand-others","7":"product_cat-10-15k-puffs","8":"product_tag-10000-puffs","9":"product_tag-poco","10":"product_tag-disposable","11":"product_tag-wholesale","12":"product_tag-20-0ml","13":"wcpa_has_options","15":"first","16":"outofstock","17":"shipping-taxable","18":"purchasable","19":"product-type-variable"},"aioseo_notices":[],"brands":[{"id":1289,"name":"Ostatn\u00ed","slug":"ostatni"}],"_links":{"self":[{"href":"https:\/\/www.vape4wholesale.com\/cs\/wp-json\/wp\/v2\/product\/14260","targetHints":{"allow":["GET"]}}],"collection":[{"href":"https:\/\/www.vape4wholesale.com\/cs\/wp-json\/wp\/v2\/product"}],"about":[{"href":"https:\/\/www.vape4wholesale.com\/cs\/wp-json\/wp\/v2\/types\/product"}],"replies":[{"embeddable":true,"href":"https:\/\/www.vape4wholesale.com\/cs\/wp-json\/wp\/v2\/comments?post=14260"}],"wp:featuredmedia":[{"embeddable":true,"href":"https:\/\/www.vape4wholesale.com\/cs\/wp-json\/wp\/v2\/media\/14284"}],"wp:attachment":[{"href":"https:\/\/www.vape4wholesale.com\/cs\/wp-json\/wp\/v2\/media?parent=14260"}],"wp:term":[{"taxonomy":"pwb-brand","embeddable":true,"href":"https:\/\/www.vape4wholesale.com\/cs\/wp-json\/wp\/v2\/pwb-brand?post=14260"},{"taxonomy":"product_cat","embeddable":true,"href":"https:\/\/www.vape4wholesale.com\/cs\/wp-json\/wp\/v2\/product_cat?post=14260"},{"taxonomy":"product_tag","embeddable":true,"href":"https:\/\/www.vape4wholesale.com\/cs\/wp-json\/wp\/v2\/product_tag?post=14260"}],"curies":[{"name":"wp","href":"https:\/\/api.w.org\/{rel}","templated":true}]}}