{"id":14213,"date":"2023-09-06T21:32:02","date_gmt":"2023-09-06T13:32:02","guid":{"rendered":"https:\/\/www.vape4wholesale.com\/?post_type=product&#038;p=14213"},"modified":"2026-01-26T13:42:22","modified_gmt":"2026-01-26T13:42:22","slug":"kulx-10000-puffs-jednorazove-vape-velkoobchod","status":"publish","type":"product","link":"https:\/\/www.vape4wholesale.com\/cs\/product\/kulx-10000-puffs-disposable-vape-wholesale","title":{"rendered":"Kulx 10000 Puffs Jednor\u00e1zov\u00e9 Vape Velkoobchod"},"content":{"rendered":"<p><strong>Kulx 10000<\/strong>\u00a0Puffs Disposable is a powerful and convenient vaping device designed for all-day use. The kit has a huge suction capacity of 10000 puffs to ensure you will consume replacements for a long time. Available in high nicotine concentrations of 0%, 2%, 3% and 5%, the kit provides a satisfying vaping experience. The 20ml e-juice capacity allows you to enjoy your favorite flavor for a long time. Kulx 10000 uses Nic Salt nicotine type and is equipped with 850mAh battery capacity to ensure long-lasting use. A Type-C charger (not included) ensures fast and easy charging.<\/p>\n<h2>Kulx 10000 Feature<\/h2>\n<ul>\n<li>850mAh built-in battery<\/li>\n<li>Chargable<\/li>\n<li>Efficient, consistent power transfer<\/li>\n<li>20ml prefilled e-liquid<\/li>\n<li>0% 2% 3% 5% Nicotine level<\/li>\n<li>Satisfy nearly 10,000 mouths<\/li>\n<li>soybean pods<\/li>\n<li>Seznam p\u0159\u00edchut\u00ed<\/li>\n<\/ul>\n<h2>Seznam p\u0159\u00edchut\u00ed<\/h2>\n<ol>\n<li>Bor\u016fvkov\u00fd malinov\u00fd led<\/li>\n<li>Lemon mint<\/li>\n<li>Dvojit\u00e9 jablko<\/li>\n<li>Sv\u011b\u017e\u00ed led<\/li>\n<li>Sm\u00ed\u0161en\u00e9 bobule<\/li>\n<li>Pineapple Mango ice,Polo\u017eka: 55480 Prodej,Kulx,Kulx 10000,Puffs Disposable je v\u00fdkonn\u00e9 a pohodln\u00e9 vapovac\u00ed za\u0159\u00edzen\u00ed ur\u010den\u00e9 pro celodenn\u00ed pou\u017e\u00edv\u00e1n\u00ed. Sada m\u00e1 obrovskou kapacitu s\u00e1n\u00ed 10000 potah\u016f, kter\u00e1 zajist\u00ed, \u017ee budete spot\u0159ebov\u00e1vat n\u00e1hrady po dlouhou dobu. Sada je k dispozici ve vysok\u00fdch koncentrac\u00edch nikotinu 0%, 2%, 3% a 5% a poskytuje uspokojiv\u00fd z\u00e1\u017eitek z vapov\u00e1n\u00ed. Kapacita 20 ml e-juice v\u00e1m umo\u017en\u00ed vychutnat si svou obl\u00edbenou p\u0159\u00edchu\u0165 po dlouhou dobu. Kulx 10000 pou\u017e\u00edv\u00e1 typ nikotinu Nic Salt a je vybaven bateri\u00ed o kapacit\u011b 850mAh, kter\u00e1 zaji\u0161\u0165uje dlouhotrvaj\u00edc\u00ed pou\u017e\u00edv\u00e1n\u00ed. Rychl\u00e9 a snadn\u00e9 nab\u00edjen\u00ed zaji\u0161\u0165uje nab\u00edje\u010dka typu C (nen\u00ed sou\u010d\u00e1st\u00ed balen\u00ed), kter\u00e1 je k.,Kulx 10000 Vlastnosti,850mAh vestav\u011bn\u00e1 baterie,Nab\u00edjen\u00ed,Efektivn\u00ed, konzistentn\u00ed p\u0159enos energie,20ml p\u0159edpln\u011bn\u00fd e-liquid,0% 2% 3% 5% Hladina nikotinu,Uspokoj\u00ed t\u00e9m\u011b\u0159 10 000 \u00fast,s\u00f3jov\u00e9 pody,Citronov\u00e1 m\u00e1ta,0,096\/ks,200\/karton, 19,2\/karton,B\u0159ezen 7, 2024,Dobr\u00fd, ale z posledn\u00ed objedn\u00e1vky mi p\u0159i\u0161lo 3\/200 vadn\u00fdch v\u00fdrobk\u016f, ka\u017edop\u00e1dn\u011b mi p\u0159i dal\u0161\u00ed objedn\u00e1vce poslali n\u00e1hradn\u00ed..,Kulx 10000 Puffs Disposable Vape Wholesale Watermelon Ice,Kulx 10000 Puffs Disposable Vape Wholesale Strawberry Watermelon,Kulx 10000 Puffs Disposable Vape Wholesale Strawberry Kiwi,Kulx 10000 Puffs Disposable Vape Wholesale Pineapple Mango Ice,Kulx 10000 Puffs Disposable Vape Wholesale Mixed Berries,Kulx 10000 Puffs Disposable Vape Wholesale Blueberry Raspberry ice,Kulx 10000 Puffs Disposable Vape Wholesale Aloe Grape<\/li>\n<li>Jahodov\u00e9 kiwi<\/li>\n<li>Cukrov\u00e1 vata<\/li>\n<li>Jahodov\u00fd meloun<\/li>\n<li>Aloe Grape<\/li>\n<\/ol>\n<h2>Balen\u00ed a hmotnost<\/h2>\n<ul>\n<li>0.096\/ PC<\/li>\n<li>200\/ Carton, 19.2\/ Carton<\/li>\n<\/ul>\n<p><img loading=\"lazy\" decoding=\"async\" class=\"alignnone size-full wp-image-14231\" title=\"Kulx 10000 Puffs Jednor\u00e1zov\u00e9 Vape Velkoobchod v\u0161echny p\u0159\u00edchut\u011b\" src=\"https:\/\/www.vape4wholesale.com\/wp-content\/uploads\/2023\/09\/Kulx-10000-Puffs-Disposable-Vape-Wholesale-all-Flavors.jpg\" alt=\"Kulx 10000 Puffs Jednor\u00e1zov\u00e9 Vape Velkoobchod v\u0161echny p\u0159\u00edchut\u011b\" width=\"960\" height=\"960\" srcset=\"https:\/\/www.vape4wholesale.com\/wp-content\/uploads\/2023\/09\/Kulx-10000-Puffs-Disposable-Vape-Wholesale-all-Flavors.jpg 960w, https:\/\/www.vape4wholesale.com\/wp-content\/uploads\/2023\/09\/Kulx-10000-Puffs-Disposable-Vape-Wholesale-all-Flavors-247x247.jpg 247w, https:\/\/www.vape4wholesale.com\/wp-content\/uploads\/2023\/09\/Kulx-10000-Puffs-Disposable-Vape-Wholesale-all-Flavors-100x100.jpg 100w, https:\/\/www.vape4wholesale.com\/wp-content\/uploads\/2023\/09\/Kulx-10000-Puffs-Disposable-Vape-Wholesale-all-Flavors-510x510.jpg 510w, https:\/\/www.vape4wholesale.com\/wp-content\/uploads\/2023\/09\/Kulx-10000-Puffs-Disposable-Vape-Wholesale-all-Flavors-64x64.jpg 64w, https:\/\/www.vape4wholesale.com\/wp-content\/uploads\/2023\/09\/Kulx-10000-Puffs-Disposable-Vape-Wholesale-all-Flavors-300x300.jpg 300w, https:\/\/www.vape4wholesale.com\/wp-content\/uploads\/2023\/09\/Kulx-10000-Puffs-Disposable-Vape-Wholesale-all-Flavors-150x150.jpg 150w, https:\/\/www.vape4wholesale.com\/wp-content\/uploads\/2023\/09\/Kulx-10000-Puffs-Disposable-Vape-Wholesale-all-Flavors-768x768.jpg 768w\" sizes=\"auto, (max-width: 960px) 100vw, 960px\" \/> <img loading=\"lazy\" decoding=\"async\" class=\"alignnone size-full wp-image-14230\" title=\"Kulx 10000 Puffs Disposable Vape Wholesale Watermelon Ice\" src=\"https:\/\/www.vape4wholesale.com\/wp-content\/uploads\/2023\/09\/Kulx-10000-Puffs-Disposable-Vape-Wholesale-Watermelon-Ice.jpg\" alt=\"Kulx 10000 Puffs Disposable Vape Wholesale Watermelon Ice\" width=\"960\" height=\"960\" srcset=\"https:\/\/www.vape4wholesale.com\/wp-content\/uploads\/2023\/09\/Kulx-10000-Puffs-Disposable-Vape-Wholesale-Watermelon-Ice.jpg 960w, https:\/\/www.vape4wholesale.com\/wp-content\/uploads\/2023\/09\/Kulx-10000-Puffs-Disposable-Vape-Wholesale-Watermelon-Ice-247x247.jpg 247w, https:\/\/www.vape4wholesale.com\/wp-content\/uploads\/2023\/09\/Kulx-10000-Puffs-Disposable-Vape-Wholesale-Watermelon-Ice-100x100.jpg 100w, https:\/\/www.vape4wholesale.com\/wp-content\/uploads\/2023\/09\/Kulx-10000-Puffs-Disposable-Vape-Wholesale-Watermelon-Ice-510x510.jpg 510w, https:\/\/www.vape4wholesale.com\/wp-content\/uploads\/2023\/09\/Kulx-10000-Puffs-Disposable-Vape-Wholesale-Watermelon-Ice-64x64.jpg 64w, https:\/\/www.vape4wholesale.com\/wp-content\/uploads\/2023\/09\/Kulx-10000-Puffs-Disposable-Vape-Wholesale-Watermelon-Ice-300x300.jpg 300w, https:\/\/www.vape4wholesale.com\/wp-content\/uploads\/2023\/09\/Kulx-10000-Puffs-Disposable-Vape-Wholesale-Watermelon-Ice-150x150.jpg 150w, https:\/\/www.vape4wholesale.com\/wp-content\/uploads\/2023\/09\/Kulx-10000-Puffs-Disposable-Vape-Wholesale-Watermelon-Ice-768x768.jpg 768w\" sizes=\"auto, (max-width: 960px) 100vw, 960px\" \/><\/p>","protected":false},"excerpt":{"rendered":"[scf-template id=&#8217;11434&#8242;]\n","protected":false},"featured_media":14231,"comment_status":"open","ping_status":"closed","template":"","meta":[],"pwb-brand":[1289],"product_cat":[871],"product_tag":[22,24,172,324,576],"class_list":{"0":"post-14213","1":"product","2":"type-product","3":"status-publish","4":"has-post-thumbnail","6":"pwb-brand-others","7":"product_cat-10-15k-puffs","8":"product_tag-disposable","9":"product_tag-wholesale","10":"product_tag-20-0ml","11":"product_tag-10000-puffs","12":"product_tag-kulx","14":"first","15":"outofstock","16":"shipping-taxable","17":"purchasable","18":"product-type-variable"},"aioseo_notices":[],"brands":[{"id":1289,"name":"Ostatn\u00ed","slug":"ostatni"}],"_links":{"self":[{"href":"https:\/\/www.vape4wholesale.com\/cs\/wp-json\/wp\/v2\/product\/14213","targetHints":{"allow":["GET"]}}],"collection":[{"href":"https:\/\/www.vape4wholesale.com\/cs\/wp-json\/wp\/v2\/product"}],"about":[{"href":"https:\/\/www.vape4wholesale.com\/cs\/wp-json\/wp\/v2\/types\/product"}],"replies":[{"embeddable":true,"href":"https:\/\/www.vape4wholesale.com\/cs\/wp-json\/wp\/v2\/comments?post=14213"}],"wp:featuredmedia":[{"embeddable":true,"href":"https:\/\/www.vape4wholesale.com\/cs\/wp-json\/wp\/v2\/media\/14231"}],"wp:attachment":[{"href":"https:\/\/www.vape4wholesale.com\/cs\/wp-json\/wp\/v2\/media?parent=14213"}],"wp:term":[{"taxonomy":"pwb-brand","embeddable":true,"href":"https:\/\/www.vape4wholesale.com\/cs\/wp-json\/wp\/v2\/pwb-brand?post=14213"},{"taxonomy":"product_cat","embeddable":true,"href":"https:\/\/www.vape4wholesale.com\/cs\/wp-json\/wp\/v2\/product_cat?post=14213"},{"taxonomy":"product_tag","embeddable":true,"href":"https:\/\/www.vape4wholesale.com\/cs\/wp-json\/wp\/v2\/product_tag?post=14213"}],"curies":[{"name":"wp","href":"https:\/\/api.w.org\/{rel}","templated":true}]}}