{"id":14157,"date":"2023-08-20T17:17:06","date_gmt":"2023-08-20T09:17:06","guid":{"rendered":"https:\/\/www.vape4wholesale.com\/?post_type=product&#038;p=14157"},"modified":"2026-01-26T13:42:24","modified_gmt":"2026-01-26T13:42:24","slug":"elf-bar-pi9000-jednorazovy-vape-velkoobchod","status":"publish","type":"product","link":"https:\/\/www.vape4wholesale.com\/cs\/product\/elf-bar-pi9000-disposable-vape-wholesale","title":{"rendered":"Elf Bar PI9000 Jednor\u00e1zov\u00fd velkoobchod s vapem"},"content":{"rendered":"<p><b>Elf Bar Pi9000 Vape na jedno pou\u017eit\u00ed<\/b>\u00a0Pojme 19 ml p\u0159edpln\u011bn\u00e9ho e-liquidu, chu\u0165 je rafinovan\u00e1, ale v\u00fdrazn\u00e1 d\u00edky integrovan\u00e9 s\u00ed\u0165ov\u00e9 spir\u00e1lce a konstrukce se silou nikotinu 4% (40 mg) dok\u00e1\u017ee zajistit hlad\u0161\u00ed p\u00e1ru. Poskytuje uspokojiv\u00e9 potahov\u00e1n\u00ed a bezchybn\u00fd v\u00fdkon, dob\u00edjec\u00ed 650mAh baterie podporuje a\u017e 9000 potah\u016f. Sv\u00fdm vzhledem p\u0159ipom\u00edn\u00e1 mini pol\u0161t\u00e1\u0159ek a pr\u016fsvitn\u00e1 kapac\u00ed koncovka je v\u00fdhodn\u00e1 pro pozorov\u00e1n\u00ed kondenzace. Pi9000 je vybaven indik\u00e1torem liquidu a baterie a je laskav\u00fd pro kontrolu stavu za\u0159\u00edzen\u00ed, stejn\u011b jako pro objevov\u00e1n\u00ed lehk\u00fdch, \u0161\u0165avnat\u00fdch chut\u00ed.<\/p>\n<h2 class=\"second-title\"><strong>Elf Bar PI9000 Vlastnosti:<\/strong><\/h2>\n<ol>\n<li>19ml p\u0159edpln\u011bn\u00e9 \u0161\u0165\u00e1vy pro vape<\/li>\n<li>4%(40mg) Nic Salt<\/li>\n<li>Dob\u00edjec\u00ed baterie 650 mAh<\/li>\n<li>Port USB-C<\/li>\n<li>P\u0159ibli\u017en\u011b 9000 puff\u016f<\/li>\n<li>S\u00ed\u0165ov\u00e1 c\u00edvka<\/li>\n<li>Kreslen\u00ed aktivovan\u00e9<\/li>\n<li>Indik\u00e1tory kapaliny a baterie<\/li>\n<\/ol>\n<h2><strong>Seznam p\u0159\u00edchut\u00ed:<\/strong><\/h2>\n<p>Maliny Mu\u010denka Ovoce Pomeran\u010d<br \/>\nMalina Elfbull<br \/>\nGran\u00e1tov\u00e9 jablko<br \/>\nBerry Raspberry<br \/>\nMelounov\u00fd led<br \/>\nJahodov\u00e1 zmrzlina<br \/>\nJahodov\u00e1 zmrzlina<br \/>\nR\u016f\u017eov\u00fd citron<br \/>\nBroskvov\u00fd led<br \/>\nMango<br \/>\nMincovna Lemont<br \/>\nZelen\u00e9 jablko<br \/>\nHroznov\u00e1 malina<br \/>\nHroznov\u00fd led<br \/>\nElfbull Ice<br \/>\nDvojit\u00e9 jablko<br \/>\nSmetanov\u00fd tab\u00e1k<br \/>\nCola Ice<br \/>\nBor\u016fvkov\u00fd led<br \/>\nBlue Razz Ice<\/p>\n<p><img loading=\"lazy\" decoding=\"async\" class=\"alignnone size-full wp-image-14162\" title=\"Elf Bar PI9000 Jednor\u00e1zov\u00fd velkoobchodn\u00ed p\u0159ehled Vape\" src=\"https:\/\/www.vape4wholesale.com\/wp-content\/uploads\/2023\/08\/Elf-Bar-PI9000-Disposable-Vape-Wholesale-overview.jpg\" alt=\"Elf Bar PI9000 Jednor\u00e1zov\u00fd velkoobchodn\u00ed p\u0159ehled Vape\" width=\"800\" height=\"800\" srcset=\"https:\/\/www.vape4wholesale.com\/wp-content\/uploads\/2023\/08\/Elf-Bar-PI9000-Disposable-Vape-Wholesale-overview.jpg 800w, https:\/\/www.vape4wholesale.com\/wp-content\/uploads\/2023\/08\/Elf-Bar-PI9000-Disposable-Vape-Wholesale-overview-247x247.jpg 247w, https:\/\/www.vape4wholesale.com\/wp-content\/uploads\/2023\/08\/Elf-Bar-PI9000-Disposable-Vape-Wholesale-overview-100x100.jpg 100w, https:\/\/www.vape4wholesale.com\/wp-content\/uploads\/2023\/08\/Elf-Bar-PI9000-Disposable-Vape-Wholesale-overview-510x510.jpg 510w, https:\/\/www.vape4wholesale.com\/wp-content\/uploads\/2023\/08\/Elf-Bar-PI9000-Disposable-Vape-Wholesale-overview-64x64.jpg 64w, https:\/\/www.vape4wholesale.com\/wp-content\/uploads\/2023\/08\/Elf-Bar-PI9000-Disposable-Vape-Wholesale-overview-300x300.jpg 300w, https:\/\/www.vape4wholesale.com\/wp-content\/uploads\/2023\/08\/Elf-Bar-PI9000-Disposable-Vape-Wholesale-overview-150x150.jpg 150w, https:\/\/www.vape4wholesale.com\/wp-content\/uploads\/2023\/08\/Elf-Bar-PI9000-Disposable-Vape-Wholesale-overview-768x768.jpg 768w\" sizes=\"auto, (max-width: 800px) 100vw, 800px\" \/><\/p>","protected":false},"excerpt":{"rendered":"[scf-template id=&#8217;11434&#8242;]\n<p>100% Original Elf Bar with QR Code<\/p>\n","protected":false},"featured_media":14162,"comment_status":"open","ping_status":"closed","template":"","meta":[],"pwb-brand":[1278],"product_cat":[870],"product_tag":[22,24,60,336,574],"class_list":{"0":"post-14157","1":"product","2":"type-product","3":"status-publish","4":"has-post-thumbnail","6":"pwb-brand-elf-bar","7":"product_cat-8000-10000-puffs","8":"product_tag-disposable","9":"product_tag-wholesale","10":"product_tag-elf-bar","11":"product_tag-9000-puffs","12":"product_tag-19-0ml","14":"first","15":"outofstock","16":"shipping-taxable","17":"purchasable","18":"product-type-variable"},"aioseo_notices":[],"brands":[{"id":1278,"name":"Elf\u00ed bar","slug":"elfi-bar"}],"_links":{"self":[{"href":"https:\/\/www.vape4wholesale.com\/cs\/wp-json\/wp\/v2\/product\/14157","targetHints":{"allow":["GET"]}}],"collection":[{"href":"https:\/\/www.vape4wholesale.com\/cs\/wp-json\/wp\/v2\/product"}],"about":[{"href":"https:\/\/www.vape4wholesale.com\/cs\/wp-json\/wp\/v2\/types\/product"}],"replies":[{"embeddable":true,"href":"https:\/\/www.vape4wholesale.com\/cs\/wp-json\/wp\/v2\/comments?post=14157"}],"wp:featuredmedia":[{"embeddable":true,"href":"https:\/\/www.vape4wholesale.com\/cs\/wp-json\/wp\/v2\/media\/14162"}],"wp:attachment":[{"href":"https:\/\/www.vape4wholesale.com\/cs\/wp-json\/wp\/v2\/media?parent=14157"}],"wp:term":[{"taxonomy":"pwb-brand","embeddable":true,"href":"https:\/\/www.vape4wholesale.com\/cs\/wp-json\/wp\/v2\/pwb-brand?post=14157"},{"taxonomy":"product_cat","embeddable":true,"href":"https:\/\/www.vape4wholesale.com\/cs\/wp-json\/wp\/v2\/product_cat?post=14157"},{"taxonomy":"product_tag","embeddable":true,"href":"https:\/\/www.vape4wholesale.com\/cs\/wp-json\/wp\/v2\/product_tag?post=14157"}],"curies":[{"name":"wp","href":"https:\/\/api.w.org\/{rel}","templated":true}]}}