{"id":14107,"date":"2023-08-13T12:32:13","date_gmt":"2023-08-13T04:32:13","guid":{"rendered":"https:\/\/www.vape4wholesale.com\/?post_type=product&#038;p=14107"},"modified":"2026-01-26T13:42:27","modified_gmt":"2026-01-26T13:42:27","slug":"bang-bc5000-box-jednorazovy-vape-velkoobchod","status":"publish","type":"product","link":"https:\/\/www.vape4wholesale.com\/cs\/product\/bang-bc5000-box-disposable-vape-wholesale","title":{"rendered":"Bang BC5000 Box Jednor\u00e1zov\u00e9 Vape Velkoobchod"},"content":{"rendered":"<p>the Bang BC5000 Box is the second generation upgraded from the old version, comes with built-in 650mah battery with 13ml eliquid, the nicotine strength is 5%, support max 5000 puffs.<\/p>\n<h2>Bang BC5000 Box Disposable Vape Quick Detail<\/h2>\n<ol>\n<li>Pufy: 5000<\/li>\n<li>Nikotinov\u00e1 s\u016fl: 5%<\/li>\n<li>Kapacita tekutiny: 13ML<\/li>\n<li>Odpor: 1,2 ohm\u016f Mesh<\/li>\n<li>Hmotnost t\u011bla: 52 g<\/li>\n<li>Velikost kartonu: 52,3 * 38 * 28,5 cm<\/li>\n<li>Hmotnost kartonu: 16,5 kg\/ 300 ks<\/li>\n<li>Nab\u00edjec\u00ed port: Typ C<\/li>\n<\/ol>\n<h2>P\u0159\u00edchut\u011b<\/h2>\n<ol>\n<li>Blue Razz Ice<\/li>\n<li>Bor\u016fvkov\u00fd led<\/li>\n<li>Blueberry Lemon<\/li>\n<li>Cola Ice<\/li>\n<li>Energie<\/li>\n<li>Gumov\u00fd medv\u00eddek<\/li>\n<li>Kiwi Mu\u010denka Ovoce Guava<\/li>\n<li>Citronov\u00e1 m\u00e1ta<\/li>\n<li>Mango Peach<\/li>\n<li>Orange Juice<\/li>\n<li>Broskvov\u00fd led<\/li>\n<li>Broskvov\u00fd meloun Mango<\/li>\n<li>Ananasov\u00fd kokos<\/li>\n<li>Sakura Grape<\/li>\n<li>Kysel\u00e9 jablko malina<\/li>\n<li>Jahodov\u00fd ban\u00e1n<\/li>\n<li>Jahodov\u00e1 zmrzlina<\/li>\n<li>Jahodov\u00e9 kiwi<\/li>\n<li>Jahodov\u00e9 mango<\/li>\n<li>Jahodov\u00fd meloun<\/li>\n<li>Triple Berries<\/li>\n<li>Tropick\u00fd duhov\u00fd v\u00fdbuch<\/li>\n<li>Melounov\u00e1 \u017ev\u00fdka\u010dka<\/li>\n<li>Melounov\u00fd led<\/li>\n<\/ol>\n<p><img loading=\"lazy\" decoding=\"async\" class=\"alignnone size-full wp-image-14134\" title=\"Bang BC5000 BOX Disposable Vape Wholesale All Flavors\" src=\"https:\/\/www.vape4wholesale.com\/wp-content\/uploads\/2023\/08\/Bang-BC5000-BOX-Disposable-Vape-Wholesale-All-Flavors.webp\" alt=\"Bang BC5000 BOX Disposable Vape Wholesale All Flavors\" width=\"1280\" height=\"1414\" srcset=\"https:\/\/www.vape4wholesale.com\/wp-content\/uploads\/2023\/08\/Bang-BC5000-BOX-Disposable-Vape-Wholesale-All-Flavors.webp 1280w, https:\/\/www.vape4wholesale.com\/wp-content\/uploads\/2023\/08\/Bang-BC5000-BOX-Disposable-Vape-Wholesale-All-Flavors-510x563.webp 510w, https:\/\/www.vape4wholesale.com\/wp-content\/uploads\/2023\/08\/Bang-BC5000-BOX-Disposable-Vape-Wholesale-All-Flavors-64x71.webp 64w, https:\/\/www.vape4wholesale.com\/wp-content\/uploads\/2023\/08\/Bang-BC5000-BOX-Disposable-Vape-Wholesale-All-Flavors-272x300.webp 272w, https:\/\/www.vape4wholesale.com\/wp-content\/uploads\/2023\/08\/Bang-BC5000-BOX-Disposable-Vape-Wholesale-All-Flavors-927x1024.webp 927w, https:\/\/www.vape4wholesale.com\/wp-content\/uploads\/2023\/08\/Bang-BC5000-BOX-Disposable-Vape-Wholesale-All-Flavors-768x848.webp 768w\" sizes=\"auto, (max-width: 1280px) 100vw, 1280px\" \/> <img loading=\"lazy\" decoding=\"async\" class=\"size-full wp-image-14135 aligncenter\" title=\"Bang BC5000 BOX DISPOSABLE VAPE WHOLESALE\" src=\"https:\/\/www.vape4wholesale.com\/wp-content\/uploads\/2023\/08\/Bang-BC5000-BOX-DISPOSABLE-VAPE-WHOLESALE.jpg\" alt=\"Bang BC5000 BOX DISPOSABLE VAPE WHOLESALE\" width=\"800\" height=\"800\" srcset=\"https:\/\/www.vape4wholesale.com\/wp-content\/uploads\/2023\/08\/Bang-BC5000-BOX-DISPOSABLE-VAPE-WHOLESALE.jpg 800w, https:\/\/www.vape4wholesale.com\/wp-content\/uploads\/2023\/08\/Bang-BC5000-BOX-DISPOSABLE-VAPE-WHOLESALE-247x247.jpg 247w, https:\/\/www.vape4wholesale.com\/wp-content\/uploads\/2023\/08\/Bang-BC5000-BOX-DISPOSABLE-VAPE-WHOLESALE-100x100.jpg 100w, https:\/\/www.vape4wholesale.com\/wp-content\/uploads\/2023\/08\/Bang-BC5000-BOX-DISPOSABLE-VAPE-WHOLESALE-510x510.jpg 510w, https:\/\/www.vape4wholesale.com\/wp-content\/uploads\/2023\/08\/Bang-BC5000-BOX-DISPOSABLE-VAPE-WHOLESALE-64x64.jpg 64w, https:\/\/www.vape4wholesale.com\/wp-content\/uploads\/2023\/08\/Bang-BC5000-BOX-DISPOSABLE-VAPE-WHOLESALE-300x300.jpg 300w, https:\/\/www.vape4wholesale.com\/wp-content\/uploads\/2023\/08\/Bang-BC5000-BOX-DISPOSABLE-VAPE-WHOLESALE-150x150.jpg 150w, https:\/\/www.vape4wholesale.com\/wp-content\/uploads\/2023\/08\/Bang-BC5000-BOX-DISPOSABLE-VAPE-WHOLESALE-768x768.jpg 768w\" sizes=\"auto, (max-width: 800px) 100vw, 800px\" \/> <img loading=\"lazy\" decoding=\"async\" class=\"size-full wp-image-14133 aligncenter\" title=\"Bang VAPE BC5000 BOX VAPE WHOLESALE\" src=\"https:\/\/www.vape4wholesale.com\/wp-content\/uploads\/2023\/08\/Bang-VAPE-BC5000-BOX-VAPE-WHOLESALE.jpg\" alt=\"Bang VAPE BC5000 BOX VAPE WHOLESALE\" width=\"800\" height=\"800\" srcset=\"https:\/\/www.vape4wholesale.com\/wp-content\/uploads\/2023\/08\/Bang-VAPE-BC5000-BOX-VAPE-WHOLESALE.jpg 800w, https:\/\/www.vape4wholesale.com\/wp-content\/uploads\/2023\/08\/Bang-VAPE-BC5000-BOX-VAPE-WHOLESALE-247x247.jpg 247w, https:\/\/www.vape4wholesale.com\/wp-content\/uploads\/2023\/08\/Bang-VAPE-BC5000-BOX-VAPE-WHOLESALE-100x100.jpg 100w, https:\/\/www.vape4wholesale.com\/wp-content\/uploads\/2023\/08\/Bang-VAPE-BC5000-BOX-VAPE-WHOLESALE-510x510.jpg 510w, https:\/\/www.vape4wholesale.com\/wp-content\/uploads\/2023\/08\/Bang-VAPE-BC5000-BOX-VAPE-WHOLESALE-64x64.jpg 64w, https:\/\/www.vape4wholesale.com\/wp-content\/uploads\/2023\/08\/Bang-VAPE-BC5000-BOX-VAPE-WHOLESALE-300x300.jpg 300w, https:\/\/www.vape4wholesale.com\/wp-content\/uploads\/2023\/08\/Bang-VAPE-BC5000-BOX-VAPE-WHOLESALE-150x150.jpg 150w, https:\/\/www.vape4wholesale.com\/wp-content\/uploads\/2023\/08\/Bang-VAPE-BC5000-BOX-VAPE-WHOLESALE-768x768.jpg 768w\" sizes=\"auto, (max-width: 800px) 100vw, 800px\" \/> <img loading=\"lazy\" decoding=\"async\" class=\"size-full wp-image-14132 aligncenter\" title=\"Bang BC5000 BOX VAPE Wholesale\" src=\"https:\/\/www.vape4wholesale.com\/wp-content\/uploads\/2023\/08\/Bang-BC5000-BOX-VAPE-Wholesale.jpg\" alt=\"Bang BC5000 BOX VAPE Wholesale\" width=\"800\" height=\"800\" srcset=\"https:\/\/www.vape4wholesale.com\/wp-content\/uploads\/2023\/08\/Bang-BC5000-BOX-VAPE-Wholesale.jpg 800w, https:\/\/www.vape4wholesale.com\/wp-content\/uploads\/2023\/08\/Bang-BC5000-BOX-VAPE-Wholesale-247x247.jpg 247w, https:\/\/www.vape4wholesale.com\/wp-content\/uploads\/2023\/08\/Bang-BC5000-BOX-VAPE-Wholesale-100x100.jpg 100w, https:\/\/www.vape4wholesale.com\/wp-content\/uploads\/2023\/08\/Bang-BC5000-BOX-VAPE-Wholesale-510x510.jpg 510w, https:\/\/www.vape4wholesale.com\/wp-content\/uploads\/2023\/08\/Bang-BC5000-BOX-VAPE-Wholesale-64x64.jpg 64w, https:\/\/www.vape4wholesale.com\/wp-content\/uploads\/2023\/08\/Bang-BC5000-BOX-VAPE-Wholesale-300x300.jpg 300w, https:\/\/www.vape4wholesale.com\/wp-content\/uploads\/2023\/08\/Bang-BC5000-BOX-VAPE-Wholesale-150x150.jpg 150w, https:\/\/www.vape4wholesale.com\/wp-content\/uploads\/2023\/08\/Bang-BC5000-BOX-VAPE-Wholesale-768x768.jpg 768w\" sizes=\"auto, (max-width: 800px) 100vw, 800px\" \/><\/p>\n<div class=\"accordion\">\n\t<div id=\"accordion-1571200708\" class=\"accordion-item\">\n\t\t<a id=\"accordion-1571200708-label\" class=\"accordion-title plain\" href=\"#accordion-item-new-flavors\" aria-expanded=\"false\" aria-controls=\"accordion-1571200708-content\">\n\t\t\t<button class=\"toggle\" aria-label=\"P\u0159epnout\"><i class=\"icon-angle-down\" aria-hidden=\"true\"><\/i><\/button>\n\t\t\t<span>New Flavors<\/span>\n\t\t<\/a>\n\t\t<div id=\"accordion-1571200708-content\" class=\"accordion-inner\" aria-labelledby=\"accordion-1571200708-label\">\n\t\t\t\n<table width=\"295\">\n<tbody>\n<tr>\n<td width=\"295\">Black Dragon Ice<\/td>\n<\/tr>\n<tr>\n<td>Blue Razz Ice<\/td>\n<\/tr>\n<tr>\n<td>Bor\u016fvkov\u00fd led<\/td>\n<\/tr>\n<tr>\n<td>Cola Ice<\/td>\n<\/tr>\n<tr>\n<td>Energie<\/td>\n<\/tr>\n<tr>\n<td>Gumov\u00fd medv\u00eddek<\/td>\n<\/tr>\n<tr>\n<td>Kiwi Mu\u010denka Ovoce Guava<\/td>\n<\/tr>\n<tr>\n<td>Mango Peach<\/td>\n<\/tr>\n<tr>\n<td>Mexican Mango Ice<\/td>\n<\/tr>\n<tr>\n<td>Mincovna Miami<\/td>\n<\/tr>\n<tr>\n<td>Sm\u00ed\u0161en\u00e9 bobule<\/td>\n<\/tr>\n<tr>\n<td>Orange Juice<\/td>\n<\/tr>\n<tr>\n<td>Broskvov\u00fd led<\/td>\n<\/tr>\n<tr>\n<td>Sakura Grape<\/td>\n<\/tr>\n<tr>\n<td>Kysel\u00e9 jablko malina<\/td>\n<\/tr>\n<tr>\n<td>Jahodov\u00fd ban\u00e1n<\/td>\n<\/tr>\n<tr>\n<td>Jahodov\u00e1 zmrzlina<\/td>\n<\/tr>\n<tr>\n<td>Jahodov\u00e9 kiwi<\/td>\n<\/tr>\n<tr>\n<td>Jahodov\u00e9 mango<\/td>\n<\/tr>\n<tr>\n<td>Jahodov\u00fd meloun<\/td>\n<\/tr>\n<tr>\n<td>Trojit\u00fd led z bobul\u00ed<\/td>\n<\/tr>\n<tr>\n<td>Tropick\u00fd duhov\u00fd v\u00fdbuch<\/td>\n<\/tr>\n<tr>\n<td>Melounov\u00e1 \u017ev\u00fdka\u010dka<\/td>\n<\/tr>\n<tr>\n<td>Melounov\u00fd led<\/td>\n<\/tr>\n<\/tbody>\n<\/table>\n\t\t<\/div>\n\t<\/div>\n\t\n<\/div>","protected":false},"excerpt":{"rendered":"[scf-template id=&#8217;11434&#8242;]\n<p>This product is recently out of stock, please click the link below to order another similar product!<\/p>\n<p>https:\/\/www.vape4wholesale.com\/product\/bang-bc5000-disposable-vape-wholesale<\/p>\n","protected":false},"featured_media":14135,"comment_status":"open","ping_status":"closed","template":"","meta":[],"pwb-brand":[1275],"product_cat":[869],"product_tag":[22,24,189,249,285],"class_list":{"0":"post-14107","1":"product","2":"type-product","3":"status-publish","4":"has-post-thumbnail","6":"pwb-brand-bang","7":"product_cat-5000-8000-puffs","8":"product_tag-disposable","9":"product_tag-wholesale","10":"product_tag-5000-puffs","11":"product_tag-bang","12":"product_tag-13-0ml","13":"wcpa_has_options","15":"first","16":"outofstock","17":"shipping-taxable","18":"purchasable","19":"product-type-variable"},"aioseo_notices":[],"brands":[{"id":1275,"name":"Bang","slug":"bang"}],"_links":{"self":[{"href":"https:\/\/www.vape4wholesale.com\/cs\/wp-json\/wp\/v2\/product\/14107","targetHints":{"allow":["GET"]}}],"collection":[{"href":"https:\/\/www.vape4wholesale.com\/cs\/wp-json\/wp\/v2\/product"}],"about":[{"href":"https:\/\/www.vape4wholesale.com\/cs\/wp-json\/wp\/v2\/types\/product"}],"replies":[{"embeddable":true,"href":"https:\/\/www.vape4wholesale.com\/cs\/wp-json\/wp\/v2\/comments?post=14107"}],"wp:featuredmedia":[{"embeddable":true,"href":"https:\/\/www.vape4wholesale.com\/cs\/wp-json\/wp\/v2\/media\/14135"}],"wp:attachment":[{"href":"https:\/\/www.vape4wholesale.com\/cs\/wp-json\/wp\/v2\/media?parent=14107"}],"wp:term":[{"taxonomy":"pwb-brand","embeddable":true,"href":"https:\/\/www.vape4wholesale.com\/cs\/wp-json\/wp\/v2\/pwb-brand?post=14107"},{"taxonomy":"product_cat","embeddable":true,"href":"https:\/\/www.vape4wholesale.com\/cs\/wp-json\/wp\/v2\/product_cat?post=14107"},{"taxonomy":"product_tag","embeddable":true,"href":"https:\/\/www.vape4wholesale.com\/cs\/wp-json\/wp\/v2\/product_tag?post=14107"}],"curies":[{"name":"wp","href":"https:\/\/api.w.org\/{rel}","templated":true}]}}