{"id":14081,"date":"2023-08-13T11:17:36","date_gmt":"2023-08-13T03:17:36","guid":{"rendered":"https:\/\/www.vape4wholesale.com\/?post_type=product&#038;p=14081"},"modified":"2026-01-26T13:42:29","modified_gmt":"2026-01-26T13:42:29","slug":"elf-bar-cr5000-jednorazovy-vape-velkoobchod","status":"publish","type":"product","link":"https:\/\/www.vape4wholesale.com\/cs\/product\/elf-bar-cr5000-disposable-vape-wholesale","title":{"rendered":"Elf Bar CR5000 Jednor\u00e1zov\u00fd velkoobchod s vapem"},"content":{"rendered":"<p>Jednor\u00e1zov\u00fd vape Elf Bar CR5000, kter\u00fd je nap\u00e1jen vestav\u011bnou bateri\u00ed 650 mAh. Hladk\u00fd povrch v elegantn\u00edm tvaru nab\u00edz\u00ed pohodln\u00e9 dr\u017een\u00ed v \u00fastech a vynikaj\u00edc\u00ed \u00fachop. Mesh spir\u00e1lka p\u0159in\u00e1\u0161\u00ed extr\u00e9mn\u00ed zv\u00fdrazn\u011bn\u00ed chuti a boostuje a\u017e na 5000 potah\u016f s nab\u00edjen\u00edm typu C.<\/p>\n<h2><strong>Elf Bar CR5000 Performance<\/strong><\/h2>\n<p>ELFBAR CR5000 je vybaven vysokokapacitn\u00ed bateri\u00ed, kter\u00e1 zaji\u0161\u0165uje dlouhotrvaj\u00edc\u00ed vaping. A\u0165 u\u017e jste p\u0159\u00edle\u017eitostn\u00fd vaper, nebo n\u011bkdo, kdo r\u00e1d vapuje po cel\u00fd den, toto za\u0159\u00edzen\u00ed v\u00e1s pokryje. V\u00fdkonn\u00e1 baterie tak\u00e9 zaji\u0161\u0165uje konzistentn\u00ed v\u00fdkon, kter\u00fd p\u0159in\u00e1\u0161\u00ed plynul\u00fd a uspokojiv\u00fd z\u00e1\u017eitek z vapov\u00e1n\u00ed p\u0159i ka\u017ed\u00e9m potahu.<\/p>\n<h2>Pohodl\u00ed na nejvy\u0161\u0161\u00ed \u00farovni<\/h2>\n<p>Jednou z v\u00fdrazn\u00fdch vlastnost\u00ed ELFBAR CR5000 je jeho jednor\u00e1zov\u00fd charakter. Nemus\u00edte se starat o dopl\u0148ov\u00e1n\u00ed e-liquidu nebo v\u00fdm\u011bnu spir\u00e1lek. Za\u0159\u00edzen\u00ed jednodu\u0161e pou\u017e\u00edvejte, dokud se nevybije baterie nebo nedojde e-liquid, a pot\u00e9 jej zodpov\u011bdn\u011b zlikvidujte. D\u00edky tomu je ide\u00e1ln\u00ed volbou pro vapery, kte\u0159\u00ed jsou neust\u00e1le na cest\u00e1ch, nebo pro ty, kte\u0159\u00ed d\u00e1vaj\u00ed p\u0159ednost bezprobl\u00e9mov\u00e9mu vapov\u00e1n\u00ed.<\/p>\n<h2>Jedine\u010dn\u00e9 mo\u017enosti p\u0159\u00edchut\u00ed<\/h2>\n<p>ELFBAR CR5000 nab\u00edz\u00ed \u0161irokou \u0161k\u00e1lu lahodn\u00fdch chut\u00ed, kter\u00e9 uspokoj\u00ed ka\u017ed\u00fd jaz\u00fd\u010dek. Od ovocn\u00fdch p\u0159\u00edchut\u00ed, jako je mango a jahoda, a\u017e po klasick\u00e9 tab\u00e1kov\u00e9 a mentolov\u00e9 varianty - ka\u017ed\u00fd si najde n\u011bco pro sebe. Ka\u017ed\u00e1 p\u0159\u00edchu\u0165 je pe\u010dliv\u011b vytvo\u0159ena tak, aby poskytovala autentick\u00fd a p\u0159\u00edjemn\u00fd z\u00e1\u017eitek z vapov\u00e1n\u00ed.<\/p>\n<h2>Kompaktn\u00ed a stylov\u00fd design<\/h2>\n<p>ELFBAR CR5000 se m\u016f\u017ee pochlubit tenk\u00fdm a kompaktn\u00edm designem, d\u00edky kter\u00e9mu jej m\u016f\u017eete snadno nosit v kapse nebo ta\u0161ce. Jej\u00ed elegantn\u00ed a modern\u00ed vzhled dod\u00e1 va\u0161emu vapov\u00e1n\u00ed n\u00e1dech stylu. A\u0165 u\u017e jste venku s p\u0159\u00e1teli, nebo cestujete, toto za\u0159\u00edzen\u00ed je pohodln\u00e9 i m\u00f3dn\u00ed.<\/p>\n<h2>Z\u00e1v\u011br<\/h2>\n<p>Pokud hled\u00e1te v\u00fdkonn\u00fd, pohodln\u00fd a stylov\u00fd jednor\u00e1zov\u00fd vape, ELFBAR CR5000 je ide\u00e1ln\u00ed volbou. D\u00edky baterii s dlouhou v\u00fddr\u017e\u00ed, \u0161irok\u00e9 \u0161k\u00e1le p\u0159\u00edchut\u00ed a elegantn\u00edmu designu nab\u00edz\u00ed v\u0161e, co pot\u0159ebujete pro p\u0159\u00edjemn\u00fd z\u00e1\u017eitek z vapov\u00e1n\u00ed. Vyzkou\u0161ejte ELFBAR CR5000 je\u0161t\u011b dnes a objevte novou \u00farove\u0148 uspokojen\u00ed z vapov\u00e1n\u00ed.<\/p>\n<p>&nbsp;<\/p>\n<h2><strong>Elf Bar CR5000 Vlastnosti:<\/strong><\/h2>\n<ul>\n<li><strong>Kapacita e-liquidu:<\/strong>\u00a013,5 ml p\u0159edpln\u011bn\u00e9 n\u00e1pln\u011b<\/li>\n<li><strong>Koncentrace nikotinu<\/strong>: 5%<\/li>\n<li><strong>Po\u010det puf\u016f:<\/strong>\u00a0P\u0159ibli\u017en\u011b 5000 puff\u016f<\/li>\n<li>Dob\u00edjec\u00ed<\/li>\n<li><strong>Kapacita batyterie:<\/strong>\u00a0650 mAh<\/li>\n<li><strong>Typ USB:<\/strong>\u00a0Typ c<\/li>\n<li><strong>Topn\u00e9 t\u011bleso:<\/strong>\u00a0S\u00ed\u0165ov\u00e1 c\u00edvka<\/li>\n<li>K\u0159i\u0161\u0165\u00e1lov\u011b \u010dist\u00fd design<\/li>\n<\/ul>\n<h2><strong>Elf Bar CR5000 P\u0159\u00edchut\u011b:<\/strong><\/h2>\n<ul>\n<li>Meloun<\/li>\n<li>Jahodov\u00e9 mango<\/li>\n<li>Jahodov\u00e1 zmrzlina<\/li>\n<li>Malinov\u00fd meloun<\/li>\n<li>Broskvov\u00fd jahodov\u00fd meloun<\/li>\n<li>Broskvov\u00fd led<\/li>\n<li>Mango Ice<\/li>\n<li>Kiwi Mu\u010denka Ovoce Guava<\/li>\n<li>Brusinka Hroznov\u00e9 v\u00edno<\/li>\n<li>T\u0159e\u0161\u0148ov\u00fd citron<\/li>\n<li>Bor\u016fvka malina gran\u00e1tov\u00e9 jablko<\/li>\n<li>Limon\u00e1da Blue Razz<\/li>\n<\/ul>","protected":false},"excerpt":{"rendered":"[scf-template id=&#8217;11434&#8242;]\n","protected":false},"featured_media":14095,"comment_status":"open","ping_status":"closed","template":"","meta":[],"pwb-brand":[1278],"product_cat":[869],"product_tag":[22,24,60,189,515],"class_list":{"0":"post-14081","1":"product","2":"type-product","3":"status-publish","4":"has-post-thumbnail","6":"pwb-brand-elf-bar","7":"product_cat-5000-8000-puffs","8":"product_tag-disposable","9":"product_tag-wholesale","10":"product_tag-elf-bar","11":"product_tag-5000-puffs","12":"product_tag-13-5ml","14":"first","15":"outofstock","16":"shipping-taxable","17":"purchasable","18":"product-type-variable"},"aioseo_notices":[],"brands":[{"id":1278,"name":"Elf\u00ed bar","slug":"elfi-bar"}],"_links":{"self":[{"href":"https:\/\/www.vape4wholesale.com\/cs\/wp-json\/wp\/v2\/product\/14081","targetHints":{"allow":["GET"]}}],"collection":[{"href":"https:\/\/www.vape4wholesale.com\/cs\/wp-json\/wp\/v2\/product"}],"about":[{"href":"https:\/\/www.vape4wholesale.com\/cs\/wp-json\/wp\/v2\/types\/product"}],"replies":[{"embeddable":true,"href":"https:\/\/www.vape4wholesale.com\/cs\/wp-json\/wp\/v2\/comments?post=14081"}],"wp:featuredmedia":[{"embeddable":true,"href":"https:\/\/www.vape4wholesale.com\/cs\/wp-json\/wp\/v2\/media\/14095"}],"wp:attachment":[{"href":"https:\/\/www.vape4wholesale.com\/cs\/wp-json\/wp\/v2\/media?parent=14081"}],"wp:term":[{"taxonomy":"pwb-brand","embeddable":true,"href":"https:\/\/www.vape4wholesale.com\/cs\/wp-json\/wp\/v2\/pwb-brand?post=14081"},{"taxonomy":"product_cat","embeddable":true,"href":"https:\/\/www.vape4wholesale.com\/cs\/wp-json\/wp\/v2\/product_cat?post=14081"},{"taxonomy":"product_tag","embeddable":true,"href":"https:\/\/www.vape4wholesale.com\/cs\/wp-json\/wp\/v2\/product_tag?post=14081"}],"curies":[{"name":"wp","href":"https:\/\/api.w.org\/{rel}","templated":true}]}}