{"id":13984,"date":"2023-07-06T00:00:58","date_gmt":"2023-07-05T16:00:58","guid":{"rendered":"https:\/\/www.vape4wholesale.com\/?post_type=product&#038;p=13984"},"modified":"2026-01-26T13:42:31","modified_gmt":"2026-01-26T13:42:31","slug":"bang-king-12000-puffs-jednorazovy-vape-velkoobchod","status":"publish","type":"product","link":"https:\/\/www.vape4wholesale.com\/cs\/product\/bang-king-12000-puffs-disposable-vape-wholesale","title":{"rendered":"Bang King 12000 Puffs Jednor\u00e1zov\u00e9 Vape Velkoobchod"},"content":{"rendered":"<p>Bang King 12000 je solidn\u00ed a obrovsk\u00fd jednor\u00e1zov\u00fd vape, kter\u00fd si z\u00edskal oblibu d\u00edky mimo\u0159\u00e1dn\u00e9 kapacit\u011b, chu\u0165ov\u00e9mu v\u00fdkonu a \u0161irok\u00e9mu v\u00fdb\u011bru smysl\u016f. Mnoho fanou\u0161k\u016f pova\u017euje zna\u010dku Bang Vape za tu, kter\u00e1 nab\u00edz\u00ed jedny z nejlep\u0161\u00edch smysl\u016f na trhu.<\/p>\n<p>Bang King 12000 nab\u00edz\u00ed celou \u0159adu 10 p\u0159\u00edchut\u00ed, kter\u00e9 jsou k dispozici ve variant\u00e1ch 5%, 3% a 0%. a Bang King 12000 m\u00e1 \u00fa\u017easnou kapacitu e-liquidu 23 ml a a\u017e 12000 potah\u016f. Toto za\u0159\u00edzen\u00ed je poh\u00e1n\u011bno recyklovatelnou bateri\u00ed o kapacit\u011b 650 mAh, kter\u00e1 spou\u0161t\u00ed vysoce v\u00fdkonn\u00fd syst\u00e9m mesh-coil.<\/p>\n<h2><strong>Bang King 12000 Puffs Jednor\u00e1zov\u00e9 Vape Specifikace<\/strong><\/h2>\n<ul>\n<li>Pufy: A\u017e 12000<\/li>\n<li>Kapalina: 23 ml<\/li>\n<li>Nikotin: 0%\/ 3%\/ 5%<\/li>\n<li>Baterie: 650mAh Type-C<\/li>\n<li>Typy: na jedno pou\u017eit\u00ed<\/li>\n<li>Hmotnost: 110 g\/kus<\/li>\n<li>Krabice na balen\u00ed: Balen\u00ed: 10 kus\u016f\/krabice<\/li>\n<\/ul>\n<p>&nbsp;<\/p>\n<div>\n<div class=\"wmkc-template-12\">\n<h2 class=\"wmkc-white\"><strong>Produkty P\u0159\u00edchut\u011b<\/strong><\/h2>\n<\/div>\n<ol>\n<li>Ananasov\u00fd kokosov\u00fd led<\/li>\n<li>Melounov\u00e1 \u017ev\u00fdka\u010dka<\/li>\n<li>Trojit\u00fd bobulov\u00fd led<\/li>\n<li>Broskvov\u00fd led<\/li>\n<li>Gran\u00e1tov\u00e9 jablko<\/li>\n<li>Blue razz ice<\/li>\n<li>Jahodov\u00fd meloun<\/li>\n<li>Melounov\u00e1 m\u00e1ta<\/li>\n<li>Duhov\u00fd \u0161erbet<\/li>\n<li>jahodov\u00e9 mango<\/li>\n<\/ol>\n<h2><strong>Podrobnosti o balen\u00ed<\/strong><\/h2>\n<ul>\n<li>10 kus\u016f \/ zobrazovac\u00ed box<\/li>\n<li>200 ks\/ hlavn\u00ed karton\/ 24 kg<\/li>\n<\/ul>\n<p><img loading=\"lazy\" decoding=\"async\" class=\"alignnone size-full wp-image-13993\" title=\"Bang King 12000 Puffs Vape na jedno pou\u017eit\u00ed\" src=\"https:\/\/www.vape4wholesale.com\/wp-content\/uploads\/2023\/07\/Bang-King-12000-Puffs-Disposable-Vape.jpg\" alt=\"Bang King 12000 Puffs Vape na jedno pou\u017eit\u00ed\" width=\"1707\" height=\"1280\" srcset=\"https:\/\/www.vape4wholesale.com\/wp-content\/uploads\/2023\/07\/Bang-King-12000-Puffs-Disposable-Vape.jpg 1707w, https:\/\/www.vape4wholesale.com\/wp-content\/uploads\/2023\/07\/Bang-King-12000-Puffs-Disposable-Vape-510x382.jpg 510w, https:\/\/www.vape4wholesale.com\/wp-content\/uploads\/2023\/07\/Bang-King-12000-Puffs-Disposable-Vape-64x48.jpg 64w, https:\/\/www.vape4wholesale.com\/wp-content\/uploads\/2023\/07\/Bang-King-12000-Puffs-Disposable-Vape-300x225.jpg 300w, https:\/\/www.vape4wholesale.com\/wp-content\/uploads\/2023\/07\/Bang-King-12000-Puffs-Disposable-Vape-1024x768.jpg 1024w, https:\/\/www.vape4wholesale.com\/wp-content\/uploads\/2023\/07\/Bang-King-12000-Puffs-Disposable-Vape-768x576.jpg 768w, https:\/\/www.vape4wholesale.com\/wp-content\/uploads\/2023\/07\/Bang-King-12000-Puffs-Disposable-Vape-1536x1152.jpg 1536w\" sizes=\"auto, (max-width: 1707px) 100vw, 1707px\" \/><\/p>\n<\/div>","protected":false},"excerpt":{"rendered":"[scf-template id=&#8217;11434&#8242;]\n","protected":false},"featured_media":13992,"comment_status":"open","ping_status":"closed","template":"","meta":[],"pwb-brand":[1275],"product_cat":[869],"product_tag":[556,557,22,24,249],"class_list":{"0":"post-13984","1":"product","2":"type-product","3":"status-publish","4":"has-post-thumbnail","6":"pwb-brand-bang","7":"product_cat-5000-8000-puffs","8":"product_tag-12000-puffs","9":"product_tag-23-0ml","10":"product_tag-disposable","11":"product_tag-wholesale","12":"product_tag-bang","13":"wcpa_has_options","15":"first","16":"outofstock","17":"shipping-taxable","18":"purchasable","19":"product-type-variable"},"aioseo_notices":[],"brands":[{"id":1275,"name":"Bang","slug":"bang"}],"_links":{"self":[{"href":"https:\/\/www.vape4wholesale.com\/cs\/wp-json\/wp\/v2\/product\/13984","targetHints":{"allow":["GET"]}}],"collection":[{"href":"https:\/\/www.vape4wholesale.com\/cs\/wp-json\/wp\/v2\/product"}],"about":[{"href":"https:\/\/www.vape4wholesale.com\/cs\/wp-json\/wp\/v2\/types\/product"}],"replies":[{"embeddable":true,"href":"https:\/\/www.vape4wholesale.com\/cs\/wp-json\/wp\/v2\/comments?post=13984"}],"wp:featuredmedia":[{"embeddable":true,"href":"https:\/\/www.vape4wholesale.com\/cs\/wp-json\/wp\/v2\/media\/13992"}],"wp:attachment":[{"href":"https:\/\/www.vape4wholesale.com\/cs\/wp-json\/wp\/v2\/media?parent=13984"}],"wp:term":[{"taxonomy":"pwb-brand","embeddable":true,"href":"https:\/\/www.vape4wholesale.com\/cs\/wp-json\/wp\/v2\/pwb-brand?post=13984"},{"taxonomy":"product_cat","embeddable":true,"href":"https:\/\/www.vape4wholesale.com\/cs\/wp-json\/wp\/v2\/product_cat?post=13984"},{"taxonomy":"product_tag","embeddable":true,"href":"https:\/\/www.vape4wholesale.com\/cs\/wp-json\/wp\/v2\/product_tag?post=13984"}],"curies":[{"name":"wp","href":"https:\/\/api.w.org\/{rel}","templated":true}]}}