{"id":11049,"date":"2023-06-23T21:01:55","date_gmt":"2023-06-23T13:01:55","guid":{"rendered":"https:\/\/www.vape4wholesale.com\/?post_type=product&#038;p=11049"},"modified":"2026-01-26T13:42:35","modified_gmt":"2026-01-26T13:42:35","slug":"randm-vome-monster-10000-vape-velkoobchod","status":"publish","type":"product","link":"https:\/\/www.vape4wholesale.com\/cs\/product\/randm-vome-monster-10000-vape-wholesale","title":{"rendered":"RandM Vome Monster 10000 Vape Wholesale"},"content":{"rendered":"<p><strong><a href=\"https:\/\/www.vape4wholesale.com\/cs\/product_brand\/randm\/\">RandM<\/a> Vome Monster 10000 <\/strong>je dvouvrstv\u00e9 pouzdro navr\u017een\u00e9 jako p\u011bkn\u00e9 jednor\u00e1zov\u00e9 vape za\u0159\u00edzen\u00ed s funkc\u00ed \u0159\u00edzen\u00ed pr\u016ftoku vzduchu a je dob\u00edjec\u00ed. m\u00e1 na v\u00fdb\u011br r\u016fzn\u00e9 s\u00edly nikotinu (0 mg, 20 mg, 30 mg a 50 mg), kapacita eliquidu je 20 ml a podporuje max. 10000 \u0161luk\u016f.<\/p>\n<p>Na v\u00fdb\u011br m\u00e1te 12 p\u0159\u00edchut\u00ed. Regulace pr\u016ftoku vzduchu v\u00e1m umo\u017en\u00ed vybrat si nejlep\u0161\u00ed m\u00edsto, kter\u00e9 v\u00e1m bude vyhovovat, a nav\u00edc je vybaven dob\u00edjec\u00edm portem typu C na zadn\u00ed stran\u011b za\u0159\u00edzen\u00ed, kter\u00fd v\u00e1m zaru\u010d\u00ed, \u017ee v n\u00e1dr\u017ece v\u017edy do\u010derp\u00e1te posledn\u00ed kapku ejuice.<\/p>\n<p>Vome je d\u00edl\u010d\u00ed zna\u010dka Randm vape, jej\u00ed\u017e p\u0159id\u00e1n\u00ed umo\u017e\u0148uje Randm m\u00edt mnohem v\u00edce produkt\u016f.<\/p>\n<h2>RandM Vome Monster 10000 Puffs Jednor\u00e1zov\u00e9 funkce<\/h2>\n<ul>\n<li>0%\/ 2%\/ 3%\/ 5% Nikotinov\u00e1 s\u016fl<\/li>\n<li>20ML E-liquidu<\/li>\n<li>\u0158\u00edzen\u00ed proud\u011bn\u00ed vzduchu<\/li>\n<li>S\u00ed\u0165ov\u00e1 c\u00edvka<\/li>\n<li>Dob\u00edjec\u00ed baterie<\/li>\n<li>Integrovan\u00e1 baterie 850 mAh<\/li>\n<li>12 dostupn\u00fdch p\u0159\u00edchut\u00ed<\/li>\n<li>10 kus\u016f v krabi\u010dce<\/li>\n<li>240 ks v kartonu<\/li>\n<\/ul>\n<h2>Dostupn\u00e9 p\u0159\u00edchut\u011b<\/h2>\n<ol>\n<li>Sv\u011b\u017e\u00ed led<\/li>\n<li>Cool Mint<\/li>\n<li>Sm\u00ed\u0161en\u00e9 bobule<\/li>\n<li>Hroznov\u00fd led<\/li>\n<li>Broskvov\u00e9 mango<\/li>\n<li>Bor\u016fvkov\u00fd led<\/li>\n<li>Duhov\u00e9 bonbony<\/li>\n<li>Jahodov\u00fd meloun<\/li>\n<li>Jahodov\u00fd donut<\/li>\n<li>Vesel\u00e1 Cola<\/li>\n<li>R\u016f\u017eov\u00e1 limon\u00e1da<\/li>\n<li>Kiwi mu\u010denka guava<\/li>\n<\/ol>\n<p><img loading=\"lazy\" decoding=\"async\" class=\"alignnone size-full wp-image-11491\" title=\"Randm Vome Monster 10000 Puffs Vape Wholesale\" src=\"https:\/\/www.vape4wholesale.com\/wp-content\/uploads\/2023\/06\/Randm-Vome-Monster-10000-Puffs-Vape-Wholesale.jpg\" alt=\"Randm Vome Monster 10000 Puffs Vape Wholesale\" width=\"590\" height=\"539\" srcset=\"https:\/\/www.vape4wholesale.com\/wp-content\/uploads\/2023\/06\/Randm-Vome-Monster-10000-Puffs-Vape-Wholesale.jpg 590w, https:\/\/www.vape4wholesale.com\/wp-content\/uploads\/2023\/06\/Randm-Vome-Monster-10000-Puffs-Vape-Wholesale-510x466.jpg 510w, https:\/\/www.vape4wholesale.com\/wp-content\/uploads\/2023\/06\/Randm-Vome-Monster-10000-Puffs-Vape-Wholesale-64x58.jpg 64w, https:\/\/www.vape4wholesale.com\/wp-content\/uploads\/2023\/06\/Randm-Vome-Monster-10000-Puffs-Vape-Wholesale-300x274.jpg 300w\" sizes=\"auto, (max-width: 590px) 100vw, 590px\" \/> <img loading=\"lazy\" decoding=\"async\" class=\"alignnone size-full wp-image-11492\" title=\"Strawberry Watermelon Randm Vome Monster Vape 10000 Puffs\" src=\"https:\/\/www.vape4wholesale.com\/wp-content\/uploads\/2023\/06\/Strawberry-Watermelon-Randm-Vome-Monster-Vape-10000-Puffs.jpg\" alt=\"Strawberry Watermelon Randm Vome Monster Vape 10000 Puffs\" width=\"590\" height=\"590\" srcset=\"https:\/\/www.vape4wholesale.com\/wp-content\/uploads\/2023\/06\/Strawberry-Watermelon-Randm-Vome-Monster-Vape-10000-Puffs.jpg 590w, https:\/\/www.vape4wholesale.com\/wp-content\/uploads\/2023\/06\/Strawberry-Watermelon-Randm-Vome-Monster-Vape-10000-Puffs-247x247.jpg 247w, https:\/\/www.vape4wholesale.com\/wp-content\/uploads\/2023\/06\/Strawberry-Watermelon-Randm-Vome-Monster-Vape-10000-Puffs-100x100.jpg 100w, https:\/\/www.vape4wholesale.com\/wp-content\/uploads\/2023\/06\/Strawberry-Watermelon-Randm-Vome-Monster-Vape-10000-Puffs-510x510.jpg 510w, https:\/\/www.vape4wholesale.com\/wp-content\/uploads\/2023\/06\/Strawberry-Watermelon-Randm-Vome-Monster-Vape-10000-Puffs-64x64.jpg 64w, https:\/\/www.vape4wholesale.com\/wp-content\/uploads\/2023\/06\/Strawberry-Watermelon-Randm-Vome-Monster-Vape-10000-Puffs-300x300.jpg 300w, https:\/\/www.vape4wholesale.com\/wp-content\/uploads\/2023\/06\/Strawberry-Watermelon-Randm-Vome-Monster-Vape-10000-Puffs-150x150.jpg 150w\" sizes=\"auto, (max-width: 590px) 100vw, 590px\" \/> <img loading=\"lazy\" decoding=\"async\" class=\"alignnone size-full wp-image-11493\" title=\"Strawbery Donut Randm Vome Monster Vape 10000 Puffs\" src=\"https:\/\/www.vape4wholesale.com\/wp-content\/uploads\/2023\/06\/Strawbery-Donut-Randm-Vome-Monster-Vape-10000-Puffs.jpg\" alt=\"Strawbery Donut Randm Vome Monster Vape 10000 Puffs\" width=\"590\" height=\"590\" srcset=\"https:\/\/www.vape4wholesale.com\/wp-content\/uploads\/2023\/06\/Strawbery-Donut-Randm-Vome-Monster-Vape-10000-Puffs.jpg 590w, https:\/\/www.vape4wholesale.com\/wp-content\/uploads\/2023\/06\/Strawbery-Donut-Randm-Vome-Monster-Vape-10000-Puffs-247x247.jpg 247w, https:\/\/www.vape4wholesale.com\/wp-content\/uploads\/2023\/06\/Strawbery-Donut-Randm-Vome-Monster-Vape-10000-Puffs-100x100.jpg 100w, https:\/\/www.vape4wholesale.com\/wp-content\/uploads\/2023\/06\/Strawbery-Donut-Randm-Vome-Monster-Vape-10000-Puffs-510x510.jpg 510w, https:\/\/www.vape4wholesale.com\/wp-content\/uploads\/2023\/06\/Strawbery-Donut-Randm-Vome-Monster-Vape-10000-Puffs-64x64.jpg 64w, https:\/\/www.vape4wholesale.com\/wp-content\/uploads\/2023\/06\/Strawbery-Donut-Randm-Vome-Monster-Vape-10000-Puffs-300x300.jpg 300w, https:\/\/www.vape4wholesale.com\/wp-content\/uploads\/2023\/06\/Strawbery-Donut-Randm-Vome-Monster-Vape-10000-Puffs-150x150.jpg 150w\" sizes=\"auto, (max-width: 590px) 100vw, 590px\" \/> <img loading=\"lazy\" decoding=\"async\" class=\"alignnone size-full wp-image-11483\" title=\"Hroznov\u00fd led Randm Vome Monster Vape 10000 Puffs\" src=\"https:\/\/www.vape4wholesale.com\/wp-content\/uploads\/2023\/06\/Grape-Ice-Randm-Vome-Monster-Vape-10000-Puffs.jpg\" alt=\"Hroznov\u00fd led Randm Vome Monster Vape 10000 Puffs\" width=\"590\" height=\"590\" srcset=\"https:\/\/www.vape4wholesale.com\/wp-content\/uploads\/2023\/06\/Grape-Ice-Randm-Vome-Monster-Vape-10000-Puffs.jpg 590w, https:\/\/www.vape4wholesale.com\/wp-content\/uploads\/2023\/06\/Grape-Ice-Randm-Vome-Monster-Vape-10000-Puffs-247x247.jpg 247w, https:\/\/www.vape4wholesale.com\/wp-content\/uploads\/2023\/06\/Grape-Ice-Randm-Vome-Monster-Vape-10000-Puffs-100x100.jpg 100w, https:\/\/www.vape4wholesale.com\/wp-content\/uploads\/2023\/06\/Grape-Ice-Randm-Vome-Monster-Vape-10000-Puffs-510x510.jpg 510w, https:\/\/www.vape4wholesale.com\/wp-content\/uploads\/2023\/06\/Grape-Ice-Randm-Vome-Monster-Vape-10000-Puffs-64x64.jpg 64w, https:\/\/www.vape4wholesale.com\/wp-content\/uploads\/2023\/06\/Grape-Ice-Randm-Vome-Monster-Vape-10000-Puffs-300x300.jpg 300w, https:\/\/www.vape4wholesale.com\/wp-content\/uploads\/2023\/06\/Grape-Ice-Randm-Vome-Monster-Vape-10000-Puffs-150x150.jpg 150w\" sizes=\"auto, (max-width: 590px) 100vw, 590px\" \/> <img loading=\"lazy\" decoding=\"async\" class=\"alignnone size-full wp-image-11482\" title=\"Cool Mint Randm Vome Monster Vape 10000 Puffs\" src=\"https:\/\/www.vape4wholesale.com\/wp-content\/uploads\/2023\/06\/Cool-Mint-Randm-Vome-Monster-Vape-10000-Puffs.jpg\" alt=\"Cool Mint Randm Vome Monster Vape 10000 Puffs\" width=\"590\" height=\"590\" srcset=\"https:\/\/www.vape4wholesale.com\/wp-content\/uploads\/2023\/06\/Cool-Mint-Randm-Vome-Monster-Vape-10000-Puffs.jpg 590w, https:\/\/www.vape4wholesale.com\/wp-content\/uploads\/2023\/06\/Cool-Mint-Randm-Vome-Monster-Vape-10000-Puffs-247x247.jpg 247w, https:\/\/www.vape4wholesale.com\/wp-content\/uploads\/2023\/06\/Cool-Mint-Randm-Vome-Monster-Vape-10000-Puffs-100x100.jpg 100w, https:\/\/www.vape4wholesale.com\/wp-content\/uploads\/2023\/06\/Cool-Mint-Randm-Vome-Monster-Vape-10000-Puffs-510x510.jpg 510w, https:\/\/www.vape4wholesale.com\/wp-content\/uploads\/2023\/06\/Cool-Mint-Randm-Vome-Monster-Vape-10000-Puffs-64x64.jpg 64w, https:\/\/www.vape4wholesale.com\/wp-content\/uploads\/2023\/06\/Cool-Mint-Randm-Vome-Monster-Vape-10000-Puffs-300x300.jpg 300w, https:\/\/www.vape4wholesale.com\/wp-content\/uploads\/2023\/06\/Cool-Mint-Randm-Vome-Monster-Vape-10000-Puffs-150x150.jpg 150w\" sizes=\"auto, (max-width: 590px) 100vw, 590px\" \/> <img loading=\"lazy\" decoding=\"async\" class=\"alignnone size-full wp-image-11481\" title=\"Cherry Cola Randm Vome Monster Vape 10000 Puffs\" src=\"https:\/\/www.vape4wholesale.com\/wp-content\/uploads\/2023\/06\/Cherry-Cola-Randm-Vome-Monster-Vape-10000-Puffs.jpg\" alt=\"Cherry Cola Randm Vome Monster Vape 10000 Puffs\" width=\"590\" height=\"590\" srcset=\"https:\/\/www.vape4wholesale.com\/wp-content\/uploads\/2023\/06\/Cherry-Cola-Randm-Vome-Monster-Vape-10000-Puffs.jpg 590w, https:\/\/www.vape4wholesale.com\/wp-content\/uploads\/2023\/06\/Cherry-Cola-Randm-Vome-Monster-Vape-10000-Puffs-247x247.jpg 247w, https:\/\/www.vape4wholesale.com\/wp-content\/uploads\/2023\/06\/Cherry-Cola-Randm-Vome-Monster-Vape-10000-Puffs-100x100.jpg 100w, https:\/\/www.vape4wholesale.com\/wp-content\/uploads\/2023\/06\/Cherry-Cola-Randm-Vome-Monster-Vape-10000-Puffs-510x510.jpg 510w, https:\/\/www.vape4wholesale.com\/wp-content\/uploads\/2023\/06\/Cherry-Cola-Randm-Vome-Monster-Vape-10000-Puffs-64x64.jpg 64w, https:\/\/www.vape4wholesale.com\/wp-content\/uploads\/2023\/06\/Cherry-Cola-Randm-Vome-Monster-Vape-10000-Puffs-300x300.jpg 300w, https:\/\/www.vape4wholesale.com\/wp-content\/uploads\/2023\/06\/Cherry-Cola-Randm-Vome-Monster-Vape-10000-Puffs-150x150.jpg 150w\" sizes=\"auto, (max-width: 590px) 100vw, 590px\" \/> <img loading=\"lazy\" decoding=\"async\" class=\"alignnone size-full wp-image-11489\" title=\"Rainbow Candy Randm Vome Monster Vape 10000 Puffs\" src=\"https:\/\/www.vape4wholesale.com\/wp-content\/uploads\/2023\/06\/Rainbow-Candy-Randm-Vome-Monster-Vape-10000-Puffs.jpg\" alt=\"Rainbow Candy Randm Vome Monster Vape 10000 Puffs\" width=\"590\" height=\"590\" srcset=\"https:\/\/www.vape4wholesale.com\/wp-content\/uploads\/2023\/06\/Rainbow-Candy-Randm-Vome-Monster-Vape-10000-Puffs.jpg 590w, https:\/\/www.vape4wholesale.com\/wp-content\/uploads\/2023\/06\/Rainbow-Candy-Randm-Vome-Monster-Vape-10000-Puffs-247x247.jpg 247w, https:\/\/www.vape4wholesale.com\/wp-content\/uploads\/2023\/06\/Rainbow-Candy-Randm-Vome-Monster-Vape-10000-Puffs-100x100.jpg 100w, https:\/\/www.vape4wholesale.com\/wp-content\/uploads\/2023\/06\/Rainbow-Candy-Randm-Vome-Monster-Vape-10000-Puffs-510x510.jpg 510w, https:\/\/www.vape4wholesale.com\/wp-content\/uploads\/2023\/06\/Rainbow-Candy-Randm-Vome-Monster-Vape-10000-Puffs-64x64.jpg 64w, https:\/\/www.vape4wholesale.com\/wp-content\/uploads\/2023\/06\/Rainbow-Candy-Randm-Vome-Monster-Vape-10000-Puffs-300x300.jpg 300w, https:\/\/www.vape4wholesale.com\/wp-content\/uploads\/2023\/06\/Rainbow-Candy-Randm-Vome-Monster-Vape-10000-Puffs-150x150.jpg 150w\" sizes=\"auto, (max-width: 590px) 100vw, 590px\" \/><\/p>","protected":false},"excerpt":{"rendered":"<p>RandM Vome Monster 10000 is double-layer case designed nice disposable vape, with airflow control &amp; rechargeable function. 0mg, 20mg, 50mg nicotine for choice.<\/p>\n[scf-template id=&#8217;11434&#8242;]\n","protected":false},"featured_media":11491,"comment_status":"open","ping_status":"closed","template":"","meta":[],"pwb-brand":[1270],"product_cat":[871],"product_tag":[24,172,272,324,517,22],"class_list":{"0":"post-11049","1":"product","2":"type-product","3":"status-publish","4":"has-post-thumbnail","6":"pwb-brand-randm","7":"product_cat-10-15k-puffs","8":"product_tag-wholesale","9":"product_tag-20-0ml","10":"product_tag-randm","11":"product_tag-10000-puffs","12":"product_tag-vome","13":"product_tag-disposable","15":"first","16":"outofstock","17":"shipping-taxable","18":"purchasable","19":"product-type-variable"},"aioseo_notices":[],"brands":[{"id":1270,"name":"Randm","slug":"randm"}],"_links":{"self":[{"href":"https:\/\/www.vape4wholesale.com\/cs\/wp-json\/wp\/v2\/product\/11049","targetHints":{"allow":["GET"]}}],"collection":[{"href":"https:\/\/www.vape4wholesale.com\/cs\/wp-json\/wp\/v2\/product"}],"about":[{"href":"https:\/\/www.vape4wholesale.com\/cs\/wp-json\/wp\/v2\/types\/product"}],"replies":[{"embeddable":true,"href":"https:\/\/www.vape4wholesale.com\/cs\/wp-json\/wp\/v2\/comments?post=11049"}],"wp:featuredmedia":[{"embeddable":true,"href":"https:\/\/www.vape4wholesale.com\/cs\/wp-json\/wp\/v2\/media\/11491"}],"wp:attachment":[{"href":"https:\/\/www.vape4wholesale.com\/cs\/wp-json\/wp\/v2\/media?parent=11049"}],"wp:term":[{"taxonomy":"pwb-brand","embeddable":true,"href":"https:\/\/www.vape4wholesale.com\/cs\/wp-json\/wp\/v2\/pwb-brand?post=11049"},{"taxonomy":"product_cat","embeddable":true,"href":"https:\/\/www.vape4wholesale.com\/cs\/wp-json\/wp\/v2\/product_cat?post=11049"},{"taxonomy":"product_tag","embeddable":true,"href":"https:\/\/www.vape4wholesale.com\/cs\/wp-json\/wp\/v2\/product_tag?post=11049"}],"curies":[{"name":"wp","href":"https:\/\/api.w.org\/{rel}","templated":true}]}}