{"id":10561,"date":"2023-06-19T15:14:57","date_gmt":"2023-06-19T07:14:57","guid":{"rendered":"https:\/\/www.vape4wholesale.com\/?post_type=product&#038;p=10561"},"modified":"2026-01-26T13:42:38","modified_gmt":"2026-01-26T13:42:38","slug":"elf-bar-te5000-jednorazovy-vape-velkoobchod","status":"publish","type":"product","link":"https:\/\/www.vape4wholesale.com\/cs\/product\/elf-bar-te5000-disposable-vape-wholesale","title":{"rendered":"Elf Bar TE5000 Jednor\u00e1zov\u00fd velkoobchod s vapem"},"content":{"rendered":"<p>Na str\u00e1nk\u00e1ch <strong><a title=\"Elf Bar\" href=\"https:\/\/www.vape4wholesale.com\/cs\/product_brand\/elfi-bar\/\">Elf Bar<\/a> TE5000<\/strong> Jednor\u00e1zov\u00fd vape je poutav\u00e9 jednor\u00e1zov\u00e9 za\u0159\u00edzen\u00ed s kovov\u00fdm dnem a pr\u016fhledn\u00fdm vn\u011bj\u0161\u00edm pl\u00e1\u0161t\u011bm. Vyu\u017e\u00edv\u00e1 s\u00ed\u0165ovou spir\u00e1lku, kter\u00e1 zaji\u0161\u0165uje aromati\u010dt\u011bj\u0161\u00ed vapov\u00e1n\u00ed, a lze ji tak\u00e9 dob\u00edjet prost\u0159ednictv\u00edm spodn\u00edho portu USB typu C. Jednou z jedine\u010dn\u00fdch vlastnost\u00ed t\u00e9to jednor\u00e1zov\u00e9 e-cigarety je, \u017ee je p\u0159i vapov\u00e1n\u00ed prakticky nesly\u0161n\u00e1. Za\u0159\u00edzen\u00ed se dod\u00e1v\u00e1 p\u0159edpln\u011bn\u00e9 e-\u0161\u0165\u00e1vami s 50 mg nikotinov\u00e9 soli a je k dispozici v mnoha chutn\u00fdch p\u0159\u00edchut\u00edch, ze kter\u00fdch si m\u016f\u017eete vybrat.<\/p>\n<h2>Elf Bar TE5000 Jednor\u00e1zov\u00e9 vape Specifikace<\/h2>\n<ul>\n<li>13,5 ml na e-cigaretu<\/li>\n<li>5% nikotin (50 mg\/ml)<\/li>\n<li>P\u0159ibli\u017en\u011b 5000 vdech\u016f na p\u0159\u00edstroj<\/li>\n<li>550 intern\u00ed dob\u00edjec\u00ed baterie<\/li>\n<li>Rozm\u011bry 48 mm x 42 mm x 22 mm<\/li>\n<li>Vyrobeno z e-d\u017eus\u016f se slan\u00fdm nikotinem<\/li>\n<li>P\u0159edpln\u011bn\u00e9 a p\u0159edem nabit\u00e9<\/li>\n<li>Vyrobeno v \u010c\u00edn\u011b<\/li>\n<li>S\u00ed\u0165ov\u00e1 c\u00edvka<\/li>\n<li>Tich\u00fd vaping<\/li>\n<li>Nab\u00edjec\u00ed port USB typu C<\/li>\n<li>Spodn\u00ed sv\u011btlo LED<\/li>\n<\/ul>\n<h2>P\u0159\u00edchut\u011b<\/h2>\n<p>Jablko Peach<br \/>\nBor\u016fvkov\u00fd led<br \/>\nBlue Razz Ice<br \/>\nLimon\u00e1da Blue Razz<br \/>\nCukrov\u00e1 vata<br \/>\nEnergie<br \/>\nHrozny<br \/>\n\u0160\u0165avnat\u00e1 broskev<br \/>\nKiwi Passionfruit Guava<br \/>\nAnanas Mango Pomeran\u010d<br \/>\nJahodov\u00fd ban\u00e1n<br \/>\nJahodov\u00e1 zmrzlina<br \/>\nJahodov\u00e1 zmrzlina<br \/>\nVanilkov\u00e1 zmrzlina<br \/>\nMelounov\u00fd led<\/p>\n<p><img loading=\"lazy\" decoding=\"async\" class=\"alignnone size-full wp-image-11544\" title=\"Elf Bar TE5000 Jednor\u00e1zov\u00fd velkoobchodn\u00ed vape Apple Peach\" src=\"https:\/\/www.vape4wholesale.com\/wp-content\/uploads\/2023\/06\/Elf-Bar-TE5000-Disposable-Vape-Wholesale-Apple-Peach.jpg\" alt=\"Elf Bar TE5000 Jednor\u00e1zov\u00fd velkoobchodn\u00ed vape Apple Peach\" width=\"720\" height=\"906\" srcset=\"https:\/\/www.vape4wholesale.com\/wp-content\/uploads\/2023\/06\/Elf-Bar-TE5000-Disposable-Vape-Wholesale-Apple-Peach.jpg 720w, https:\/\/www.vape4wholesale.com\/wp-content\/uploads\/2023\/06\/Elf-Bar-TE5000-Disposable-Vape-Wholesale-Apple-Peach-510x642.jpg 510w, https:\/\/www.vape4wholesale.com\/wp-content\/uploads\/2023\/06\/Elf-Bar-TE5000-Disposable-Vape-Wholesale-Apple-Peach-64x81.jpg 64w, https:\/\/www.vape4wholesale.com\/wp-content\/uploads\/2023\/06\/Elf-Bar-TE5000-Disposable-Vape-Wholesale-Apple-Peach-238x300.jpg 238w\" sizes=\"auto, (max-width: 720px) 100vw, 720px\" \/> <img loading=\"lazy\" decoding=\"async\" class=\"alignnone size-full wp-image-11545\" title=\"Elf Bar TE5000 Jednor\u00e1zov\u00fd velkoobchodn\u00ed vape Blue Razz Lemonda\" src=\"https:\/\/www.vape4wholesale.com\/wp-content\/uploads\/2023\/06\/Elf-Bar-TE5000-Disposable-Vape-Wholesale-Blue-Razz-Lemonda.jpg\" alt=\"Elf Bar TE5000 Jednor\u00e1zov\u00fd velkoobchodn\u00ed vape Blue Razz Lemonda\" width=\"720\" height=\"906\" srcset=\"https:\/\/www.vape4wholesale.com\/wp-content\/uploads\/2023\/06\/Elf-Bar-TE5000-Disposable-Vape-Wholesale-Blue-Razz-Lemonda.jpg 720w, https:\/\/www.vape4wholesale.com\/wp-content\/uploads\/2023\/06\/Elf-Bar-TE5000-Disposable-Vape-Wholesale-Blue-Razz-Lemonda-510x642.jpg 510w, https:\/\/www.vape4wholesale.com\/wp-content\/uploads\/2023\/06\/Elf-Bar-TE5000-Disposable-Vape-Wholesale-Blue-Razz-Lemonda-64x81.jpg 64w, https:\/\/www.vape4wholesale.com\/wp-content\/uploads\/2023\/06\/Elf-Bar-TE5000-Disposable-Vape-Wholesale-Blue-Razz-Lemonda-238x300.jpg 238w\" sizes=\"auto, (max-width: 720px) 100vw, 720px\" \/> <img loading=\"lazy\" decoding=\"async\" class=\"alignnone size-full wp-image-11546\" title=\"Elf Bar TE5000 Jednor\u00e1zov\u00fd velkoobchodn\u00ed vape Blueberry Ice\" src=\"https:\/\/www.vape4wholesale.com\/wp-content\/uploads\/2023\/06\/Elf-Bar-TE5000-Disposable-Vape-Wholesale-Blueberry-Ice.jpg\" alt=\"Elf Bar TE5000 Jednor\u00e1zov\u00fd velkoobchodn\u00ed vape Blueberry Ice\" width=\"720\" height=\"907\" srcset=\"https:\/\/www.vape4wholesale.com\/wp-content\/uploads\/2023\/06\/Elf-Bar-TE5000-Disposable-Vape-Wholesale-Blueberry-Ice.jpg 720w, https:\/\/www.vape4wholesale.com\/wp-content\/uploads\/2023\/06\/Elf-Bar-TE5000-Disposable-Vape-Wholesale-Blueberry-Ice-510x642.jpg 510w, https:\/\/www.vape4wholesale.com\/wp-content\/uploads\/2023\/06\/Elf-Bar-TE5000-Disposable-Vape-Wholesale-Blueberry-Ice-64x81.jpg 64w, https:\/\/www.vape4wholesale.com\/wp-content\/uploads\/2023\/06\/Elf-Bar-TE5000-Disposable-Vape-Wholesale-Blueberry-Ice-238x300.jpg 238w\" sizes=\"auto, (max-width: 720px) 100vw, 720px\" \/> <img loading=\"lazy\" decoding=\"async\" class=\"alignnone size-full wp-image-11547\" title=\"Elf Bar TE5000 Jednor\u00e1zov\u00e9 Vape Velkoobchod Cotton Candy\" src=\"https:\/\/www.vape4wholesale.com\/wp-content\/uploads\/2023\/06\/Elf-Bar-TE5000-Disposable-Vape-Wholesale-Cotton-Candy.jpg\" alt=\"Elf Bar TE5000 Jednor\u00e1zov\u00e9 Vape Velkoobchod Cotton Candy\" width=\"720\" height=\"906\" srcset=\"https:\/\/www.vape4wholesale.com\/wp-content\/uploads\/2023\/06\/Elf-Bar-TE5000-Disposable-Vape-Wholesale-Cotton-Candy.jpg 720w, https:\/\/www.vape4wholesale.com\/wp-content\/uploads\/2023\/06\/Elf-Bar-TE5000-Disposable-Vape-Wholesale-Cotton-Candy-510x642.jpg 510w, https:\/\/www.vape4wholesale.com\/wp-content\/uploads\/2023\/06\/Elf-Bar-TE5000-Disposable-Vape-Wholesale-Cotton-Candy-64x81.jpg 64w, https:\/\/www.vape4wholesale.com\/wp-content\/uploads\/2023\/06\/Elf-Bar-TE5000-Disposable-Vape-Wholesale-Cotton-Candy-238x300.jpg 238w\" sizes=\"auto, (max-width: 720px) 100vw, 720px\" \/> <img loading=\"lazy\" decoding=\"async\" class=\"alignnone size-full wp-image-11548\" title=\"Elf Bar TE5000 Jednor\u00e1zov\u00e9 Vape Velkoobchodn\u00ed energie\" src=\"https:\/\/www.vape4wholesale.com\/wp-content\/uploads\/2023\/06\/Elf-Bar-TE5000-Disposable-Vape-Wholesale-Energy.jpg\" alt=\"Elf Bar TE5000 Jednor\u00e1zov\u00e9 Vape Velkoobchodn\u00ed energie\" width=\"720\" height=\"907\" srcset=\"https:\/\/www.vape4wholesale.com\/wp-content\/uploads\/2023\/06\/Elf-Bar-TE5000-Disposable-Vape-Wholesale-Energy.jpg 720w, https:\/\/www.vape4wholesale.com\/wp-content\/uploads\/2023\/06\/Elf-Bar-TE5000-Disposable-Vape-Wholesale-Energy-510x642.jpg 510w, https:\/\/www.vape4wholesale.com\/wp-content\/uploads\/2023\/06\/Elf-Bar-TE5000-Disposable-Vape-Wholesale-Energy-64x81.jpg 64w, https:\/\/www.vape4wholesale.com\/wp-content\/uploads\/2023\/06\/Elf-Bar-TE5000-Disposable-Vape-Wholesale-Energy-238x300.jpg 238w\" sizes=\"auto, (max-width: 720px) 100vw, 720px\" \/> <img loading=\"lazy\" decoding=\"async\" class=\"alignnone size-full wp-image-11549\" title=\"Elf Bar TE5000 Jednor\u00e1zov\u00fd velkoobchodn\u00ed vape Grape\" src=\"https:\/\/www.vape4wholesale.com\/wp-content\/uploads\/2023\/06\/Elf-Bar-TE5000-Disposable-Vape-Wholesale-Grape.jpg\" alt=\"Elf Bar TE5000 Jednor\u00e1zov\u00fd velkoobchodn\u00ed vape Grape\" width=\"720\" height=\"907\" srcset=\"https:\/\/www.vape4wholesale.com\/wp-content\/uploads\/2023\/06\/Elf-Bar-TE5000-Disposable-Vape-Wholesale-Grape.jpg 720w, https:\/\/www.vape4wholesale.com\/wp-content\/uploads\/2023\/06\/Elf-Bar-TE5000-Disposable-Vape-Wholesale-Grape-510x642.jpg 510w, https:\/\/www.vape4wholesale.com\/wp-content\/uploads\/2023\/06\/Elf-Bar-TE5000-Disposable-Vape-Wholesale-Grape-64x81.jpg 64w, https:\/\/www.vape4wholesale.com\/wp-content\/uploads\/2023\/06\/Elf-Bar-TE5000-Disposable-Vape-Wholesale-Grape-238x300.jpg 238w\" sizes=\"auto, (max-width: 720px) 100vw, 720px\" \/> <img loading=\"lazy\" decoding=\"async\" class=\"alignnone size-full wp-image-11550\" title=\"Elf Bar TE5000 Jednor\u00e1zov\u00fd velkoobchodn\u00ed vape Juicy Peach\" src=\"https:\/\/www.vape4wholesale.com\/wp-content\/uploads\/2023\/06\/Elf-Bar-TE5000-Disposable-Vape-Wholesale-Juicy-Peach.jpg\" alt=\"Elf Bar TE5000 Jednor\u00e1zov\u00fd velkoobchodn\u00ed vape Juicy Peach\" width=\"720\" height=\"906\" srcset=\"https:\/\/www.vape4wholesale.com\/wp-content\/uploads\/2023\/06\/Elf-Bar-TE5000-Disposable-Vape-Wholesale-Juicy-Peach.jpg 720w, https:\/\/www.vape4wholesale.com\/wp-content\/uploads\/2023\/06\/Elf-Bar-TE5000-Disposable-Vape-Wholesale-Juicy-Peach-510x642.jpg 510w, https:\/\/www.vape4wholesale.com\/wp-content\/uploads\/2023\/06\/Elf-Bar-TE5000-Disposable-Vape-Wholesale-Juicy-Peach-64x81.jpg 64w, https:\/\/www.vape4wholesale.com\/wp-content\/uploads\/2023\/06\/Elf-Bar-TE5000-Disposable-Vape-Wholesale-Juicy-Peach-238x300.jpg 238w\" sizes=\"auto, (max-width: 720px) 100vw, 720px\" \/> <img loading=\"lazy\" decoding=\"async\" class=\"alignnone size-full wp-image-11551\" title=\"Elf Bar TE5000 Jednor\u00e1zov\u00fd velkoobchodn\u00ed vape Kiwi Passion Fruit Guava\" src=\"https:\/\/www.vape4wholesale.com\/wp-content\/uploads\/2023\/06\/Elf-Bar-TE5000-Disposable-Vape-Wholesale-Kiwi-Passion-Fruit-Guava.jpg\" alt=\"Elf Bar TE5000 Jednor\u00e1zov\u00fd velkoobchodn\u00ed vape Kiwi Passion Fruit Guava\" width=\"720\" height=\"907\" srcset=\"https:\/\/www.vape4wholesale.com\/wp-content\/uploads\/2023\/06\/Elf-Bar-TE5000-Disposable-Vape-Wholesale-Kiwi-Passion-Fruit-Guava.jpg 720w, https:\/\/www.vape4wholesale.com\/wp-content\/uploads\/2023\/06\/Elf-Bar-TE5000-Disposable-Vape-Wholesale-Kiwi-Passion-Fruit-Guava-510x642.jpg 510w, https:\/\/www.vape4wholesale.com\/wp-content\/uploads\/2023\/06\/Elf-Bar-TE5000-Disposable-Vape-Wholesale-Kiwi-Passion-Fruit-Guava-64x81.jpg 64w, https:\/\/www.vape4wholesale.com\/wp-content\/uploads\/2023\/06\/Elf-Bar-TE5000-Disposable-Vape-Wholesale-Kiwi-Passion-Fruit-Guava-238x300.jpg 238w\" sizes=\"auto, (max-width: 720px) 100vw, 720px\" \/> <img loading=\"lazy\" decoding=\"async\" class=\"alignnone size-full wp-image-11552\" title=\"Elf Bar TE5000 Jednor\u00e1zov\u00fd velkoobchodn\u00ed p\u0159ehled Vape\" src=\"https:\/\/www.vape4wholesale.com\/wp-content\/uploads\/2023\/06\/Elf-Bar-TE5000-Disposable-Vape-Wholesale-Overview.jpg\" alt=\"Elf Bar TE5000 Jednor\u00e1zov\u00fd velkoobchodn\u00ed p\u0159ehled Vape\" width=\"720\" height=\"720\" srcset=\"https:\/\/www.vape4wholesale.com\/wp-content\/uploads\/2023\/06\/Elf-Bar-TE5000-Disposable-Vape-Wholesale-Overview.jpg 720w, https:\/\/www.vape4wholesale.com\/wp-content\/uploads\/2023\/06\/Elf-Bar-TE5000-Disposable-Vape-Wholesale-Overview-247x247.jpg 247w, https:\/\/www.vape4wholesale.com\/wp-content\/uploads\/2023\/06\/Elf-Bar-TE5000-Disposable-Vape-Wholesale-Overview-100x100.jpg 100w, https:\/\/www.vape4wholesale.com\/wp-content\/uploads\/2023\/06\/Elf-Bar-TE5000-Disposable-Vape-Wholesale-Overview-510x510.jpg 510w, https:\/\/www.vape4wholesale.com\/wp-content\/uploads\/2023\/06\/Elf-Bar-TE5000-Disposable-Vape-Wholesale-Overview-64x64.jpg 64w, https:\/\/www.vape4wholesale.com\/wp-content\/uploads\/2023\/06\/Elf-Bar-TE5000-Disposable-Vape-Wholesale-Overview-300x300.jpg 300w, https:\/\/www.vape4wholesale.com\/wp-content\/uploads\/2023\/06\/Elf-Bar-TE5000-Disposable-Vape-Wholesale-Overview-150x150.jpg 150w\" sizes=\"auto, (max-width: 720px) 100vw, 720px\" \/> <img loading=\"lazy\" decoding=\"async\" class=\"alignnone size-full wp-image-11553\" title=\"Elf Bar TE5000 Jednor\u00e1zov\u00e9 Vape Velkoobchod Pipeapple Mango Orange\" src=\"https:\/\/www.vape4wholesale.com\/wp-content\/uploads\/2023\/06\/Elf-Bar-TE5000-Disposable-Vape-Wholesale-Pipeapple-Mango-Orange.jpg\" alt=\"Elf Bar TE5000 Jednor\u00e1zov\u00e9 Vape Velkoobchod Pipeapple Mango Orange\" width=\"720\" height=\"906\" srcset=\"https:\/\/www.vape4wholesale.com\/wp-content\/uploads\/2023\/06\/Elf-Bar-TE5000-Disposable-Vape-Wholesale-Pipeapple-Mango-Orange.jpg 720w, https:\/\/www.vape4wholesale.com\/wp-content\/uploads\/2023\/06\/Elf-Bar-TE5000-Disposable-Vape-Wholesale-Pipeapple-Mango-Orange-510x642.jpg 510w, https:\/\/www.vape4wholesale.com\/wp-content\/uploads\/2023\/06\/Elf-Bar-TE5000-Disposable-Vape-Wholesale-Pipeapple-Mango-Orange-64x81.jpg 64w, https:\/\/www.vape4wholesale.com\/wp-content\/uploads\/2023\/06\/Elf-Bar-TE5000-Disposable-Vape-Wholesale-Pipeapple-Mango-Orange-238x300.jpg 238w\" sizes=\"auto, (max-width: 720px) 100vw, 720px\" \/> <img loading=\"lazy\" decoding=\"async\" class=\"alignnone size-full wp-image-11554\" title=\"Elf Bar TE5000 Jednor\u00e1zov\u00e9 Vape Velkoobchod Straberry Banana\" src=\"https:\/\/www.vape4wholesale.com\/wp-content\/uploads\/2023\/06\/Elf-Bar-TE5000-Disposable-Vape-Wholesale-Straberry-Banana.jpg\" alt=\"Elf Bar TE5000 Jednor\u00e1zov\u00e9 Vape Velkoobchod Straberry Banana\" width=\"720\" height=\"905\" srcset=\"https:\/\/www.vape4wholesale.com\/wp-content\/uploads\/2023\/06\/Elf-Bar-TE5000-Disposable-Vape-Wholesale-Straberry-Banana.jpg 720w, https:\/\/www.vape4wholesale.com\/wp-content\/uploads\/2023\/06\/Elf-Bar-TE5000-Disposable-Vape-Wholesale-Straberry-Banana-510x641.jpg 510w, https:\/\/www.vape4wholesale.com\/wp-content\/uploads\/2023\/06\/Elf-Bar-TE5000-Disposable-Vape-Wholesale-Straberry-Banana-64x80.jpg 64w, https:\/\/www.vape4wholesale.com\/wp-content\/uploads\/2023\/06\/Elf-Bar-TE5000-Disposable-Vape-Wholesale-Straberry-Banana-239x300.jpg 239w\" sizes=\"auto, (max-width: 720px) 100vw, 720px\" \/> <img loading=\"lazy\" decoding=\"async\" class=\"alignnone size-full wp-image-11555\" title=\"Elf Bar TE5000 Jednor\u00e1zov\u00e9 Vape Velkoobchod Straberry Ice Cream\" src=\"https:\/\/www.vape4wholesale.com\/wp-content\/uploads\/2023\/06\/Elf-Bar-TE5000-Disposable-Vape-Wholesale-Straberry-Ice-Cream.jpg\" alt=\"Elf Bar TE5000 Jednor\u00e1zov\u00e9 Vape Velkoobchod Straberry Ice Cream\" width=\"720\" height=\"907\" srcset=\"https:\/\/www.vape4wholesale.com\/wp-content\/uploads\/2023\/06\/Elf-Bar-TE5000-Disposable-Vape-Wholesale-Straberry-Ice-Cream.jpg 720w, https:\/\/www.vape4wholesale.com\/wp-content\/uploads\/2023\/06\/Elf-Bar-TE5000-Disposable-Vape-Wholesale-Straberry-Ice-Cream-510x642.jpg 510w, https:\/\/www.vape4wholesale.com\/wp-content\/uploads\/2023\/06\/Elf-Bar-TE5000-Disposable-Vape-Wholesale-Straberry-Ice-Cream-64x81.jpg 64w, https:\/\/www.vape4wholesale.com\/wp-content\/uploads\/2023\/06\/Elf-Bar-TE5000-Disposable-Vape-Wholesale-Straberry-Ice-Cream-238x300.jpg 238w\" sizes=\"auto, (max-width: 720px) 100vw, 720px\" \/> <img loading=\"lazy\" decoding=\"async\" class=\"alignnone size-full wp-image-11556\" title=\"Elf Bar TE5000 Jednor\u00e1zov\u00fd velkoobchodn\u00ed vape Watermelon Ice\" src=\"https:\/\/www.vape4wholesale.com\/wp-content\/uploads\/2023\/06\/Elf-Bar-TE5000-Disposable-Vape-Wholesale-Watermelon-Ice.jpg\" alt=\"Elf Bar TE5000 Jednor\u00e1zov\u00fd velkoobchodn\u00ed vape Watermelon Ice\" width=\"720\" height=\"907\" srcset=\"https:\/\/www.vape4wholesale.com\/wp-content\/uploads\/2023\/06\/Elf-Bar-TE5000-Disposable-Vape-Wholesale-Watermelon-Ice.jpg 720w, https:\/\/www.vape4wholesale.com\/wp-content\/uploads\/2023\/06\/Elf-Bar-TE5000-Disposable-Vape-Wholesale-Watermelon-Ice-510x642.jpg 510w, https:\/\/www.vape4wholesale.com\/wp-content\/uploads\/2023\/06\/Elf-Bar-TE5000-Disposable-Vape-Wholesale-Watermelon-Ice-64x81.jpg 64w, https:\/\/www.vape4wholesale.com\/wp-content\/uploads\/2023\/06\/Elf-Bar-TE5000-Disposable-Vape-Wholesale-Watermelon-Ice-238x300.jpg 238w\" sizes=\"auto, (max-width: 720px) 100vw, 720px\" \/><\/p>","protected":false},"excerpt":{"rendered":"[scf-template id=&#8217;11434&#8242;]\n<p>100% Original Elf Bar with QR Code<\/p>\n","protected":false},"featured_media":11552,"comment_status":"open","ping_status":"closed","template":"","meta":[],"pwb-brand":[1278],"product_cat":[72,869],"product_tag":[515,22,24,60,189],"class_list":{"0":"post-10561","1":"product","2":"type-product","3":"status-publish","4":"has-post-thumbnail","6":"pwb-brand-elf-bar","7":"product_cat-disposable-vape","8":"product_cat-5000-8000-puffs","9":"product_tag-13-5ml","10":"product_tag-disposable","11":"product_tag-wholesale","12":"product_tag-elf-bar","13":"product_tag-5000-puffs","15":"first","16":"outofstock","17":"shipping-taxable","18":"purchasable","19":"product-type-variable"},"aioseo_notices":[],"brands":[{"id":1278,"name":"Elf\u00ed bar","slug":"elfi-bar"}],"_links":{"self":[{"href":"https:\/\/www.vape4wholesale.com\/cs\/wp-json\/wp\/v2\/product\/10561","targetHints":{"allow":["GET"]}}],"collection":[{"href":"https:\/\/www.vape4wholesale.com\/cs\/wp-json\/wp\/v2\/product"}],"about":[{"href":"https:\/\/www.vape4wholesale.com\/cs\/wp-json\/wp\/v2\/types\/product"}],"replies":[{"embeddable":true,"href":"https:\/\/www.vape4wholesale.com\/cs\/wp-json\/wp\/v2\/comments?post=10561"}],"wp:featuredmedia":[{"embeddable":true,"href":"https:\/\/www.vape4wholesale.com\/cs\/wp-json\/wp\/v2\/media\/11552"}],"wp:attachment":[{"href":"https:\/\/www.vape4wholesale.com\/cs\/wp-json\/wp\/v2\/media?parent=10561"}],"wp:term":[{"taxonomy":"pwb-brand","embeddable":true,"href":"https:\/\/www.vape4wholesale.com\/cs\/wp-json\/wp\/v2\/pwb-brand?post=10561"},{"taxonomy":"product_cat","embeddable":true,"href":"https:\/\/www.vape4wholesale.com\/cs\/wp-json\/wp\/v2\/product_cat?post=10561"},{"taxonomy":"product_tag","embeddable":true,"href":"https:\/\/www.vape4wholesale.com\/cs\/wp-json\/wp\/v2\/product_tag?post=10561"}],"curies":[{"name":"wp","href":"https:\/\/api.w.org\/{rel}","templated":true}]}}