{"id":3,"date":"2023-06-25T07:03:21","date_gmt":"2023-06-25T07:03:21","guid":{"rendered":"https:\/\/www.vape4wholesale.com\/?page_id=3"},"modified":"2023-06-25T14:23:51","modified_gmt":"2023-06-25T14:23:51","slug":"zasady-ochrany-osobnich-udaju","status":"publish","type":"page","link":"https:\/\/www.vape4wholesale.com\/cs\/zasady-ochrany-osobnich-udaju","title":{"rendered":"Z\u00e1sady ochrany osobn\u00edch \u00fadaj\u016f"},"content":{"rendered":"<p><strong><b>Jak\u00e9 informace shroma\u017e\u010fujeme?<\/b><\/strong><\/p>\n<p>Informace od v\u00e1s shroma\u017e\u010fujeme, kdy\u017e se na webu zaregistrujete, zad\u00e1te objedn\u00e1vku, z\u00fa\u010dastn\u00edte se sout\u011b\u017ee nebo loterie, odpov\u00edte na dotazn\u00edk nebo komunikaci, nap\u0159\u00edklad e-mailem, nebo se z\u00fa\u010dastn\u00edte jin\u00e9 funkce webu. P\u0159i objedn\u00e1vce nebo registraci v\u00e1s m\u016f\u017eeme po\u017e\u00e1dat o va\u0161e jm\u00e9no, e-mailovou adresu, po\u0161tovn\u00ed adresu, telefonn\u00ed \u010d\u00edslo, informace o kreditn\u00ed kart\u011b nebo jin\u00e9 informace. Na\u0161e str\u00e1nky v\u0161ak m\u016f\u017eete nav\u0161t\u00edvit anonymn\u011b. Shroma\u017e\u010fujeme tak\u00e9 informace o p\u0159\u00edjemc\u00edch d\u00e1rk\u016f, abychom mohli n\u00e1kup d\u00e1rku realizovat. Informace, kter\u00e9 shroma\u017e\u010fujeme o p\u0159\u00edjemc\u00edch d\u00e1rk\u016f, nepou\u017e\u00edv\u00e1me k marketingov\u00fdm \u00fa\u010del\u016fm. Stejn\u011b jako mnoho jin\u00fdch webov\u00fdch str\u00e1nek pou\u017e\u00edv\u00e1me \"soubory cookie\", abychom zlep\u0161ili v\u00e1\u0161 z\u00e1\u017eitek a shrom\u00e1\u017edili informace o n\u00e1v\u0161t\u011bvn\u00edc\u00edch a n\u00e1v\u0161t\u011bv\u00e1ch na\u0161ich webov\u00fdch str\u00e1nek. Informace o souborech cookie a jejich pou\u017e\u00edv\u00e1n\u00ed naleznete v \u010d\u00e1sti \"Pou\u017e\u00edv\u00e1me \"cookies\"?\" n\u00ed\u017ee.<\/p>\n<p><strong><b>Jak va\u0161e \u00fadaje pou\u017e\u00edv\u00e1me?<\/b><\/strong><\/p>\n<p>Informace, kter\u00e9 od v\u00e1s z\u00edsk\u00e1me p\u0159i registraci, n\u00e1kupu produkt\u016f, \u00fa\u010dasti v sout\u011b\u017ei nebo propaga\u010dn\u00ed akci, odpov\u011bdi na pr\u016fzkum nebo marketingov\u00e9 sd\u011blen\u00ed, prohl\u00ed\u017een\u00ed webov\u00fdch str\u00e1nek nebo pou\u017e\u00edv\u00e1n\u00ed n\u011bkter\u00fdch dal\u0161\u00edch funkc\u00ed webu, m\u016f\u017eeme pou\u017e\u00edt n\u00e1sleduj\u00edc\u00edmi zp\u016fsoby:<\/p>\n<p>P\u0159izp\u016fsoben\u00ed va\u0161ich str\u00e1nek a umo\u017en\u011bn\u00ed poskytov\u00e1n\u00ed obsahu a nab\u00eddky produkt\u016f, kter\u00e9 v\u00e1s nejv\u00edce zaj\u00edmaj\u00ed.<\/p>\n<p>Abychom v\u00e1m mohli l\u00e9pe poskytovat slu\u017eby a reagovat na va\u0161e po\u017eadavky na z\u00e1kaznick\u00fd servis.<\/p>\n<p>Rychl\u00e9 zpracov\u00e1n\u00ed transakc\u00ed.<\/p>\n<p>Pro spr\u00e1vu sout\u011b\u017ee, propaga\u010dn\u00ed akce, pr\u016fzkumu nebo jin\u00e9 funkce webu.<\/p>\n<p>Pokud jste se p\u0159ihl\u00e1sili k odb\u011bru na\u0161eho e-mailov\u00e9ho zpravodaje, m\u016f\u017eeme v\u00e1m pravideln\u011b zas\u00edlat e-maily. Pokud byste ji\u017e necht\u011bli<\/p>\n<p>r\u00e1di dost\u00e1v\u00e1te propaga\u010dn\u00ed e-maily, p\u0159e\u010dt\u011bte si n\u00ed\u017ee uvedenou \u010d\u00e1st \"Jak se m\u016f\u017eete odhl\u00e1sit, odstranit nebo upravit informace, kter\u00e9 jste n\u00e1m poskytli?\". Pokud jste se nep\u0159ihl\u00e1sili k odb\u011bru e-mailov\u00fdch zpravodaj\u016f, nebudete tyto e-maily dost\u00e1vat. N\u00e1v\u0161t\u011bvn\u00edci, kte\u0159\u00ed se zaregistruj\u00ed nebo se \u00fa\u010dastn\u00ed jin\u00fdch funkc\u00ed webu, jako jsou marketingov\u00e9 programy a obsah \"pouze pro \u010dleny\", budou m\u00edt mo\u017enost volby, zda cht\u011bj\u00ed b\u00fdt na na\u0161em seznamu e-mailov\u00fdch adres a dost\u00e1vat od n\u00e1s e-mailov\u00e1 sd\u011blen\u00ed.<\/p>\n<p><strong><b>Jak chr\u00e1n\u00edme informace o n\u00e1v\u0161t\u011bvn\u00edc\u00edch?<\/b><\/strong><\/p>\n<p>Pro zachov\u00e1n\u00ed bezpe\u010dnosti va\u0161ich osobn\u00edch \u00fadaj\u016f uplat\u0148ujeme r\u016fzn\u00e1 bezpe\u010dnostn\u00ed opat\u0159en\u00ed. Va\u0161e osobn\u00ed \u00fadaje jsou ulo\u017eeny za zabezpe\u010den\u00fdmi s\u00edt\u011bmi a m\u00e1 k nim p\u0159\u00edstup pouze omezen\u00fd po\u010det osob, kter\u00e9 maj\u00ed zvl\u00e1\u0161tn\u00ed p\u0159\u00edstupov\u00e1 pr\u00e1va k t\u011bmto syst\u00e9m\u016fm a jsou povinny zachov\u00e1vat d\u016fv\u011brnost t\u011bchto informac\u00ed. P\u0159i zad\u00e1v\u00e1n\u00ed objedn\u00e1vek nebo p\u0159\u00edstupu k va\u0161im osobn\u00edm \u00fadaj\u016fm nab\u00edz\u00edme pou\u017eit\u00ed zabezpe\u010den\u00e9ho serveru. Ve\u0161ker\u00e9 citliv\u00e9\/\u00fav\u011brov\u00e9 informace, kter\u00e9 n\u00e1m poskytnete, jsou p\u0159en\u00e1\u0161eny prost\u0159ednictv\u00edm technologie SSL (Secure Socket Layer) a n\u00e1sledn\u011b za\u0161ifrov\u00e1ny do na\u0161ich datab\u00e1z\u00ed, kde jsou p\u0159\u00edstupn\u00e9 pouze v\u00fd\u0161e uveden\u00fdm zp\u016fsobem.<\/p>\n<p><strong><b>Pou\u017e\u00edv\u00e1me \"cookies\"?<\/b><\/strong><\/p>\n<p>Ano. Soubory cookie jsou mal\u00e9 soubory, kter\u00e9 web nebo jeho poskytovatel slu\u017eeb p\u0159en\u00e1\u0161\u00ed na pevn\u00fd disk va\u0161eho po\u010d\u00edta\u010de prost\u0159ednictv\u00edm webov\u00e9ho prohl\u00ed\u017ee\u010de (pokud to povol\u00edte) a kter\u00e9 umo\u017e\u0148uj\u00ed syst\u00e9m\u016fm webu nebo poskytovatele slu\u017eeb rozpoznat v\u00e1\u0161 prohl\u00ed\u017ee\u010d a zachytit a zapamatovat si ur\u010dit\u00e9 informace. Soubory cookie n\u00e1m nap\u0159\u00edklad pom\u00e1haj\u00ed zapamatovat si a zpracovat polo\u017eky ve va\u0161em n\u00e1kupn\u00edm ko\u0161\u00edku. Pou\u017e\u00edvaj\u00ed se tak\u00e9 k tomu, aby n\u00e1m pomohly pochopit va\u0161e preference na z\u00e1klad\u011b p\u0159edchoz\u00ed nebo aktu\u00e1ln\u00ed aktivity na webu, co\u017e n\u00e1m umo\u017e\u0148uje poskytovat v\u00e1m lep\u0161\u00ed slu\u017eby. Soubory cookie pou\u017e\u00edv\u00e1me tak\u00e9 k tomu, abychom mohli shroma\u017e\u010fovat souhrnn\u00e9 \u00fadaje o n\u00e1v\u0161t\u011bvnosti str\u00e1nek a interakci s nimi, abychom mohli v budoucnu nab\u00edzet lep\u0161\u00ed slu\u017eby a n\u00e1stroje.<\/p>\n<p>M\u016f\u017eeme uzav\u0159\u00edt smlouvu s poskytovateli slu\u017eeb t\u0159et\u00edch stran, aby n\u00e1m pomohli l\u00e9pe porozum\u011bt n\u00e1v\u0161t\u011bvn\u00edk\u016fm na\u0161ich str\u00e1nek. Tito poskytovatel\u00e9 slu\u017eeb nesm\u011bj\u00ed pou\u017e\u00edvat informace shrom\u00e1\u017ed\u011bn\u00e9 na\u0161\u00edm jm\u00e9nem jinak ne\u017e k tomu, aby n\u00e1m pomohli prov\u00e1d\u011bt a zlep\u0161ovat na\u0161i \u010dinnost.<\/p>\n<p>M\u016f\u017eete si zvolit, zda v\u00e1s po\u010d\u00edta\u010d upozorn\u00ed na ka\u017ed\u00e9 odesl\u00e1n\u00ed souboru cookie, nebo zda chcete v\u0161echny soubory cookie vypnout. To provedete prost\u0159ednictv\u00edm nastaven\u00ed prohl\u00ed\u017ee\u010de (nap\u0159\u00edklad Netscape Navigator nebo Internet Explorer). Ka\u017ed\u00fd prohl\u00ed\u017ee\u010d se trochu li\u0161\u00ed, proto se pod\u00edvejte do nab\u00eddky n\u00e1pov\u011bdy prohl\u00ed\u017ee\u010de, kde se dozv\u00edte spr\u00e1vn\u00fd zp\u016fsob \u00fapravy soubor\u016f cookie. Pokud soubory cookie vypnete, nebudete m\u00edt p\u0159\u00edstup k mnoha funkc\u00edm, kter\u00e9 zefektiv\u0148uj\u00ed pr\u00e1ci s webem, a n\u011bkter\u00e9 na\u0161e slu\u017eby nebudou spr\u00e1vn\u011b fungovat. St\u00e1le v\u0161ak m\u016f\u017eete zad\u00e1vat objedn\u00e1vky po telefonu prost\u0159ednictv\u00edm z\u00e1kaznick\u00e9ho servisu.<\/p>\n<p><strong><b>Poskytujeme shrom\u00e1\u017ed\u011bn\u00e9 informace extern\u00edm stran\u00e1m?<\/b><\/strong><\/p>\n<p>Va\u0161e osobn\u00ed \u00fadaje neprod\u00e1v\u00e1me, nevym\u011b\u0148ujeme ani jinak nep\u0159ed\u00e1v\u00e1me extern\u00edm stran\u00e1m, pokud v\u00e1s na to p\u0159edem neupozorn\u00edme, s v\u00fdjimkou n\u00ed\u017ee popsan\u00fdch p\u0159\u00edpad\u016f. Pojem \"extern\u00ed strany\" nezahrnuje vape4wholesale.com. Nezahrnuje ani partnery pro hosting webov\u00fdch str\u00e1nek a dal\u0161\u00ed strany, kter\u00e9 n\u00e1m pom\u00e1haj\u00ed s provozem na\u0161ich webov\u00fdch str\u00e1nek, prov\u00e1d\u011bn\u00edm na\u0161ich obchodn\u00edch \u010dinnost\u00ed nebo poskytov\u00e1n\u00edm slu\u017eeb, pokud tyto strany souhlas\u00ed s t\u00edm, \u017ee budou tyto informace uchov\u00e1vat v tajnosti. Va\u0161e informace m\u016f\u017eeme tak\u00e9 zve\u0159ejnit, pokud se domn\u00edv\u00e1me, \u017ee jejich zve\u0159ejn\u011bn\u00ed je vhodn\u00e9 pro dodr\u017een\u00ed z\u00e1kona, prosazen\u00ed z\u00e1sad na\u0161ich str\u00e1nek nebo ochranu na\u0161ich pr\u00e1v, majetku nebo bezpe\u010dnosti jin\u00fdch osob.<\/p>\n<p>Informace o n\u00e1v\u0161t\u011bvn\u00edc\u00edch, kter\u00e9 nejsou osobn\u011b identifikovateln\u00e9, v\u0161ak mohou b\u00fdt poskytnuty jin\u00fdm stran\u00e1m pro marketingov\u00e9, reklamn\u00ed nebo jin\u00e9 \u00fa\u010dely.<\/p>\n<p><strong><b>Jak se m\u016f\u017eete odhl\u00e1sit, odstranit nebo upravit informace, kter\u00e9 jste n\u00e1m poskytli?<\/b><\/strong><\/p>\n<p>Chcete-li upravit sv\u00e9 e-mailov\u00e9 odb\u011bry, dejte n\u00e1m v\u011bd\u011bt \u00fapravou sv\u00fdch preferenc\u00ed v \u010d\u00e1sti \"M\u016fj \u00fa\u010det\". Vezm\u011bte pros\u00edm na v\u011bdom\u00ed, \u017ee vzhledem k harmonogramu v\u00fdroby e-mail\u016f m\u016f\u017eete obdr\u017eet v\u0161echny ji\u017e vyroben\u00e9 e-maily.<\/p>\n<p>Chcete-li z na\u0161\u00ed datab\u00e1ze odstranit v\u0161echny informace o sv\u00e9m online \u00fa\u010dtu, p\u0159ihlaste se na na\u0161ich str\u00e1nk\u00e1ch do sekce \"M\u016fj \u00fa\u010det\" a odstra\u0148te sv\u00e9 dodac\u00ed adresy, faktura\u010dn\u00ed adresy a platebn\u00ed \u00fadaje. Vezm\u011bte pros\u00edm na v\u011bdom\u00ed, \u017ee informace o jednotliv\u00fdch prodejn\u00edch transakc\u00edch m\u016f\u017eeme uchov\u00e1vat za \u00fa\u010delem obsluhy dan\u00e9 transakce a veden\u00ed z\u00e1znam\u016f.<\/p>\n<p><strong><b>Odkazy t\u0159et\u00edch stran<\/b><\/strong><\/p>\n<p>Ve snaze poskytnout v\u00e1m vy\u0161\u0161\u00ed hodnotu m\u016f\u017eeme na na\u0161e str\u00e1nky um\u00edstit odkazy t\u0159et\u00edch stran. Tyto propojen\u00e9 str\u00e1nky maj\u00ed samostatn\u00e9 a nez\u00e1visl\u00e9 z\u00e1sady ochrany osobn\u00edch \u00fadaj\u016f. Proto neneseme \u017e\u00e1dnou odpov\u011bdnost za obsah a \u010dinnost t\u011bchto odkazovan\u00fdch str\u00e1nek. P\u0159esto se sna\u017e\u00edme chr\u00e1nit integritu na\u0161ich str\u00e1nek a uv\u00edt\u00e1me jakoukoli zp\u011btnou vazbu o t\u011bchto odkazovan\u00fdch str\u00e1nk\u00e1ch (v\u010detn\u011b p\u0159\u00edpadu, kdy konkr\u00e9tn\u00ed odkaz nefunguje).<\/p>\n<p><strong><b>Zm\u011bny na\u0161ich z\u00e1sad<\/b><\/strong><\/p>\n<p>Pokud se rozhodneme zm\u011bnit na\u0161e z\u00e1sady ochrany osobn\u00edch \u00fadaj\u016f, zve\u0159ejn\u00edme tyto zm\u011bny na t\u00e9to str\u00e1nce. Zm\u011bny z\u00e1sad se budou vztahovat pouze na informace shrom\u00e1\u017ed\u011bn\u00e9 po datu zm\u011bny. Tyto z\u00e1sady byly naposledy upraveny 6. srpna 2003.<\/p>\n<p><strong><b>Ot\u00e1zky a zp\u011btn\u00e1 vazba<\/b><\/strong><\/p>\n<p>Uv\u00edt\u00e1me va\u0161e dotazy, p\u0159ipom\u00ednky a obavy t\u00fdkaj\u00edc\u00ed se ochrany osobn\u00edch \u00fadaj\u016f. Po\u0161lete n\u00e1m pros\u00edm jakoukoli zp\u011btnou vazbu t\u00fdkaj\u00edc\u00ed se ochrany osobn\u00edch \u00fadaj\u016f nebo jak\u00e9hokoli jin\u00e9ho probl\u00e9mu.<\/p>\n<p><strong><b>Pouze online politika<\/b><\/strong><\/p>\n<p>Tyto z\u00e1sady ochrany osobn\u00edch \u00fadaj\u016f online se vztahuj\u00ed pouze na informace shrom\u00e1\u017ed\u011bn\u00e9 prost\u0159ednictv\u00edm na\u0161ich webov\u00fdch str\u00e1nek, nikoli na informace shrom\u00e1\u017ed\u011bn\u00e9 offline.<\/p>\n<p><strong><b>Podm\u00ednky a pravidla<\/b><\/strong><\/p>\n<p>Nav\u0161tivte tak\u00e9 na\u0161i sekci Smluvn\u00ed podm\u00ednky, kde jsou uvedeny podm\u00ednky pou\u017e\u00edv\u00e1n\u00ed, z\u0159eknut\u00ed se odpov\u011bdnosti a omezen\u00ed odpov\u011bdnosti, kter\u00fdmi se \u0159\u00edd\u00ed pou\u017e\u00edv\u00e1n\u00ed na\u0161ich webov\u00fdch str\u00e1nek.<\/p>\n<p><strong><b>V\u00e1\u0161 souhlas<\/b><\/strong><\/p>\n<p>Pou\u017e\u00edv\u00e1n\u00edm na\u0161ich str\u00e1nek vyjad\u0159ujete souhlas s na\u0161imi z\u00e1sadami ochrany osobn\u00edch \u00fadaj\u016f.<\/p>","protected":false},"excerpt":{"rendered":"<p>What information do we collect? We collect information from you when you register on the site, place an order, enter a contest or sweepstakes, respond to a survey or communication such as e-mail, or participate in another site feature. When ordering or registering, we may ask you for your name, e-mail address, mailing address, phone [&#8230;]","protected":false},"author":1,"featured_media":0,"parent":0,"menu_order":0,"comment_status":"closed","ping_status":"open","template":"","meta":{"footnotes":""},"class_list":["post-3","page","type-page","status-publish","hentry"],"aioseo_notices":[],"_links":{"self":[{"href":"https:\/\/www.vape4wholesale.com\/cs\/wp-json\/wp\/v2\/pages\/3","targetHints":{"allow":["GET"]}}],"collection":[{"href":"https:\/\/www.vape4wholesale.com\/cs\/wp-json\/wp\/v2\/pages"}],"about":[{"href":"https:\/\/www.vape4wholesale.com\/cs\/wp-json\/wp\/v2\/types\/page"}],"author":[{"embeddable":true,"href":"https:\/\/www.vape4wholesale.com\/cs\/wp-json\/wp\/v2\/users\/1"}],"replies":[{"embeddable":true,"href":"https:\/\/www.vape4wholesale.com\/cs\/wp-json\/wp\/v2\/comments?post=3"}],"version-history":[{"count":0,"href":"https:\/\/www.vape4wholesale.com\/cs\/wp-json\/wp\/v2\/pages\/3\/revisions"}],"wp:attachment":[{"href":"https:\/\/www.vape4wholesale.com\/cs\/wp-json\/wp\/v2\/media?parent=3"}],"curies":[{"name":"wp","href":"https:\/\/api.w.org\/{rel}","templated":true}]}}