{"id":2,"date":"2023-06-25T07:03:21","date_gmt":"2023-06-25T07:03:21","guid":{"rendered":"https:\/\/www.vape4wholesale.com\/?page_id=2"},"modified":"2026-01-26T06:12:48","modified_gmt":"2026-01-26T06:12:48","slug":"o-nas","status":"publish","type":"page","link":"https:\/\/www.vape4wholesale.com\/cs\/about-us","title":{"rendered":"O str\u00e1nk\u00e1ch"},"content":{"rendered":"<section class=\"section dark\" id=\"section_334557513\">\n\t\t<div class=\"section-bg fill\" >\n\t\t\t<img loading=\"lazy\" decoding=\"async\" width=\"1500\" height=\"716\" src=\"https:\/\/www.vape4wholesale.com\/wp-content\/uploads\/2023\/06\/vape-factory.jpg\" class=\"bg attachment-original size-original\" alt=\"tov\u00e1rna na vape\" \/>\t\t\t\t\t\t<div class=\"section-bg-overlay absolute fill\"><\/div>\n\t\t\t\n\n\t\t<\/div>\n\n\t\t\n\n\t\t<div class=\"section-content relative\">\n\t\t\t\n<div class=\"row align-center\"  id=\"row-1776574010\">\n\n\t<div id=\"col-4936529\" class=\"col medium-7 small-12 large-5\"  >\n\t\t\t\t<div class=\"col-inner\"  >\n\t\t\t\n\t\t\t\n\t<div id=\"text-145378100\" class=\"text\">\n\t\t\n<h1><span style=\"font-size: 250%;\">O n\u00e1s<\/span><\/h1>\n\t\t\n<style>\n#text-145378100 {\n  text-align: center;\n}\n<\/style>\n\t<\/div>\n\t\n\t\t<\/div>\n\t\t\t\t\t<\/div>\n\n\t\n<\/div>\n\t\t<\/div>\n\n\t\t\n<style>\n#section_334557513 {\n  padding-top: 30px;\n  padding-bottom: 30px;\n  min-height: 350px;\n  background-color: #6fa6d4;\n}\n#section_334557513 .section-bg-overlay {\n  background-color: rgba(40, 37, 37, 0.308);\n}\n@media (min-width:550px) {\n  #section_334557513 {\n    min-height: 620px;\n  }\n}\n<\/style>\n\t<\/section>\n\t\n\n\t<section class=\"section\" id=\"section_1782542374\">\n\t\t<div class=\"section-bg fill\" >\n\t\t\t\t\t\t\t\t\t\n\t\t\t\n\n\t\t<\/div>\n\n\t\t\n\n\t\t<div class=\"section-content relative\">\n\t\t\t\n\t<div id=\"gap-1463375251\" class=\"gap-element clearfix\" style=\"display:block; height:auto;\">\n\t\t\n<style>\n#gap-1463375251 {\n  padding-top: 30px;\n}\n<\/style>\n\t<\/div>\n\t\n<div class=\"row row-large align-middle\" style=\"max-width:1300px\" id=\"row-1755193104\">\n\n\t<div id=\"col-2049508854\" class=\"col medium-12 small-12 large-7\"  >\n\t\t\t\t<div class=\"col-inner\"  >\n\t\t\t\n\t\t\t\n<div class=\"slider-wrapper relative\" id=\"slider-1564872521\" >\n    <div class=\"slider slider-nav-simple slider-nav-normal slider-nav-light slider-style-normal slider-show-nav\"\n        data-flickity-options='{            \"cellAlign\": \"center\",            \"imagesLoaded\": true,            \"lazyLoad\": 1,            \"freeScroll\": false,            \"wrapAround\": true,            \"autoPlay\": 4000,            \"pauseAutoPlayOnHover\" : false,            \"prevNextButtons\": true,            \"contain\" : true,            \"adaptiveHeight\" : true,            \"dragThreshold\" : 10,            \"percentPosition\": true,            \"pageDots\": false,            \"rightToLeft\": false,            \"draggable\": true,            \"selectedAttraction\": 0.1,            \"parallax\" : 0,            \"friction\": 0.6        }'\n        >\n        \n\t<div class=\"img has-hover x md-x lg-x y md-y lg-y\" id=\"image_1964860623\">\n\t\t\t\t\t\t\t\t<div class=\"img-inner dark\" >\n\t\t\t<img loading=\"lazy\" decoding=\"async\" width=\"866\" height=\"577\" src=\"https:\/\/www.vape4wholesale.com\/wp-content\/uploads\/2026\/01\/our-team.jpg\" class=\"attachment-original size-original\" alt=\"n\u00e1\u0161 t\u00fdm\" srcset=\"https:\/\/www.vape4wholesale.com\/wp-content\/uploads\/2026\/01\/our-team.jpg 866w, https:\/\/www.vape4wholesale.com\/wp-content\/uploads\/2026\/01\/our-team-300x200.jpg 300w, https:\/\/www.vape4wholesale.com\/wp-content\/uploads\/2026\/01\/our-team-768x512.jpg 768w, https:\/\/www.vape4wholesale.com\/wp-content\/uploads\/2026\/01\/our-team-18x12.jpg 18w, https:\/\/www.vape4wholesale.com\/wp-content\/uploads\/2026\/01\/our-team-510x340.jpg 510w\" sizes=\"auto, (max-width: 866px) 100vw, 866px\" \/>\t\t\t\t\t\t\n\t\t\t\t\t<\/div>\n\t\t\t\t\t\t\t\t\n<style>\n#image_1964860623 {\n  width: 100%;\n}\n<\/style>\n\t<\/div>\n\t\n     <\/div>\n\n     <div class=\"loading-spin dark large centered\"><\/div>\n\n\t<\/div>\n\n\n\t\t<\/div>\n\t\t\t\t\t<\/div>\n\n\t\n\n\t<div id=\"col-1635453619\" class=\"col medium-10 small-12 large-5\"  >\n\t\t\t\t<div class=\"col-inner\"  >\n\t\t\t\n\t\t\t\n\t<div id=\"gap-526418664\" class=\"gap-element clearfix\" style=\"display:block; height:auto;\">\n\t\t\n<style>\n#gap-526418664 {\n  padding-top: 30px;\n}\n<\/style>\n\t<\/div>\n\t\n\t<div id=\"text-3802342476\" class=\"text\">\n\t\t\n<h2><span style=\"font-size: 100%;\">Pro\u010d pr\u00e1v\u011b my?<\/span><\/h2>\n\t\t\n<style>\n#text-3802342476 {\n  font-size: 1.75rem;\n}\n<\/style>\n\t<\/div>\n\t\n<div class=\"is-divider divider clearfix\" style=\"max-width:100px;height:4px;background-color:rgb(111, 166, 212);\"><\/div>\n<p>Jsme profesion\u00e1ln\u00ed vape spole\u010dnost s v\u00edce ne\u017e 18 lety zku\u0161enost\u00ed a na\u0161\u00edm c\u00edlem je poskytnout na\u0161im z\u00e1kazn\u00edk\u016fm rychl\u00fd a bezpe\u010dn\u00fd vape velkoobchodn\u00ed obchod.<\/p>\n<p>\u00dazce spolupracujeme se \u0161pi\u010dkov\u00fdmi v\u00fdrobci vape pr\u016fmyslu, kte\u0159\u00ed se staraj\u00ed o inovativn\u00ed styly a st\u00e1lou kvalitu. M\u00e1me tak\u00e9 nejlep\u0161\u00ed p\u0159epravn\u00ed kan\u00e1ly v oboru, abychom zajistili rychl\u00e9 dod\u00e1n\u00ed.<\/p>\n<a href=\"\/cs\/kontaktujte-nas\/\" class=\"button primary lowercase\" style=\"border-radius:10px;padding:5px 30px 5px 30px;\">\n\t\t<span>Kontaktujte nyn\u00ed<\/span>\n\t<\/a>\n\n\t\t<\/div>\n\t\t\t\t\n<style>\n#col-1635453619 > .col-inner {\n  padding: 0px 0px 0px 0;\n}\n@media (min-width:550px) {\n  #col-1635453619 > .col-inner {\n    padding: 0px 0px 0px 30px;\n  }\n}\n<\/style>\n\t<\/div>\n\n\t\n<\/div>\n\t<div id=\"gap-848738755\" class=\"gap-element clearfix\" style=\"display:block; height:auto;\">\n\t\t\n<style>\n#gap-848738755 {\n  padding-top: 40px;\n}\n@media (min-width:550px) {\n  #gap-848738755 {\n    padding-top: 80px;\n  }\n}\n<\/style>\n\t<\/div>\n\t\n<div class=\"row row-solid\" style=\"max-width:1300px\" id=\"row-1212799774\">\n\n\t<div id=\"col-1664691578\" class=\"col medium-6 small-12 large-3\"  >\n\t\t\t\t<div class=\"col-inner\"  >\n\t\t\t\n\t\t\t\n\t<div id=\"text-1961270320\" class=\"text\">\n\t\t\n<h2><span class=\"count-up\">18<\/span><\/h2>\n\t\t\n<style>\n#text-1961270320 {\n  font-size: 2.5rem;\n  text-align: center;\n}\n<\/style>\n\t<\/div>\n\t\n\t<div id=\"text-1805760133\" class=\"text\">\n\t\t\n<p>Roky zku\u0161enost\u00ed<br \/>\n\t\t\n<style>\n#text-1805760133 {\n  text-align: center;\n}\n<\/style>\n\t<\/div>\n\t\n\t\t<\/div>\n\t\t\t\t\t<\/div>\n\n\t\n\n\t<div id=\"col-524695532\" class=\"col medium-6 small-12 large-3\"  >\n\t\t\t\t<div class=\"col-inner\"  >\n\t\t\t\n\t\t\t\n\t<div id=\"text-3332559850\" class=\"text\">\n\t\t\n<h2><span class=\"count-up\">10500<\/span><\/h2>\n\t\t\n<style>\n#text-3332559850 {\n  font-size: 2.5rem;\n  text-align: center;\n}\n<\/style>\n\t<\/div>\n\t\n\t<div id=\"text-1049136634\" class=\"text\">\n\t\t\n<p>Obsluhovan\u00ed klienti<br \/>\n\t\t\n<style>\n#text-1049136634 {\n  text-align: center;\n}\n<\/style>\n\t<\/div>\n\t\n\t\t<\/div>\n\t\t\t\t\t<\/div>\n\n\t\n\n\t<div id=\"col-1100287939\" class=\"col medium-6 small-12 large-3\"  >\n\t\t\t\t<div class=\"col-inner\"  >\n\t\t\t\n\t\t\t\n\t<div id=\"text-873529606\" class=\"text\">\n\t\t\n<h2><span class=\"count-up\">50<\/span><\/h2>\n\t\t\n<style>\n#text-873529606 {\n  font-size: 2.5rem;\n  text-align: center;\n}\n<\/style>\n\t<\/div>\n\t\n\t<div id=\"text-349251061\" class=\"text\">\n\t\t\n<p>lodn\u00ed doprava zem\u00ed<br \/>\n\t\t\n<style>\n#text-349251061 {\n  text-align: center;\n}\n<\/style>\n\t<\/div>\n\t\n\t\t<\/div>\n\t\t\t\t\t<\/div>\n\n\t\n\n\t<div id=\"col-898010011\" class=\"col medium-6 small-12 large-3\"  >\n\t\t\t\t<div class=\"col-inner\"  >\n\t\t\t\n\t\t\t\n\t<div id=\"text-1581437723\" class=\"text\">\n\t\t\n<h2><span class=\"count-up\">160<\/span><\/h2>\n\t\t\n<style>\n#text-1581437723 {\n  font-size: 2.5rem;\n  text-align: center;\n}\n<\/style>\n\t<\/div>\n\t\n\t<div id=\"text-580215830\" class=\"text\">\n\t\t\n<p>Doporu\u010den\u00e9 produkty<br \/>\n\t\t\n<style>\n#text-580215830 {\n  text-align: center;\n}\n<\/style>\n\t<\/div>\n\t\n\t\t<\/div>\n\t\t\t\t\t<\/div>\n\n\t\n<\/div>\n\t\t<\/div>\n\n\t\t\n<style>\n#section_1782542374 {\n  padding-top: 50px;\n  padding-bottom: 50px;\n}\n@media (min-width:550px) {\n  #section_1782542374 {\n    padding-top: 110px;\n    padding-bottom: 110px;\n  }\n}\n<\/style>\n\t<\/section>\n\t\n<div class=\"row\"  id=\"row-1772377883\">\n\n\t<div id=\"col-1832763615\" class=\"col small-12 large-12\"  >\n\t\t\t\t<div class=\"col-inner\"  >\n\t\t\t\n\t\t\t\n\t<div class=\"box has-hover   has-hover box-text-bottom\" >\n\n\t\t<div class=\"box-image\" style=\"width:57%;\">\n\t\t\t\t\t\t<div class=\"\" >\n\t\t\t\t<img loading=\"lazy\" decoding=\"async\" width=\"1652\" height=\"2276\" src=\"https:\/\/www.vape4wholesale.com\/wp-content\/uploads\/2026\/01\/Certificate-of-Incorporation-of-Joystine.jpg\" class=\"attachment- size-\" alt=\"Osv\u011bd\u010den\u00ed o zalo\u017een\u00ed spole\u010dnosti Joystine\" srcset=\"https:\/\/www.vape4wholesale.com\/wp-content\/uploads\/2026\/01\/Certificate-of-Incorporation-of-Joystine.jpg 1652w, https:\/\/www.vape4wholesale.com\/wp-content\/uploads\/2026\/01\/Certificate-of-Incorporation-of-Joystine-218x300.jpg 218w, https:\/\/www.vape4wholesale.com\/wp-content\/uploads\/2026\/01\/Certificate-of-Incorporation-of-Joystine-743x1024.jpg 743w, https:\/\/www.vape4wholesale.com\/wp-content\/uploads\/2026\/01\/Certificate-of-Incorporation-of-Joystine-768x1058.jpg 768w, https:\/\/www.vape4wholesale.com\/wp-content\/uploads\/2026\/01\/Certificate-of-Incorporation-of-Joystine-1115x1536.jpg 1115w, https:\/\/www.vape4wholesale.com\/wp-content\/uploads\/2026\/01\/Certificate-of-Incorporation-of-Joystine-1487x2048.jpg 1487w, https:\/\/www.vape4wholesale.com\/wp-content\/uploads\/2026\/01\/Certificate-of-Incorporation-of-Joystine-9x12.jpg 9w, https:\/\/www.vape4wholesale.com\/wp-content\/uploads\/2026\/01\/Certificate-of-Incorporation-of-Joystine-510x703.jpg 510w\" sizes=\"auto, (max-width: 1652px) 100vw, 1652px\" \/>\t\t\t\t\t\t\t\t\t\t\t<\/div>\n\t\t\t\t\t<\/div>\n\n\t\t<div class=\"box-text text-center\" >\n\t\t\t<div class=\"box-text-inner\">\n\t\t\t\t\n<h4>Zakladatelsk\u00fd certifik\u00e1t<\/h4>\n<p>JOYSTINE GROUP LIMITED<\/p>\n\t\t\t<\/div>\n\t\t<\/div>\n\t<\/div>\n\t\n\t\t<\/div>\n\t\t\t\t\t<\/div>\n\n\t\n<\/div>\n\n\n\t<section class=\"section dark\" id=\"section_1266473126\">\n\t\t<div class=\"section-bg fill\" >\n\t\t\t\t\t\t\t\t\t\n\t\t\t\n\n\t\t<\/div>\n\n\t\t\n\n\t\t<div class=\"section-content relative\">\n\t\t\t\n<div class=\"row align-center\" style=\"max-width:1300px\" id=\"row-1630103419\">\n\n\t<div id=\"col-1148126307\" class=\"col medium-8 small-12 large-5\"  >\n\t\t\t\t<div class=\"col-inner text-center\"  >\n\t\t\t\n\t\t\t\n\t<div id=\"gap-1562944083\" class=\"gap-element clearfix\" style=\"display:block; height:auto;\">\n\t\t\n<style>\n#gap-1562944083 {\n  padding-top: 50px;\n}\n@media (min-width:550px) {\n  #gap-1562944083 {\n    padding-top: 100px;\n  }\n}\n<\/style>\n\t<\/div>\n\t\n\t<div id=\"text-3240012813\" class=\"text\">\n\t\t\n<h2>Otev\u0159en\u00ed velkoobchodn\u00edho \u00fa\u010dtu<\/h2>\n\t\t\n<style>\n#text-3240012813 {\n  font-size: 1.75rem;\n  text-align: center;\n}\n<\/style>\n\t<\/div>\n\t\n<div class=\"text-center\"><div class=\"is-divider divider clearfix\" style=\"max-width:100px;height:4px;background-color:rgb(147, 199, 229);\"><\/div><\/div>\n\t<div id=\"text-496214108\" class=\"text\">\n\t\t\n<p>Zaregistrujte si \u00fa\u010det a za\u010dn\u011bte s n\u00e1mi spolupracovat\uff01<br \/>\n\t\t\n<style>\n#text-496214108 {\n  text-align: center;\n}\n<\/style>\n\t<\/div>\n\t\n<a href=\"\/cs\/zaregistrovat\/\" class=\"button white\" style=\"border-radius:10px;padding:5px 30px 5px 30px;\">\n\t\t<span>Otev\u0159en\u00ed \u00fa\u010dtu<\/span>\n\t<\/a>\n\n\t<div id=\"gap-95743019\" class=\"gap-element clearfix\" style=\"display:block; height:auto;\">\n\t\t\n<style>\n#gap-95743019 {\n  padding-top: 5px;\n}\n@media (min-width:550px) {\n  #gap-95743019 {\n    padding-top: 30px;\n  }\n}\n<\/style>\n\t<\/div>\n\t\n\t\t<\/div>\n\t\t\t\t\t<\/div>\n\n\t\n<\/div>\n\t\t<\/div>\n\n\t\t\n<style>\n#section_1266473126 {\n  padding-top: 50px;\n  padding-bottom: 50px;\n  background-color: #01554b;\n}\n<\/style>\n\t<\/section>","protected":false},"excerpt":{"rendered":"","protected":false},"author":1,"featured_media":0,"parent":0,"menu_order":0,"comment_status":"closed","ping_status":"open","template":"page-blank.php","meta":{"footnotes":""},"class_list":["post-2","page","type-page","status-publish","hentry"],"aioseo_notices":[],"_links":{"self":[{"href":"https:\/\/www.vape4wholesale.com\/cs\/wp-json\/wp\/v2\/pages\/2","targetHints":{"allow":["GET"]}}],"collection":[{"href":"https:\/\/www.vape4wholesale.com\/cs\/wp-json\/wp\/v2\/pages"}],"about":[{"href":"https:\/\/www.vape4wholesale.com\/cs\/wp-json\/wp\/v2\/types\/page"}],"author":[{"embeddable":true,"href":"https:\/\/www.vape4wholesale.com\/cs\/wp-json\/wp\/v2\/users\/1"}],"replies":[{"embeddable":true,"href":"https:\/\/www.vape4wholesale.com\/cs\/wp-json\/wp\/v2\/comments?post=2"}],"version-history":[{"count":5,"href":"https:\/\/www.vape4wholesale.com\/cs\/wp-json\/wp\/v2\/pages\/2\/revisions"}],"predecessor-version":[{"id":28420,"href":"https:\/\/www.vape4wholesale.com\/cs\/wp-json\/wp\/v2\/pages\/2\/revisions\/28420"}],"wp:attachment":[{"href":"https:\/\/www.vape4wholesale.com\/cs\/wp-json\/wp\/v2\/media?parent=2"}],"curies":[{"name":"wp","href":"https:\/\/api.w.org\/{rel}","templated":true}]}}