{"id":11338,"date":"2023-06-25T14:15:20","date_gmt":"2023-06-25T14:15:20","guid":{"rendered":"https:\/\/www.vape4wholesale.com\/?page_id=11338"},"modified":"2023-06-25T14:15:20","modified_gmt":"2023-06-25T14:15:20","slug":"rychla-objednavka","status":"publish","type":"page","link":"https:\/\/www.vape4wholesale.com\/cs\/rychla-objednavka","title":{"rendered":"Rychl\u00e1 objedn\u00e1vka"},"content":{"rendered":"<ul>\n<li>Tato str\u00e1nka umo\u017e\u0148uje rychle vyhled\u00e1vat produkty a p\u0159id\u00e1vat do ko\u0161\u00edku r\u016fzn\u00e9 p\u0159\u00edchut\u011b nebo r\u016fzn\u00e9 modely najednou.<\/li>\n<li>Pro zah\u00e1jen\u00ed vyhled\u00e1v\u00e1n\u00ed mus\u00edte zadat alespo\u0148 3 znaky, nap\u0159\u00edklad pokud hled\u00e1te jednor\u00e1zov\u00e9 vape Randm 7000 Puffs, zadejte \"Randm 7\", abyste tento produkt mohli naj\u00edt.<\/li>\n<\/ul>\n[wcbulkorder]\n<a href=\"\/cs\/rychla-objednavka\/tabulka-produktu\/\" class=\"button primary is-outline lowercase\" style=\"border-radius:99px;\">\n\t\t<span>Obt\u00ed\u017en\u00e9 pou\u017eit\u00ed? Zkuste n\u00e1stroj Hromadn\u00e1 objedn\u00e1vka 2<\/span>\n\t<\/a>","protected":false},"excerpt":{"rendered":"<p>This page allows you to quickly search for products and add different flavors or different models to the cart at once. You need to enter at least 3 characters to start your search, for example if you are looking for Randm 7000 Puffs Disposable Vape, please enter &#8220;Randm 7&#8221; so you can find this product. [&#8230;]","protected":false},"author":1,"featured_media":0,"parent":0,"menu_order":0,"comment_status":"closed","ping_status":"closed","template":"","meta":{"footnotes":""},"class_list":["post-11338","page","type-page","status-publish","hentry"],"aioseo_notices":[],"_links":{"self":[{"href":"https:\/\/www.vape4wholesale.com\/cs\/wp-json\/wp\/v2\/pages\/11338","targetHints":{"allow":["GET"]}}],"collection":[{"href":"https:\/\/www.vape4wholesale.com\/cs\/wp-json\/wp\/v2\/pages"}],"about":[{"href":"https:\/\/www.vape4wholesale.com\/cs\/wp-json\/wp\/v2\/types\/page"}],"author":[{"embeddable":true,"href":"https:\/\/www.vape4wholesale.com\/cs\/wp-json\/wp\/v2\/users\/1"}],"replies":[{"embeddable":true,"href":"https:\/\/www.vape4wholesale.com\/cs\/wp-json\/wp\/v2\/comments?post=11338"}],"version-history":[{"count":0,"href":"https:\/\/www.vape4wholesale.com\/cs\/wp-json\/wp\/v2\/pages\/11338\/revisions"}],"wp:attachment":[{"href":"https:\/\/www.vape4wholesale.com\/cs\/wp-json\/wp\/v2\/media?parent=11338"}],"curies":[{"name":"wp","href":"https:\/\/api.w.org\/{rel}","templated":true}]}}