{"id":11279,"date":"2022-03-25T10:00:38","date_gmt":"2022-03-25T10:00:38","guid":{"rendered":"https:\/\/www.vape4wholesale.com\/?page_id=11279"},"modified":"2026-02-03T15:14:48","modified_gmt":"2026-02-03T15:14:48","slug":"kontaktujte-nas","status":"publish","type":"page","link":"https:\/\/www.vape4wholesale.com\/cs\/kontaktujte-nas","title":{"rendered":"Kontaktujte n\u00e1s"},"content":{"rendered":"<section class=\"section\" id=\"section_1434944505\">\n\t\t<div class=\"section-bg fill\" >\n\t\t\t\t\t\t\t\t\t\n\t\t\t\n\n\t\t<\/div>\n\n\t\t\n\n\t\t<div class=\"section-content relative\">\n\t\t\t\n<div class=\"row row-collapse align-center\" style=\"max-width:\" id=\"row-435844458\">\n\n\t<div id=\"col-421642737\" class=\"col small-12 large-12\"  >\n\t\t\t\t<div class=\"col-inner text-center dark\"  >\n\t\t\t\n\t\t\t\n<h1><span style=\"font-size: 250%;\">Kontakt<\/span><\/h1>\n<p class=\"lead\"><span style=\"font-size: 120%;\">Po\u0161lete n\u00e1m zpr\u00e1vu<\/span><\/p>\n\t\t<\/div>\n\t\t\t\t\n<style>\n#col-421642737 > .col-inner {\n  padding: 100px 20px 200px 0px;\n}\n@media (min-width:550px) {\n  #col-421642737 > .col-inner {\n    padding: 100px 0px 200px 0px;\n  }\n}\n<\/style>\n\t<\/div>\n\n\t\n<\/div>\n\t\t<\/div>\n\n\t\t\n<style>\n#section_1434944505 {\n  padding-top: 0px;\n  padding-bottom: 0px;\n  min-height: 0px;\n  background-color: #01554b;\n}\n#section_1434944505 .section-bg-overlay {\n  background-color: rgba(0, 0, 0, 0.12);\n}\n@media (min-width:550px) {\n  #section_1434944505 {\n    padding-top: 0px;\n    padding-bottom: 0px;\n  }\n  #section_1434944505 .section-bg-overlay {\n    background-color: rgba(0, 0, 0, 0.21);\n  }\n}\n@media (min-width:850px) {\n  #section_1434944505 {\n    padding-top: 0px;\n    padding-bottom: 0px;\n  }\n}\n<\/style>\n\t<\/section>\n\t\n<div class=\"row row-collapse row-full-width\"  id=\"row-998388824\">\n\n\t<div id=\"col-969631321\" class=\"col small-12 large-12\"  >\n\t\t\t\t<div class=\"col-inner\"  >\n\t\t\t\n\t\t\t\n\t\t<\/div>\n\t\t\t\t\n<style>\n#col-969631321 > .col-inner {\n  padding: 0px 30px 0px 30px;\n}\n<\/style>\n\t<\/div>\n\n\t\n<\/div>\n<div class=\"row row-large\" style=\"max-width:1400px\" id=\"row-790634124\">\n\n\t<div id=\"col-1493838017\" class=\"col small-12 large-12\"  >\n\t\t\t\t<div class=\"col-inner\" style=\"background-color:rgb(255, 255, 255);\" >\n\t\t\t\n\t\t\t\n<div class=\"row row-collapse row-full-width\"  id=\"row-1412946170\">\n\n\t<div id=\"col-33322368\" class=\"col medium-12 small-12 large-6\"  >\n\t\t\t\t<div class=\"col-inner\"  >\n\t\t\t\n\t\t\t\n<div class=\"container section-title-container\" ><h2 class=\"section-title section-title-normal\"><b aria-hidden=\"true\"><\/b><span class=\"section-title-main\" >JOYSTINE GROUP LIMITED<\/span><b aria-hidden=\"true\"><\/b><\/h2><\/div>\n<p><span style=\"font-size: 80%;\"><a href=\"\/cs\/o-nas\/\">P\u0159e\u010dt\u011bte si v\u00edce o na\u0161\u00ed spole\u010dnosti &gt;&gt;<\/a><\/span><\/p>\n\t<div id=\"gap-1000637772\" class=\"gap-element clearfix\" style=\"display:block; height:auto;\">\n\t\t\n<style>\n#gap-1000637772 {\n  padding-top: 20px;\n}\n@media (min-width:550px) {\n  #gap-1000637772 {\n    padding-top: 20px;\n  }\n}\n@media (min-width:850px) {\n  #gap-1000637772 {\n    padding-top: 30px;\n  }\n}\n<\/style>\n\t<\/div>\n\t\n<div class=\"row\"  id=\"row-671324746\">\n\n\t<div id=\"col-670444978\" class=\"col medium-6 small-12 large-6\"  >\n\t\t\t\t<div class=\"col-inner\"  >\n\t\t\t\n\t\t\t\n\t<div class=\"img has-hover x md-x lg-x y md-y lg-y\" id=\"image_193761798\">\n\t\t\t\t\t\t\t\t<div class=\"img-inner dark\" >\n\t\t\t<img loading=\"lazy\" decoding=\"async\" width=\"128\" height=\"128\" src=\"https:\/\/www.vape4wholesale.com\/wp-content\/uploads\/2023\/06\/address.png\" class=\"attachment-large size-large\" alt=\"adresa\" srcset=\"https:\/\/www.vape4wholesale.com\/wp-content\/uploads\/2023\/06\/address.png 128w, https:\/\/www.vape4wholesale.com\/wp-content\/uploads\/2023\/06\/address-100x100.png 100w, https:\/\/www.vape4wholesale.com\/wp-content\/uploads\/2023\/06\/address-64x64.png 64w\" sizes=\"auto, (max-width: 128px) 100vw, 128px\" \/>\t\t\t\t\t\t\n\t\t\t\t\t<\/div>\n\t\t\t\t\t\t\t\t\n<style>\n#image_193761798 {\n  width: 15%;\n}\n@media (min-width:550px) {\n  #image_193761798 {\n    width: 20%;\n  }\n}\n<\/style>\n\t<\/div>\n\t\n<h3 class=\"uppercase\">Adresa<\/h3>\n<p>5F ECO Building, Qianjin Rd, Baoan 518000 Shenzhen \u010c\u00edna<\/p>\n\t\t<\/div>\n\t\t\t\t\t<\/div>\n\n\t\n\n\t<div id=\"col-1064589322\" class=\"col medium-6 small-12 large-6\"  >\n\t\t\t\t<div class=\"col-inner\"  >\n\t\t\t\n\t\t\t\n\t<div class=\"img has-hover x md-x lg-x y md-y lg-y\" id=\"image_1935316669\">\n\t\t\t\t\t\t\t\t<div class=\"img-inner dark\" >\n\t\t\t<img loading=\"lazy\" decoding=\"async\" width=\"146\" height=\"128\" src=\"https:\/\/www.vape4wholesale.com\/wp-content\/uploads\/2024\/03\/wechat.png\" class=\"attachment-large size-large\" alt=\"wechat\" srcset=\"https:\/\/www.vape4wholesale.com\/wp-content\/uploads\/2024\/03\/wechat.png 146w, https:\/\/www.vape4wholesale.com\/wp-content\/uploads\/2024\/03\/wechat-64x56.png 64w\" sizes=\"auto, (max-width: 146px) 100vw, 146px\" \/>\t\t\t\t\t\t\n\t\t\t\t\t<\/div>\n\t\t\t\t\t\t\t\t\n<style>\n#image_1935316669 {\n  width: 15%;\n}\n@media (min-width:550px) {\n  #image_1935316669 {\n    width: 20%;\n  }\n}\n<\/style>\n\t<\/div>\n\t\n<h3 class=\"uppercase\">Id Wechatu<\/h3>\n<p>Ran_David<\/p>\n\t\t<\/div>\n\t\t\t\t\t<\/div>\n\n\t\n\n\t<div id=\"col-1222409091\" class=\"col medium-6 small-12 large-6\"  >\n\t\t\t\t<div class=\"col-inner\"  >\n\t\t\t\n\t\t\t\n\t<div class=\"img has-hover x md-x lg-x y md-y lg-y\" id=\"image_410598410\">\n\t\t\t\t\t\t\t\t<div class=\"img-inner dark\" >\n\t\t\t<img loading=\"lazy\" decoding=\"async\" width=\"200\" height=\"200\" src=\"https:\/\/www.vape4wholesale.com\/wp-content\/uploads\/2026\/02\/email-icon.png\" class=\"attachment-large size-large\" alt=\"email icon\" srcset=\"https:\/\/www.vape4wholesale.com\/wp-content\/uploads\/2026\/02\/email-icon.png 200w, https:\/\/www.vape4wholesale.com\/wp-content\/uploads\/2026\/02\/email-icon-150x150.png 150w, https:\/\/www.vape4wholesale.com\/wp-content\/uploads\/2026\/02\/email-icon-12x12.png 12w, https:\/\/www.vape4wholesale.com\/wp-content\/uploads\/2026\/02\/email-icon-100x100.png 100w\" sizes=\"auto, (max-width: 200px) 100vw, 200px\" \/>\t\t\t\t\t\t\n\t\t\t\t\t<\/div>\n\t\t\t\t\t\t\t\t\n<style>\n#image_410598410 {\n  width: 15%;\n}\n@media (min-width:550px) {\n  #image_410598410 {\n    width: 20%;\n  }\n}\n<\/style>\n\t<\/div>\n\t\n<h3 class=\"uppercase\">E-mail<\/h3>\n<p>hello@vape4wholesale.com<\/p>\n\t\t<\/div>\n\t\t\t\t\t<\/div>\n\n\t\n\n\t<div id=\"col-918818424\" class=\"col medium-5 small-12 large-6\"  >\n\t\t\t\t<div class=\"col-inner\"  >\n\t\t\t\n\t\t\t\n\t<div class=\"img has-hover x md-x lg-x y md-y lg-y\" id=\"image_1314644197\">\n\t\t\t\t\t\t\t\t<div class=\"img-inner dark\" >\n\t\t\t<img loading=\"lazy\" decoding=\"async\" width=\"200\" height=\"200\" src=\"https:\/\/www.vape4wholesale.com\/wp-content\/uploads\/2026\/02\/phone-icon.png\" class=\"attachment-large size-large\" alt=\"phone icon\" srcset=\"https:\/\/www.vape4wholesale.com\/wp-content\/uploads\/2026\/02\/phone-icon.png 200w, https:\/\/www.vape4wholesale.com\/wp-content\/uploads\/2026\/02\/phone-icon-150x150.png 150w, https:\/\/www.vape4wholesale.com\/wp-content\/uploads\/2026\/02\/phone-icon-12x12.png 12w, https:\/\/www.vape4wholesale.com\/wp-content\/uploads\/2026\/02\/phone-icon-100x100.png 100w\" sizes=\"auto, (max-width: 200px) 100vw, 200px\" \/>\t\t\t\t\t\t\n\t\t\t\t\t<\/div>\n\t\t\t\t\t\t\t\t\n<style>\n#image_1314644197 {\n  width: 15%;\n}\n@media (min-width:550px) {\n  #image_1314644197 {\n    width: 20%;\n  }\n}\n<\/style>\n\t<\/div>\n\t\n<h3 class=\"uppercase\">pHONE<\/h3>\n<p>+1 803-999-6887<\/p>\n\t\t<\/div>\n\t\t\t\t\t<\/div>\n\n\t\n<\/div>\n<div class=\"container section-title-container hidden\" ><h3 class=\"section-title section-title-normal\"><b aria-hidden=\"true\"><\/b><span class=\"section-title-main\" >WhatsApp Chat online<\/span><b aria-hidden=\"true\"><\/b><\/h3><\/div>\n\t<div class=\"img has-hover hidden x md-x lg-x y md-y lg-y\" id=\"image_1125057489\">\n\t\t<a class=\"\" href=\"https:\/\/web.whatsapp.com\/send?phone=8619928736080&#038;text=Hello%20David!%20I%27m%20interested%20in%20your%20products%20on%20www.vape4wholesale.com\" target=\"_blank\" rel=\"noopener\" >\t\t\t\t\t\t<div class=\"img-inner dark\" >\n\t\t\t<img loading=\"lazy\" decoding=\"async\" width=\"300\" height=\"300\" src=\"https:\/\/www.vape4wholesale.com\/wp-content\/uploads\/2024\/10\/whatsapp-gif.gif\" class=\"attachment-large size-large\" alt=\"WhatsApp gif\" \/>\t\t\t\t\t\t\n\t\t\t\t\t<\/div>\n\t\t\t\t\t\t<\/a>\t\t\n<style>\n#image_1125057489 {\n  width: 15%;\n}\n<\/style>\n\t<\/div>\n\t\n\t<div class=\"img has-hover hidden x md-x lg-x y md-y lg-y\" id=\"image_282066417\">\n\t\t<a class=\"\" href=\"https:\/\/wa.me\/8619928736080?text=Hey%20David!%20I%27m%20interested%20in%20the%20products%20you%20sell%20on%20www.vape4wholesale.com\" target=\"_blank\" rel=\"noopener\" >\t\t\t\t\t\t<div class=\"img-inner dark\" >\n\t\t\t<img loading=\"lazy\" decoding=\"async\" width=\"300\" height=\"300\" src=\"https:\/\/www.vape4wholesale.com\/wp-content\/uploads\/2024\/10\/whatsapp-gif.gif\" class=\"attachment-large size-large\" alt=\"WhatsApp gif\" \/>\t\t\t\t\t\t\n\t\t\t\t\t<\/div>\n\t\t\t\t\t\t<\/a>\t\t\n<style>\n#image_282066417 {\n  width: 15%;\n}\n<\/style>\n\t<\/div>\n\t\n\t\t<\/div>\n\t\t\t\t\n<style>\n#col-33322368 > .col-inner {\n  padding: 0px 0px 0px 20px;\n}\n<\/style>\n\t<\/div>\n\n\t\n\n\t<div id=\"col-832546578\" class=\"col medium-12 small-12 large-6\"  >\n\t\t\t\t<div class=\"col-inner\"  >\n\t\t\t\n\t\t\t\n\t<div id=\"gap-1836907715\" class=\"gap-element clearfix\" style=\"display:block; height:auto;\">\n\t\t\n<style>\n#gap-1836907715 {\n  padding-top: 20px;\n}\n@media (min-width:550px) {\n  #gap-1836907715 {\n    padding-top: 20px;\n  }\n}\n@media (min-width:850px) {\n  #gap-1836907715 {\n    padding-top: 60px;\n  }\n}\n<\/style>\n\t<\/div>\n\t\n<h3><span style=\"font-size: 120%;\">Polo\u017eit ot\u00e1zku<\/span><\/h3>\n\t<div id=\"gap-1447037688\" class=\"gap-element clearfix\" style=\"display:block; height:auto;\">\n\t\t\n<style>\n#gap-1447037688 {\n  padding-top: 20px;\n}\n@media (min-width:550px) {\n  #gap-1447037688 {\n    padding-top: 20px;\n  }\n}\n@media (min-width:850px) {\n  #gap-1447037688 {\n    padding-top: 30px;\n  }\n}\n<\/style>\n\t<\/div>\n\t\n<div class='fluentform ff-default fluentform_wrapper_1 ffs_default_wrap'><form data-form_id=\"1\" id=\"fluentform_1\" class=\"frm-fluent-form fluent_form_1 ff-el-form-top ff_form_instance_1_1 ff-form-loading ffs_default\" data-form_instance=\"ff_form_instance_1_1\" method=\"POST\" action=\"\" ><fieldset  style=\"border: none!important;margin: 0!important;padding: 0!important;background-color: transparent!important;box-shadow: none!important;outline: none!important; min-inline-size: 100%;\">\n                    <legend class=\"ff_screen_reader_title\" style=\"display: block; margin: 0!important;padding: 0!important;height: 0!important;text-indent: -999999px;width: 0!important;overflow:hidden;\">Contact Form Demo<\/legend><p style=\"display: none !important;\" class=\"akismet-fields-container\" data-prefix=\"ak_\"><label>\u0394<textarea name=\"ak_hp_textarea\" cols=\"45\" rows=\"8\" maxlength=\"100\"><\/textarea><\/label><input type=\"hidden\" id=\"ak_js_1\" name=\"ak_js\" value=\"10\"\/><script>document.getElementById( \"ak_js_1\" ).setAttribute( \"value\", ( new Date() ).getTime() );<\/script><\/p><input type='hidden' name='__fluent_form_embded_post_id' value='11279' \/><input type=\"hidden\" id=\"_fluentform_1_fluentformnonce\" name=\"_fluentform_1_fluentformnonce\" value=\"d47e5e95dc\" \/><input type=\"hidden\" name=\"_wp_http_referer\" value=\"\/cs\/wp-json\/wp\/v2\/pages\/11279\" \/><div data-type=\"name-element\" data-name=\"names\" class=\"ff-field_container ff-name-field-wrapper\" ><div class='ff-t-container'><div class='ff-t-cell'><div class='ff-el-group'><div class=\"ff-el-input--label ff-el-is-required asterisk-right\"><label for='ff_1_names_first_name_' id='label_ff_1_names_first_name_' >Jm\u00e9no<\/label><\/div><div class='ff-el-input--content'><input type=\"text\" name=\"names[first_name]\" id=\"ff_1_names_first_name_\" class=\"ff-el-form-control\" placeholder=\"Jm\u00e9no\" aria-invalid=\"false\" aria-required=\"true\"><\/div><\/div><\/div><div class='ff-t-cell'><div class='ff-el-group'><div class=\"ff-el-input--label ff-el-is-required asterisk-right\"><label for='ff_1_names_last_name_' id='label_ff_1_names_last_name_' >P\u0159\u00edjmen\u00ed<\/label><\/div><div class='ff-el-input--content'><input type=\"text\" name=\"names[last_name]\" id=\"ff_1_names_last_name_\" class=\"ff-el-form-control\" placeholder=\"P\u0159\u00edjmen\u00ed\" aria-invalid=\"false\" aria-required=\"true\"><\/div><\/div><\/div><\/div><\/div><div class='ff-el-group'><div class=\"ff-el-input--label ff-el-is-required asterisk-right\"><label for='ff_1_email' id='label_ff_1_email' aria-label=\"E-mail\">E-mail<\/label><\/div><div class='ff-el-input--content'><input type=\"email\" name=\"email\" id=\"ff_1_email\" class=\"ff-el-form-control\" placeholder=\"E-mailov\u00e1 adresa\" data-name=\"email\"  aria-invalid=\"false\" aria-required=\"true\"><\/div><\/div><div class='ff-el-group'><div class=\"ff-el-input--label ff-el-is-required asterisk-right\"><label   aria-label=\"M\u00e1te v na\u0161em obchod\u011b ji\u017e existuj\u00edc\u00ed objedn\u00e1vku?\">M\u00e1te v na\u0161em obchod\u011b ji\u017e existuj\u00edc\u00ed objedn\u00e1vku?<\/label><\/div><div class='ff-el-input--content'><div class='ff-el-form-check ff-el-form-check- ff_item_selected'><label class='ff-el-form-check-label' for='input_radio_4face13c42922f7ac875746217d2a0ef'><input  type=\"radio\" name=\"input_radio\" data-name=\"input_radio\" class=\"ff-el-form-check-input ff-el-form-check-radio\" checked=\"1\" value=\"yes\"  id='input_radio_4face13c42922f7ac875746217d2a0ef' aria-label='Ano' aria-invalid='false' aria-required=\"true\"> <span>Ano<\/span><\/label><\/div><div class='ff-el-form-check ff-el-form-check-'><label class='ff-el-form-check-label' for='input_radio_be3c68a816d1735d174d24c61dc18cbc'><input  type=\"radio\" name=\"input_radio\" data-name=\"input_radio\" class=\"ff-el-form-check-input ff-el-form-check-radio\" value=\"no\"  id='input_radio_be3c68a816d1735d174d24c61dc18cbc' aria-label='Ne' aria-invalid='false' aria-required=\"true\"> <span>Ne<\/span><\/label><\/div><\/div><\/div><div class='ff-el-group has-conditions'><div class=\"ff-el-input--label ff-el-is-required asterisk-right\"><label for='ff_1_input_text' id='label_ff_1_input_text' aria-label=\"Your Order Number\">Your Order Number<\/label><\/div><div class='ff-el-input--content'><input type=\"text\" name=\"input_text\" class=\"ff-el-form-control\" data-name=\"input_text\" id=\"ff_1_input_text\"  aria-invalid=\"false\" aria-required=\"true\"><\/div><\/div><div class='ff-el-group'><div class=\"ff-el-input--label ff-el-is-required asterisk-right\"><label   aria-label=\"Mo\u017enosti, jak n\u00e1s kontaktovat\">Mo\u017enosti, jak n\u00e1s kontaktovat<\/label><\/div><div class='ff-el-input--content'><div class='ff-el-form-check ff-el-form-check-'><label class='ff-el-form-check-label' for='input_radio_1_a3e998aebdc3bc8303a0e56edb6e50db'><input  type=\"radio\" name=\"input_radio_1\" data-name=\"input_radio_1\" class=\"ff-el-form-check-input ff-el-form-check-radio\" value=\"Payment Related\"  id='input_radio_1_a3e998aebdc3bc8303a0e56edb6e50db' aria-label='Souvisej\u00edc\u00ed platby' aria-invalid='false' aria-required=\"true\"> <span>Souvisej\u00edc\u00ed platby<\/span><\/label><\/div><div class='ff-el-form-check ff-el-form-check-'><label class='ff-el-form-check-label' for='input_radio_1_9e4ad2a21b013c0d014d80321f1c24d5'><input  type=\"radio\" name=\"input_radio_1\" data-name=\"input_radio_1\" class=\"ff-el-form-check-input ff-el-form-check-radio\" value=\"Price Related\"  id='input_radio_1_9e4ad2a21b013c0d014d80321f1c24d5' aria-label='Cena Souvisej\u00edc\u00ed' aria-invalid='false' aria-required=\"true\"> <span>Cena Souvisej\u00edc\u00ed<\/span><\/label><\/div><div class='ff-el-form-check ff-el-form-check-'><label class='ff-el-form-check-label' for='input_radio_1_c40ac321d9c9b490fcaf5651ed2b3441'><input  type=\"radio\" name=\"input_radio_1\" data-name=\"input_radio_1\" class=\"ff-el-form-check-input ff-el-form-check-radio\" value=\"Shipping Related\"  id='input_radio_1_c40ac321d9c9b490fcaf5651ed2b3441' aria-label='P\u0159eprava Souvisej\u00edc\u00ed' aria-invalid='false' aria-required=\"true\"> <span>P\u0159eprava Souvisej\u00edc\u00ed<\/span><\/label><\/div><div class='ff-el-form-check ff-el-form-check-'><label class='ff-el-form-check-label' for='input_radio_1_e176658280d2f79d4bce517f8597df4b'><input  type=\"radio\" name=\"input_radio_1\" data-name=\"input_radio_1\" class=\"ff-el-form-check-input ff-el-form-check-radio\" value=\"Account Related\"  id='input_radio_1_e176658280d2f79d4bce517f8597df4b' aria-label='Souvisej\u00edc\u00ed \u00fa\u010det' aria-invalid='false' aria-required=\"true\"> <span>Souvisej\u00edc\u00ed \u00fa\u010det<\/span><\/label><\/div><div class='ff-el-form-check ff-el-form-check-'><label class='ff-el-form-check-label' for='input_radio_1_08e5304a95224124fdddde93f67a8969'><input  type=\"radio\" name=\"input_radio_1\" data-name=\"input_radio_1\" class=\"ff-el-form-check-input ff-el-form-check-radio\" value=\"Minimum order quantity\"  id='input_radio_1_08e5304a95224124fdddde93f67a8969' aria-label='Minim\u00e1ln\u00ed objednan\u00e9 mno\u017estv\u00ed' aria-invalid='false' aria-required=\"true\"> <span>Minim\u00e1ln\u00ed objednan\u00e9 mno\u017estv\u00ed<\/span><\/label><\/div><div class='ff-el-form-check ff-el-form-check-'><label class='ff-el-form-check-label' for='input_radio_1_2142b39bdf4bab53edb3198f24302fc8'><input  type=\"radio\" name=\"input_radio_1\" data-name=\"input_radio_1\" class=\"ff-el-form-check-input ff-el-form-check-radio\" value=\"Others\"  id='input_radio_1_2142b39bdf4bab53edb3198f24302fc8' aria-label='Ostatn\u00ed' aria-invalid='false' aria-required=\"true\"> <span>Ostatn\u00ed<\/span><\/label><\/div><\/div><\/div><div class='ff-el-group'><div class=\"ff-el-input--label ff-el-is-required asterisk-right\"><label for='ff_1_dropdown' id='label_ff_1_dropdown' aria-label=\"Va\u0161e zem\u011b\">Va\u0161e zem\u011b<\/label><\/div><div class='ff-el-input--content'><select name=\"dropdown\" id=\"ff_1_dropdown\" class=\"ff-el-form-control\" data-name=\"dropdown\" data-calc_value=\"0\"  aria-invalid=\"false\" aria-required=\"true\" aria-labelledby=\"label_ff_1_dropdown\"><option value=\"\">- Vyberte -<\/option><option value=\" Austria\"  >Rakousko<\/option><option value=\" Belgium\"  >Belgie<\/option><option value=\" Czech Republic\"  >\u010cesk\u00e1 republika<\/option><option value=\"Finland\"  >Finsko<\/option><option value=\" France\"  >Francie<\/option><option value=\"Germany\"  >N\u011bmecko<\/option><option value=\"Hungary\"  >Ma\u010farsko<\/option><option value=\"Ireland\"  >Irsko<\/option><option value=\"ltaly\"  >ltaly<\/option><option value=\" Luxembourg\"  >Lucembursko<\/option><option value=\" Netherlands\"  >Nizozemsko<\/option><option value=\"Poland\"  >Polsko<\/option><option value=\"Portugal\"  >Portugalsko<\/option><option value=\"Slovakia\"  >Slovensko<\/option><option value=\"Slovenia\"  >Slovinsko<\/option><option value=\"Spain\"  >\u0160pan\u011blsko<\/option><option value=\"Sweden\"  >\u0160v\u00e9dsko<\/option><option value=\"Others\"  >Ostatn\u00ed<\/option><\/select><\/div><\/div><div class='ff-el-group'><div class=\"ff-el-input--label ff-el-is-required asterisk-right\"><label for='ff_1_message' id='label_ff_1_message' aria-label=\"Va\u0161e zpr\u00e1va\">Va\u0161e zpr\u00e1va<\/label><\/div><div class='ff-el-input--content'><textarea aria-required=\"true\" aria-labelledby=\"label_ff_1_message\" name=\"message\" id=\"ff_1_message\" class=\"ff-el-form-control\" placeholder=\"Va\u0161e zpr\u00e1va\" rows=\"4\" cols=\"2\" data-name=\"message\" ><\/textarea><\/div><\/div><div class='ff-el-group ff-text-left ff_submit_btn_wrapper'><button type=\"submit\" class=\"ff-btn ff-btn-submit ff-btn-md ff_btn_style\"  aria-label=\"Submit Form\">Submit Form<\/button><\/div><\/fieldset><input type=\"hidden\" name=\"trp-form-language\" value=\"cs\"\/><\/form><div id='fluentform_1_errors' class='ff-errors-in-stack ff_form_instance_1_1 ff-form-loading_errors ff_form_instance_1_1_errors'><\/div><\/div>            <script type=\"text\/javascript\">\n                window.fluent_form_ff_form_instance_1_1 = {\"id\":\"1\",\"settings\":{\"layout\":{\"labelPlacement\":\"top\",\"helpMessagePlacement\":\"with_label\",\"errorMessagePlacement\":\"inline\",\"cssClassName\":\"\",\"asteriskPlacement\":\"asterisk-right\"},\"restrictions\":{\"denyEmptySubmission\":{\"enabled\":false}}},\"form_instance\":\"ff_form_instance_1_1\",\"form_id_selector\":\"fluentform_1\",\"rules\":{\"names[first_name]\":{\"required\":{\"value\":true,\"message\":\"This field is required\",\"global\":false,\"global_message\":\"This field is required\"}},\"names[middle_name]\":{\"required\":{\"value\":false,\"message\":\"This field is required\",\"global\":false,\"global_message\":\"This field is required\"}},\"names[last_name]\":{\"required\":{\"value\":true,\"message\":\"This field is required\",\"global\":false,\"global_message\":\"This field is required\"}},\"email\":{\"required\":{\"value\":true,\"message\":\"This field is required\",\"global\":false,\"global_message\":\"This field is required\"},\"email\":{\"value\":true,\"message\":\"This field must contain a valid email\",\"global\":false,\"global_message\":\"This field must contain a valid email\"}},\"input_radio\":{\"required\":{\"value\":true,\"message\":\"This field is required\",\"global_message\":\"This field is required\",\"global\":true}},\"input_text\":{\"required\":{\"value\":true,\"message\":\"This field is required\",\"global_message\":\"This field is required\",\"global\":true}},\"input_radio_1\":{\"required\":{\"value\":true,\"message\":\"This field is required\",\"global_message\":\"This field is required\",\"global\":true}},\"dropdown\":{\"required\":{\"value\":true,\"message\":\"This field is required\",\"global_message\":\"This field is required\",\"global\":true}},\"message\":{\"required\":{\"value\":true,\"message\":\"This field is required\",\"global\":false,\"global_message\":\"This field is required\"}}},\"debounce_time\":300,\"conditionals\":{\"input_text\":{\"type\":\"all\",\"status\":true,\"conditions\":[{\"field\":\"input_radio\",\"value\":\"yes\",\"operator\":\"=\"}],\"condition_groups\":[{\"rules\":[{\"field\":\"\",\"value\":\"\",\"operator\":\"\"}],\"title\":\"\",\"isEditingTitle\":false,\"isPreviewOpen\":false,\"isGroupOpen\":true}]}}};\n                            <\/script>\n            \n\t\t<\/div>\n\t\t\t\t\t<\/div>\n\n\t\n\n<style>\n#row-1412946170 > .col > .col-inner {\n  padding: 0px 15px 0px 15px;\n}\n<\/style>\n<\/div>\n\t\t<\/div>\n\t\t\t\t\n<style>\n#col-1493838017 > .col-inner {\n  padding: 50px 20px 0px 20px;\n  margin: -0 0px 0px 0px;\n}\n@media (min-width:550px) {\n  #col-1493838017 > .col-inner {\n    padding: 50px 20px 30px 20px;\n    margin: 0 0px 0px 0px;\n  }\n}\n@media (min-width:850px) {\n  #col-1493838017 > .col-inner {\n    padding: 66px 5% 16px 5%;\n    margin: -95px 0px 0px 0px;\n  }\n}\n<\/style>\n\t<\/div>\n\n\t\n<\/div>","protected":false},"excerpt":{"rendered":"","protected":false},"author":1,"featured_media":0,"parent":0,"menu_order":0,"comment_status":"closed","ping_status":"closed","template":"page-blank.php","meta":{"footnotes":""},"class_list":["post-11279","page","type-page","status-publish","hentry"],"aioseo_notices":[],"_links":{"self":[{"href":"https:\/\/www.vape4wholesale.com\/cs\/wp-json\/wp\/v2\/pages\/11279","targetHints":{"allow":["GET"]}}],"collection":[{"href":"https:\/\/www.vape4wholesale.com\/cs\/wp-json\/wp\/v2\/pages"}],"about":[{"href":"https:\/\/www.vape4wholesale.com\/cs\/wp-json\/wp\/v2\/types\/page"}],"author":[{"embeddable":true,"href":"https:\/\/www.vape4wholesale.com\/cs\/wp-json\/wp\/v2\/users\/1"}],"replies":[{"embeddable":true,"href":"https:\/\/www.vape4wholesale.com\/cs\/wp-json\/wp\/v2\/comments?post=11279"}],"version-history":[{"count":3,"href":"https:\/\/www.vape4wholesale.com\/cs\/wp-json\/wp\/v2\/pages\/11279\/revisions"}],"predecessor-version":[{"id":29278,"href":"https:\/\/www.vape4wholesale.com\/cs\/wp-json\/wp\/v2\/pages\/11279\/revisions\/29278"}],"wp:attachment":[{"href":"https:\/\/www.vape4wholesale.com\/cs\/wp-json\/wp\/v2\/media?parent=11279"}],"curies":[{"name":"wp","href":"https:\/\/api.w.org\/{rel}","templated":true}]}}